{"id":22216,"date":"2020-03-04T00:46:49","date_gmt":"2020-03-03T23:46:49","guid":{"rendered":"https:\/\/neocatechumenaleiter.org\/pavestu-uzrunas\/sv-janis-pavils-ii\/pastorala-vizite-macerata-foligno-un-gran-saso-19-vi-1993\/"},"modified":"2021-08-10T11:03:14","modified_gmt":"2021-08-10T10:03:14","slug":"pastorala-vizite-macerata-foligno-un-gran-saso-19-vi-1993","status":"publish","type":"page","link":"https:\/\/neocatechumenaleiter.org\/lv\/pavestu-uzrunas\/sv-janis-pavils-ii\/pastorala-vizite-macerata-foligno-un-gran-saso-19-vi-1993\/","title":{"rendered":"PASTOR\u0100LA VIZ\u012aTE MA\u010cERAT\u0100, FOLIGNO UN GRAN SASO 19-VI-1993"},"content":{"rendered":"\n<h1 class=\"has-text-align-center wp-block-heading\">PASTOR\u0100LA VIZ\u012aTE MA\u010cERAT\u0100, FOLIGNO UN GRAN SASO 19-VI-1993<\/h1>\n\n<div style=\"height:20px\" aria-hidden=\"true\" class=\"wp-block-spacer\"><\/div>\n\n<h4 class=\"has-text-align-center wp-block-heading\">Sv. J\u0101nis P\u0101vils II<\/h4>\n\n<div style=\"height:20px\" aria-hidden=\"true\" class=\"wp-block-spacer\"><\/div>\n\n<p><strong>1993. gada 19-20. j\u016bnijs<\/strong><\/p>\n\n<p><em>T\u0101 raksta Ma\u010deratas b\u012bskaps Francesco Tarcisio Carboni:<\/em><\/p>\n\n<p>J\u0101nis P\u0101vils II 1992. gada 13. septembr\u012b uzrakst\u012bja man: &#8220;\u0136\u012bna ir tik d\u0101rga manai sirdij un r\u016bpes par to Bazn\u012bcu &#8220;ir k\u013cuvu\u0161\u0101s \u012bpa\u0161as un past\u0101v\u012bgi nodarbin\u0101ju\u0161\u0101s mana Pontifik\u0101t\u0101&#8221; (1982. gada 6. j\u016bnija v\u0113stule pasaules b\u012bskapiem \u2013 <em>L\u2019Osservatore Romano<\/em> 24.1.1982) veidoju \u013coti dz\u012bvu pamudin\u0101jumu, ka \u0161\u012b Dieva cilv\u0113ka fig\u016bra b\u016bs arvien lab\u0101k zin\u0101ma un nov\u0113rt\u0113ta par peln\u012btiem sasniegumiem vi\u0146a 57 dz\u012bves gados, no kuriem 28 labi pavad\u012bja taj\u0101 pla\u0161aj\u0101 re\u0123ion\u0101.&#8221;(<em>L\u2019Osservatore Romano<\/em>, 1992. gada 27. oktobris)<\/p>\n\n<p>Pien\u0101k br\u012bdis kop\u0101 ar Sv\u0113to T\u0113vu apmekl\u0113t m\u0101ju, kur bija piedzimis Matteo Ricci un v\u0113lreiz apstaig\u0101t t\u0101s Ma\u010deratas ielas, kur \u0136\u012bnas apustulis atkl\u0101ja savu aicin\u0101jumu. Matteo Ricci bija dzimis Ma\u010derat\u0101 1552. gada 6. oktobr\u012b. 1571. gada 15. august\u0101 iest\u0101j\u0101s J\u0113zus Sadraudz\u012bbas novici\u0101t\u0101. 1577. gada 18. maij\u0101 atst\u0101j Romu un dev\u0101s misij\u0101s uz Austrumiem. 1580. gada 26. j\u016blij\u0101 bija iesv\u0113t\u012bts par priester\u012b Ko\u010din\u0101 (Indija). 1583. gada 10. septembris ir vi\u0146a atbrauk\u0161anas uz \u0136\u012bnu datums. Miris 1610. gad\u0101 11. septembr\u012b.<\/p>\n\n<p>1982. gad\u0101 rakst\u012bja P\u0101vests: &#8220;\u0160odien t\u0113va Ricci fig\u016bra ir starp \u0137\u012bnie\u0161u tautas ar v\u0101rdu &#8220;Li Ma-tou&#8221;. Vi\u0146\u0161 veido Bazn\u012bcas mantojuma da\u013cu un st\u0101d\u0101s priek\u0161\u0101 ka stingrs un simbolisks atskaites punkts konstrukt\u012bvam dialogam verstu uz n\u0101kotni.&#8221; (<em>L\u2019Osservatore Romano<\/em>, 1982. gada 27. oktobris)<\/p>\n\n<p>Pag\u0101ja tikai 11 gadi un Sv\u0113t\u0101 T\u0113va atn\u0101k\u0161ana uz Ma\u010deratu apstiprina un dod jaunu impulsu tam br\u0101l\u012bg\u0101m attiec\u012bb\u0101m &#8220;Bazn\u012bca-\u0136\u012bna&#8221;. Un ja j\u0101b\u016bt k\u0101dam re\u0123ionam lai to tic\u0113tu &#8211; t\u0101 ir Ma\u010derata:&#13;\n&#13;\n\u2022 Kop\u0161 dieviem gadiem Ma\u010derat\u0101 dibin\u0101ts Diec\u0113zes Mision\u0101rais semin\u0101rs\u00a0<em>Redemptoris Mater\u00a0<\/em>ar m\u0113r\u0137i sagatavot priesterus gatavus atdot savu dz\u012bvi, k\u0101 t\u0113vs Matteo Ricci, par \u0136\u012bnas eva\u0146\u0123eliz\u0101ciju. Pa\u0161laik 18 semin\u0101risti apmekl\u0113 filozofijas un teolo\u0123ijas studiju lekcijas.<\/p>\n\n<p>\u2022 Jau 1993-94. m\u0101c\u012bbu gad\u0101 audz\u0113k\u0146u skaits sasniegs 30. Vi\u0146i form\u0113sies semin\u0101ra vid\u0113 gaidot kam\u0113r p\u0113c k\u0101diem gadiem parad\u012bsies vi\u0146us uz\u0146emt sp\u0113j\u012bga strukt\u016bra. <br\/><br\/> Sv\u0113tais T\u0113vs katedr\u0101l\u0113 sv\u0113t\u012bs jaun\u0101  \u00abSemin\u0101ra \u0136\u012bnai\u00bb pirmo akmeni, kas tiks celts Matteo Ricci pils\u0113ta, ko uzskata par &#8220;tiltu starp Rietumiem un Austrumiem&#8221;. <br\/><br\/> \u2022 Viet\u0113j\u0101 studiju universit\u0101t\u0113 jau ir ies\u0101ku\u0161as \u0137\u012bnie\u0161u valodas kursi, ko apmekl\u0113 m\u016bsu semin\u0101risti un ieinteres\u0113tie br\u012bvpr\u0101t\u012bgie.<\/p>\n\n<p>Vi\u0146i ir noteikt\u0101 karstuma gaismas uz \u0161\u012b Sv\u0113ta T\u0113va izteiciena: &#8220;Uz n\u0101kotni ir kur mums j\u0101skat\u0101s.&#8221; (<em>Insegnamenti di Giovanni Paolo II<\/em>, IV, 1, 1981, p. 384).&#13;\n&#13;\n\u00abEs ceru uz daudz\u0101m priek\u0161roc\u012bb\u0101m, ne tikai uz mision\u0101ro darb\u012bbu \u0136\u012bnu &#8211;\u00a0<em>raka p\u0101vests<\/em> &#8211; bet ar\u012b uz \u0137\u012bnie\u0161u tautu uz ko Apustuliskais Kr\u0113sls skat\u0101s uz \u012bpa\u0161u m\u012blest\u012bbu un pie\u0137er\u0161anos par vi\u0146u trad\u012bcij\u0101m un kult\u016bru, augstu hum\u0101nismu un bag\u0101tu gar\u012bgumu, kas veido \u0136\u012bnie\u0161u tautas aktu\u0101lo un lielo v\u0113sturisko mantojumu.\u00bb (Sal. <em>L\u2019Osservatore Romano, <\/em>1982. gada 24. janv\u0101ris)<\/p>\n\n<p>P\u0101vesta kl\u0101tb\u016btne starp 18 semin\u0101ristiem, kas gatavojas uz \u0136\u012bnu dos pamatu \u0161ai cer\u012bbai. &#13;\n(*) \u00abL\u2019Osservatore Romano\u00bb 139 Nr. &#8211; sestdiena, 1993. gada 19. j\u016bnijs<\/p>\n\n<div class=\"wp-block-image\"><figure class=\"aligncenter size-large\"><img loading=\"lazy\" decoding=\"async\" width=\"569\" height=\"693\" src=\"https:\/\/neocatechumenaleiter.org\/wp-content\/uploads\/2020\/03\/Camino_Neocatecumenal_Juan_Pablo_II_visita_pastoral_Macerata_1993.jpg\" alt=\"\" class=\"wp-image-13454\" srcset=\"https:\/\/neocatechumenaleiter.org\/wp-content\/uploads\/2020\/03\/Camino_Neocatecumenal_Juan_Pablo_II_visita_pastoral_Macerata_1993.jpg 569w, https:\/\/neocatechumenaleiter.org\/wp-content\/uploads\/2020\/03\/Camino_Neocatecumenal_Juan_Pablo_II_visita_pastoral_Macerata_1993-246x300.jpg 246w\" sizes=\"auto, (max-width: 569px) 100vw, 569px\" \/><\/figure><\/div>\n","protected":false},"excerpt":{"rendered":"<p>PASTOR\u0100LA VIZ\u012aTE MA\u010cERAT\u0100, FOLIGNO UN GRAN SASO 19-VI-1993 Sv. J\u0101nis P\u0101vils II 1993. gada 19-20. j\u016bnijs T\u0101 raksta Ma\u010deratas b\u012bskaps Francesco Tarcisio Carboni: J\u0101nis P\u0101vils II 1992. gada 13. septembr\u012b uzrakst\u012bja man: &#8220;\u0136\u012bna ir tik d\u0101rga manai sirdij un r\u016bpes par to Bazn\u012bcu &#8220;ir k\u013cuvu\u0161\u0101s \u012bpa\u0161as un past\u0101v\u012bgi nodarbin\u0101ju\u0161\u0101s mana Pontifik\u0101t\u0101&#8221; (1982. gada 6. j\u016bnija v\u0113stule pasaules b\u012bskapiem \u2013 L\u2019Osservatore Romano 24.1.1982) veidoju \u013coti dz\u012bvu pamudin\u0101jumu, ka \u0161\u012b Dieva cilv\u0113ka<\/p>\n<div class=\"read-more\"><a class=\"btn read-more-btn\" href=\"https:\/\/neocatechumenaleiter.org\/lv\/pavestu-uzrunas\/sv-janis-pavils-ii\/pastorala-vizite-macerata-foligno-un-gran-saso-19-vi-1993\/\">Las\u012bt vair\u0101k<\/a><\/div>\n","protected":false},"author":2,"featured_media":0,"parent":18796,"menu_order":75,"comment_status":"closed","ping_status":"closed","template":"","meta":{"footnotes":""},"class_list":["post-22216","page","type-page","status-publish","hentry"],"_links":{"self":[{"href":"https:\/\/neocatechumenaleiter.org\/lv\/wp-json\/wp\/v2\/pages\/22216","targetHints":{"allow":["GET"]}}],"collection":[{"href":"https:\/\/neocatechumenaleiter.org\/lv\/wp-json\/wp\/v2\/pages"}],"about":[{"href":"https:\/\/neocatechumenaleiter.org\/lv\/wp-json\/wp\/v2\/types\/page"}],"author":[{"embeddable":true,"href":"https:\/\/neocatechumenaleiter.org\/lv\/wp-json\/wp\/v2\/users\/2"}],"replies":[{"embeddable":true,"href":"https:\/\/neocatechumenaleiter.org\/lv\/wp-json\/wp\/v2\/comments?post=22216"}],"version-history":[{"count":2,"href":"https:\/\/neocatechumenaleiter.org\/lv\/wp-json\/wp\/v2\/pages\/22216\/revisions"}],"predecessor-version":[{"id":24180,"href":"https:\/\/neocatechumenaleiter.org\/lv\/wp-json\/wp\/v2\/pages\/22216\/revisions\/24180"}],"up":[{"embeddable":true,"href":"https:\/\/neocatechumenaleiter.org\/lv\/wp-json\/wp\/v2\/pages\/18796"}],"wp:attachment":[{"href":"https:\/\/neocatechumenaleiter.org\/lv\/wp-json\/wp\/v2\/media?parent=22216"}],"curies":[{"name":"wp","href":"https:\/\/api.w.org\/{rel}","templated":true}]}}