{"id":22230,"date":"2020-03-02T02:22:10","date_gmt":"2020-03-02T01:22:10","guid":{"rendered":"https:\/\/neocatechumenaleiter.org\/pavestu-uzrunas\/sv-janis-pavils-ii\/musu-kunga-jezus-kristus-piedzimsanas-draudzes-vizite-14-xii-1980\/"},"modified":"2021-08-10T11:01:02","modified_gmt":"2021-08-10T10:01:02","slug":"musu-kunga-jezus-kristus-piedzimsanas-draudzes-vizite-14-xii-1980","status":"publish","type":"page","link":"https:\/\/neocatechumenaleiter.org\/lv\/pavestu-uzrunas\/sv-janis-pavils-ii\/musu-kunga-jezus-kristus-piedzimsanas-draudzes-vizite-14-xii-1980\/","title":{"rendered":"M\u016aSU KUNGA J\u0112ZUS KRISTUS PIEDZIM\u0160ANAS DRAUDZES VIZ\u012aTE 14-XII-1980"},"content":{"rendered":"\n<h1 class=\"has-text-align-center wp-block-heading\">M\u016aSU KUNGA J\u0112ZUS KRISTUS PIEDZIM\u0160ANAS DRAUDZES VIZ\u012aTE 14-XII-1980<\/h1>\n\n<div style=\"height:20px\" aria-hidden=\"true\" class=\"wp-block-spacer\"><\/div>\n\n<h4 class=\"has-text-align-center wp-block-heading\">Sv. J\u0101nis P\u0101vils II<\/h4>\n\n<div style=\"height:20px\" aria-hidden=\"true\" class=\"wp-block-spacer\"><\/div>\n\n<p><strong>Roma, 1980. gada 14. decembris<\/strong><\/p>\n\n<p><em>Aizg\u0101jis no z\u0101les, kur bija sapulc\u0113ju\u0161ies katehisti, Sv\u0113tais T\u0113vs nok\u0101pa pa trep\u0113m uz lej\u0101 eso\u0161o balto kapelu rot\u0101ta ar lielu dzels krustu. Tur tiekas \u010detras Neokatehumen\u0101l\u0101s kopienas ejo\u0161as pa t\u0101 saucamo \u00abCe\u013cu\u00bb Kristus piedzim\u0161anas draudz\u0113. Vi\u0146i uz\u0146\u0113ma p\u0101vestu dziedot un plauk\u0161\u0137inot rokas. Kiko- kam bija iedvesmots dibin\u0101t kopienas, visu v\u0101rd\u0101 apsveica p\u0101vestu:<\/em>&#13;\n&#13;\n<em>P\u0113c dziesm\u0101m Sv\u0113tais T\u0113vs vel\u0113jas piemin\u0113t daudzas jau biju\u0161as tik\u0161anas ar \u0161\u012bm kopien\u0101m gandr\u012bz vis\u0101s apmekl\u0113t\u0101j\u0101s draudz\u0113s. P\u0101vesta uzruna:<\/em><\/p>\n\n<div class=\"wp-block-image\"><figure class=\"alignright size-large\"><img loading=\"lazy\" decoding=\"async\" width=\"273\" height=\"404\" src=\"https:\/\/neocatechumenaleiter.org\/wp-content\/uploads\/2020\/03\/Camino_Neocatecumenal_Juan_Pablo_II_visita_parroquia_Natividad_1980.jpg\" alt=\"\" class=\"wp-image-14164\" srcset=\"https:\/\/neocatechumenaleiter.org\/wp-content\/uploads\/2020\/03\/Camino_Neocatecumenal_Juan_Pablo_II_visita_parroquia_Natividad_1980.jpg 273w, https:\/\/neocatechumenaleiter.org\/wp-content\/uploads\/2020\/03\/Camino_Neocatecumenal_Juan_Pablo_II_visita_parroquia_Natividad_1980-203x300.jpg 203w\" sizes=\"auto, (max-width: 273px) 100vw, 273px\" \/><\/figure><\/div>\n\n<p>Daudz reizes esam satiku\u0161ies da\u017e\u0101s Romas draudz\u0113s. P\u0113d\u0113j\u0101 reize bija Kan\u0101das mocek\u013cu draudz\u0113. Atn\u0101kot \u0161urp es ieraudz\u012bju daudz b\u0113rnu un vi\u0146us apskauju. Tas man lika p\u0101rdom\u0101t Kunga v\u0101rdus, kad vi\u0146\u0161 teica, ka mums j\u0101k\u013c\u016bst k\u0101 b\u0113rni. Pat ja mums ir piecdesmit vai se\u0161desmit gadi, k\u0101 man, vai vair\u0101k. Mums j\u0101b\u016bt k\u0101 b\u0113rni. Galvenok\u0101rt, iet run\u0101 par p\u0101rdabisko d\u0113li\u0161\u0137\u012bbu, kas iesak\u0146ojas un ies\u0101k\u0101s Krist\u012bbu br\u012bd\u012b. <strong>J\u016bs, neokatehumeni, esat ieliku\u0161i sava gar\u012bguma centr\u0101 Krist\u012bbu. Jums j\u0101dz\u012bvo p\u0113c iesp\u0113jas dzi\u013c\u0101k dievi\u0161\u0137as d\u0113li\u0161\u0137\u012bbas nosl\u0113pums. B\u016bt par Dieva<\/strong> b\u0113rnu ir viss, kas n\u0101k no \u0161\u012bs \u012bsto dinamismu veidojo\u0161as realit\u0101tes.<\/p>\n\n<p>L\u016bk, ko es grib\u0113ju jums pateikt. Es jums saku to, jo esat Kristus piedzim\u0161anas draudzes locek\u013ci, kur iemiesoju\u0161ais Dieva D\u0113ls ir kopienas dz\u012bves centr\u0101 un t\u0101p\u0113c ka tuvojamies Kristus piedzim\u0161anas sv\u0113tkiem. Nov\u0113lu jums vienm\u0113r staig\u0101t un doties uz priek\u0161u \u0161aj\u0101 iek\u0161\u0113j\u0101 un p\u0101rdabiskaj\u0101 realit\u0101t\u0113, \u0161aj\u0101 Dieva b\u0113rnu \u017e\u0113last\u012bb\u0101. M\u016bs ir veidojis l\u012bdz\u012bgus vienpiedzimu\u0161ajam d\u0113lam, kur\u0161 tapis cilv\u0113ks k\u013cuva tuv\u0101ks mums, lai dar\u012btu l\u012bdz\u012bgus sev.&#13;\n&#13;\n\u00a0&#13;\n&#13;\n<em>Kiko prezent\u0113ja p\u0101vestam da\u017eus \u0161\u012bs draudzes ce\u013cojo\u0161os katehistus, kur nes savu liec\u012bbu uz cit\u0101m valst\u012bm. Starp tiem atrad\u0101s priesteris, kur\u0161 tikko nesen bija atgriezies no Dienvidamerikas un vel\u0113j\u0101s pastat\u012bt par t\u0101s dramatisko\u00a0<\/em><i>situ\u0101ciju, ko sastop katehisti un mision\u0101ri.<\/i>&#13;\n&#13;\n\u00a0&#13;\n&#13;\nPriesteris teica: Sv\u0113tais T\u0113vs, mums ir nepiecie\u0161amas uzmundrin\u0101jums, jo situ\u0101cija Centr\u0101lamerika ir \u013coti sare\u017e\u0123\u012bta. Esam atgriezu\u0161ies \u0161eit, k\u0101 Sv. P\u0101vils, uzdodami sev jaut\u0101jumu vai m\u0113s nedar\u0101m to visu bezj\u0113dz\u012bgi. M\u0113s sastopamies ar realit\u0101ti un neesam dro\u0161i ja Bazn\u012bca ir revolucion\u0101ra, k\u0101 tur par to saka viet\u0113jie, vai ir sludin\u0101t J\u0113zu Kristu.<\/p>\n\n<p><em>Sv\u0113tais T\u0113vs atbild\u0113ja priesterim ska\u013c\u0101 un skaidr\u0101 bals\u012b sekojo\u0161o:<\/em><\/p>\n\n<p>Es t\u016bl\u012bt do\u0161u atbildi: <strong>sludiniet Kristu! Un tikai Kristu.<\/strong><\/p>\n\n<p>P\u0101vesta v\u0101rdiem sekoja aplausi. P\u0113c tam turpin\u0101ja: V\u0113l es varu piebilst, ka nav t\u0101das dienas, kad es neb\u016btu pal\u016bdzies par \u0161\u012bm valst\u012bm, it sevi\u0161\u0137i, par valst\u012bm kuras cie\u0161 mokas. Es vis\u0101m t\u0101m sekoju ar m\u012blest\u012bbu un uztic\u012bbu. Jums j\u0101zina, ka ir viena \u013coti sp\u0113c\u012bga M\u0101te! &#8211; nosl\u0113dza p\u0101vests.<\/p>\n","protected":false},"excerpt":{"rendered":"<p>M\u016aSU KUNGA J\u0112ZUS KRISTUS PIEDZIM\u0160ANAS DRAUDZES VIZ\u012aTE 14-XII-1980 Sv. J\u0101nis P\u0101vils II Roma, 1980. gada 14. decembris Aizg\u0101jis no z\u0101les, kur bija sapulc\u0113ju\u0161ies katehisti, Sv\u0113tais T\u0113vs nok\u0101pa pa trep\u0113m uz lej\u0101 eso\u0161o balto kapelu rot\u0101ta ar lielu dzels krustu. Tur tiekas \u010detras Neokatehumen\u0101l\u0101s kopienas ejo\u0161as pa t\u0101 saucamo \u00abCe\u013cu\u00bb Kristus piedzim\u0161anas draudz\u0113. Vi\u0146i uz\u0146\u0113ma p\u0101vestu dziedot un plauk\u0161\u0137inot rokas. Kiko- kam bija iedvesmots dibin\u0101t kopienas, visu v\u0101rd\u0101 apsveica p\u0101vestu:&#13; &#13;<\/p>\n<div class=\"read-more\"><a class=\"btn read-more-btn\" href=\"https:\/\/neocatechumenaleiter.org\/lv\/pavestu-uzrunas\/sv-janis-pavils-ii\/musu-kunga-jezus-kristus-piedzimsanas-draudzes-vizite-14-xii-1980\/\">Las\u012bt vair\u0101k<\/a><\/div>\n","protected":false},"author":2,"featured_media":0,"parent":18796,"menu_order":8,"comment_status":"closed","ping_status":"closed","template":"","meta":{"footnotes":""},"class_list":["post-22230","page","type-page","status-publish","hentry"],"_links":{"self":[{"href":"https:\/\/neocatechumenaleiter.org\/lv\/wp-json\/wp\/v2\/pages\/22230","targetHints":{"allow":["GET"]}}],"collection":[{"href":"https:\/\/neocatechumenaleiter.org\/lv\/wp-json\/wp\/v2\/pages"}],"about":[{"href":"https:\/\/neocatechumenaleiter.org\/lv\/wp-json\/wp\/v2\/types\/page"}],"author":[{"embeddable":true,"href":"https:\/\/neocatechumenaleiter.org\/lv\/wp-json\/wp\/v2\/users\/2"}],"replies":[{"embeddable":true,"href":"https:\/\/neocatechumenaleiter.org\/lv\/wp-json\/wp\/v2\/comments?post=22230"}],"version-history":[{"count":2,"href":"https:\/\/neocatechumenaleiter.org\/lv\/wp-json\/wp\/v2\/pages\/22230\/revisions"}],"predecessor-version":[{"id":24011,"href":"https:\/\/neocatechumenaleiter.org\/lv\/wp-json\/wp\/v2\/pages\/22230\/revisions\/24011"}],"up":[{"embeddable":true,"href":"https:\/\/neocatechumenaleiter.org\/lv\/wp-json\/wp\/v2\/pages\/18796"}],"wp:attachment":[{"href":"https:\/\/neocatechumenaleiter.org\/lv\/wp-json\/wp\/v2\/media?parent=22230"}],"curies":[{"name":"wp","href":"https:\/\/api.w.org\/{rel}","templated":true}]}}