{"id":22246,"date":"2020-03-04T00:49:05","date_gmt":"2020-03-03T23:49:05","guid":{"rendered":"https:\/\/neocatechumenaleiter.org\/pavestu-uzrunas\/sv-janis-pavils-ii\/pavesta-jana-pavila-ii-sveiciens-no-maceratas-balkona-neokatehumenala-cela-jauniesiem-20-vi-1993\/"},"modified":"2021-08-10T11:03:20","modified_gmt":"2021-08-10T10:03:20","slug":"pavesta-jana-pavila-ii-sveiciens-no-maceratas-balkona-neokatehumenala-cela-jauniesiem-20-vi-1993","status":"publish","type":"page","link":"https:\/\/neocatechumenaleiter.org\/lv\/pavestu-uzrunas\/sv-janis-pavils-ii\/pavesta-jana-pavila-ii-sveiciens-no-maceratas-balkona-neokatehumenala-cela-jauniesiem-20-vi-1993\/","title":{"rendered":"P\u0101vesta J\u0101\u0146a P\u0101vila II sveiciens no Ma\u010deratas balkona Neokatehumen\u0101l\u0101 Ce\u013ca jaunie\u0161iem 20-VI-1993"},"content":{"rendered":"\n<h1 class=\"has-text-align-center wp-block-heading\">P\u0101vesta J\u0101\u0146a P\u0101vila II sveiciens no Ma\u010deratas balkona Neokatehumen\u0101l\u0101 Ce\u013ca jaunie\u0161iem 20-VI-1993<\/h1>\n\n<div style=\"height:20px\" aria-hidden=\"true\" class=\"wp-block-spacer\"><\/div>\n\n<h4 class=\"has-text-align-center wp-block-heading\">Sv. J\u0101nis P\u0101vils II<\/h4>\n\n<div style=\"height:20px\" aria-hidden=\"true\" class=\"wp-block-spacer\"><\/div>\n\n<p><strong>Ma\u010derata, 1993. gada 20.\u00a0<\/strong><b>j\u016bnijs<\/b><\/p>\n\n<p><em>20. j\u016bnij\u0101, sv\u0113tdien\u0101 no r\u012bt\u0101, pirms dodoties uz Foligno, J\u0101nis P\u0101vils II nol\u0113ma no Ma\u010deratas b\u012bskapa rezidences balkona sirsn\u012bgi apsveikt uz laukuma dzied\u0101ju\u0161os Neokatehumen\u0101l\u0101 Ce\u013ca jaunie\u0161us. Vi\u0146i gavil\u0113ja pateikdamies p\u0101vestam par viz\u012bti.<\/em>&#13;\n&#13;\n<em>Sv\u0113tais t\u0113vs izmantoja ar\u012b iesp\u0113ju un apsveica visus Ma\u010deratas iedz\u012bvot\u0101jus, kuri bija uz\u0146\u0113mu\u0161i vi\u0146u ar lielu prieku.<\/em><\/p>\n\n<div class=\"wp-block-image\"><figure class=\"alignleft size-large\"><img loading=\"lazy\" decoding=\"async\" width=\"495\" height=\"304\" src=\"https:\/\/neocatechumenaleiter.org\/wp-content\/uploads\/2020\/03\/Camino_Neocatecumenal_Juan_Pablo_II_saludo_jovenes_1993.jpg\" alt=\"\" class=\"wp-image-13507\" srcset=\"https:\/\/neocatechumenaleiter.org\/wp-content\/uploads\/2020\/03\/Camino_Neocatecumenal_Juan_Pablo_II_saludo_jovenes_1993.jpg 495w, https:\/\/neocatechumenaleiter.org\/wp-content\/uploads\/2020\/03\/Camino_Neocatecumenal_Juan_Pablo_II_saludo_jovenes_1993-300x184.jpg 300w\" sizes=\"auto, (max-width: 495px) 100vw, 495px\" \/><\/figure><\/div>\n\n<p>Padom\u0101jiet, \u0161ie sv\u0113tce\u013cnieki visu nakti g\u0101ja un tagad atrodas Loreto. J\u016bsu ce\u013c\u0101 ir l\u012bdzi \u0123it\u0101ras, dziesmas un to j\u016bs \u013coti labi dar\u0101t, \u013coti labi. Vair\u0101kas reizes es var\u0113ju j\u016bs klaus\u012bt. J\u016bs labi dzied\u0101t, bet ar\u012b ja iet run\u0101 par tekstu, par saturu. Tie\u0161i t\u0101p\u0113c labi dzied\u0101t.<\/p>\n\n<p>J\u0101s\u016bta telegramma Loreto sac\u012bdami par \u0161iem sv\u0113tce\u013cniekiem, kuri dziedot visu nakti staig\u0101 kop\u0101 ar citiem sv\u0113tce\u013cniekiem. \u0160aj\u0101 gad\u012bjum\u0101 apsveicu Ma\u010deratie\u0161us, jo man j\u0101brauc t\u0101l\u0101k uz Foligno. Atdodos j\u016bsu l\u016bg\u0161an\u0101m, dziesm\u0101m un ma\u010deratie\u0161iem. \u012apa\u0161i tiem, kuriem ir \u0123it\u0101ras, lai vi\u0146i zin\u0101tu, ka tas, kur\u0161 dzied divk\u0101r\u0161i l\u016bdzas: \u00abqui cantat bis orat.\u00bb&#13;\n&#13;\n<em>(*) Sal. \u00abL\u2019Osservatore Romano\u00bb, 1993. gada 21-22. j\u016bnijs.<\/em><\/p>\n","protected":false},"excerpt":{"rendered":"<p>P\u0101vesta J\u0101\u0146a P\u0101vila II sveiciens no Ma\u010deratas balkona Neokatehumen\u0101l\u0101 Ce\u013ca jaunie\u0161iem 20-VI-1993 Sv. J\u0101nis P\u0101vils II Ma\u010derata, 1993. gada 20.\u00a0j\u016bnijs 20. j\u016bnij\u0101, sv\u0113tdien\u0101 no r\u012bt\u0101, pirms dodoties uz Foligno, J\u0101nis P\u0101vils II nol\u0113ma no Ma\u010deratas b\u012bskapa rezidences balkona sirsn\u012bgi apsveikt uz laukuma dzied\u0101ju\u0161os Neokatehumen\u0101l\u0101 Ce\u013ca jaunie\u0161us. Vi\u0146i gavil\u0113ja pateikdamies p\u0101vestam par viz\u012bti.&#13; &#13; Sv\u0113tais t\u0113vs izmantoja ar\u012b iesp\u0113ju un apsveica visus Ma\u010deratas iedz\u012bvot\u0101jus, kuri bija uz\u0146\u0113mu\u0161i vi\u0146u ar lielu prieku.<\/p>\n<div class=\"read-more\"><a class=\"btn read-more-btn\" href=\"https:\/\/neocatechumenaleiter.org\/lv\/pavestu-uzrunas\/sv-janis-pavils-ii\/pavesta-jana-pavila-ii-sveiciens-no-maceratas-balkona-neokatehumenala-cela-jauniesiem-20-vi-1993\/\">Las\u012bt vair\u0101k<\/a><\/div>\n","protected":false},"author":2,"featured_media":0,"parent":18796,"menu_order":76,"comment_status":"closed","ping_status":"closed","template":"","meta":{"footnotes":""},"class_list":["post-22246","page","type-page","status-publish","hentry"],"_links":{"self":[{"href":"https:\/\/neocatechumenaleiter.org\/lv\/wp-json\/wp\/v2\/pages\/22246","targetHints":{"allow":["GET"]}}],"collection":[{"href":"https:\/\/neocatechumenaleiter.org\/lv\/wp-json\/wp\/v2\/pages"}],"about":[{"href":"https:\/\/neocatechumenaleiter.org\/lv\/wp-json\/wp\/v2\/types\/page"}],"author":[{"embeddable":true,"href":"https:\/\/neocatechumenaleiter.org\/lv\/wp-json\/wp\/v2\/users\/2"}],"replies":[{"embeddable":true,"href":"https:\/\/neocatechumenaleiter.org\/lv\/wp-json\/wp\/v2\/comments?post=22246"}],"version-history":[{"count":2,"href":"https:\/\/neocatechumenaleiter.org\/lv\/wp-json\/wp\/v2\/pages\/22246\/revisions"}],"predecessor-version":[{"id":24194,"href":"https:\/\/neocatechumenaleiter.org\/lv\/wp-json\/wp\/v2\/pages\/22246\/revisions\/24194"}],"up":[{"embeddable":true,"href":"https:\/\/neocatechumenaleiter.org\/lv\/wp-json\/wp\/v2\/pages\/18796"}],"wp:attachment":[{"href":"https:\/\/neocatechumenaleiter.org\/lv\/wp-json\/wp\/v2\/media?parent=22246"}],"curies":[{"name":"wp","href":"https:\/\/api.w.org\/{rel}","templated":true}]}}