{"id":22254,"date":"2020-03-29T03:12:33","date_gmt":"2020-03-29T02:12:33","guid":{"rendered":"https:\/\/neocatechumenaleiter.org\/pavestu-uzrunas\/sv-janis-pavils-ii\/torre-spakatas-sv-marijas-pasaules-karalienes-draudzes-vizite-14-xii-1986\/"},"modified":"2021-04-27T19:25:02","modified_gmt":"2021-04-27T18:25:02","slug":"torre-spakatas-sv-marijas-pasaules-karalienes-draudzes-vizite-14-xii-1986","status":"publish","type":"page","link":"https:\/\/neocatechumenaleiter.org\/lv\/pavestu-uzrunas\/sv-janis-pavils-ii\/torre-spakatas-sv-marijas-pasaules-karalienes-draudzes-vizite-14-xii-1986\/","title":{"rendered":"TORRE SPAKATAS SV. M\u0100RIJAS PASAULES KARALIENES DRAUDZES VIZ\u012aTE 14-XII-1986"},"content":{"rendered":"\n<h1 class=\"has-text-align-center wp-block-heading\">TORRE SPAKATAS SV. M\u0100RIJAS PASAULES KARALIENES DRAUDZES VIZ\u012aTE 14-XII-1986<\/h1>\n\n<div style=\"height:20px\" aria-hidden=\"true\" class=\"wp-block-spacer\"><\/div>\n\n<h4 class=\"has-text-align-center wp-block-heading\">Sv. J\u0101nis P\u0101vils II<\/h4>\n\n<div style=\"height:20px\" aria-hidden=\"true\" class=\"wp-block-spacer\"><\/div>\n\n<p><strong>Roma, 1986. gada 14. decembris<\/strong><\/p>\n\n<p><em>P\u0113c tik\u0161anos ar pastor\u0101lo padomi cit\u0101 z\u0101l\u0113 p\u0101vests satik\u0101s ar visu grupu p\u0101rst\u0101vjiem un asoci\u0101cij\u0101m, ko priek\u0161\u0101st\u0101d\u012bja pr\u0101vests. Pie tic\u012bgajiem bija da\u017ei klai\u0146ot\u0101ji.<\/em>&#013;\n&#013;\n<em>P\u0101vests uzrun\u0101ja visus \u0161ajos v\u0101rdos:<\/em><\/p>\n\n<p>Apsveicu kl\u0101teso\u0161os un caur jums, visus laju apustul\u0101ta grupas, citas grupas, kas pieder k\u0101dai programmai, k\u0101dam gar\u012bgumam. Piem\u0113ram, past\u0101v karmel\u012b\u0161u gar\u012bgums, kas ir redzams karmela skapul\u0101r\u0101, kas man ir l\u012bdzi jau daudzus gadus. P\u0113c tam ir Neokatehumen\u0101lais gar\u012bgums un citi. Citas programmas, citi gar\u012bgumi, bet visi kalpo Bazn\u012bcas kop\u0113jam labumam. Tas atbilst Sv. P\u0101vila v\u0101rdiem: Bazn\u012bca ir Kristus miesa. Daudz org\u0101ni, locekli, \u0161\u016bnas veido un dod dz\u012bv\u012bbu \u0137ermenim, organismam. M\u0113s esam mistiska miesa, ko sauc par Kristus miesu un visi m\u0113s sa\u0146emam no \u0161\u012b organisma Sv\u0113t\u0101 Gara impulsus, da\u017eas \u017e\u0113last\u012bbas, \u012bpa\u0161as d\u0101vanas, da\u017eas harizmas. P\u0113c tam ar \u0161iem impulsiem m\u0113s cen\u0161amies darboties miesas labad, Krisus mistisk\u0101s miesas labad, draudzes labad (p\u0113c Sv. P\u0101vila analo\u0123ijas). V\u0113los izpaust savu lielo prieku par k\u0101d\u0101 veid\u0101 \u0161odien piemin\u0113j\u0101t j\u016bsu draudzes 25. gadadienu. \u013boti cien\u012bg\u0101 veid\u0101, skaisti, ar akt\u012bvu iesaist\u012b\u0161anos, ar svin\u012bb\u0101m, kad var\u0113j\u0101m labi pal\u016bgties un dzied\u0101t. Un v\u0113l par Dievm\u0101tes kron\u0113\u0161anu par Pasaules Valdnieci. Nov\u0113lu vislab\u0101ko jums un j\u016bsu asoci\u0101cij\u0101m. Lai t\u0101s top par labuma avotu citiem un jums pa\u0161iem. Ar\u012b nov\u0113lu labu Kristus piedzim\u0161anas sv\u0113tkus!&#013;\n&#013;\n(*) Sal. \u00abL&#8217;Osservatore Romano\u00bb, 1986. gad 15-16. decembris<\/p>\n","protected":false},"excerpt":{"rendered":"<p>TORRE SPAKATAS SV. M\u0100RIJAS PASAULES KARALIENES DRAUDZES VIZ\u012aTE 14-XII-1986 Sv. J\u0101nis P\u0101vils II Roma, 1986. gada 14. decembris P\u0113c tik\u0161anos ar pastor\u0101lo padomi cit\u0101 z\u0101l\u0113 p\u0101vests satik\u0101s ar visu grupu p\u0101rst\u0101vjiem un asoci\u0101cij\u0101m, ko priek\u0161\u0101st\u0101d\u012bja pr\u0101vests. Pie tic\u012bgajiem bija da\u017ei klai\u0146ot\u0101ji.&#013; &#013; P\u0101vests uzrun\u0101ja visus \u0161ajos v\u0101rdos: Apsveicu kl\u0101teso\u0161os un caur jums, visus laju apustul\u0101ta grupas, citas grupas, kas pieder k\u0101dai programmai, k\u0101dam gar\u012bgumam. Piem\u0113ram, past\u0101v karmel\u012b\u0161u gar\u012bgums, kas ir<\/p>\n<div class=\"read-more\"><a class=\"btn read-more-btn\" href=\"https:\/\/neocatechumenaleiter.org\/lv\/pavestu-uzrunas\/sv-janis-pavils-ii\/torre-spakatas-sv-marijas-pasaules-karalienes-draudzes-vizite-14-xii-1986\/\">Las\u012bt vair\u0101k<\/a><\/div>\n","protected":false},"author":2,"featured_media":0,"parent":18796,"menu_order":39,"comment_status":"closed","ping_status":"closed","template":"","meta":{"footnotes":""},"class_list":["post-22254","page","type-page","status-publish","hentry"],"_links":{"self":[{"href":"https:\/\/neocatechumenaleiter.org\/lv\/wp-json\/wp\/v2\/pages\/22254","targetHints":{"allow":["GET"]}}],"collection":[{"href":"https:\/\/neocatechumenaleiter.org\/lv\/wp-json\/wp\/v2\/pages"}],"about":[{"href":"https:\/\/neocatechumenaleiter.org\/lv\/wp-json\/wp\/v2\/types\/page"}],"author":[{"embeddable":true,"href":"https:\/\/neocatechumenaleiter.org\/lv\/wp-json\/wp\/v2\/users\/2"}],"replies":[{"embeddable":true,"href":"https:\/\/neocatechumenaleiter.org\/lv\/wp-json\/wp\/v2\/comments?post=22254"}],"version-history":[{"count":1,"href":"https:\/\/neocatechumenaleiter.org\/lv\/wp-json\/wp\/v2\/pages\/22254\/revisions"}],"predecessor-version":[{"id":22255,"href":"https:\/\/neocatechumenaleiter.org\/lv\/wp-json\/wp\/v2\/pages\/22254\/revisions\/22255"}],"up":[{"embeddable":true,"href":"https:\/\/neocatechumenaleiter.org\/lv\/wp-json\/wp\/v2\/pages\/18796"}],"wp:attachment":[{"href":"https:\/\/neocatechumenaleiter.org\/lv\/wp-json\/wp\/v2\/media?parent=22254"}],"curies":[{"name":"wp","href":"https:\/\/api.w.org\/{rel}","templated":true}]}}