{"id":22270,"date":"2020-03-30T17:08:16","date_gmt":"2020-03-30T16:08:16","guid":{"rendered":"https:\/\/neocatechumenaleiter.org\/pavestu-uzrunas\/sv-janis-pavils-ii\/pavesta-vestule-sakara-ar-statutiem-kardinalam-statfordam-5-iv-2001\/"},"modified":"2021-04-28T07:14:01","modified_gmt":"2021-04-28T06:14:01","slug":"pavesta-vestule-sakara-ar-statutiem-kardinalam-statfordam-5-iv-2001","status":"publish","type":"page","link":"https:\/\/neocatechumenaleiter.org\/lv\/pavestu-uzrunas\/sv-janis-pavils-ii\/pavesta-vestule-sakara-ar-statutiem-kardinalam-statfordam-5-iv-2001\/","title":{"rendered":"P\u0100VESTA V\u0112STULE SAKARA AR STAT\u016aTIEM KARDIN\u0100LAM STATFORDAM 5-IV-2001"},"content":{"rendered":"\n<h1 class=\"has-text-align-center wp-block-heading\">P\u0100VESTA V\u0112STULE SAKARA AR STAT\u016aTIEM KARDIN\u0100LAM STATFORDAM 5-IV-2001<\/h1>\n\n<div style=\"height:20px\" aria-hidden=\"true\" class=\"wp-block-spacer\"><\/div>\n\n<h4 class=\"has-text-align-center wp-block-heading\">Sv. J\u0101nis P\u0101vils II<\/h4>\n\n<div style=\"height:20px\" aria-hidden=\"true\" class=\"wp-block-spacer\"><\/div>\n\n<p><strong>Vatik\u0101ns, 2001. gada 5. apr\u012blis<\/strong><\/p>\n\n<p><em>J\u0101nis P\u0101vils II nos\u016bt\u012bja Pontifik\u0101l\u0101s Laju padomes priek\u0161s\u0113d\u0113t\u0101jam\u00a0kardin\u0101lam James Francis Staffordam \u0161o v\u0113stuli, kas liecin\u0101ja par Dikasterija kompetenci apstiprin\u0101t Neokatehumen\u0101l\u0101 Ce\u013ca stat\u016btus. \u00abReiz\u0113, kad b\u016bs atbilsto\u0161i redi\u0123\u0113ti\u00bb, uztic, \u00abn\u0101kotn\u0113 turpin\u0101t to pavad\u012bt ce\u013c\u0101\u00bb.<\/em><\/p>\n\n<p><em>V\u0113stules teksts:<\/em>&#013;\n&#013;\nCien\u012bjamam Br\u0101lim&#013;\n&#013;\nKard. James Francis Stafford&#013;\n&#013;\nPontifik\u0101l\u0101s Laju padomes priek\u0161s\u0113d\u0113t\u0101js:<\/p>\n\n<p>1. Jau ir pag\u0101ju\u0161i 4 gadi kop\u0161 1997. gada 24. janv\u0101ra neaizmirstamas sapulces, kur\u0101 man bija iesp\u0113ja satikt Neokatehumen\u0101l\u0101 Ce\u013ca iniciatorus un daudzus atbild\u012bgos no Ce\u013ca kopien\u0101m izkl\u012bdu\u0161am pa visu pasauli. \u0160aj\u0101 dien\u0101, vienojoties pie vi\u0146u slav\u0113\u0161anas un pateic\u012bbas l\u016bg\u0161an\u0101m Kungam par d\u0101rgajiem aug\u013ciem, ko ir devis Ce\u013c\u0161 30 past\u0101v\u0113\u0161an\u0101s gados, nepalaidu garam iesp\u0113ju uzsv\u0113rt da\u017eu neizb\u0113gamu saist\u012bbu svar\u012bgumu no kuras ir atkar\u012bga pa\u0161a Ce\u013ca past\u0101v\u0113\u0161ana. Starp tiem, prec\u012bzas stat\u016btisku normat\u012bvu sagatavo\u0161ana ar m\u0113r\u0137i tos form\u0101li un juridiski atz\u012bt (sal. <em>L\u2019Osservatore Romano<\/em>, 1997. gada 25. janv\u0101ris, p.4). T\u0101da veid\u0101 tiek atv\u0113rta jaun\u0101, n\u0101kotnei iz\u0161\u0137iro\u0161i svar\u012bga \u0161\u012bs eklezi\u0101l\u0101s realit\u0101tes f\u0101ze.<\/p>\n\n<p>2. Jau apustuliskaj\u0101 pamudin\u0101jum\u0101 C<em>hristifideles laici (1988. gada <\/em>30<em>. <\/em>decembris) atg\u0101din\u0101ju, ka \u00abneviena harizma nav atbr\u012bvota no pado\u0161anas Bazn\u012bcas ganiem\u00bb (nr. 24) un nor\u0101d\u012bju uz to, kas rakst\u012bts dogmatiskaj\u0101 konstit\u016bcij\u0101 <em>Lumen Gentium<\/em>: \u00abpar \u0161o d\u0101vanu [harizmu] autentiskumu un pareizo izmanto\u0161anu j\u0101sprie\u017e tiem, kuriem ar Bazn\u012bcas autorit\u0101ti tas pien\u0101k\u0101s un kuru uzdevums ir nevis sl\u0101p\u0113t Garu, bet visu p\u0101rbaud\u012bt un patur\u0113t to, kas ir labs (sal. 1 Tes 5,12.19-21).\u00bb \u0160\u012bs ir nosac\u012bjums, ka harizmas sav\u0101 da\u017e\u0101d\u012bb\u0101, daudzveid\u012bb\u0101 un papildin\u0101t\u012bb\u0101 sp\u0113j l\u012bdzdarboties kop\u0113jam labumam (sal. <em>Chri- stifideles laici<\/em>, 24).&#013;\n&#013;\nSkaidrs, ka harizmu atpaz\u012b\u0161anas un uz\u0146em\u0161anas process nav viegls, jo prasa dzi\u013cu Dieva gribas atpaz\u012b\u0161anu un j\u0101b\u016bt past\u0101v\u012bgas l\u016bg\u0161anas pavad\u012btai, lai sirdis l\u0113npr\u0101t\u012bgi atv\u0113rtos Gara balsij vienot\u012bb\u0101 ar Bazn\u012bcu. \u0160\u012b procesa kulmin\u0101cija ir ofici\u0101lais akts un stat\u016btu apstiprin\u0101\u0161ana, k\u0101 skaidru un dro\u0161u dz\u012bves regulu. \u0160\u0101du br\u012bdi ieinteres\u0113t\u0101s Bazn\u012bcas realit\u0101tes p\u0101rdz\u012bvo ar lielu prieku un dz\u012bvu pateic\u012bbu Dieva un Bazn\u012bcas priek\u0161\u0101. Jauns s\u0101kumpunkts ir redzama nobriedu\u0161as eklezi\u0101l\u0101s realit\u0101tes z\u012bme (sal. <em>Christifideles laici<\/em>, 30).<\/p>\n\n<p>3. Es zinu ar k\u0101du dedz\u012bbu un pastor\u0101lo r\u016bp\u012bbu Pontifik\u0101l\u0101 Laju padome cent\u0113jas un cent\u012bsies, lai pavad\u012btu Neokatehumen\u0101lo Ce\u013cu \u0161aj\u0101 \u013coti svar\u012bgaj\u0101 etap\u0101: stat\u016btu veido\u0161an\u0101. \u0160o delik\u0101to uzdevumu es uztic\u0113ju kardin\u0101lam, Pontifik\u0101l\u0101s Laju padomes priek\u0161s\u0113d\u0113t\u0101jam, atbilsto\u0161i kompetenc\u0113m un p\u0113c der\u012bgajam kanoniskaj\u0101m norm\u0101m, ka ar\u012b p\u0113c jau iepriek\u0161 g\u016btas pieredzes \u0161ajos jaut\u0101jumos. Tie\u0161i uz to balst\u0101s cer\u012bba uz veiksm\u012bgo procesa nosl\u0113gumu, pa\u0161laik virz\u012btu uz p\u0113d\u0113jo f\u0101zi. Tom\u0113r es izpau\u017eu savu dz\u012bvo nov\u0113rt\u0113jumu un atz\u012bstu centienus pildot uztic\u0113to uzdevumu ar noteikt\u012bbu un stingr\u012bbu. Apstiprinu J\u016bsu kompetenci apstiprin\u0101t aug\u0161\u0101 min\u0113tos stat\u016btus, kad tie b\u016bs atbilsto\u0161i sagatavoti un redi\u0123\u0113ti un uzticu turpin\u0101t pavad\u012bt Ce\u013cu ar\u012b n\u0101kotne. Esmu p\u0101rliecin\u0101ts, ka Pontifik\u0101l\u0101 Laju padome sp\u0113s l\u012bdzdarboties kop\u0101 ar Neokatehumen\u0101lo Ce\u013cu d\u0113li\u0161\u0137aj\u0101 pak\u013c\u0101v\u012bb\u0101. Uzticu Kungam, caur Bazn\u012bcas M\u0101ti Mariju, dikasterijas darb\u012bbu ko J\u016bs vad\u0101t. Sniedzu no sirds Jums, cien\u012bjamais Br\u0101li, un visiem l\u012bdzstr\u0101dniekiem savu sv\u0113t\u012bbu.&#013;\n&#013;\n-(*) Sal. \u00abL\u2019Osservatore Romano\u00bb, 2001. gada 17-18. apr\u012blis.<\/p>\n","protected":false},"excerpt":{"rendered":"<p>P\u0100VESTA V\u0112STULE SAKARA AR STAT\u016aTIEM KARDIN\u0100LAM STATFORDAM 5-IV-2001 Sv. J\u0101nis P\u0101vils II Vatik\u0101ns, 2001. gada 5. apr\u012blis J\u0101nis P\u0101vils II nos\u016bt\u012bja Pontifik\u0101l\u0101s Laju padomes priek\u0161s\u0113d\u0113t\u0101jam\u00a0kardin\u0101lam James Francis Staffordam \u0161o v\u0113stuli, kas liecin\u0101ja par Dikasterija kompetenci apstiprin\u0101t Neokatehumen\u0101l\u0101 Ce\u013ca stat\u016btus. \u00abReiz\u0113, kad b\u016bs atbilsto\u0161i redi\u0123\u0113ti\u00bb, uztic, \u00abn\u0101kotn\u0113 turpin\u0101t to pavad\u012bt ce\u013c\u0101\u00bb. V\u0113stules teksts:&#013; &#013; Cien\u012bjamam Br\u0101lim&#013; &#013; Kard. James Francis Stafford&#013; &#013; Pontifik\u0101l\u0101s Laju padomes priek\u0161s\u0113d\u0113t\u0101js: 1. Jau ir pag\u0101ju\u0161i 4<\/p>\n<div class=\"read-more\"><a class=\"btn read-more-btn\" href=\"https:\/\/neocatechumenaleiter.org\/lv\/pavestu-uzrunas\/sv-janis-pavils-ii\/pavesta-vestule-sakara-ar-statutiem-kardinalam-statfordam-5-iv-2001\/\">Las\u012bt vair\u0101k<\/a><\/div>\n","protected":false},"author":2,"featured_media":0,"parent":18796,"menu_order":97,"comment_status":"closed","ping_status":"closed","template":"","meta":{"footnotes":""},"class_list":["post-22270","page","type-page","status-publish","hentry"],"_links":{"self":[{"href":"https:\/\/neocatechumenaleiter.org\/lv\/wp-json\/wp\/v2\/pages\/22270","targetHints":{"allow":["GET"]}}],"collection":[{"href":"https:\/\/neocatechumenaleiter.org\/lv\/wp-json\/wp\/v2\/pages"}],"about":[{"href":"https:\/\/neocatechumenaleiter.org\/lv\/wp-json\/wp\/v2\/types\/page"}],"author":[{"embeddable":true,"href":"https:\/\/neocatechumenaleiter.org\/lv\/wp-json\/wp\/v2\/users\/2"}],"replies":[{"embeddable":true,"href":"https:\/\/neocatechumenaleiter.org\/lv\/wp-json\/wp\/v2\/comments?post=22270"}],"version-history":[{"count":3,"href":"https:\/\/neocatechumenaleiter.org\/lv\/wp-json\/wp\/v2\/pages\/22270\/revisions"}],"predecessor-version":[{"id":22273,"href":"https:\/\/neocatechumenaleiter.org\/lv\/wp-json\/wp\/v2\/pages\/22270\/revisions\/22273"}],"up":[{"embeddable":true,"href":"https:\/\/neocatechumenaleiter.org\/lv\/wp-json\/wp\/v2\/pages\/18796"}],"wp:attachment":[{"href":"https:\/\/neocatechumenaleiter.org\/lv\/wp-json\/wp\/v2\/media?parent=22270"}],"curies":[{"name":"wp","href":"https:\/\/api.w.org\/{rel}","templated":true}]}}