{"id":22294,"date":"2020-03-22T01:01:52","date_gmt":"2020-03-22T00:01:52","guid":{"rendered":"https:\/\/neocatechumenaleiter.org\/pavestu-uzrunas\/benedikts-xvi\/audience-ar-neokatehumenala-cela-iniciatoriem-19-xi-2005\/"},"modified":"2021-04-29T10:50:15","modified_gmt":"2021-04-29T09:50:15","slug":"audience-ar-neokatehumenala-cela-iniciatoriem-19-xi-2005","status":"publish","type":"page","link":"https:\/\/neocatechumenaleiter.org\/lv\/pavestu-uzrunas\/benedikts-xvi\/audience-ar-neokatehumenala-cela-iniciatoriem-19-xi-2005\/","title":{"rendered":"AUDIENCE AR NEOKATEHUMEN\u0100L\u0100 CE\u013bA INICIATORIEM 19-XI-2005"},"content":{"rendered":"\n<h1 class=\"has-text-align-center wp-block-heading\">AUDIENCE AR NEOKATEHUMEN\u0100L\u0100 CE\u013bA INICIATORIEM 19-XI-2005<\/h1>\n\n<div style=\"height:20px\" aria-hidden=\"true\" class=\"wp-block-spacer\"><\/div>\n\n<h4 class=\"has-text-align-center wp-block-heading\">Benedikts XVI<\/h4>\n\n<div style=\"height:20px\" aria-hidden=\"true\" class=\"wp-block-spacer\"><\/div>\n\n<p><strong>Vatik\u0101ns, 2005. gada 19.\u00a0<\/strong><b>novembris<\/b><\/p>\n\n<p><em>2005. gada 19. novembr\u012b Sv\u0113tais T\u0113vs Benedikts XVI priv\u0101t\u0101 audienc\u0113 uz\u0146\u0113ma pirmo reizi Neokatehumen\u0101l\u0101 Ce\u013ca iniciatorus.<\/em>&#013;\n&#013;\n<em>Kiko aprakst\u012bja tik\u0161anos t\u0101da veid\u0101:<\/em><\/p>\n\n<p>\u00abT\u0101 bija br\u012bni\u0161\u0137a satik\u0161an\u0101s. M\u0113s pal\u016bdzam satikties ar p\u0101vestu pat apzin\u0101damies, ka tas ir gr\u016bti, bet vi\u0146\u0161 mums deva \u0161o iesp\u0113ju. Pag\u0101ju\u0161aj\u0101 maij\u0101 m\u0113s sar\u012bkoj\u0101m \u0123ime\u0146u konvivenci un izs\u016bt\u012bj\u0101m 200 \u0123ime\u0146u. M\u0113s pal\u016bdzam p\u0101vestam Benediktam XVI ja var\u0113ja pasniegt misiju krustu un nobild\u0113ties ar \u0161\u012bm \u0123imen\u0113m, l\u012bdz\u012bgi k\u0101 J\u0101nis P\u0101vils II, kur\u0161 bija izs\u016bt\u012bjis p\u0101ri par 400 \u0123imen\u0113m uz visu pasauli. T\u0101d\u0101 veid\u0101 tur, kur dosies (Zieme\u013cu Eirop\u0101, Amerik\u0101) var\u0113s par\u0101d\u012bt, ka vi\u0146as ir katolisk\u0101s. Mums pateica, ka 12. janv\u0101r\u012b p\u0101vests ar prieku ir gatavs izs\u016bt\u012bt \u0161\u012bs 200 \u0123imenes uz misij\u0101m. T\u0101 ir \u013coti svar\u012bga satik\u0161an\u0101s! Pirmo reizi p\u0101vests Benedikts XVI pateiks v\u0101rdu par Neokatehumen\u0101lo Ce\u013cu visas Bazn\u012bcas priek\u0161\u0101. Visi gaid\u0101 to br\u012bdi.<\/p>\n\n<p>19. novembra priv\u0101t\u0101 audience bija \u013coti skaista. Es parun\u0101ju mazliet par eva\u0146\u0123eliz\u0101cijas pl\u0101nu, ko bij\u0101m priek\u0161\u0101st\u0101d\u012bju\u0161i J\u0101nim P\u0101vilam II, ar &#8220;implantatio Ecclesiae&#8221; caur misiju \u0123imen\u0113m&#8230; Mazliet t\u0101, ka Sv. Benedikts. V\u0113l es par\u0101d\u012bju Eiropas k\u0101rti ar 27 semin\u0101riem un \u0123imen\u0113m misij\u0101s. Kad jau bija paliku\u0161\u0101s 5 min\u016btes l\u012bdz beig\u0101m p\u0101vests teica: &#8220;Labi, tagad parun\u0101sim par litur\u0123iju. Vakar es parun\u0101ju ar kardin\u0101lu Arinze un aprun\u0101j\u0101m da\u017eas lietas.&#8221; Mums pateica, ka m\u0113s varam dar\u012bt \u012bsus ievadus las\u012bjumiem, k\u0101di 3-4 var pateikt v\u0101rda atbalsi, kas neaizvieto homiliju. Miera z\u012bme paliek tur, kur l\u012bdz \u0161\u012bm bija un kom\u016bnija zem div\u0101m z\u012bm\u0113m ar\u012b, bet n\u0101kotn\u0113 redz\u0113sim, k\u0101 b\u016bs.\u00bb<\/p>\n\n<div class=\"wp-block-image is-style-default\"><figure class=\"aligncenter size-large\"><img loading=\"lazy\" decoding=\"async\" width=\"614\" height=\"406\" src=\"https:\/\/neocatechumenaleiter.org\/wp-content\/uploads\/2020\/02\/Camino_Neocatecumenal_Benedicto_XVI_Kiko_Carmen_Mario_audiencia.jpg\" alt=\"\" class=\"wp-image-12642\" srcset=\"https:\/\/neocatechumenaleiter.org\/wp-content\/uploads\/2020\/02\/Camino_Neocatecumenal_Benedicto_XVI_Kiko_Carmen_Mario_audiencia.jpg 614w, https:\/\/neocatechumenaleiter.org\/wp-content\/uploads\/2020\/02\/Camino_Neocatecumenal_Benedicto_XVI_Kiko_Carmen_Mario_audiencia-300x198.jpg 300w\" sizes=\"auto, (max-width: 614px) 100vw, 614px\" \/><\/figure><\/div>\n","protected":false},"excerpt":{"rendered":"<p>AUDIENCE AR NEOKATEHUMEN\u0100L\u0100 CE\u013bA INICIATORIEM 19-XI-2005 Benedikts XVI Vatik\u0101ns, 2005. gada 19.\u00a0novembris 2005. gada 19. novembr\u012b Sv\u0113tais T\u0113vs Benedikts XVI priv\u0101t\u0101 audienc\u0113 uz\u0146\u0113ma pirmo reizi Neokatehumen\u0101l\u0101 Ce\u013ca iniciatorus.&#013; &#013; Kiko aprakst\u012bja tik\u0161anos t\u0101da veid\u0101: \u00abT\u0101 bija br\u012bni\u0161\u0137a satik\u0161an\u0101s. M\u0113s pal\u016bdzam satikties ar p\u0101vestu pat apzin\u0101damies, ka tas ir gr\u016bti, bet vi\u0146\u0161 mums deva \u0161o iesp\u0113ju. Pag\u0101ju\u0161aj\u0101 maij\u0101 m\u0113s sar\u012bkoj\u0101m \u0123ime\u0146u konvivenci un izs\u016bt\u012bj\u0101m 200 \u0123ime\u0146u. M\u0113s pal\u016bdzam p\u0101vestam Benediktam XVI<\/p>\n<div class=\"read-more\"><a class=\"btn read-more-btn\" href=\"https:\/\/neocatechumenaleiter.org\/lv\/pavestu-uzrunas\/benedikts-xvi\/audience-ar-neokatehumenala-cela-iniciatoriem-19-xi-2005\/\">Las\u012bt vair\u0101k<\/a><\/div>\n","protected":false},"author":2,"featured_media":0,"parent":16607,"menu_order":0,"comment_status":"closed","ping_status":"closed","template":"","meta":{"footnotes":""},"class_list":["post-22294","page","type-page","status-publish","hentry"],"_links":{"self":[{"href":"https:\/\/neocatechumenaleiter.org\/lv\/wp-json\/wp\/v2\/pages\/22294","targetHints":{"allow":["GET"]}}],"collection":[{"href":"https:\/\/neocatechumenaleiter.org\/lv\/wp-json\/wp\/v2\/pages"}],"about":[{"href":"https:\/\/neocatechumenaleiter.org\/lv\/wp-json\/wp\/v2\/types\/page"}],"author":[{"embeddable":true,"href":"https:\/\/neocatechumenaleiter.org\/lv\/wp-json\/wp\/v2\/users\/2"}],"replies":[{"embeddable":true,"href":"https:\/\/neocatechumenaleiter.org\/lv\/wp-json\/wp\/v2\/comments?post=22294"}],"version-history":[{"count":1,"href":"https:\/\/neocatechumenaleiter.org\/lv\/wp-json\/wp\/v2\/pages\/22294\/revisions"}],"predecessor-version":[{"id":22295,"href":"https:\/\/neocatechumenaleiter.org\/lv\/wp-json\/wp\/v2\/pages\/22294\/revisions\/22295"}],"up":[{"embeddable":true,"href":"https:\/\/neocatechumenaleiter.org\/lv\/wp-json\/wp\/v2\/pages\/16607"}],"wp:attachment":[{"href":"https:\/\/neocatechumenaleiter.org\/lv\/wp-json\/wp\/v2\/media?parent=22294"}],"curies":[{"name":"wp","href":"https:\/\/api.w.org\/{rel}","templated":true}]}}