{"id":22296,"date":"2020-03-29T20:19:43","date_gmt":"2020-03-29T19:19:43","guid":{"rendered":"https:\/\/neocatechumenaleiter.org\/pavestu-uzrunas\/sv-janis-pavils-ii\/pashas-nomoda-sv-petera-bazilika-kristibu-solijumu-atjaunosana-26-iii-1989\/"},"modified":"2021-04-29T20:12:27","modified_gmt":"2021-04-29T19:12:27","slug":"pashas-nomoda-sv-petera-bazilika-kristibu-solijumu-atjaunosana-26-iii-1989","status":"publish","type":"page","link":"https:\/\/neocatechumenaleiter.org\/lv\/pavestu-uzrunas\/sv-janis-pavils-ii\/pashas-nomoda-sv-petera-bazilika-kristibu-solijumu-atjaunosana-26-iii-1989\/","title":{"rendered":"PASHAS NOMODA SV. P\u0112TERA BAZILIKA: KRIST\u012aBU SOL\u012aJUMU ATJAUNO\u0160ANA 26-III-1989"},"content":{"rendered":"\n<h1 class=\"has-text-align-center wp-block-heading\">PASHAS NOMODA SV. P\u0112TERA BAZILIKA: KRIST\u012aBU SOL\u012aJUMU ATJAUNO\u0160ANA 26-III-1989<\/h1>\n\n<div style=\"height:20px\" aria-hidden=\"true\" class=\"wp-block-spacer\"><\/div>\n\n<h4 class=\"has-text-align-center wp-block-heading\">Sv. J\u0101nis P\u0101vils II<\/h4>\n\n<div style=\"height:20px\" aria-hidden=\"true\" class=\"wp-block-spacer\"><\/div>\n\n<p><strong>Vatik\u0101ns, 1989. gada 26. marts<\/strong><\/p>\n\n<p><em>Sv. Aloiza Gonzagas un Kan\u0101das mocek\u013cu kopienu br\u0101\u013ci svin\u012bgi atjaunoja krist\u012bbu sol\u012bjumus Neokatehumen\u0101l\u0101 ce\u013cve\u017ea beig\u0101s.<\/em>&#013;\n&#013;\n<em>Vi\u0146us pavad\u012bja pa\u0161i katehisti Kiko Arg\u00fcello, Carmen Hern\u00e1ndez, t. Mario Pezzi un pirm\u0101 Kan\u0101das mocek\u013cu draudzes kopiena.<\/em><\/p>\n\n<figure class=\"wp-block-image size-large\"><img loading=\"lazy\" decoding=\"async\" width=\"714\" height=\"569\" src=\"https:\/\/neocatechumenaleiter.org\/wp-content\/uploads\/2020\/03\/Camino_Neocatecumenal_Juan_Pablo_II_vigilia_pascual_hermanos_vestidura_blanca_1989.jpg\" alt=\"\" class=\"wp-image-15194\" srcset=\"https:\/\/neocatechumenaleiter.org\/wp-content\/uploads\/2020\/03\/Camino_Neocatecumenal_Juan_Pablo_II_vigilia_pascual_hermanos_vestidura_blanca_1989.jpg 714w, https:\/\/neocatechumenaleiter.org\/wp-content\/uploads\/2020\/03\/Camino_Neocatecumenal_Juan_Pablo_II_vigilia_pascual_hermanos_vestidura_blanca_1989-300x239.jpg 300w\" sizes=\"auto, (max-width: 714px) 100vw, 714px\" \/><\/figure>","protected":false},"excerpt":{"rendered":"<p>PASHAS NOMODA SV. P\u0112TERA BAZILIKA: KRIST\u012aBU SOL\u012aJUMU ATJAUNO\u0160ANA 26-III-1989 Sv. J\u0101nis P\u0101vils II Vatik\u0101ns, 1989. gada 26. marts Sv. Aloiza Gonzagas un Kan\u0101das mocek\u013cu kopienu br\u0101\u013ci svin\u012bgi atjaunoja krist\u012bbu sol\u012bjumus Neokatehumen\u0101l\u0101 ce\u013cve\u017ea beig\u0101s.&#013; &#013; Vi\u0146us pavad\u012bja pa\u0161i katehisti Kiko Arg\u00fcello, Carmen Hern\u00e1ndez, t. Mario Pezzi un pirm\u0101 Kan\u0101das mocek\u013cu draudzes kopiena.<\/p>\n","protected":false},"author":2,"featured_media":0,"parent":18796,"menu_order":57,"comment_status":"closed","ping_status":"closed","template":"","meta":{"footnotes":""},"class_list":["post-22296","page","type-page","status-publish","hentry"],"_links":{"self":[{"href":"https:\/\/neocatechumenaleiter.org\/lv\/wp-json\/wp\/v2\/pages\/22296","targetHints":{"allow":["GET"]}}],"collection":[{"href":"https:\/\/neocatechumenaleiter.org\/lv\/wp-json\/wp\/v2\/pages"}],"about":[{"href":"https:\/\/neocatechumenaleiter.org\/lv\/wp-json\/wp\/v2\/types\/page"}],"author":[{"embeddable":true,"href":"https:\/\/neocatechumenaleiter.org\/lv\/wp-json\/wp\/v2\/users\/2"}],"replies":[{"embeddable":true,"href":"https:\/\/neocatechumenaleiter.org\/lv\/wp-json\/wp\/v2\/comments?post=22296"}],"version-history":[{"count":1,"href":"https:\/\/neocatechumenaleiter.org\/lv\/wp-json\/wp\/v2\/pages\/22296\/revisions"}],"predecessor-version":[{"id":22297,"href":"https:\/\/neocatechumenaleiter.org\/lv\/wp-json\/wp\/v2\/pages\/22296\/revisions\/22297"}],"up":[{"embeddable":true,"href":"https:\/\/neocatechumenaleiter.org\/lv\/wp-json\/wp\/v2\/pages\/18796"}],"wp:attachment":[{"href":"https:\/\/neocatechumenaleiter.org\/lv\/wp-json\/wp\/v2\/media?parent=22296"}],"curies":[{"name":"wp","href":"https:\/\/api.w.org\/{rel}","templated":true}]}}