{"id":22298,"date":"2020-03-29T20:39:18","date_gmt":"2020-03-29T19:39:18","guid":{"rendered":"https:\/\/neocatechumenaleiter.org\/pavestu-uzrunas\/sv-janis-pavils-ii\/pashas-nomoda-sv-petera-bazilika-dazu-romas-kopienu-kristibu-solijumu-atjaunosana-15-iv-1990\/"},"modified":"2021-04-29T20:27:49","modified_gmt":"2021-04-29T19:27:49","slug":"pashas-nomoda-sv-petera-bazilika-dazu-romas-kopienu-kristibu-solijumu-atjaunosana-15-iv-1990","status":"publish","type":"page","link":"https:\/\/neocatechumenaleiter.org\/lv\/pavestu-uzrunas\/sv-janis-pavils-ii\/pashas-nomoda-sv-petera-bazilika-dazu-romas-kopienu-kristibu-solijumu-atjaunosana-15-iv-1990\/","title":{"rendered":"PASHAS NOMODA SV. P\u0112TERA BAZILIKA: DA\u017dU ROMAS KOPIENU KRIST\u012aBU SOL\u012aJUMU ATJAUNO\u0160ANA 15-IV-1990"},"content":{"rendered":"\n<h1 class=\"has-text-align-center wp-block-heading\">PASHAS NOMODA SV. P\u0112TERA BAZILIKA: DA\u017dU ROMAS KOPIENU KRIST\u012aBU SOL\u012aJUMU ATJAUNO\u0160ANA 15-IV-1990<\/h1>\n\n<div style=\"height:20px\" aria-hidden=\"true\" class=\"wp-block-spacer\"><\/div>\n\n<h4 class=\"has-text-align-center wp-block-heading\">Sv. J\u0101nis P\u0101vils II <\/h4>\n\n<div style=\"height:20px\" aria-hidden=\"true\" class=\"wp-block-spacer\"><\/div>\n\n<p><strong>Vatik\u0101ns, 1990. gada 15. apr\u012blis<\/strong><\/p>\n\n<p>Svin\u012bga Krist\u012bbu sol\u012bjumu atjauno\u0161ana Neokatehumen\u0101l\u0101 ce\u013cve\u017ea (itinerarium) beig\u0101s Sv\u0113t\u0101 T\u0113va J\u0101\u0146a P\u0101vila II priek\u0161\u0101 Sv. P\u0113tera bazilik\u0101, Pashas nomoda laik\u0101. Katehumenus pavad\u012bja Kiko, Carmen un t\u0113vs Mario, gan da\u017eas kopienas no Romas: <\/p>\n\n<p>2. Kopiena no Sv. Fran\u010deska Cabrini, 1. Kristus piedzim\u0161anas kopiena, 1. kopiena no Sv. J\u0101\u0146a no Dieva, 1. kopiena no Sv. Marija Goretti.<\/p>\n\n<div class=\"wp-block-image\"><figure class=\"aligncenter size-large\"><img loading=\"lazy\" decoding=\"async\" width=\"350\" height=\"487\" src=\"https:\/\/neocatechumenaleiter.org\/wp-content\/uploads\/2020\/03\/Camino_Neocatecumenal_Juan_Pablo_II_vigilia_pascual_hermanos_vestidura_blanca_1990.jpg\" alt=\"\" class=\"wp-image-14435\" srcset=\"https:\/\/neocatechumenaleiter.org\/wp-content\/uploads\/2020\/03\/Camino_Neocatecumenal_Juan_Pablo_II_vigilia_pascual_hermanos_vestidura_blanca_1990.jpg 350w, https:\/\/neocatechumenaleiter.org\/wp-content\/uploads\/2020\/03\/Camino_Neocatecumenal_Juan_Pablo_II_vigilia_pascual_hermanos_vestidura_blanca_1990-216x300.jpg 216w\" sizes=\"auto, (max-width: 350px) 100vw, 350px\" \/><\/figure><\/div>\n","protected":false},"excerpt":{"rendered":"<p>PASHAS NOMODA SV. P\u0112TERA BAZILIKA: DA\u017dU ROMAS KOPIENU KRIST\u012aBU SOL\u012aJUMU ATJAUNO\u0160ANA 15-IV-1990 Sv. J\u0101nis P\u0101vils II Vatik\u0101ns, 1990. gada 15. apr\u012blis Svin\u012bga Krist\u012bbu sol\u012bjumu atjauno\u0161ana Neokatehumen\u0101l\u0101 ce\u013cve\u017ea (itinerarium) beig\u0101s Sv\u0113t\u0101 T\u0113va J\u0101\u0146a P\u0101vila II priek\u0161\u0101 Sv. P\u0113tera bazilik\u0101, Pashas nomoda laik\u0101. Katehumenus pavad\u012bja Kiko, Carmen un t\u0113vs Mario, gan da\u017eas kopienas no Romas: 2. Kopiena no Sv. Fran\u010deska Cabrini, 1. Kristus piedzim\u0161anas kopiena, 1. kopiena no Sv. J\u0101\u0146a no Dieva,<\/p>\n<div class=\"read-more\"><a class=\"btn read-more-btn\" href=\"https:\/\/neocatechumenaleiter.org\/lv\/pavestu-uzrunas\/sv-janis-pavils-ii\/pashas-nomoda-sv-petera-bazilika-dazu-romas-kopienu-kristibu-solijumu-atjaunosana-15-iv-1990\/\">Las\u012bt vair\u0101k<\/a><\/div>\n","protected":false},"author":2,"featured_media":0,"parent":18796,"menu_order":60,"comment_status":"closed","ping_status":"closed","template":"","meta":{"footnotes":""},"class_list":["post-22298","page","type-page","status-publish","hentry"],"_links":{"self":[{"href":"https:\/\/neocatechumenaleiter.org\/lv\/wp-json\/wp\/v2\/pages\/22298","targetHints":{"allow":["GET"]}}],"collection":[{"href":"https:\/\/neocatechumenaleiter.org\/lv\/wp-json\/wp\/v2\/pages"}],"about":[{"href":"https:\/\/neocatechumenaleiter.org\/lv\/wp-json\/wp\/v2\/types\/page"}],"author":[{"embeddable":true,"href":"https:\/\/neocatechumenaleiter.org\/lv\/wp-json\/wp\/v2\/users\/2"}],"replies":[{"embeddable":true,"href":"https:\/\/neocatechumenaleiter.org\/lv\/wp-json\/wp\/v2\/comments?post=22298"}],"version-history":[{"count":1,"href":"https:\/\/neocatechumenaleiter.org\/lv\/wp-json\/wp\/v2\/pages\/22298\/revisions"}],"predecessor-version":[{"id":22299,"href":"https:\/\/neocatechumenaleiter.org\/lv\/wp-json\/wp\/v2\/pages\/22298\/revisions\/22299"}],"up":[{"embeddable":true,"href":"https:\/\/neocatechumenaleiter.org\/lv\/wp-json\/wp\/v2\/pages\/18796"}],"wp:attachment":[{"href":"https:\/\/neocatechumenaleiter.org\/lv\/wp-json\/wp\/v2\/media?parent=22298"}],"curies":[{"name":"wp","href":"https:\/\/api.w.org\/{rel}","templated":true}]}}