{"id":22336,"date":"2020-03-04T00:20:33","date_gmt":"2020-03-03T23:20:33","guid":{"rendered":"https:\/\/neocatechumenaleiter.org\/pavestu-uzrunas\/sv-janis-pavils-ii\/tiksanas-ar-latinu-amerikas-biskapiem-21-iv-1992\/"},"modified":"2021-08-10T11:02:42","modified_gmt":"2021-08-10T10:02:42","slug":"tiksanas-ar-latinu-amerikas-biskapiem-21-iv-1992","status":"publish","type":"page","link":"https:\/\/neocatechumenaleiter.org\/lv\/pavestu-uzrunas\/sv-janis-pavils-ii\/tiksanas-ar-latinu-amerikas-biskapiem-21-iv-1992\/","title":{"rendered":"TIK\u0160AN\u0100S AR LAT\u012a\u0145U AMERIKAS B\u012aSKAPIEM 21-IV-1992"},"content":{"rendered":"\n<h1 class=\"has-text-align-center wp-block-heading\">TIK\u0160AN\u0100S AR LAT\u012a\u0145U AMERIKAS B\u012aSKAPIEM 21-IV-1992<\/h1>\n\n<div style=\"height:20px\" aria-hidden=\"true\" class=\"wp-block-spacer\"><\/div>\n\n<h4 class=\"has-text-align-center wp-block-heading\">Sv. J\u0101nis P\u0101vils II<\/h4>\n\n<div style=\"height:20px\" aria-hidden=\"true\" class=\"wp-block-spacer\"><\/div>\n\n<p><strong>Santo Domingo, 1992. gada 21-25. apr\u012blis, kop\u0101 ar 153 b\u012bskapiem.<\/strong><\/p>\n\n<p><em>Vi\u0146a Sv\u0113t\u012bbas J\u0101\u0146a P\u0101vila II Valsts sekret\u0101ra, kardin\u0101la Angelo Sodano, v\u0113stule monsinjoram Paul Cordes:<\/em><\/p>\n\n<p>Sv\u0113tais T\u0113vs bija pazi\u0146ots par Neokatehumen\u0101l\u0101 Ce\u013ca tik\u0161anos Santo Domingo, lai sagatavotos 5. Amerikas kontinenta eva\u0146\u0123eliz\u0101cijas simtgadei piemin\u0113t un suta savu sirsn\u012bgus sveicienus organizatoriem un visiem dal\u012bbniekiem, ka ar\u012b iedro\u0161in\u0101juma v\u0101rdus, lai p\u0113c \u0161\u012bs iesp\u0113jas apskat\u012bt eva\u0146\u0123eliz\u0101cijas jaut\u0101jumus ar atjaunotu impulsu apustuliskaj\u0101 dinamik\u0101 turpin\u0101tu jaun\u0101s eva\u0146\u0123eliz\u0101cijas darb\u012bbu. Pie tam, vi\u0146\u0161 pievienoj\u0101s gar\u012bgi jums visiem, it sevi\u0161\u0137i pie kl\u0101teso\u0161ajiem br\u0101\u013ciem b\u012bskapiem un pacel savu pateic\u012bbu Dievam par bag\u0101t\u012bg\u0101m d\u0101van\u0101m ar kur\u0101m Dievs ir sv\u0113t\u012bjis m\u012bl\u0113tas Lati\u0146u Amerikas Bazn\u012bcas. P\u0101vests mudina sludin\u0101t J\u0113zu Kristu vakar, \u0161odien un vienm\u0113r par jaunu eva\u0146\u0123eliz\u0101ciju, lai mudin\u0101tu cilv\u0113cisku att\u012bst\u012bbu un krist\u012bgu kult\u016bru, vienm\u0113r liecinot cie\u0161\u0101 eklezi\u0101l\u0101 vienot\u012bb\u0101 un uzticoties Sv\u0113t\u0101 Gara darb\u012bbai .<\/p>\n\n<p>Sv\u0113tais t\u0113vs v\u0113l aicina visus Neokatehumen\u0101l\u0101 Ce\u013ca locek\u013cus uz nopietnu ap\u0146em\u0161anos apustuliskajai dz\u012bvei pavad\u012btu ar augo\u0161o krist\u012bgu form\u0101ciju un arvien akt\u012bv\u0101ko piedal\u012b\u0161anos litur\u0123iskaj\u0101 un labdar\u012bgaj\u0101 Bazn\u012bcas dz\u012bv\u0113, t\u0101 l\u012bdzdarbojoties ar Kristus pest\u012b\u0161anas darbu. T\u0101d\u0101 veid\u0101 Kunga dz\u012bv\u012bbas v\u0101rds sp\u0113s apgaismot un p\u0101rveidot cilv\u0113kus, \u0123imenes un sabiedr\u012bbu.&#13;\nAr \u0161\u012bm v\u0113lm\u0113m un zem Vissv\u0113t\u0101k\u0101s Jaunavas \u017e\u0113lsird\u012bga skatiena, visaugstais pontifikis pacel karstas l\u016bg\u0161anas Kungam, lai \u0161\u012b san\u0101ksmes darbi b\u016btu \u013coti augl\u012bgi. Lai viss top par labv\u0113l\u012bbas z\u012bmi un past\u0101v\u012bgas dievi\u0161\u0137as pavad\u012bbas garantiju. \u0160\u012bs cer\u012bbas vad\u012bts sniedz apustulisko sv\u0113t\u012bbu.<\/p>\n\n<p><em>Kardin\u0101ls Angelo Sodano, Valsts sekret\u0101rs<\/em><\/p>\n","protected":false},"excerpt":{"rendered":"<p>TIK\u0160AN\u0100S AR LAT\u012a\u0145U AMERIKAS B\u012aSKAPIEM 21-IV-1992 Sv. J\u0101nis P\u0101vils II Santo Domingo, 1992. gada 21-25. apr\u012blis, kop\u0101 ar 153 b\u012bskapiem. Vi\u0146a Sv\u0113t\u012bbas J\u0101\u0146a P\u0101vila II Valsts sekret\u0101ra, kardin\u0101la Angelo Sodano, v\u0113stule monsinjoram Paul Cordes: Sv\u0113tais T\u0113vs bija pazi\u0146ots par Neokatehumen\u0101l\u0101 Ce\u013ca tik\u0161anos Santo Domingo, lai sagatavotos 5. Amerikas kontinenta eva\u0146\u0123eliz\u0101cijas simtgadei piemin\u0113t un suta savu sirsn\u012bgus sveicienus organizatoriem un visiem dal\u012bbniekiem, ka ar\u012b iedro\u0161in\u0101juma v\u0101rdus, lai p\u0113c \u0161\u012bs iesp\u0113jas apskat\u012bt<\/p>\n<div class=\"read-more\"><a class=\"btn read-more-btn\" href=\"https:\/\/neocatechumenaleiter.org\/lv\/pavestu-uzrunas\/sv-janis-pavils-ii\/tiksanas-ar-latinu-amerikas-biskapiem-21-iv-1992\/\">Las\u012bt vair\u0101k<\/a><\/div>\n","protected":false},"author":2,"featured_media":0,"parent":18796,"menu_order":69,"comment_status":"closed","ping_status":"closed","template":"","meta":{"footnotes":""},"class_list":["post-22336","page","type-page","status-publish","hentry"],"_links":{"self":[{"href":"https:\/\/neocatechumenaleiter.org\/lv\/wp-json\/wp\/v2\/pages\/22336","targetHints":{"allow":["GET"]}}],"collection":[{"href":"https:\/\/neocatechumenaleiter.org\/lv\/wp-json\/wp\/v2\/pages"}],"about":[{"href":"https:\/\/neocatechumenaleiter.org\/lv\/wp-json\/wp\/v2\/types\/page"}],"author":[{"embeddable":true,"href":"https:\/\/neocatechumenaleiter.org\/lv\/wp-json\/wp\/v2\/users\/2"}],"replies":[{"embeddable":true,"href":"https:\/\/neocatechumenaleiter.org\/lv\/wp-json\/wp\/v2\/comments?post=22336"}],"version-history":[{"count":2,"href":"https:\/\/neocatechumenaleiter.org\/lv\/wp-json\/wp\/v2\/pages\/22336\/revisions"}],"predecessor-version":[{"id":24115,"href":"https:\/\/neocatechumenaleiter.org\/lv\/wp-json\/wp\/v2\/pages\/22336\/revisions\/24115"}],"up":[{"embeddable":true,"href":"https:\/\/neocatechumenaleiter.org\/lv\/wp-json\/wp\/v2\/pages\/18796"}],"wp:attachment":[{"href":"https:\/\/neocatechumenaleiter.org\/lv\/wp-json\/wp\/v2\/media?parent=22336"}],"curies":[{"name":"wp","href":"https:\/\/api.w.org\/{rel}","templated":true}]}}