{"id":22338,"date":"2020-03-29T05:43:48","date_gmt":"2020-03-29T04:43:48","guid":{"rendered":"https:\/\/neocatechumenaleiter.org\/pavestu-uzrunas\/sv-janis-pavils-ii\/audience-klementinas-zale-12-xii-1987\/"},"modified":"2021-05-01T09:46:46","modified_gmt":"2021-05-01T08:46:46","slug":"audience-klementinas-zale-12-xii-1987","status":"publish","type":"page","link":"https:\/\/neocatechumenaleiter.org\/lv\/pavestu-uzrunas\/sv-janis-pavils-ii\/audience-klementinas-zale-12-xii-1987\/","title":{"rendered":"AUDIENCE KLEMENTINAS Z\u0100L\u0112 12-XII-1987"},"content":{"rendered":"\n<h1 class=\"has-text-align-center wp-block-heading\">AUDIENCE KLEMENTINAS Z\u0100L\u0112 12-XII-1987<\/h1>\n\n<div style=\"height:22px\" aria-hidden=\"true\" class=\"wp-block-spacer\"><\/div>\n\n<h4 class=\"has-text-align-center wp-block-heading\">Sv. J\u0101nis P\u0101vils II<\/h4>\n\n<div style=\"height:20px\" aria-hidden=\"true\" class=\"wp-block-spacer\"><\/div>\n\n<p><strong>Vatik\u0101ns &#8211; Klementinas z\u0101le, 1987. gada 12. decembris<\/strong><\/p>\n\n<p><em>Sv\u0113tais T\u0113vs no r\u012bta pie\u0146\u0113ma audienc\u0113 da\u017eus Neokatahumen\u0101l\u0101 Ce\u013ca kopienu locek\u013cus no Palermo, Kat\u0101nijas, Perugijas , Florences un Romas. Vi\u0146i p\u0101vesta, P\u0113tera p\u0113cte\u010da priek\u0161\u0101 atjaunoja savu tic\u012bbu.<\/em>&#013;\n&#013;\n<em>P\u0101vesta spont\u0101na uzruna:<\/em><\/p>\n\n<p>Es gribu piebilst, nedaudzos v\u0101rdos, ka tic\u012bba j\u0101apliecina, j\u0101dzied, j\u0101dz\u012bvo. \u0160is ir j\u016bsu ce\u013c\u0161 un m\u016bsu ce\u013c\u0161. Katra no mums ce\u013c\u0161.<\/p>\n\n<p>Ar tic\u012bbu j\u0101n\u0101k pie Sv. P\u0113tera, pie vi\u0146a kapa, pie vietas, kur bija nokrist\u012bts, kur deva liec\u012bbu par miru\u0161o un aug\u0161\u0101mcelto Kristu. Ar \u0161o tic\u012bbu j\u0101izraisa izbr\u012bna t\u016bristiem. Jums j\u0101p\u0101rsteidz visi, kas dom\u0101, ka uz \u0161o pils\u0113tu n\u0101k tikai t\u016bristi. J\u0101b\u016bt sv\u0113tce\u013cniekiem <\/p>\n\n<p><em>Pietiks! Pla\u0161\u0101k\u0101 uzruna, daudz gar\u0101k\u0101, atrodama L\u2019Osservatore Romano.<\/em>&#013;\n&#013;\n<em>(*) No audio ieraksta.<\/em><\/p>\n\n<div class=\"wp-block-image\"><figure class=\"aligncenter size-large\"><img loading=\"lazy\" decoding=\"async\" width=\"700\" height=\"562\" src=\"https:\/\/neocatechumenaleiter.org\/wp-content\/uploads\/2020\/03\/Camino_Neocatecumenal_Juan_Pablo_II_audiencia_sala_clementina_1987.jpg\" alt=\"\" class=\"wp-image-14099\" srcset=\"https:\/\/neocatechumenaleiter.org\/wp-content\/uploads\/2020\/03\/Camino_Neocatecumenal_Juan_Pablo_II_audiencia_sala_clementina_1987.jpg 700w, https:\/\/neocatechumenaleiter.org\/wp-content\/uploads\/2020\/03\/Camino_Neocatecumenal_Juan_Pablo_II_audiencia_sala_clementina_1987-300x241.jpg 300w\" sizes=\"auto, (max-width: 700px) 100vw, 700px\" \/><\/figure><\/div>\n","protected":false},"excerpt":{"rendered":"<p>AUDIENCE KLEMENTINAS Z\u0100L\u0112 12-XII-1987 Sv. J\u0101nis P\u0101vils II Vatik\u0101ns &#8211; Klementinas z\u0101le, 1987. gada 12. decembris Sv\u0113tais T\u0113vs no r\u012bta pie\u0146\u0113ma audienc\u0113 da\u017eus Neokatahumen\u0101l\u0101 Ce\u013ca kopienu locek\u013cus no Palermo, Kat\u0101nijas, Perugijas , Florences un Romas. Vi\u0146i p\u0101vesta, P\u0113tera p\u0113cte\u010da priek\u0161\u0101 atjaunoja savu tic\u012bbu.&#013; &#013; P\u0101vesta spont\u0101na uzruna: Es gribu piebilst, nedaudzos v\u0101rdos, ka tic\u012bba j\u0101apliecina, j\u0101dzied, j\u0101dz\u012bvo. \u0160is ir j\u016bsu ce\u013c\u0161 un m\u016bsu ce\u013c\u0161. Katra no mums ce\u013c\u0161. Ar tic\u012bbu<\/p>\n<div class=\"read-more\"><a class=\"btn read-more-btn\" href=\"https:\/\/neocatechumenaleiter.org\/lv\/pavestu-uzrunas\/sv-janis-pavils-ii\/audience-klementinas-zale-12-xii-1987\/\">Las\u012bt vair\u0101k<\/a><\/div>\n","protected":false},"author":2,"featured_media":0,"parent":18796,"menu_order":46,"comment_status":"closed","ping_status":"closed","template":"","meta":{"footnotes":""},"class_list":["post-22338","page","type-page","status-publish","hentry"],"_links":{"self":[{"href":"https:\/\/neocatechumenaleiter.org\/lv\/wp-json\/wp\/v2\/pages\/22338","targetHints":{"allow":["GET"]}}],"collection":[{"href":"https:\/\/neocatechumenaleiter.org\/lv\/wp-json\/wp\/v2\/pages"}],"about":[{"href":"https:\/\/neocatechumenaleiter.org\/lv\/wp-json\/wp\/v2\/types\/page"}],"author":[{"embeddable":true,"href":"https:\/\/neocatechumenaleiter.org\/lv\/wp-json\/wp\/v2\/users\/2"}],"replies":[{"embeddable":true,"href":"https:\/\/neocatechumenaleiter.org\/lv\/wp-json\/wp\/v2\/comments?post=22338"}],"version-history":[{"count":1,"href":"https:\/\/neocatechumenaleiter.org\/lv\/wp-json\/wp\/v2\/pages\/22338\/revisions"}],"predecessor-version":[{"id":22339,"href":"https:\/\/neocatechumenaleiter.org\/lv\/wp-json\/wp\/v2\/pages\/22338\/revisions\/22339"}],"up":[{"embeddable":true,"href":"https:\/\/neocatechumenaleiter.org\/lv\/wp-json\/wp\/v2\/pages\/18796"}],"wp:attachment":[{"href":"https:\/\/neocatechumenaleiter.org\/lv\/wp-json\/wp\/v2\/media?parent=22338"}],"curies":[{"name":"wp","href":"https:\/\/api.w.org\/{rel}","templated":true}]}}