{"id":22340,"date":"2020-03-29T02:53:04","date_gmt":"2020-03-29T01:53:04","guid":{"rendered":"https:\/\/neocatechumenaleiter.org\/pavestu-uzrunas\/sv-janis-pavils-ii\/pashas-nomoda-sv-petera-bazilika-kopa-ar-divam-kopienam-no-madrides-29-iii-1986\/"},"modified":"2021-05-01T09:55:18","modified_gmt":"2021-05-01T08:55:18","slug":"pashas-nomoda-sv-petera-bazilika-kopa-ar-divam-kopienam-no-madrides-29-iii-1986","status":"publish","type":"page","link":"https:\/\/neocatechumenaleiter.org\/lv\/pavestu-uzrunas\/sv-janis-pavils-ii\/pashas-nomoda-sv-petera-bazilika-kopa-ar-divam-kopienam-no-madrides-29-iii-1986\/","title":{"rendered":"PASHAS NOMODA SV. P\u0112TERA BAZILIK\u0100 KOP\u0100 AR DIV\u0100M KOPIEN\u0100M NO MADRIDES 29-III-1986"},"content":{"rendered":"\n<h1 class=\"has-text-align-center wp-block-heading\">PASHAS NOMODA SV. P\u0112TERA BAZILIK\u0100 KOP\u0100 AR DIV\u0100M KOPIEN\u0100M NO MADRIDES 29-III-1986<\/h1>\n\n<div style=\"height:20px\" aria-hidden=\"true\" class=\"wp-block-spacer\"><\/div>\n\n<h4 class=\"has-text-align-center wp-block-heading\">Sv. J\u0101nis P\u0101vils II<\/h4>\n\n<div style=\"height:20px\" aria-hidden=\"true\" class=\"wp-block-spacer\"><\/div>\n\n<p><strong>Sv. P\u0113tera bazilika, 1986. gada 29. marts<\/strong><\/p>\n\n<p><em>Pashas nomoda laik\u0101 ar Sv\u0113to T\u0113vu Vatik\u0101na bazilikas rezerv\u0113taj\u0101 st\u016br\u012bti 100 locek\u013ci no Nostra Signora del Transito draudzes un Neokatehumen\u0101l\u0101 Centra pirmaj\u0101m\u00a0Neokatehumen\u0101laj\u0101m kopien\u0101m svin\u012bgi atjaunoja Krist\u012bbu sol\u012bjumus, nosl\u0113gdami neokatehumen\u0101lo ce\u013cvedi (itinerario).<\/em><\/p>\n\n<div class=\"wp-block-image\"><figure class=\"aligncenter size-large\"><img loading=\"lazy\" decoding=\"async\" width=\"480\" height=\"389\" src=\"https:\/\/neocatechumenaleiter.org\/wp-content\/uploads\/2020\/03\/Camino_Neocatecumenal_Juan_Pablo_II_vigilia_pascual_hermanos_vestidura_blanca_Transito_Madrid_1986.jpg\" alt=\"\" class=\"wp-image-13853\" srcset=\"https:\/\/neocatechumenaleiter.org\/wp-content\/uploads\/2020\/03\/Camino_Neocatecumenal_Juan_Pablo_II_vigilia_pascual_hermanos_vestidura_blanca_Transito_Madrid_1986.jpg 480w, https:\/\/neocatechumenaleiter.org\/wp-content\/uploads\/2020\/03\/Camino_Neocatecumenal_Juan_Pablo_II_vigilia_pascual_hermanos_vestidura_blanca_Transito_Madrid_1986-300x243.jpg 300w\" sizes=\"auto, (max-width: 480px) 100vw, 480px\" \/><\/figure><\/div>\n","protected":false},"excerpt":{"rendered":"<p>PASHAS NOMODA SV. P\u0112TERA BAZILIK\u0100 KOP\u0100 AR DIV\u0100M KOPIEN\u0100M NO MADRIDES 29-III-1986 Sv. J\u0101nis P\u0101vils II Sv. P\u0113tera bazilika, 1986. gada 29. marts Pashas nomoda laik\u0101 ar Sv\u0113to T\u0113vu Vatik\u0101na bazilikas rezerv\u0113taj\u0101 st\u016br\u012bti 100 locek\u013ci no Nostra Signora del Transito draudzes un Neokatehumen\u0101l\u0101 Centra pirmaj\u0101m\u00a0Neokatehumen\u0101laj\u0101m kopien\u0101m svin\u012bgi atjaunoja Krist\u012bbu sol\u012bjumus, nosl\u0113gdami neokatehumen\u0101lo ce\u013cvedi (itinerario).<\/p>\n","protected":false},"author":2,"featured_media":0,"parent":18796,"menu_order":37,"comment_status":"closed","ping_status":"closed","template":"","meta":{"footnotes":""},"class_list":["post-22340","page","type-page","status-publish","hentry"],"_links":{"self":[{"href":"https:\/\/neocatechumenaleiter.org\/lv\/wp-json\/wp\/v2\/pages\/22340","targetHints":{"allow":["GET"]}}],"collection":[{"href":"https:\/\/neocatechumenaleiter.org\/lv\/wp-json\/wp\/v2\/pages"}],"about":[{"href":"https:\/\/neocatechumenaleiter.org\/lv\/wp-json\/wp\/v2\/types\/page"}],"author":[{"embeddable":true,"href":"https:\/\/neocatechumenaleiter.org\/lv\/wp-json\/wp\/v2\/users\/2"}],"replies":[{"embeddable":true,"href":"https:\/\/neocatechumenaleiter.org\/lv\/wp-json\/wp\/v2\/comments?post=22340"}],"version-history":[{"count":1,"href":"https:\/\/neocatechumenaleiter.org\/lv\/wp-json\/wp\/v2\/pages\/22340\/revisions"}],"predecessor-version":[{"id":22341,"href":"https:\/\/neocatechumenaleiter.org\/lv\/wp-json\/wp\/v2\/pages\/22340\/revisions\/22341"}],"up":[{"embeddable":true,"href":"https:\/\/neocatechumenaleiter.org\/lv\/wp-json\/wp\/v2\/pages\/18796"}],"wp:attachment":[{"href":"https:\/\/neocatechumenaleiter.org\/lv\/wp-json\/wp\/v2\/media?parent=22340"}],"curies":[{"name":"wp","href":"https:\/\/api.w.org\/{rel}","templated":true}]}}