{"id":22343,"date":"2020-03-30T04:25:06","date_gmt":"2020-03-30T03:25:06","guid":{"rendered":"https:\/\/neocatechumenaleiter.org\/pavestu-uzrunas\/sv-janis-pavils-ii\/pashas-nomoda-sv-petera-bazilika-30-iii-1997\/"},"modified":"2021-05-02T16:38:19","modified_gmt":"2021-05-02T15:38:19","slug":"pashas-nomoda-sv-petera-bazilika-30-iii-1997","status":"publish","type":"page","link":"https:\/\/neocatechumenaleiter.org\/lv\/pavestu-uzrunas\/sv-janis-pavils-ii\/pashas-nomoda-sv-petera-bazilika-30-iii-1997\/","title":{"rendered":"PASHAS NOMODA SV. P\u0112TERA BAZILIKA 30-III-1997"},"content":{"rendered":"\n<h1 class=\"has-text-align-center wp-block-heading\">PASHAS NOMODA SV. P\u0112TERA BAZILIKA 30-III-1997<\/h1>\n\n<div style=\"height:20px\" aria-hidden=\"true\" class=\"wp-block-spacer\"><\/div>\n\n<h4 class=\"has-text-align-center wp-block-heading\">Sv. J\u0101nis P\u0101vils II<\/h4>\n\n<div style=\"height:20px\" aria-hidden=\"true\" class=\"wp-block-spacer\"><\/div>\n\n<p><strong>Sv. P\u0113tera bazilika, 1997. gada 30. marts<\/strong><\/p>\n\n<p><em>Katehistu pavad\u012bti \u010detras kopienas (Romas Kan\u0101das mocek\u013cu draudzes 3., 4., 5. un Fran\u010deskas Kabrini 4. kopienas) Pashas Nomod\u0101 ar Sv\u0113to T\u0113vu J\u0101ni P\u0101vilu II svin\u012bgi atjaunoja Krist\u012bbu sol\u012bjumus Neokatehumen\u0101l\u0101 ce\u013cve\u017ea beig\u0101s.<\/em><\/p>\n\n<div class=\"wp-block-image\"><figure class=\"aligncenter size-large\"><img loading=\"lazy\" decoding=\"async\" width=\"567\" height=\"686\" src=\"https:\/\/neocatechumenaleiter.org\/wp-content\/uploads\/2020\/03\/Camino_Neocatecumenal_Juan_Pablo_II_vigilia_pascual_hermanos_vestidura_blanca_1997.jpg\" alt=\"\" class=\"wp-image-13182\" srcset=\"https:\/\/neocatechumenaleiter.org\/wp-content\/uploads\/2020\/03\/Camino_Neocatecumenal_Juan_Pablo_II_vigilia_pascual_hermanos_vestidura_blanca_1997.jpg 567w, https:\/\/neocatechumenaleiter.org\/wp-content\/uploads\/2020\/03\/Camino_Neocatecumenal_Juan_Pablo_II_vigilia_pascual_hermanos_vestidura_blanca_1997-248x300.jpg 248w\" sizes=\"auto, (max-width: 567px) 100vw, 567px\" \/><\/figure><\/div>\n","protected":false},"excerpt":{"rendered":"<p>PASHAS NOMODA SV. P\u0112TERA BAZILIKA 30-III-1997 Sv. J\u0101nis P\u0101vils II Sv. P\u0113tera bazilika, 1997. gada 30. marts Katehistu pavad\u012bti \u010detras kopienas (Romas Kan\u0101das mocek\u013cu draudzes 3., 4., 5. un Fran\u010deskas Kabrini 4. kopienas) Pashas Nomod\u0101 ar Sv\u0113to T\u0113vu J\u0101ni P\u0101vilu II svin\u012bgi atjaunoja Krist\u012bbu sol\u012bjumus Neokatehumen\u0101l\u0101 ce\u013cve\u017ea beig\u0101s.<\/p>\n","protected":false},"author":2,"featured_media":0,"parent":18796,"menu_order":88,"comment_status":"closed","ping_status":"closed","template":"","meta":{"footnotes":""},"class_list":["post-22343","page","type-page","status-publish","hentry"],"_links":{"self":[{"href":"https:\/\/neocatechumenaleiter.org\/lv\/wp-json\/wp\/v2\/pages\/22343","targetHints":{"allow":["GET"]}}],"collection":[{"href":"https:\/\/neocatechumenaleiter.org\/lv\/wp-json\/wp\/v2\/pages"}],"about":[{"href":"https:\/\/neocatechumenaleiter.org\/lv\/wp-json\/wp\/v2\/types\/page"}],"author":[{"embeddable":true,"href":"https:\/\/neocatechumenaleiter.org\/lv\/wp-json\/wp\/v2\/users\/2"}],"replies":[{"embeddable":true,"href":"https:\/\/neocatechumenaleiter.org\/lv\/wp-json\/wp\/v2\/comments?post=22343"}],"version-history":[{"count":1,"href":"https:\/\/neocatechumenaleiter.org\/lv\/wp-json\/wp\/v2\/pages\/22343\/revisions"}],"predecessor-version":[{"id":22344,"href":"https:\/\/neocatechumenaleiter.org\/lv\/wp-json\/wp\/v2\/pages\/22343\/revisions\/22344"}],"up":[{"embeddable":true,"href":"https:\/\/neocatechumenaleiter.org\/lv\/wp-json\/wp\/v2\/pages\/18796"}],"wp:attachment":[{"href":"https:\/\/neocatechumenaleiter.org\/lv\/wp-json\/wp\/v2\/media?parent=22343"}],"curies":[{"name":"wp","href":"https:\/\/api.w.org\/{rel}","templated":true}]}}