{"id":22413,"date":"2020-03-04T00:18:38","date_gmt":"2020-03-03T23:18:38","guid":{"rendered":"https:\/\/neocatechumenaleiter.org\/pavestu-uzrunas\/sv-janis-pavils-ii\/pashas-nomoda-sv-petera-bazilika-19-iv-1992\/"},"modified":"2021-08-10T11:02:37","modified_gmt":"2021-08-10T10:02:37","slug":"pashas-nomoda-sv-petera-bazilika-19-iv-1992","status":"publish","type":"page","link":"https:\/\/neocatechumenaleiter.org\/lv\/pavestu-uzrunas\/sv-janis-pavils-ii\/pashas-nomoda-sv-petera-bazilika-19-iv-1992\/","title":{"rendered":"PASHAS NOMODA SV. P\u0112TERA BAZILIKA 19-IV-1992"},"content":{"rendered":"\n<h1 class=\"has-text-align-center wp-block-heading\">PASHAS NOMODA SV. P\u0112TERA BAZILIKA 19-IV-1992<\/h1>\n\n<div style=\"height:20px\" aria-hidden=\"true\" class=\"wp-block-spacer\"><\/div>\n\n<h4 class=\"has-text-align-center wp-block-heading\">Sv. J\u0101nis P\u0101vils II<\/h4>\n\n<div style=\"height:20px\" aria-hidden=\"true\" class=\"wp-block-spacer\"><\/div>\n\n<p><strong>Sv. P\u0113tera bazilika, 1992. gada 19. apr\u012blis<\/strong><\/p>\n\n<p>Kopienas vi\u0146u pa\u0161u katehistu pavad\u012bti atjaunoja Krist\u012bbu sol\u012bjumus Neokatehumen\u0101l\u0101 ce\u013cve\u017ea nosl\u0113gum\u0101 p\u0101vesta J\u0101\u0146a P\u0101vila II priek\u0161\u0101 Sv. P\u0113tera bazilik\u0101, Pashas nomoda laik\u0101. \u0160\u012bs kopienas bija atn\u0101ku\u0161as no Romas Sv. Leonarda Murialdo un pirm\u0101 kopiena no Romas Tor Sapienzas draudzes.<\/p>\n\n<div class=\"wp-block-image\"><figure class=\"aligncenter size-large\"><img loading=\"lazy\" decoding=\"async\" width=\"692\" height=\"569\" src=\"https:\/\/neocatechumenaleiter.org\/wp-content\/uploads\/2020\/03\/Camino_Neocatecumenal_Juan_Pablo_II_vigilia_pascual_hermanos_vestidura_blanca_1992.jpg\" alt=\"\" class=\"wp-image-12999\" srcset=\"https:\/\/neocatechumenaleiter.org\/wp-content\/uploads\/2020\/03\/Camino_Neocatecumenal_Juan_Pablo_II_vigilia_pascual_hermanos_vestidura_blanca_1992.jpg 692w, https:\/\/neocatechumenaleiter.org\/wp-content\/uploads\/2020\/03\/Camino_Neocatecumenal_Juan_Pablo_II_vigilia_pascual_hermanos_vestidura_blanca_1992-300x247.jpg 300w\" sizes=\"auto, (max-width: 692px) 100vw, 692px\" \/><\/figure><\/div>\n","protected":false},"excerpt":{"rendered":"<p>PASHAS NOMODA SV. P\u0112TERA BAZILIKA 19-IV-1992 Sv. J\u0101nis P\u0101vils II Sv. P\u0113tera bazilika, 1992. gada 19. apr\u012blis Kopienas vi\u0146u pa\u0161u katehistu pavad\u012bti atjaunoja Krist\u012bbu sol\u012bjumus Neokatehumen\u0101l\u0101 ce\u013cve\u017ea nosl\u0113gum\u0101 p\u0101vesta J\u0101\u0146a P\u0101vila II priek\u0161\u0101 Sv. P\u0113tera bazilik\u0101, Pashas nomoda laik\u0101. \u0160\u012bs kopienas bija atn\u0101ku\u0161as no Romas Sv. Leonarda Murialdo un pirm\u0101 kopiena no Romas Tor Sapienzas draudzes.<\/p>\n","protected":false},"author":2,"featured_media":0,"parent":18796,"menu_order":68,"comment_status":"closed","ping_status":"closed","template":"","meta":{"footnotes":""},"class_list":["post-22413","page","type-page","status-publish","hentry"],"_links":{"self":[{"href":"https:\/\/neocatechumenaleiter.org\/lv\/wp-json\/wp\/v2\/pages\/22413","targetHints":{"allow":["GET"]}}],"collection":[{"href":"https:\/\/neocatechumenaleiter.org\/lv\/wp-json\/wp\/v2\/pages"}],"about":[{"href":"https:\/\/neocatechumenaleiter.org\/lv\/wp-json\/wp\/v2\/types\/page"}],"author":[{"embeddable":true,"href":"https:\/\/neocatechumenaleiter.org\/lv\/wp-json\/wp\/v2\/users\/2"}],"replies":[{"embeddable":true,"href":"https:\/\/neocatechumenaleiter.org\/lv\/wp-json\/wp\/v2\/comments?post=22413"}],"version-history":[{"count":2,"href":"https:\/\/neocatechumenaleiter.org\/lv\/wp-json\/wp\/v2\/pages\/22413\/revisions"}],"predecessor-version":[{"id":24108,"href":"https:\/\/neocatechumenaleiter.org\/lv\/wp-json\/wp\/v2\/pages\/22413\/revisions\/24108"}],"up":[{"embeddable":true,"href":"https:\/\/neocatechumenaleiter.org\/lv\/wp-json\/wp\/v2\/pages\/18796"}],"wp:attachment":[{"href":"https:\/\/neocatechumenaleiter.org\/lv\/wp-json\/wp\/v2\/media?parent=22413"}],"curies":[{"name":"wp","href":"https:\/\/api.w.org\/{rel}","templated":true}]}}