{"id":22545,"date":"2020-03-27T05:28:04","date_gmt":"2020-03-27T04:28:04","guid":{"rendered":"https:\/\/neocatechumenaleiter.org\/pavestu-uzrunas\/sv-janis-pavils-ii\/sv-annas-no-kasalmorenas-draudzes-vizite-2-xii-1984\/"},"modified":"2021-05-18T18:11:13","modified_gmt":"2021-05-18T17:11:13","slug":"sv-annas-no-kasalmorenas-draudzes-vizite-2-xii-1984","status":"publish","type":"page","link":"https:\/\/neocatechumenaleiter.org\/lv\/pavestu-uzrunas\/sv-janis-pavils-ii\/sv-annas-no-kasalmorenas-draudzes-vizite-2-xii-1984\/","title":{"rendered":"SV. ANNAS NO KASALMORENAS DRAUDZES VIZ\u012aTE 2-XII-1984"},"content":{"rendered":"\n<h1 class=\"has-text-align-center wp-block-heading\">SV. ANNAS NO KASALMORENAS DRAUDZES VIZ\u012aTE 2-XII-1984<\/h1>\n\n<div style=\"height:20px\" aria-hidden=\"true\" class=\"wp-block-spacer\"><\/div>\n\n<h4 class=\"has-text-align-center wp-block-heading\">Sv. J\u0101nis P\u0101vils II<\/h4>\n\n<div style=\"height:20px\" aria-hidden=\"true\" class=\"wp-block-spacer\"><\/div>\n\n<p><strong>Roma, 1984. gada 2. decembris<\/strong><\/p>\n\n<p><em>Ap 110 neokatehum\u0113ni, kop\u0101 ar sav\u0101m \u0123imen\u0113m, bija pirmie satiku\u0161i p\u0101vestu J\u0101ni P\u0101vilu II. Vi\u0146i sagaid\u012bja z\u0101l\u0113, kur parasti svin Euharistiju, dziedot un plauk\u0161\u0137inot rok\u0101s.<\/em>&#013;\n&#013;\n<em>Tie\u0161am \u012bsta \u017e\u0113last\u012bba m\u016bsu draudzei, teica priesteris Amadeo rad\u012bdams uz br\u0101\u013ciem, kas kop\u0161 pa\u0161a s\u0101kuma pievienojas kopienai, kad v\u0113l nebija vietas, kur kapel\u0101 knapi var\u0113ja san\u0101kt 100 cilv\u0113ki. Vi\u0146i bija sp\u0113j\u012bgi nodot krist\u012bgo inici\u0101ciju jaunie\u0161iem, kas gatavoj\u0101s sakramentiem.<\/em>&#013;\n&#013;\n<em>Amadeo turpin\u0101ja st\u0101st\u012bdams, ka ar vi\u0146iem n\u0101c\u0101s piedz\u012bvot pirmo nabadz\u012bbu. T\u0101du momentu, kad nebija pat vietas kop\u0101 b\u016b\u0161anai. Kop\u0101 ar vi\u0146iem piedz\u012bvoja ar\u012b otru nabadz\u012bbu. To, kas m\u016bsu sirds ir \u0161vaki pabarota un tr\u016bkst Kristus gara. M\u0113s to atkl\u0101jam caur Vi\u0146a pa\u0161a v\u0101rdu. Ar\u012b tre\u0161o nabadz\u012bbu piedz\u012bvoj\u0101m kop\u0101. Tas skar m\u016bsu attieksmi \u017d\u0113last\u012bbas priek\u0161\u0101, kas katru dienu tiek mums dota un m\u0113s v\u0113lamies saglab\u0101t, k\u0101 \u012bstu sirds bag\u0101t\u012bbu.<\/em>&#013;\n&#013;\n<em>Viens no trim kopienu p\u0101rst\u0101vjiem \u012bsi bija past\u0101st\u012bjis par jau izietu Ce\u013cu, p\u0113c tam sekoja p\u0101vesta uzruna san\u0101ku\u0161ajiem:\u00a0\u00a0<\/em><\/p>\n\n<div class=\"wp-block-image\"><figure class=\"alignleft size-medium\"><img loading=\"lazy\" decoding=\"async\" width=\"300\" height=\"242\" src=\"https:\/\/neocatechumenaleiter.org\/wp-content\/uploads\/2020\/03\/Camino_Neocatecumenal_Juan_Pablo_II_visita_parroquia_Santa_Ana_1984-300x242.jpg\" alt=\"\" class=\"wp-image-1852\" srcset=\"https:\/\/neocatechumenaleiter.org\/wp-content\/uploads\/2020\/03\/Camino_Neocatecumenal_Juan_Pablo_II_visita_parroquia_Santa_Ana_1984-300x242.jpg 300w, https:\/\/neocatechumenaleiter.org\/wp-content\/uploads\/2020\/03\/Camino_Neocatecumenal_Juan_Pablo_II_visita_parroquia_Santa_Ana_1984.jpg 697w\" sizes=\"auto, (max-width: 300px) 100vw, 300px\" \/><\/figure><\/div>\n\n<p>J\u016bs mani ieved\u0101t sav\u0101 \u0161\u012bs draudzes kopien\u0101. No s\u0101kuma pr\u0101vests un p\u0113c tam j\u016bs p\u0101rst\u0101vo\u0161ie br\u0101\u013ci. Ac\u012bmredzami, ka pa\u0161laik j\u016bs c\u0113l\u0101t \u0161o draudzes \u0113ku, l\u016bk materi\u0101li, bet m\u0113s labi zin\u0101m, ka draudze tiek celta pirmk\u0101rt tic\u012bb\u0101, uz Krist\u012bbu, kas gatavo Euharistijai pamata. T\u0101 ir gar\u012bga celtniec\u012bba. Krist\u012bbas noz\u012bm\u0113 ar\u012b katehumen\u0101tu un neokatehumen\u0101tu. Mums j\u0101atgrie\u017eas pie t\u0101, ko mums sagatavoja pirmie kristie\u0161i, pie Krist\u012bb\u0101m, lai m\u0113s k\u013c\u016btu par Dieva b\u0113rniem, Kristus l\u012bdzmantinieki. L\u016bk, neokatehumen\u0101ls, k\u0101 laic\u012bga realit\u0101te noz\u012bme ar\u012b kopienu, kuru draudz\u0113 no jauna atkl\u0101j krist\u012bgas dz\u012bves jaunumu, svaigumu, ori\u0123inalit\u0101ti, jo t\u0101 ir dz\u012bve \u012bstaj\u0101 noz\u012bm\u0113, dievi\u0161\u0137a dz\u012bve. T\u0101 ir dz\u012bve, kas parad\u0101s m\u016bsu priek\u0161\u0101 visai m\u016b\u017e\u012bbai, ne tikai \u0161iem dz\u012bves gadiem uz zemes. Dz\u012bve ar Dievu, k\u0101 Dieva b\u0113rni, Vi\u0146a D\u0113la mudin\u0101ti. Iemiesoju\u0161ais V\u0101rds- J\u0113zus Kristus, kas piedzimis no Jaunavas Marijas. Nov\u0113lu jums b\u016bt par labu krist\u012bgas dz\u012bves raugu \u0161aj\u0101 Sv. Annas kopien\u0101.<\/p>\n\n<p>Sv\u0113tu j\u016bs no sirds.&#013;\n&#013;\n<em>(*) Sal. \u00abL&#8217;Osservatore Romano\u00bb, 1984. gada 3-4. decembris.<\/em><\/p>\n","protected":false},"excerpt":{"rendered":"<p>SV. ANNAS NO KASALMORENAS DRAUDZES VIZ\u012aTE 2-XII-1984 Sv. J\u0101nis P\u0101vils II Roma, 1984. gada 2. decembris Ap 110 neokatehum\u0113ni, kop\u0101 ar sav\u0101m \u0123imen\u0113m, bija pirmie satiku\u0161i p\u0101vestu J\u0101ni P\u0101vilu II. Vi\u0146i sagaid\u012bja z\u0101l\u0113, kur parasti svin Euharistiju, dziedot un plauk\u0161\u0137inot rok\u0101s.&#013; &#013; Tie\u0161am \u012bsta \u017e\u0113last\u012bba m\u016bsu draudzei, teica priesteris Amadeo rad\u012bdams uz br\u0101\u013ciem, kas kop\u0161 pa\u0161a s\u0101kuma pievienojas kopienai, kad v\u0113l nebija vietas, kur kapel\u0101 knapi var\u0113ja san\u0101kt 100 cilv\u0113ki.<\/p>\n<div class=\"read-more\"><a class=\"btn read-more-btn\" href=\"https:\/\/neocatechumenaleiter.org\/lv\/pavestu-uzrunas\/sv-janis-pavils-ii\/sv-annas-no-kasalmorenas-draudzes-vizite-2-xii-1984\/\">Las\u012bt vair\u0101k<\/a><\/div>\n","protected":false},"author":2,"featured_media":0,"parent":18796,"menu_order":30,"comment_status":"closed","ping_status":"closed","template":"","meta":{"footnotes":""},"class_list":["post-22545","page","type-page","status-publish","hentry"],"_links":{"self":[{"href":"https:\/\/neocatechumenaleiter.org\/lv\/wp-json\/wp\/v2\/pages\/22545","targetHints":{"allow":["GET"]}}],"collection":[{"href":"https:\/\/neocatechumenaleiter.org\/lv\/wp-json\/wp\/v2\/pages"}],"about":[{"href":"https:\/\/neocatechumenaleiter.org\/lv\/wp-json\/wp\/v2\/types\/page"}],"author":[{"embeddable":true,"href":"https:\/\/neocatechumenaleiter.org\/lv\/wp-json\/wp\/v2\/users\/2"}],"replies":[{"embeddable":true,"href":"https:\/\/neocatechumenaleiter.org\/lv\/wp-json\/wp\/v2\/comments?post=22545"}],"version-history":[{"count":1,"href":"https:\/\/neocatechumenaleiter.org\/lv\/wp-json\/wp\/v2\/pages\/22545\/revisions"}],"predecessor-version":[{"id":22546,"href":"https:\/\/neocatechumenaleiter.org\/lv\/wp-json\/wp\/v2\/pages\/22545\/revisions\/22546"}],"up":[{"embeddable":true,"href":"https:\/\/neocatechumenaleiter.org\/lv\/wp-json\/wp\/v2\/pages\/18796"}],"wp:attachment":[{"href":"https:\/\/neocatechumenaleiter.org\/lv\/wp-json\/wp\/v2\/media?parent=22545"}],"curies":[{"name":"wp","href":"https:\/\/api.w.org\/{rel}","templated":true}]}}