{"id":22547,"date":"2020-03-29T18:24:09","date_gmt":"2020-03-29T17:24:09","guid":{"rendered":"https:\/\/neocatechumenaleiter.org\/pavestu-uzrunas\/sv-janis-pavils-ii\/pashas-nomoda-sv-petera-bazilika-ar-dazam-kopienam-no-madrides-3-iv-1988\/"},"modified":"2021-05-18T18:17:23","modified_gmt":"2021-05-18T17:17:23","slug":"pashas-nomoda-sv-petera-bazilika-ar-dazam-kopienam-no-madrides-3-iv-1988","status":"publish","type":"page","link":"https:\/\/neocatechumenaleiter.org\/lv\/pavestu-uzrunas\/sv-janis-pavils-ii\/pashas-nomoda-sv-petera-bazilika-ar-dazam-kopienam-no-madrides-3-iv-1988\/","title":{"rendered":"PASHAS NOMODA SV. P\u0112TERA BAZILIKA AR DA\u017d\u0100M KOPIEN\u0100M NO MADRIDES 3-IV-1988"},"content":{"rendered":"\n<h1 class=\"has-text-align-center wp-block-heading\">PASHAS NOMODA SV. P\u0112TERA BAZILIKA AR DA\u017d\u0100M KOPIEN\u0100M NO MADRIDES 3-IV-1988&#013;\n<\/h1>\n\n<div style=\"height:20px\" aria-hidden=\"true\" class=\"wp-block-spacer\"><\/div>\n\n<h4 class=\"has-text-align-center wp-block-heading\">Sv. J\u0101nis P\u0101vils II<\/h4>\n\n<div style=\"height:20px\" aria-hidden=\"true\" class=\"wp-block-spacer\"><\/div>\n\n<p><strong>Vatik\u0101ns, 1988. gada 3. apr\u012blis<\/strong><\/p>\n\n<p><em>Br\u0101\u013ci no Madrides La Palomas, Sv. J\u0101zepa un Sv. Sebastiana Neokatehumen\u0101l\u0101m kopien\u0101msvin\u012bgi atjaunoja krist\u012bbu sol\u012bjumus neokatehumen\u0101l\u0101 itinerarija beig\u0101s.<\/em>&#013;\n&#013;\n<em>Balt\u0101s tunik\u0101s vi\u0146i piedal\u012bj\u0101s Pashas nomod\u0101. Vi\u0146us pavad\u012bja katehisti un pirm\u0101 Romas Kan\u0101das mocek\u013cu draudzes kopiena.<\/em><\/p>\n\n<div class=\"wp-block-image\"><figure class=\"aligncenter size-large\"><img loading=\"lazy\" decoding=\"async\" width=\"768\" height=\"516\" src=\"https:\/\/neocatechumenaleiter.org\/wp-content\/uploads\/2020\/03\/Camino_Neocatecumenal_Juan_Pablo_II_vigilia_pascual_hermanos_vestidura_blanca_comunidades_Madrid_1988.jpg\" alt=\"\" class=\"wp-image-14413\" srcset=\"https:\/\/neocatechumenaleiter.org\/wp-content\/uploads\/2020\/03\/Camino_Neocatecumenal_Juan_Pablo_II_vigilia_pascual_hermanos_vestidura_blanca_comunidades_Madrid_1988.jpg 768w, https:\/\/neocatechumenaleiter.org\/wp-content\/uploads\/2020\/03\/Camino_Neocatecumenal_Juan_Pablo_II_vigilia_pascual_hermanos_vestidura_blanca_comunidades_Madrid_1988-300x202.jpg 300w\" sizes=\"auto, (max-width: 768px) 100vw, 768px\" \/><\/figure><\/div>\n","protected":false},"excerpt":{"rendered":"<p>PASHAS NOMODA SV. P\u0112TERA BAZILIKA AR DA\u017d\u0100M KOPIEN\u0100M NO MADRIDES 3-IV-1988&#013; Sv. J\u0101nis P\u0101vils II Vatik\u0101ns, 1988. gada 3. apr\u012blis Br\u0101\u013ci no Madrides La Palomas, Sv. J\u0101zepa un Sv. Sebastiana Neokatehumen\u0101l\u0101m kopien\u0101msvin\u012bgi atjaunoja krist\u012bbu sol\u012bjumus neokatehumen\u0101l\u0101 itinerarija beig\u0101s.&#013; &#013; Balt\u0101s tunik\u0101s vi\u0146i piedal\u012bj\u0101s Pashas nomod\u0101. Vi\u0146us pavad\u012bja katehisti un pirm\u0101 Romas Kan\u0101das mocek\u013cu draudzes kopiena.<\/p>\n","protected":false},"author":2,"featured_media":0,"parent":18796,"menu_order":51,"comment_status":"closed","ping_status":"closed","template":"","meta":{"footnotes":""},"class_list":["post-22547","page","type-page","status-publish","hentry"],"_links":{"self":[{"href":"https:\/\/neocatechumenaleiter.org\/lv\/wp-json\/wp\/v2\/pages\/22547","targetHints":{"allow":["GET"]}}],"collection":[{"href":"https:\/\/neocatechumenaleiter.org\/lv\/wp-json\/wp\/v2\/pages"}],"about":[{"href":"https:\/\/neocatechumenaleiter.org\/lv\/wp-json\/wp\/v2\/types\/page"}],"author":[{"embeddable":true,"href":"https:\/\/neocatechumenaleiter.org\/lv\/wp-json\/wp\/v2\/users\/2"}],"replies":[{"embeddable":true,"href":"https:\/\/neocatechumenaleiter.org\/lv\/wp-json\/wp\/v2\/comments?post=22547"}],"version-history":[{"count":1,"href":"https:\/\/neocatechumenaleiter.org\/lv\/wp-json\/wp\/v2\/pages\/22547\/revisions"}],"predecessor-version":[{"id":22548,"href":"https:\/\/neocatechumenaleiter.org\/lv\/wp-json\/wp\/v2\/pages\/22547\/revisions\/22548"}],"up":[{"embeddable":true,"href":"https:\/\/neocatechumenaleiter.org\/lv\/wp-json\/wp\/v2\/pages\/18796"}],"wp:attachment":[{"href":"https:\/\/neocatechumenaleiter.org\/lv\/wp-json\/wp\/v2\/media?parent=22547"}],"curies":[{"name":"wp","href":"https:\/\/api.w.org\/{rel}","templated":true}]}}