{"id":17479,"date":"2020-09-12T16:19:55","date_gmt":"2020-09-12T15:19:55","guid":{"rendered":"https:\/\/neocatechumenaleiter.org\/woorden-van-de-pausen\/benedictus-xvi\/regina-coeli-bezoek-aan-aquileia-en-venecia-8-v-2011\/"},"modified":"2020-09-29T07:45:44","modified_gmt":"2020-09-29T06:45:44","slug":"regina-coeli-bezoek-aan-aquileia-en-venecia-8-v-2011","status":"publish","type":"page","link":"https:\/\/neocatechumenaleiter.org\/nl\/woorden-van-de-pausen\/benedictus-xvi\/regina-coeli-bezoek-aan-aquileia-en-venecia-8-v-2011\/","title":{"rendered":"\u00abRegina Coeli\u00bb bezoek aan Aquileia en Venecia 8-V-2011"},"content":{"rendered":"\n<h1 class=\"has-text-align-center wp-block-heading\"> \u00abRegina Coeli\u00bbbezoek aan Aquileia en Venecia 8-V-2011 <\/h1>\n\n<div style=\"height:20px\" aria-hidden=\"true\" class=\"wp-block-spacer\"><\/div>\n\n<h4 class=\"has-text-align-center wp-block-heading\">Benedictus XVI<\/h4>\n\n<div style=\"height:20px\" aria-hidden=\"true\" class=\"wp-block-spacer\"><\/div>\n\n<p><p><strong>Park Sint Juli\u00e1n \u2013 Mestre, 8 mei\u00a0 2011<\/strong><\/p><\/p>\n\n<p><p><em>Tijdens het pastorale bezoek aan Aquileia en Veneti\u00eb, v\u00f3\u00f3r de recitatie van de \u201cRegina Coeli\u201d, vroeg Benedictus XVI om Onze Lieve Vrouw aan te roepen om \u201chet werk van talrijke leken die actief meewerken aan de Nieuwe Evangelisatie\u201d te steunen en te versterken en onder hen heeft hij zich <\/em><em>de Neocatechumenale Weg <\/em><em>herinnerd.<\/em><\/p><\/p>\n\n<p><p><em>&#8220;Beste broeders en zusters:<\/em><br \/><em>Aan het einde van deze plechtige eucharistieviering richten we onze blik op Maria, Regina Coeli. Bij de dageraad van Pasen werd ze de Moeder van de Verrezene en haar eenheid met hem is zo diep dat waar de Zoon aanwezig is, de Moeder niet afwezig kan zijn. Hoeveel heiligdommen, kerken en kapellen zijn er op deze prachtige plaatsen, geschenk en teken van de schoonheid van God, aan Maria gewijd! Daarin wordt het stralende gezicht van Christus weerspiegeld. Als we haar volgzaam volgen, leidt de Maagd ons naar Hem. Laten we ons in deze dagen van Pasen laten overwinnen door de verrezen Christus. In hem begint de nieuwe wereld van liefde en vrede die de diepe aspiratie van ieder mensenhart vormt. Moge de Heer degenen onder u die in deze landen wonen, rijk aan een lange christelijke geschiedenis, toestaan \u200b\u200bhet evangelie na te leven volgens het model van de kerk in wording, waarin &#8216;de groep gelovigen \u00e9\u00e9n hart en \u00e9\u00e9n ziel had&#8217; (Handelingen 4, 32). Laten we de Allerheiligste Maria aanroepen, die de eerste getuigen van haar Zoon ondersteunde in de prediking van het Goede Nieuws, zodat zij ook de apostolische inspanningen van priesters vandaag kan steunen; maak het getuigenis van religieuze mannen en vrouwen vruchtbaar; moedigen het dagelijkse werk van ouders aan bij de eerste overdracht van het geloof aan hun kinderen; het pad van jonge mensen verlichten zodat ze vol vertrouwen verder kunnen gaan op het pad dat door het geloof van hun ouders is gevolgd; Vul de harten van ouderen met vaste hoop; troost met uw nabijheid tot de zieken en allen die lijden; het werk versterken van de vele leken die actief meewerken aan de Nieuwe Evangelisatie, in parochies, in verenigingen, zoals Scouts en Catholic Action &#8211; zo diep geworteld en aanwezig in deze landen &#8211; en in bewegingen, die met de verscheidenheid van hun charisma&#8217;s en hun acties zijn een teken van de rijkdom van het kerkelijke weefsel &#8211; ik denk aan werkelijkheden zoals de Focolarebeweging, Communie en Bevrijding of de Neocatechumenale Weg, om er maar een paar te noemen. Ik moedig iedereen aan om in een ware geest van gemeenschap te werken in deze grote wijngaard waartoe de Heer ons heeft geroepen. Maria, Moeder van de Verrezene en van de Kerk, bid voor ons! \u00bb.<\/em><\/p><\/p>\n","protected":false},"excerpt":{"rendered":"<p>\u00abRegina Coeli\u00bbbezoek aan Aquileia en Venecia 8-V-2011 Benedictus XVI Park Sint Juli\u00e1n \u2013 Mestre, 8 mei\u00a0 2011 Tijdens het pastorale bezoek aan Aquileia en Veneti\u00eb, v\u00f3\u00f3r de recitatie van de \u201cRegina Coeli\u201d, vroeg Benedictus XVI om Onze Lieve Vrouw aan te roepen om \u201chet werk van talrijke leken die actief meewerken aan de Nieuwe Evangelisatie\u201d te steunen en te versterken en onder hen heeft hij zich de Neocatechumenale Weg herinnerd.<\/p>\n<div class=\"read-more\"><a class=\"btn read-more-btn\" href=\"https:\/\/neocatechumenaleiter.org\/nl\/woorden-van-de-pausen\/benedictus-xvi\/regina-coeli-bezoek-aan-aquileia-en-venecia-8-v-2011\/\">Lees meer<\/a><\/div>\n","protected":false},"author":2,"featured_media":0,"parent":16847,"menu_order":10,"comment_status":"closed","ping_status":"closed","template":"","meta":{"footnotes":""},"class_list":["post-17479","page","type-page","status-publish","hentry"],"_links":{"self":[{"href":"https:\/\/neocatechumenaleiter.org\/nl\/wp-json\/wp\/v2\/pages\/17479","targetHints":{"allow":["GET"]}}],"collection":[{"href":"https:\/\/neocatechumenaleiter.org\/nl\/wp-json\/wp\/v2\/pages"}],"about":[{"href":"https:\/\/neocatechumenaleiter.org\/nl\/wp-json\/wp\/v2\/types\/page"}],"author":[{"embeddable":true,"href":"https:\/\/neocatechumenaleiter.org\/nl\/wp-json\/wp\/v2\/users\/2"}],"replies":[{"embeddable":true,"href":"https:\/\/neocatechumenaleiter.org\/nl\/wp-json\/wp\/v2\/comments?post=17479"}],"version-history":[{"count":5,"href":"https:\/\/neocatechumenaleiter.org\/nl\/wp-json\/wp\/v2\/pages\/17479\/revisions"}],"predecessor-version":[{"id":17949,"href":"https:\/\/neocatechumenaleiter.org\/nl\/wp-json\/wp\/v2\/pages\/17479\/revisions\/17949"}],"up":[{"embeddable":true,"href":"https:\/\/neocatechumenaleiter.org\/nl\/wp-json\/wp\/v2\/pages\/16847"}],"wp:attachment":[{"href":"https:\/\/neocatechumenaleiter.org\/nl\/wp-json\/wp\/v2\/media?parent=17479"}],"curies":[{"name":"wp","href":"https:\/\/api.w.org\/{rel}","templated":true}]}}