{"id":18086,"date":"2020-10-03T03:09:47","date_gmt":"2020-10-03T02:09:47","guid":{"rendered":"https:\/\/neocatechumenaleiter.org\/woorden-van-de-pausen\/benedictus-xvi\/coexistentie-van-bisschoppen-van-azie-en-australie-in-de-domus-galilaeae-18-11-2006\/"},"modified":"2020-10-14T04:02:15","modified_gmt":"2020-10-14T03:02:15","slug":"coexistentie-van-bisschoppen-van-azie-en-australie-in-de-domus-galilaeae-18-11-2006","status":"publish","type":"page","link":"https:\/\/neocatechumenaleiter.org\/nl\/woorden-van-de-pausen\/benedictus-xvi\/coexistentie-van-bisschoppen-van-azie-en-australie-in-de-domus-galilaeae-18-11-2006\/","title":{"rendered":"Co\u00ebxistentie van bisschoppen van Azi\u00eb en Australi\u00eb in de Domus Galilaeae 18-11-2006"},"content":{"rendered":"\n<h1 class=\"has-text-align-center wp-block-heading\">Co\u00ebxistentie van bisschoppen van Azi\u00eb en Australi\u00eb in de Domus Galilaeae 18-11-2006<\/h1>\n\n<div style=\"height:20px\" aria-hidden=\"true\" class=\"wp-block-spacer\"><\/div>\n\n<h4 class=\"has-text-align-center wp-block-heading\">Benedictus XVI<\/h4>\n\n<div style=\"height:20px\" aria-hidden=\"true\" class=\"wp-block-spacer\"><\/div>\n\n<p><p><strong>Domus Galilaeae, 18-24 november 2006<\/strong><\/p><\/p>\n\n<p><p>Van 18 tot 26 november 2006 bestond er een co\u00ebxistentie van 126 bisschoppen uit Azi\u00eb (en sommigen uit Australi\u00eb), waarvan 65 uit India samen met kardinaal Telesphore Toppo, aartsbisschop van Ranchi en voorzitter van de bisschoppenconferentie van de India. In zijn begroeting aan het einde van de co\u00ebxistentie had de kardinaal bijzonder veelzeggende woorden over het werk van de Neocatechumenale Weg. We verwijzen hier naar twee korte paragrafen:<\/p><\/p>\n\n<p><p>\u00ab\u2026 Met betrekking tot de Neocatechumenale Weg, het fundamentele is wat we in deze dagen hebben geleefd en de ervaringen van de bezoeken aan de heilige plaatsen. Ik wist niet dat drie bisschoppen van Rome &#8211; Paulus VI, Johannes Paulus II en de huidige paus &#8211; zo betrokken waren bij de Neocatechumenale Weg &#8230;<br \/>Ik zou veel dingen te zeggen hebben: dit is geen werk van Kiko, het is niet het werk van Carmen of van ons die zijn uitgekozen en hierheen zijn gebracht &#8211; het zijn zeker de uitverkoren vaten, vind je het juist? &#8211; maar dit is het werk van God zelf voor de Kerk, omdat Hij de Kerk liefheeft. Door de eeuwen heen wekt het mensen op, zoals in het verleden en nu. Het is echt een werk van God &#8230;<\/p><\/p>\n\n<p><p>Hoewel het de eerste keer is dat ik contact heb met de Neocatechumenale Weg, zeg ik dat deze weg de behoefte van dit moment is en als we het niet serieus nemen zullen we niet in staat zijn om ad gentes te evangeliseren en zullen we ook degenen verliezen die we gedoopte christenen noemen. Om deze reden moeten we, als we echt christenen zijn, ge\u00ebvangeliseerd worden als we anderen willen evangeliseren.<br \/>Ik moet nog iets zeggen. Dit kan niet het werk zijn van deze leken of van deze rondtrekkende mensen of van anderen: dit is het werk van de Kerk. Deze rondreizende, deze missionarissen hebben de bediening van de Kerk nodig: dit is het werk van het Lichaam van Christus. En we moeten samen zijn en samenwerken. We kunnen onze hand niet over de leken uitstrekken en hen alleen laten om te evangeliseren: als de Heer vol ijver leken doet opstaan, moeten de bisschoppen en priesters volledig bij hen zijn, de hele Kerk. De Kerk is van nature missionair: de Kerk moet evangeliseren, de Kerk moet Jezus verkondigen, zo niet, dan zijn wij geen Kerk. Daarom ben ik echt blij.<\/p><\/p>\n\n<p>We publiceren het telegram dat de Heilige Vader aan de kardinalen, bisschoppen en alle deelnemers aan het samenleven heeft gestuurd:<\/p>\n\n<p>&#8220;Ter&#013;\n gelegenheid van de bijeenkomst van bisschoppen, priesters en gelovigen van Azi\u00eb en&#013;\n Australi\u00eb om na te denken over missionaire uitdagingen en urgenties.&#013;\nSpreekt de Paus  de deelnemers een groet toe met de beste&#013;\nwensen en terwijl hij wenst dat dit voorzienende initiatief het moment is van&#013;\ngemeenschap, reflectie en gemeenschap van het geloof, die een vernieuwing uitlokt&#013;\ntoewijding om Christus te verkondigen met de getuigenis van iemands leven,&#013;\nRoept een grote uitstorting van hemelse gunsten op en zendt de gesmeekte &#013;\nApostolische zegen.&#8221;&#013;\n .<\/p>\n\n<p><p><em>Kardinaal Tarcisio Bertone<\/em><br \/><em>Staatssecretaris van Zijne Heiligheid Benedictus XVI<\/em><\/p><\/p>\n","protected":false},"excerpt":{"rendered":"<p>Co\u00ebxistentie van bisschoppen van Azi\u00eb en Australi\u00eb in de Domus Galilaeae 18-11-2006 Benedictus XVI Domus Galilaeae, 18-24 november 2006 Van 18 tot 26 november 2006 bestond er een co\u00ebxistentie van 126 bisschoppen uit Azi\u00eb (en sommigen uit Australi\u00eb), waarvan 65 uit India samen met kardinaal Telesphore Toppo, aartsbisschop van Ranchi en voorzitter van de bisschoppenconferentie van de India. In zijn begroeting aan het einde van de co\u00ebxistentie had de kardinaal<\/p>\n<div class=\"read-more\"><a class=\"btn read-more-btn\" href=\"https:\/\/neocatechumenaleiter.org\/nl\/woorden-van-de-pausen\/benedictus-xvi\/coexistentie-van-bisschoppen-van-azie-en-australie-in-de-domus-galilaeae-18-11-2006\/\">Lees meer<\/a><\/div>\n","protected":false},"author":2,"featured_media":0,"parent":16847,"menu_order":3,"comment_status":"closed","ping_status":"closed","template":"","meta":{"footnotes":""},"class_list":["post-18086","page","type-page","status-publish","hentry"],"_links":{"self":[{"href":"https:\/\/neocatechumenaleiter.org\/nl\/wp-json\/wp\/v2\/pages\/18086","targetHints":{"allow":["GET"]}}],"collection":[{"href":"https:\/\/neocatechumenaleiter.org\/nl\/wp-json\/wp\/v2\/pages"}],"about":[{"href":"https:\/\/neocatechumenaleiter.org\/nl\/wp-json\/wp\/v2\/types\/page"}],"author":[{"embeddable":true,"href":"https:\/\/neocatechumenaleiter.org\/nl\/wp-json\/wp\/v2\/users\/2"}],"replies":[{"embeddable":true,"href":"https:\/\/neocatechumenaleiter.org\/nl\/wp-json\/wp\/v2\/comments?post=18086"}],"version-history":[{"count":3,"href":"https:\/\/neocatechumenaleiter.org\/nl\/wp-json\/wp\/v2\/pages\/18086\/revisions"}],"predecessor-version":[{"id":18399,"href":"https:\/\/neocatechumenaleiter.org\/nl\/wp-json\/wp\/v2\/pages\/18086\/revisions\/18399"}],"up":[{"embeddable":true,"href":"https:\/\/neocatechumenaleiter.org\/nl\/wp-json\/wp\/v2\/pages\/16847"}],"wp:attachment":[{"href":"https:\/\/neocatechumenaleiter.org\/nl\/wp-json\/wp\/v2\/media?parent=18086"}],"curies":[{"name":"wp","href":"https:\/\/api.w.org\/{rel}","templated":true}]}}