{"id":18328,"date":"2020-02-25T03:20:35","date_gmt":"2020-02-25T02:20:35","guid":{"rendered":"https:\/\/neocatechumenaleiter.org\/geschiedenis\/maria-ascension\/"},"modified":"2026-03-12T16:51:02","modified_gmt":"2026-03-12T15:51:02","slug":"maria-ascension","status":"publish","type":"page","link":"https:\/\/neocatechumenaleiter.org\/nl\/geschiedenis\/maria-ascension\/","title":{"rendered":"Mar\u00eda Ascensi\u00f3n"},"content":{"rendered":"\n<h1 class=\"wp-block-heading\"><strong>Mar\u00eda Ascensi\u00f3n Romero<\/strong><\/h1>\n<div class=\"wp-block-image is-style-circle-mask\">\n<figure class=\"alignleft size-medium\"><img loading=\"lazy\" decoding=\"async\" width=\"245\" height=\"300\" src=\"https:\/\/neocatechumenaleiter.org\/wp-content\/uploads\/2020\/02\/Camino_Neocatecumenal_Maria_Ascension_Romero-245x300.jpg\" alt=\"Mar&#xED;a Ascensi&#xF3;n Romero\" class=\"wp-image-235\" srcset=\"https:\/\/neocatechumenaleiter.org\/wp-content\/uploads\/2020\/02\/Camino_Neocatecumenal_Maria_Ascension_Romero-245x300.jpg 245w, https:\/\/neocatechumenaleiter.org\/wp-content\/uploads\/2020\/02\/Camino_Neocatecumenal_Maria_Ascension_Romero-837x1024.jpg 837w, https:\/\/neocatechumenaleiter.org\/wp-content\/uploads\/2020\/02\/Camino_Neocatecumenal_Maria_Ascension_Romero-768x940.jpg 768w, https:\/\/neocatechumenaleiter.org\/wp-content\/uploads\/2020\/02\/Camino_Neocatecumenal_Maria_Ascension_Romero.jpg 994w\" sizes=\"auto, (max-width: 245px) 100vw, 245px\" \/><\/figure><\/div>\n<p>Mar\u00eda Ascensi\u00f3n Romero Ant\u00f3n is per januari 2018 deel uit gaan maken van het internationale verantwoordelijkenteam van de Neocatechumenale Weg, nadat het Dicasterie voor de Leken, Familie en Leven van de Heilige Stoel hierom vroeg, zoals ook de Statuten van de Weg voorschrijven.<\/p>\n\n<p>Mar\u00eda Ascensi\u00f3n werd op 27 mei 1960 geboren in Tudela, Navarra (Spanje). Ze is het derde kind uit een gezin met vier broers en zussen en studeerde aan de school van de la Compa\u00f1\u00eda de Mar\u00eda (dezelfde waar Carmen Hern\u00e1ndez studeerde). Later verhuisde ze naar Soria om aan de universiteit te studeren. Daar leerde ze op 19-jarige leeftijd de Neocatechumenale Weg kennen. <\/p>\n\n<p>Ze maakte verschillende jaren deel uit van een Neocatechumenale gemeenschap in Tudela, totdat ze verhuisde naar Madrid om als lerares te werken. Daar vervolgde ze de Weg in de parochie H. Catharina van Siena.<\/p>\n\n<p>Tijdens de WJD van Santiago de Compostela met H. Johannes Paulus II, voelde ze de roeping voor de evangelisatie, die ze bevestigde tijdens de roepingenbijeenkomst van Zaragoza met de initiatoren van de Weg. <\/p>\n\n<p>Ze realiseerde in 1991 haar eerste itinerante missie in het bisdom van Ciudad Real (Spanje). In 1992 vertrok ze voor de missie naar de voormalige Sovjet-Unie, waar ze 25 jaar zal verblijven en in verschillende landen (Wit-Rusland, Kazachstan en Rusland) zal evangeliseren. <\/p>\n\n<p>Op 2 februari 2018 werd Romero officieel benoemd tot lid van het internationale verantwoordelijken team van de Neocatechumenale Weg.<\/p>\n","protected":false},"excerpt":{"rendered":"<p>Mar\u00eda Ascensi\u00f3n Romero Mar\u00eda Ascensi\u00f3n Romero Ant\u00f3n is per januari 2018 deel uit gaan maken van het internationale verantwoordelijkenteam van de Neocatechumenale Weg, nadat het Dicasterie voor de Leken, Familie en Leven van de Heilige Stoel hierom vroeg, zoals ook de Statuten van de Weg voorschrijven. Mar\u00eda Ascensi\u00f3n werd op 27 mei 1960 geboren in Tudela, Navarra (Spanje). Ze is het derde kind uit een gezin met vier broers en<\/p>\n<div class=\"read-more\"><a class=\"btn read-more-btn\" href=\"https:\/\/neocatechumenaleiter.org\/nl\/geschiedenis\/maria-ascension\/\">Lees meer<\/a><\/div>\n","protected":false},"author":2,"featured_media":0,"parent":18317,"menu_order":0,"comment_status":"closed","ping_status":"closed","template":"","meta":{"footnotes":""},"class_list":["post-18328","page","type-page","status-publish","hentry"],"_links":{"self":[{"href":"https:\/\/neocatechumenaleiter.org\/nl\/wp-json\/wp\/v2\/pages\/18328","targetHints":{"allow":["GET"]}}],"collection":[{"href":"https:\/\/neocatechumenaleiter.org\/nl\/wp-json\/wp\/v2\/pages"}],"about":[{"href":"https:\/\/neocatechumenaleiter.org\/nl\/wp-json\/wp\/v2\/types\/page"}],"author":[{"embeddable":true,"href":"https:\/\/neocatechumenaleiter.org\/nl\/wp-json\/wp\/v2\/users\/2"}],"replies":[{"embeddable":true,"href":"https:\/\/neocatechumenaleiter.org\/nl\/wp-json\/wp\/v2\/comments?post=18328"}],"version-history":[{"count":3,"href":"https:\/\/neocatechumenaleiter.org\/nl\/wp-json\/wp\/v2\/pages\/18328\/revisions"}],"predecessor-version":[{"id":48083,"href":"https:\/\/neocatechumenaleiter.org\/nl\/wp-json\/wp\/v2\/pages\/18328\/revisions\/48083"}],"up":[{"embeddable":true,"href":"https:\/\/neocatechumenaleiter.org\/nl\/wp-json\/wp\/v2\/pages\/18317"}],"wp:attachment":[{"href":"https:\/\/neocatechumenaleiter.org\/nl\/wp-json\/wp\/v2\/media?parent=18328"}],"curies":[{"name":"wp","href":"https:\/\/api.w.org\/{rel}","templated":true}]}}