{"id":20325,"date":"2021-01-27T01:07:17","date_gmt":"2021-01-27T00:07:17","guid":{"rendered":"https:\/\/neocatechumenaleiter.org\/woorden-van-de-pausen\/st-johannes-paulus-ii\/speciaal-audientie-op-het-congres-boete-en-verzoening-02-10-1983\/"},"modified":"2021-01-27T01:07:17","modified_gmt":"2021-01-27T00:07:17","slug":"speciaal-audientie-op-het-congres-boete-en-verzoening-02-10-1983","status":"publish","type":"page","link":"https:\/\/neocatechumenaleiter.org\/nl\/woorden-van-de-pausen\/st-johannes-paulus-ii\/speciaal-audientie-op-het-congres-boete-en-verzoening-02-10-1983\/","title":{"rendered":"Speciaal audientie op het congres &#8220;Boete en verzoening&#8221; 02-10-1983"},"content":{"rendered":"\n<h1 class=\"has-text-align-center wp-block-heading\">Speciaal audientie op het congres &#8220;Boete en verzoening&#8221; 02-10-1983<\/h1>\n\n<div style=\"height:20px\" aria-hidden=\"true\" class=\"wp-block-spacer\"><\/div>\n\n<h4 class=\"has-text-align-center wp-block-heading\">St. Johannes Paulus II<\/h4>\n\n<div style=\"height:20px\" aria-hidden=\"true\" class=\"wp-block-spacer\"><\/div>\n\n<p><strong>Rome, Paul VI Hall, 10 februari 1983<\/strong><\/p>\n\n<p><em>Zestig bisschoppen en ongeveer tweeduizend<\/em>&#013;\n<em>priesters, veel van hen pastoors, uit de meest uiteenlopende<\/em>&#013;\n<em>delen van de wereld, woonden de ochtend van 10 februari bij voor een ontmoeting met<\/em>&#013;\n<em>de paus in de Paulus VI-kamer van het Vaticaan. Ze hadden allemaal deelgenomen<\/em>&#013;\n<em>op een congres dat op de 7e in Rome begon om het thema te bestuderen<\/em>&#013;\n<em>volgende bisschoppensynode: \u201cVerzoening en boete in de<\/em>&#013;\n<em>leven van de Kerk \u201d. De secretaris-generaal van de synode, aartsbisschop Mons.<\/em>&#013;\n<em>Josef Tomko, opende de ontmoeting met een basisrelatie. De<\/em>&#013;\n<em>De vergadering was georganiseerd door de neocatechumenale gemeenschappen die<\/em>&#013;\n<em>ze bestaan \u200b\u200bal in 2.200 parochies in 502 bisdommen en 70 landen. Naar de<\/em>&#013;\n<em>begin van de audi\u00ebntie, een bisschop en enkele priesters ge\u00efntroduceerd<\/em>&#013;\n<em>Johannes Paulus II een synthese op dezelfde dag 10 in de middag met een<\/em>&#013;\n<em>Eucharistische concelebratie. De initiator van deze kerkelijke ervaring<\/em>&#013;\n<em>genaamd &#8220;The Neocatechumenal Way&#8221;, Kiko Arg\u00fcello, maakte de Heilige<\/em>&#013;\n<em>Vader die de aanwezigen presenteerde, en de paus leverde het<\/em>&#013;\n<em>volgende toespraak:<\/em><\/p>\n\n<p>&#8220;Beste broers:&#013;\n1. Ik ben blij dat ik vandaag de gelegenheid heb om een \u200b\u200bgroep van de &#8220;Neocatechumenale Gemeenschappen&#8221; te ontmoeten, die in Rome zijn samengekomen om samen te mediteren over &#8220;Verzoening en boete in de missie van de Kerk&#8221;, het thema van de volgende bisschoppensynode. Ik groet de aanwezige bisschoppen, pastoors en priesters die om deze reden uit alle continenten zijn gekomen. Mijn woord wil een reflectie zijn op de spirituele en kerkelijke ervaring die je wilt beleven, zodat het kan dienen als een stimulans in het steeds groter wordende verlangen om, in de context van de hedendaagse wereld, een duidelijke en duidelijke voorbeeld van een diep christelijk geloof, constant geleefd in een intieme, volgzame en jubelende vereniging met de predikanten van de kerk.<\/p>\n\n<p>Uw getuigenis is van plan,&#013;\nfundamenteel, de verkondiging van de evangelische boodschap, die&#013;\ncentraal de proclamatie dat Jezus van Nazareth de Messias is, Heer en&#013;\nZoon van God vleesgeworden, dood en opgestaan \u200b\u200bvoor onze redding. &#8220;De&#013;\nEvangelisatie &#8211; zei Paulus VI &#8211; moet altijd als basis, centrum en&#013;\ntegelijkertijd zijn hoogtepunt van zijn dynamiek, een duidelijke proclamatie dat in&#013;\nJezus Christus, Zoon van God, mens gemaakt, dood en verrezen, biedt zichzelf de&#013;\nredding voor alle mensen, als een geschenk van genade en&#013;\nbarmhartigheid van God \u201d(<em>Evangelii Nuntiandi, 27)<\/em>. Een van de&#013;\ntypische uitingen van uw gemeenschap zijn precies de&#013;\nevangelisatie ge\u00efmplementeerd in landen en omgevingen die wel of niet gehoord hebben&#013;\nnooit de christelijke aankondiging of zijn hiervoor doof of ondoorzichtig gemaakt&#013;\naankondiging v\u00f3\u00f3r de invasie van ideologie\u00ebn, concepten en gedragingen van&#013;\nafwijzing van of onverschilligheid voor hetzelfde &#8220;probleem van God&#8221;. Voor deze&#013;\nu wilt juist catechisten voorbereiden en vormen die zullen moeten&#013;\nduik en ervaar ze persoonlijk allereerst het mysterie van&#013;\nChristus en laat anderen erin delen. In de aansporing&#013;\nApostolisch over catechese in onze tijd, schreef ik: \u201cCatechize&#013;\nis, in zekere zin, iemand ertoe brengen dat mysterie in al zijn vormen nauwkeurig te onderzoeken&#013;\ndimensie\u2026 ontdek in de persoon van Christus het eeuwige plan van God&#013;\ndie erin wordt uitgevoerd &#8230; Het definitieve doel van catechese is er een te plaatsen&#013;\nniet alleen in contact maar in gemeenschap, in intimiteit met Jezus Christus: alleen&#013;\nHij kan ons leiden tot de liefde van de Vader in de Geest en om ons te maken&#013;\ndeelnemers aan het leven van de Heilige Drie-eenheid \u201d<em>(Catechesi Tradendae, 5).<\/em><\/p>\n\n<p>Ik ken de vasthoudendheid van uw gemeenschappen in het lovenswaardige werk van de catechese. In deze jaren hebben de bisschoppenconferenties hun inspanningen ge\u00efntensiveerd op dit gebied dat van uitzonderlijk belang is voor het leven zelf van het volk van God. Volg de methoden, aanwijzingen, routes en teksten die door de episcopaten worden aangeboden en oefen ook de bediening van catechese uit binnen de gemeenschap en de kerkelijke discipline en, in het bijzonder, volgens de bediening die hulp nodig heeft voor uw catechese en die zeker grote geestelijke vruchten zal brengen aan degenen die getrouw zijn . Het specifieke doel van elke handeling en vorm van catechese moet zijn het ontkiemen, groeien en ontwikkelen van het geloofszaad dat door de Heilige Geest is afgezet bij de eerste aankondiging en effectief wordt overgedragen met de Doop.<\/p>\n\n<div class=\"wp-block-image\"><figure class=\"alignright size-medium\"><img loading=\"lazy\" decoding=\"async\" width=\"300\" height=\"240\" src=\"https:\/\/neocatechumenaleiter.org\/wp-content\/uploads\/2020\/03\/Camino_Neocatecumenal_Juan_Pablo_II_audiencia_especial_penitencia_reconciliacion_1983-300x240.jpg\" alt=\"\" class=\"wp-image-7038\" srcset=\"https:\/\/neocatechumenaleiter.org\/wp-content\/uploads\/2020\/03\/Camino_Neocatecumenal_Juan_Pablo_II_audiencia_especial_penitencia_reconciliacion_1983-300x240.jpg 300w, https:\/\/neocatechumenaleiter.org\/wp-content\/uploads\/2020\/03\/Camino_Neocatecumenal_Juan_Pablo_II_audiencia_especial_penitencia_reconciliacion_1983.jpg 706w\" sizes=\"auto, (max-width: 300px) 100vw, 300px\" \/><\/figure><\/div>\n\n<p>2. Niet alleen op theoretisch niveau, maar zeer&#013;\nvooral in zijn vitale dimensie, wil je je&#013;\ngemeenschappen in de betekenis, waarde, rijkdom en eisen van de doop,&#013;\n sacrament dat een noodzakelijke voorwaarde voor redding is, verenigt&#013;\ndood, begrafenis en opstanding van de Heiland, leidt tot hetzelfde leven&#013;\nvan Christus en verandert de gedoopten in een tempel van de Geest, aangenomen zoon&#013;\n van onze hemelse Vader, broer en erfgenaam van Christus en lid van het Lichaam&#013;\nvan Christus, dat is de Kerk. Deze verrijking is gericht op&#013;\nherontdek en waardeer de typische rijkdom van de ontvangen doop&#013;\nmeestal in de kindertijd en waarnaar verwezen moet worden, dus&#013;\nzichzelf, niet zoals hij puur legaal heeft gedaan, maar als een waar&#013;\nmoment waarop het hele christelijke leven wordt ondersteund. Wat cultiveren&#013;\nwe zouden \u201cdoopspiritualiteit\u201d kunnen noemen, je wilt aanmoedigen, kanaliseren en&#013;\nbevrucht uw route van geloof als een logisch vervolg op de&#013;\nintrinsieke eisen van het avondmaal, zodat uw getuigenis&#013;\nmeer en meer authentiek, oprecht, consistent en effectief zijn, en hebben&#013;\ntoenemende beschikbaarheid voor de goddelijke oproep.<\/p>\n\n<p>Een dergelijke beschikbaarheid moet worden uitgedrukt in het&#013;\ncontinue meditatie en religieus luisteren naar de heilige traditie en&#013;\nHeilige Schrift, die \u201chetzelfde en heilige depot van de&#013;\nWoord van God toevertrouwd aan de Kerk \u201d<em>(Dei Verbum, 10)<\/em>. Van&#013;\nhier is de behoefte aan constant en serieus verdiepingswerk&#013;\npersoonlijk en gemeenschap van het Woord van God en de leringen van de&#013;\nMagisterium van de Kerk, inclusief het bijwonen van theologische cursussen en&#013;\nserieus bijbels. Deze taak van studie en reflectie is zelfs nog meer&#013;\ndringend voor degenen die de plicht hebben om hun broers te voeden&#013;\nsolide geestelijke voeding om catechist te zijn.&#013;\nHoud voortdurend de plechtige en krachtige bevestiging van de&#013;\nTweede Vaticaans Oecumenisch Concilie:&#013;\n\u201cDe Kerk heeft altijd de Heilige Schrift vereerd, zoals zij heeft gedaan&#013;\nmet het lichaam van Christus, want vooral in de heilige liturgie nooit&#013;\nheeft opgehouden het brood des levens dat hij aanbiedt aan zijn gelovigen te nemen en uit te delen&#013;\nde tafel van het Woord van God en van het Lichaam van Christus \u201d<em>(Dei Verbum, 21).<\/em><\/p>\n\n<p>Van Christus het Woord tot Christus de Eucharistie, want het Eucharistisch offer is de bron, het centrum en het hoogtepunt van al het christelijk leven. Vier de eucharistie en vooral Pasen met ware vroomheid, grote waardigheid, liefde voor de liturgische ceremonies van de Kerk, strikte naleving van de normen die door de bevoegde autoriteit zijn vastgesteld en de wens om met alle broeders te communiceren.<\/p>\n\n<p>3. Uw beschikbaarheid voor het gesprek&#013;\ngoddelijk moet zich ook manifesteren in continue, dagelijkse en&#013;\nonvermoeibare, bijzondere uitdrukking van de aanbidding die de zwakke man,&#013;\nkwetsbaar en zich bewust van zijn contingentie en creativiteit, biedt het aan&#013;\nGod, het transcendente, het oneindige, de almachtige en de schepper en, aan de&#013;\ntijd, de liefdevolle en barmhartige Vader; gebed dat verandert, door&#013;\ndaarom in een intieme en liefdevolle dialoog tussen de zoon en de Vader; zin&#013;\ndat wordt een smekend refrein in de &#8220;Paternoster&#8221; onderwezen door de&#013;\nJezus zelf; gebed dat een plechtige en bewuste belijdenis wordt&#013;\nChristelijk geloof in de Apostolische Geloofsbelijdenis of Symbool; gebed dat ontdekt in&#013;\nde Psalmen de verschillende en complete innerlijke tonen waarmee ze kunnen&#013;\nwend je tot God, die hun hoop, rots en redding is, het bidden&#013;\nbeloofde mensen, het nieuwe uitverkoren volk, de kerk, de christen&#013;\nin zijn verschillende spirituele situaties. Sint-Augustinus stelt voor: \u201cAls de&#013;\npsalm bid, bid: als het kreunt, zucht; als hij zich verheugt, verheug je dan; als je bang bent, vrees dan.&#013;\nAlles wat hier wordt geschreven is uw spiegel \u201d(<em>Enarr in Ps XXX, II, s.III, 1: CCL 38. 213).<\/em><\/p>\n\n<p>4. Uw beschikbaarheid voor de goddelijke roeping komt tot uiting in het dagelijks laten uitkomen van dit woord van Jezus: &#8220;Bekeert u en geloof in het Evangelie&#8221;<em> (Mc 1,15).<\/em> Deze bekering, de \u2018mentaliteitsverandering\u2019, is in de eerste plaats een afwijzing van het ware kwaad, de zonde, die ons vervreemdt van God. Deze bekering is een constante manier om naar het Vaderhuis terug te keren, zoals dat van de verloren zoon <em>(et. Luk. 15, 11-32)<\/em>. En het vindt zijn heilsteken in het sacrament van boete of verzoening. In de bul van bijeenroeping van het jubileum van 1950, de verjaardag van de verlossing, heb ik geschreven: \u201cVrijheid van zonde is &#8230; de vrucht en de eerste vereiste van het geloof in Christus de Verlosser en in zijn Kerk &#8230; ten dienste van deze vrijheid die de Heer Jezus heeft ingesteld in zijn kerk het sacrament van de boete, zodat zij die na de doop zonde hebben begaan, verzoend kunnen worden met God, die zij beledigd hebben, en met de kerk zelf die zij hebben verwond \u201d<em>(Bull Aperite portas Redemptori, 5).<\/em><\/p>\n\n<div class=\"wp-block-image\"><figure class=\"alignleft size-medium\"><img loading=\"lazy\" decoding=\"async\" width=\"300\" height=\"200\" src=\"https:\/\/neocatechumenaleiter.org\/wp-content\/uploads\/2020\/03\/Camino_Neocatecumenal_Juan_Pablo_II_audiencia_especial_penitencia_reconciliacion_19832-300x200.jpg\" alt=\"\" class=\"wp-image-7041\" srcset=\"https:\/\/neocatechumenaleiter.org\/wp-content\/uploads\/2020\/03\/Camino_Neocatecumenal_Juan_Pablo_II_audiencia_especial_penitencia_reconciliacion_19832-300x200.jpg 300w, https:\/\/neocatechumenaleiter.org\/wp-content\/uploads\/2020\/03\/Camino_Neocatecumenal_Juan_Pablo_II_audiencia_especial_penitencia_reconciliacion_19832.jpg 768w\" sizes=\"auto, (max-width: 300px) 100vw, 300px\" \/><\/figure><\/div>\n\n<p>Hij&#013;\nMinisterie van Verzoening &#8211; prachtig geschenk van barmhartigheid&#013;\nOneindigheid van God &#8211; is aan jullie, priesters, toevertrouwd. Wees predikanten&#013;\naltijd waardig, snel, ijverig, beschikbaar, geduldig en sereen&#013;\ndit sacrament en houdt u met trouwe ijver aan de gevestigde normen&#013;\nop dit gebied door kerkelijk gezag. Op deze manier de gelovigen&#013;\nje vindt in dit sacrament een teken en een authentiek instrument van&#013;\ngeestelijke wedergeboorte en innerlijke vrijheid die overloopt van vreugde.&#013;\nEn u, alle broeders, viert het sacrament van verzoening&#013;\nmet het grootste vertrouwen in de genade van God en in volledige aanhankelijkheid aan&#013;\nbediening en discipline herhaaldelijk aanbevolen in de nieuwe code van&#013;\nCanoniek recht, tot vergeving en vrede van de discipelen van de Heer en die&#013;\neffectieve aankondiging van de goedheid van de Heer jegens allen.<\/p>\n\n<p>5. Probeer tijdens uw spirituele reis de \u201ccatechumenale\u201d eisen te harmoniseren met de toewijding van de broers, het gezin en professionele en sociale verplichtingen. Val vooral niet in de verleiding om je in jezelf terug te trekken en jezelf af te zonderen van het leven van de parochie en de diocesane gemeenschap, want alleen door je actief in te voegen in deze bredere organisaties kunnen je apostolische activiteiten authentiek en effectief worden. Ik wil deze overwegingen niet be\u00ebindigen zonder u en de gemeenschappen die u vertegenwoordigt te herinneren aan wat ik onlangs heb gezegd in de offici\u00eble presentatie van het nieuwe Wetboek van Canoniek Recht: christenen moeten de geest voorbereiden om het te verwelkomen en het in praktijk te brengen. Wetten zijn een genereus geschenk van God en het naleven ervan is ware wijsheid. Het recht van de kerk is het middel, de hulp en zelfs de bescherming om in gemeenschap met de Heer te blijven. Daarom moeten de wettelijke normen en ook de liturgische normen zonder nalatigheid of weglatingen worden nageleefd.&#013;\nIk ben er zeker van dat uw gemeenschappen, gevuurd door het verlangen om zich te onderscheiden in de viering van de doop, de eucharistie en de boete, ook gekenmerkt zullen willen worden door dit verlangen naar trouw aan de algemene discipline onder leiding van de kerk.<\/p>\n\n<div class=\"wp-block-image\"><figure class=\"alignright size-large\"><img loading=\"lazy\" decoding=\"async\" width=\"768\" height=\"529\" src=\"https:\/\/neocatechumenaleiter.org\/wp-content\/uploads\/2020\/03\/Camino_Neocatecumenal_Juan_Pablo_II_audiencia_especial_penitencia_reconciliacion_19833.jpg\" alt=\"\" class=\"wp-image-7044\" srcset=\"https:\/\/neocatechumenaleiter.org\/wp-content\/uploads\/2020\/03\/Camino_Neocatecumenal_Juan_Pablo_II_audiencia_especial_penitencia_reconciliacion_19833.jpg 768w, https:\/\/neocatechumenaleiter.org\/wp-content\/uploads\/2020\/03\/Camino_Neocatecumenal_Juan_Pablo_II_audiencia_especial_penitencia_reconciliacion_19833-300x207.jpg 300w\" sizes=\"auto, (max-width: 768px) 100vw, 768px\" \/><\/figure><\/div>\n\n<p><em>Beste broers,<\/em><\/p>\n\n<p>Tegelijkertijd presenteer ik je&#013;\nweerspiegeling van deze gedachten, ik vraag overvloed aan goddelijke genaden&#013;\nde aanwezigen en voor de gemeenschappen die u vertegenwoordigt. Aan jullie allen&#013;\nIk vertrouw Maria de Allerheiligste een onvergelijkbaar voorbeeld van vurig geloof en welkom toe&#013;\nvolgzaam van Haar, die &#8216;voortging in de pelgrimstocht van het geloof, en bleef&#013;\nhaar vereniging met de Zoon trouw tot aan het kruis \u201d<em>(Lumen Gentium, 58)<\/em> moedigt je aan met haar Moederlijke glimlach op de dagelijkse reis om Christus te volgen. Met mijn apostolische zegen \u00bb.<\/p>\n","protected":false},"excerpt":{"rendered":"<p>Speciaal audientie op het congres &#8220;Boete en verzoening&#8221; 02-10-1983 St. Johannes Paulus II Rome, Paul VI Hall, 10 februari 1983 Zestig bisschoppen en ongeveer tweeduizend&#013; priesters, veel van hen pastoors, uit de meest uiteenlopende&#013; delen van de wereld, woonden de ochtend van 10 februari bij voor een ontmoeting met&#013; de paus in de Paulus VI-kamer van het Vaticaan. Ze hadden allemaal deelgenomen&#013; op een congres dat op de 7e in<\/p>\n<div class=\"read-more\"><a class=\"btn read-more-btn\" href=\"https:\/\/neocatechumenaleiter.org\/nl\/woorden-van-de-pausen\/st-johannes-paulus-ii\/speciaal-audientie-op-het-congres-boete-en-verzoening-02-10-1983\/\">Lees meer<\/a><\/div>\n","protected":false},"author":2,"featured_media":0,"parent":16801,"menu_order":16,"comment_status":"closed","ping_status":"closed","template":"","meta":{"footnotes":""},"class_list":["post-20325","page","type-page","status-publish","hentry"],"_links":{"self":[{"href":"https:\/\/neocatechumenaleiter.org\/nl\/wp-json\/wp\/v2\/pages\/20325","targetHints":{"allow":["GET"]}}],"collection":[{"href":"https:\/\/neocatechumenaleiter.org\/nl\/wp-json\/wp\/v2\/pages"}],"about":[{"href":"https:\/\/neocatechumenaleiter.org\/nl\/wp-json\/wp\/v2\/types\/page"}],"author":[{"embeddable":true,"href":"https:\/\/neocatechumenaleiter.org\/nl\/wp-json\/wp\/v2\/users\/2"}],"replies":[{"embeddable":true,"href":"https:\/\/neocatechumenaleiter.org\/nl\/wp-json\/wp\/v2\/comments?post=20325"}],"version-history":[{"count":1,"href":"https:\/\/neocatechumenaleiter.org\/nl\/wp-json\/wp\/v2\/pages\/20325\/revisions"}],"predecessor-version":[{"id":20326,"href":"https:\/\/neocatechumenaleiter.org\/nl\/wp-json\/wp\/v2\/pages\/20325\/revisions\/20326"}],"up":[{"embeddable":true,"href":"https:\/\/neocatechumenaleiter.org\/nl\/wp-json\/wp\/v2\/pages\/16801"}],"wp:attachment":[{"href":"https:\/\/neocatechumenaleiter.org\/nl\/wp-json\/wp\/v2\/media?parent=20325"}],"curies":[{"name":"wp","href":"https:\/\/api.w.org\/{rel}","templated":true}]}}