{"id":20513,"date":"2021-02-06T07:27:37","date_gmt":"2021-02-06T06:27:37","guid":{"rendered":"https:\/\/neocatechumenaleiter.org\/woorden-van-de-pausen\/st-johannes-paulus-ii\/audientie-bij-de-jeugd-van-de-neocatechumenal-way-27-03-1988\/"},"modified":"2021-02-06T07:27:37","modified_gmt":"2021-02-06T06:27:37","slug":"audientie-bij-de-jeugd-van-de-neocatechumenal-way-27-03-1988","status":"publish","type":"page","link":"https:\/\/neocatechumenaleiter.org\/nl\/woorden-van-de-pausen\/st-johannes-paulus-ii\/audientie-bij-de-jeugd-van-de-neocatechumenal-way-27-03-1988\/","title":{"rendered":"Audi\u00ebntie bij de jeugd van de Neocatechumenal Way 27\/03\/1988"},"content":{"rendered":"\n<h1 class=\"has-text-align-center wp-block-heading\"> Audi\u00ebntie bij de jeugd van de Neocatechumenal Way 27\/03\/1988<\/h1>\n\n<div style=\"height:20px\" aria-hidden=\"true\" class=\"wp-block-spacer\"><\/div>\n\n<h4 class=\"has-text-align-center wp-block-heading\">St. Johannes Paulus II<\/h4>\n\n<div style=\"height:20px\" aria-hidden=\"true\" class=\"wp-block-spacer\"><\/div>\n\n<div class=\"wp-block-image\"><figure class=\"alignright size-medium\"><img loading=\"lazy\" decoding=\"async\" width=\"300\" height=\"252\" src=\"https:\/\/neocatechumenaleiter.org\/wp-content\/uploads\/2020\/03\/Camino_Neocatecumenal_Juan_Pablo_II_audiencia_con_los_jovenes_1988-300x252.jpg\" alt=\"\" class=\"wp-image-6914\" srcset=\"https:\/\/neocatechumenaleiter.org\/wp-content\/uploads\/2020\/03\/Camino_Neocatecumenal_Juan_Pablo_II_audiencia_con_los_jovenes_1988-300x252.jpg 300w, https:\/\/neocatechumenaleiter.org\/wp-content\/uploads\/2020\/03\/Camino_Neocatecumenal_Juan_Pablo_II_audiencia_con_los_jovenes_1988.jpg 665w\" sizes=\"auto, (max-width: 300px) 100vw, 300px\" \/><\/figure><\/div>\n\n<p><strong>Palmzondag &#8211; Rome, 27 maart 1988 *<\/strong><\/p>\n\n<p><pre id=\"tw-target-text\" class=\"tw-data-text tw-text-large XcVN5d tw-ta\" data-placeholder=\"Translation\"><em><span lang=\"nl\">Ongeveer tienduizend jongeren hebben deelgenomen &#013;\naan een bijeenkomst die werd gepromoot door de Neocatechumenal Weg. &#013;\nDe hele middag van Palmzondag verzameld in de Paulus VI-zaal van het &#013;\nVaticaan, hebben ze gebeden in afwachting van de komst van de Heilige &#013;\nVader. Na twintig jaar van diepe crisis duiken roepingen opnieuw op in &#013;\nde katholieke kerk. Een symptoom van dit proces werd gisteren gezien &#013;\ntijdens een bijeenkomst van twaalfduizend zangers en jongeren uit de &#013;\nneocatechumenale gemeenschappen met de Heilige Vader, die plaatsvond &#013;\nin de Paulus VI-zaal van het Vaticaan ter gelegenheid van Palmzondag.<\/span><\/em><\/pre><\/p>\n\n<p><pre id=\"tw-target-text\" class=\"tw-data-text tw-text-large XcVN5d tw-ta\" data-placeholder=\"Translation\"><em><span lang=\"nl\">In afwachting van het bezoek van de&#013;\nHeilige Vader, Kiko Arg\u00fcello, een van de initiatiefnemers van de Camino&#013;\nNeocatechumenal, samen met Carmen Hern\u00e1ndez en pater Mario Pezzi, hebben&#013;\noefende met de aanwezigen de liedjes voor het Triduum en de Vigil&#013;\nPaasfeest dat de neocatechumenen de hele nacht vieren en zo&#013;\nze voelen zich als de as van alle doopspiritualiteit. Na de&#013;\nEntree van de Heilige Vader, een groot levensgroot houtsnijwerk van&#013;\nGekruisigde Christus, geschenk van de gemeenschappen van Ecuador, vergezeld van&#013;\npalmtakken, is gedragen door seminaristen van het seminarie&#013;\nRomeinse \"Redemptoris Mater\" en werd in processie gedragen om de&#013;\nvergadering. 'Breng de gekruisigde Christus ter wereld', zei Kiko tegenover hem&#013;\nvan de paus - dit is goed nieuws, het is geen voorbeeld van onderdrukking of&#013;\nmasochisme. De wereld wil het crucifix vandaag en leeft onderdrukken&#013;\ndoodsbang voor enig lijden. Christus heeft een weg gebaand&#013;\ndoor de dood. We lijden omdat we op deze manier niet van de ander houden,&#013;\nonszelf totaal aan de ander geven. Is het mogelijk om op deze manier lief te hebben? Ja, omdat Hij&#013;\ngeeft zijn natuur, hij zendt ons vanuit de hemel zijn Heilige Geest die heeft&#013;\noverwon de dood en verwekt het eeuwige leven in ons, een nieuw leven&#013;\ndat stelt ons in staat de ander lief te hebben voorbij de dood, met allen&#013;\ngebreken van de ander. Zo van elkaar houden is geluk. Hoe je dit niet moet dragen&#013;\nwater naar deze woestijnwereld hoe is de wereld vandaag?&#013;\nKiko nodigde later degenen uit die al hadden gevoeld of&#013;\nvoel nu de roeping tot het priesterschap of tot het contemplatieve leven&#013;\nsta op. Vijfenzestig jonge mannen knielden aan de voeten van de&#013;\nHeilige Vader: veertig jongens gaan naar het seminarie en vijfentwintig&#013;\nmeisjes om kloosters binnen te gaan.<\/span><\/em><\/pre><\/p>\n\n<p><pre id=\"tw-target-text\" class=\"tw-data-text tw-text-large XcVN5d tw-ta\" data-placeholder=\"Translation\"><em><span lang=\"nl\">Het is verrassend om deze bloei van roepingen te zien. &#013;\nIn de afgelopen drie jaar hebben meer dan tweeduizend jonge mensen, &#013;\nafkomstig uit de neocatechumenale gemeenschappen, &#013;\nverschillende seminaries over de hele wereld bezocht &#013;\nom zich voor te bereiden op het priesterschap. In Rome is een diocesaan &#013;\nseminarie geopend, de \"Redemptoris Mater\": om priesters te vormen voor de &#013;\nnieuwe evangelisatie die door Johannes Paulus II wordt gepromoot. Deze toekomstige &#013;\npriesters zullen, zonder een congregatie te vormen, maar uitgaande van hun eigen bisdom &#013;\nen gesteund door hun concrete gemeenschappen, vertrekken met de families die de tijd &#013;\nvan catechumenale vorming hebben voltooid en die zich bij honderden vrijwillig hebben &#013;\naangemeld om te gaan evangeliseren in de gebieden. armste en meest ontkerstende ter &#013;\nwereld. Veertig jongens en vijfentwintig meisjes hebben de roeping tot het priesterschap &#013;\nen het contemplatieve leven gevoeld en hebben zich voor de Heilige Vader aangeboden. &#013;\nDit zijn de woorden van de paus:<\/span><\/em><\/pre><\/p>\n\n<p>\u00abWe zijn vandaag begonnen met Palmzondag, de Goede Week en tegelijkertijd hebben we de Derde Wereldjongerendag gevierd. Deze, op het Sint-Pietersplein, hebben we het een en het ander gevierd. Ik ben erg blij mezelf in jullie midden te bevinden, jonge mensen: om mezelf te zien zingen, want dit is een zangdag: &#8220;Pueri hebraeorum portantes ramos olivarum\u2026&#8221; We kennen deze antifoon voor Palmzondag. Het is een reis voor jullie jonge mensen; zingen: \u201cHosanna! Gezegend hij die komt in de naam van de Heer! Het is een dag die wordt gekenmerkt door de aankondiging van de profeten. Maar we weten heel goed dat de Kerk ons \u200b\u200btijdens deze jubelende en vreugdevolle viering van Las Palmas bij de hand leidt naar de Passie van Christus. Deze voorbijgaande vreugde verbergt en bedekt in zichzelf het mysterie van het lijden en van het kruis, evenals het paasmysterie. Op deze dag zijn jullie niet alleen samengekomen om te zingen zoals de jeugd van Jeruzalem, maar ook om de figuur van de gekruisigde Jezus te ontdekken, die aan het kruis sterft. Je hebt gemediteerd en gebeden. Als je het mysterie van Palmzondag binnengaat, het mysterie van de Passie van Christus, van zijn kruis en van zijn verrijzenis, denk je ook aan de Kerk en de missie van de Kerk, want Christus is dood aan het kruis om de mensheid nieuw leven te geven.<\/p>\n\n<div class=\"wp-block-image\"><figure class=\"alignleft size-medium\"><img loading=\"lazy\" decoding=\"async\" width=\"300\" height=\"239\" src=\"https:\/\/neocatechumenaleiter.org\/wp-content\/uploads\/2020\/03\/Camino_Neocatecumenal_Juan_Pablo_II_audiencia_con_los_jovenes_1988_2-300x239.jpg\" alt=\"\" class=\"wp-image-6917\" srcset=\"https:\/\/neocatechumenaleiter.org\/wp-content\/uploads\/2020\/03\/Camino_Neocatecumenal_Juan_Pablo_II_audiencia_con_los_jovenes_1988_2-300x239.jpg 300w, https:\/\/neocatechumenaleiter.org\/wp-content\/uploads\/2020\/03\/Camino_Neocatecumenal_Juan_Pablo_II_audiencia_con_los_jovenes_1988_2.jpg 709w\" sizes=\"auto, (max-width: 300px) 100vw, 300px\" \/><\/figure><\/div>\n\n<p>De Kerk, zoals de Heilige Vaders zeggen, werd vooral gesticht op het moment van zijn dood; onze redding stroomt van zijn kant. Symbolisch opent zich een nieuwe realiteit, een nieuwe goddelijke missie die de mensheid omarmt. De Kerk wordt geboren, die, zoals het Tweede Vaticaans Concilie zegt, is &#8220;in Christus als een sacrament &#8230; uit de intieme vereniging met God en uit de eenheid van de hele mensheid&#8221;<em> (L.G.1)<\/em>. Jezus bereidde zijn discipelen voor op dit paasmoment. In feite zal hij na zijn opstanding, met zijn handen, voeten en zij gekruist, zich aan zijn discipelen aanbieden om hen de Heilige Geest te geven en om de missie aan te kondigen die hen te wachten staat, dit nieuwe Isra\u00ebl, waarvan de apostelen het begin zijn. en de voorafschaduwing.<\/p>\n\n<p>La Iglesia comienza as\u00ed a cumplir su  misi\u00f3n y se convierte en misionera. Si pensamos seriamente en el  misterio pascual de Cristo, no podemos separar a la Iglesia de su  misterio y de su misi\u00f3n. Vosotros, aqu\u00ed, reflexion\u00e1is sobre la misi\u00f3n de  la Iglesia en todo el mundo. Esta misi\u00f3n necesita misioneros, necesita  ap\u00f3stoles. Los misioneros contin\u00faan la misi\u00f3n deDe Kerk begint zo haar missie te vervullen en wordt een missionaris. Als we serieus nadenken over het paasmysterie van Christus, kunnen we de Kerk niet scheiden van haar mysterie en haar missie. Hier denk je na over de missie van de kerk over de hele wereld. Deze missie heeft missionarissen nodig, het heeft apostelen nodig. Missionarissen zetten de missie van de apostelen voort. Het Tweede Vaticaans Concilie vertelt ons dat de hele Kerk van nature missionair is. Missionaris betekent apostolisch; betekent verzonden. U beleeft dit moment van de oproep en van de missie van de oproep en van de missie van de Kerk, die bestaat uit verschillende charisma&#8217;s en bedieningen. De unieke missie van de Kerk komt, vooral vandaag, voort uit de basis van het apostolaat van de leken. Maar voor de Kerk en voor haar missie zijn priesterroepingen en religieuze roepingen nodig. Ik heb hier enkele jonge mensen gezien die spontaan naar voren zijn gekomen om tegen deze vergadering te zeggen: &#8220;Hier ben ik, ik ga.&#8221; Ik dacht meteen dat dit offer alleen voor God kan worden gedaan, maar als het voor mannen wordt gedaan, gebeurt het vooral voor het gezin. U bent een gezin. Als deze beslissingen op deze manier kunnen worden genomen, spontaan, onder de macht van de Geest, betekent dit dat u een gezin bent. Als in feite een jongen of een meisje voor iedereen kan verschijnen en tegen de gekruisigde Christus kan zeggen: &#8220;Hier ben ik, ik ben de jouwe&#8221;, dan betekent dat dat God van je houdt, dat God je roept. Ik ben me zeer bewust, diep bewust van de genade van de priesterroeping en van de religieuze roeping. Het is een genade voor degenen die geroepen zijn, maar tegelijkertijd is het een genade voor de gemeenschap, voor de Kerk, voor haar missie en voor haar consistentie. los ap\u00f3stoles. El  Concilio Vaticano II nos dice que toda la Iglesia es misionera por  naturaleza. Misionera quiere decir apost\u00f3lica; quiere decir enviada. Vosotros viv\u00eds este momento de la llamada y de la misi\u00f3n de la llamada y  de la misi\u00f3n de la Iglesia que est\u00e1 compuesta de diversos carismas y  ministerios. La \u00fanica misi\u00f3n de la Iglesia emerge, sobre todo hoy, de la  base del apostolado de los laicos. Pero para la Iglesia y para su  misi\u00f3n hacen falta vocaciones sacerdotales y vocaciones religiosas. He  visto aqu\u00ed a algunos j\u00f3venes que se han presentado espont\u00e1neamente para  decir a esta asamblea: \u201cHeme aqu\u00ed, yo voy\u201d. He pensado inmediatamente  que este ofrecimiento no se puede hacer sino delante de Dios, pero si se  hace delante de los hombres, se hace sobre todo delante de la familia.  Vosotros sois una familia. Si estas decisiones se pueden hacer as\u00ed,  espont\u00e1neamente, bajo la fuerza del Esp\u00edritu, esto quiere decir que  vosotros sois una familia. Si, de hecho, un chico o una chica se puede  presentar delante de todos y decir a Cristo crucificado: \u201cHeme aqu\u00ed, soy  tuyo\u201d, quiere decir que Dios os ama, que Dios os llama. Soy muy  consciente, profundamente consciente de la gracia de la vocaci\u00f3n  sacerdotal y de la vocaci\u00f3n religiosa. Es una gracia para los llamados,  pero, al mismo tiempo es una gracia para la comunidad, para la Iglesia,  para su misi\u00f3n y para su consistencia.<\/p>\n\n<p>Als de kerk, zoals het Tweede Vaticaans Concilie ons herinnert, een priesterlijk volk is, als alle gelovigen een gemeenschappelijk priesterschap hebben, de doop, dan kan men zien dat de behoefte aan degenen die tot het priesterschap zijn geroepen, het bewustzijn van het gemeenschappelijke priesterschap moet vergroten. van allen en om dit priesterlijke kenmerk van allen tot uitdrukking te brengen en vervolgens te dienen. Het priesterschap is een heel belangrijke bediening. We weten dit, zelfs uit de negatieve en pijnlijke ervaring van het ontbreken van priesterlijke en religieuze roepingen. De Kerk kan zichzelf niet zijn als ze niet streeft naar dit Koninkrijk der hemelen, meer nog, vooruitlopend op dit Koninkrijk voor de gelovigen die al van hier beneden, vanaf de aarde, zijn. Mensen, mannen en vrouwen, moeten de arme Christus, de maagd Christus, de gehoorzame Christus tot in de dood kunnen volgen. Het gaat over de fundamentele, essenti\u00eble, constitutieve dimensies van de kerk.<\/p>\n\n<p>Als je priesterlijke roepingen hebt&#013;\n en religieus is er een bewijs van de katholiciteit van de kerken&#013;\nlokale en parochies, evenals christelijke gezinnen.&#013;\nEr was eens, en misschien ook nu, gezinnen&#013;\nzij schepten op dat zij onder hun zonen en dochters priesters hadden en&#013;\nreligieus. Het gezin is de huiskerk, levende cel en&#013;\nleven geven van de Kerk.<\/p>\n\n<p>Ik heb je verteld wat er in mijn hart omging. Ik ben ouders, gezinnen en gemeenschappen dankbaar die in staat zijn om roepingen altijd en overal te laten groeien en rijpen. Ik ben uw familie en uw gemeenschap dankbaar die zich bezighouden met het verhogen, groeien en rijpen van roepingen. Onze gekruisigde en verrezen Heer zegene dit beroepswerk van uw grote gezin dat met de dag groeit. Moge de Heer u allen een moedige en diepgaande christelijke roeping geven; aan echtgenoten, de huwelijks-, huwelijks-, gezinsroeping van ouders en opvoeders. Voor degenen die van binnen een andere roeping voelen, het vermogen om de priesterlijke of religieuze roeping te volgen, deze gave van de Geest te aanvaarden die altijd uit het doorboorde hart van onze Heiland komt die aan het kruis hangt.<\/p>\n\n<p><em>(*) Zie &#8220;Avvenire&#8221;, 29 maart 1988 en &#8220;L&#8217;Osservatore Romano&#8221;, 28-29 maart 1988.<\/em><\/p>\n","protected":false},"excerpt":{"rendered":"<p>Audi\u00ebntie bij de jeugd van de Neocatechumenal Way 27\/03\/1988 St. Johannes Paulus II Palmzondag &#8211; Rome, 27 maart 1988 * Ongeveer tienduizend jongeren hebben deelgenomen &#013; aan een bijeenkomst die werd gepromoot door de Neocatechumenal Weg. &#013; De hele middag van Palmzondag verzameld in de Paulus VI-zaal van het &#013; Vaticaan, hebben ze gebeden in afwachting van de komst van de Heilige &#013; Vader. Na twintig jaar van diepe crisis<\/p>\n<div class=\"read-more\"><a class=\"btn read-more-btn\" href=\"https:\/\/neocatechumenaleiter.org\/nl\/woorden-van-de-pausen\/st-johannes-paulus-ii\/audientie-bij-de-jeugd-van-de-neocatechumenal-way-27-03-1988\/\">Lees meer<\/a><\/div>\n","protected":false},"author":2,"featured_media":0,"parent":16801,"menu_order":49,"comment_status":"closed","ping_status":"closed","template":"","meta":{"footnotes":""},"class_list":["post-20513","page","type-page","status-publish","hentry"],"_links":{"self":[{"href":"https:\/\/neocatechumenaleiter.org\/nl\/wp-json\/wp\/v2\/pages\/20513","targetHints":{"allow":["GET"]}}],"collection":[{"href":"https:\/\/neocatechumenaleiter.org\/nl\/wp-json\/wp\/v2\/pages"}],"about":[{"href":"https:\/\/neocatechumenaleiter.org\/nl\/wp-json\/wp\/v2\/types\/page"}],"author":[{"embeddable":true,"href":"https:\/\/neocatechumenaleiter.org\/nl\/wp-json\/wp\/v2\/users\/2"}],"replies":[{"embeddable":true,"href":"https:\/\/neocatechumenaleiter.org\/nl\/wp-json\/wp\/v2\/comments?post=20513"}],"version-history":[{"count":1,"href":"https:\/\/neocatechumenaleiter.org\/nl\/wp-json\/wp\/v2\/pages\/20513\/revisions"}],"predecessor-version":[{"id":20514,"href":"https:\/\/neocatechumenaleiter.org\/nl\/wp-json\/wp\/v2\/pages\/20513\/revisions\/20514"}],"up":[{"embeddable":true,"href":"https:\/\/neocatechumenaleiter.org\/nl\/wp-json\/wp\/v2\/pages\/16801"}],"wp:attachment":[{"href":"https:\/\/neocatechumenaleiter.org\/nl\/wp-json\/wp\/v2\/media?parent=20513"}],"curies":[{"name":"wp","href":"https:\/\/api.w.org\/{rel}","templated":true}]}}