{"id":20670,"date":"2020-03-04T00:33:21","date_gmt":"2020-03-03T23:33:21","guid":{"rendered":"https:\/\/neocatechumenaleiter.org\/woorden-van-de-pausen\/st-johannes-paulus-ii\/audientie-met-jongeren-ter-voorbereiding-op-de-bijeenkomst-in-denver-3-28-1993\/"},"modified":"2021-08-10T11:02:52","modified_gmt":"2021-08-10T10:02:52","slug":"audientie-met-jongeren-ter-voorbereiding-op-de-bijeenkomst-in-denver-3-28-1993","status":"publish","type":"page","link":"https:\/\/neocatechumenaleiter.org\/nl\/woorden-van-de-pausen\/st-johannes-paulus-ii\/audientie-met-jongeren-ter-voorbereiding-op-de-bijeenkomst-in-denver-3-28-1993\/","title":{"rendered":"Audi\u00ebntie met jongeren ter voorbereiding op de bijeenkomst in Denver, 3-28-1993"},"content":{"rendered":"\n<h1 class=\"has-text-align-center wp-block-heading\">Audi\u00ebntie met jongeren ter voorbereiding op de bijeenkomst in Denver, 3-28-1993<\/h1>\n\n<div style=\"height:20px\" aria-hidden=\"true\" class=\"wp-block-spacer\"><\/div>\n\n<h4 class=\"has-text-align-center wp-block-heading\">St. Johannes Paulus II<\/h4>\n\n<div style=\"height:20px\" aria-hidden=\"true\" class=\"wp-block-spacer\"><\/div>\n\n<p><pre id=\"tw-target-text\" class=\"tw-data-text tw-text-large XcVN5d tw-ta\" dir=\"ltr\" data-placeholder=\"Translation\"><strong><span lang=\"nl\">Vaticaanstad - Paul VI-zaal, 28 maart 1993<\/span><\/strong><\/pre><\/p>\n\n<p><em>De Heilige Vader ontving op zondagmiddag 28 maart in audi\u00ebntie ongeveer achtduizend jonge mensen die zich inzetten voor de Neocatechumenale Weg, die in de Paulus VI-zaal een dag hebben geanimeerd ter voorbereiding op de Wereldjongerendag, die in augustus wordt gevierd. in Denver. De jongeren werden begeleid door Kiko Arg\u00fcello en Carmen Hern\u00e1ndez. De bijeenkomst werd bijgewoond door kardinalen P\u00edo Laghi en Camilo Ruini, aartsbisschoppen Crescencio Sepe en Maximino Romero de Lema, en bisschoppen Paul Cordes en Julio Salimei. Tot de jongeren, voornamelijk uit de centrale regio&#8217;s van Itali\u00eb, heeft de paus de volgende woorden gericht:<\/em><\/p>\n\n<div class=\"wp-block-image\"><figure class=\"alignleft size-medium\"><img loading=\"lazy\" decoding=\"async\" width=\"300\" height=\"241\" src=\"https:\/\/neocatechumenaleiter.org\/wp-content\/uploads\/2020\/03\/Camino_Neocatecumenal_Juan_Pablo_II_audiencia_jovenes_preparacion_jmj_denver_1993-300x241.jpg\" alt=\"\" class=\"wp-image-2425\" srcset=\"https:\/\/neocatechumenaleiter.org\/wp-content\/uploads\/2020\/03\/Camino_Neocatecumenal_Juan_Pablo_II_audiencia_jovenes_preparacion_jmj_denver_1993-300x241.jpg 300w, https:\/\/neocatechumenaleiter.org\/wp-content\/uploads\/2020\/03\/Camino_Neocatecumenal_Juan_Pablo_II_audiencia_jovenes_preparacion_jmj_denver_1993.jpg 708w\" sizes=\"auto, (max-width: 300px) 100vw, 300px\" \/><\/figure><\/div>\n\n<p>&#8220;Wanneer&#13;\n Ik heb deze menigte gezien &#8211; zeker een grote concentratie &#8211; en wanneer heb ik dat gedaan&#13;\n Wetende dat iedereen op het punt staat naar Denver te gaan, dacht ik: \u201cMaar waar wel&#13;\n verdienen deze neocatechumenaten het nodige geld? Misschien doen ze alsof ze naar toe gaan&#13;\n te voet of te zwemmen, maar dit is moeilijk om over na te denken &#8230; &#8216;Ik weet dat je dat bent geweest&#13;\nhier, in deze klas, de hele dag. Ik weet niet wat je hebt&#13;\nhier de hele dag gemaakt; Ik heb het niet eens gevraagd. Maar&#13;\nIk heb deze laatste fase gezien, de presentatie van roepingen, en&#13;\nBij het zien van dit zou ik kunnen zeggen: &#8220;Kijk hoe Kiko roepingen maakt.&#8221;<\/p>\n\n<p>Maar godzijdank is het niet Kiko die&#13;\ndoet ze: het is de Heilige Geest die ze doet &#8211; misschien is dit niet de&#13;\ncorrect woord, maar, eenmaal gebruikt, gebruik het hier ook &#8211; het is&#13;\nde Heilige Geest die deze roepingen door deze verschillende maakt&#13;\nmenselijk betekent: door al deze beweging &#8211; oh, niet beweging, maar&#13;\npad &#8211; al deze organisatiestructuur is menselijk, het is zichtbaar, maar&#13;\nhet staat open voor de invloed, voor de inspiratie van de Heilige Geest.<\/p>\n\n<p>Ik vraag me af waar is de kern van&#13;\ndit proces dat, via de Neocatechumenal Way, via verschillende&#13;\nmensen, door verschillende omstandigheden, produceren, prikkelen, inspireren&#13;\npriesterroepingen, tot gewijd leven, religieus. Im&#13;\nervan overtuigd dat de punctum saliens, het uitgangspunt van dit alles&#13;\nHet is de ontdekking van rijkdom, van goddelijke diepte,&#13;\nsacramenteel van de doop. Onze eerste roeping is de doop. Bij&#13;\n Heilige Doop, in dit sacrament ex agua et Esp\u00edritu Santo, in dit&#13;\nwedergeboorte in de dood van Christus door zijn opstanding, worden allemaal gevonden&#13;\n roepingen zoals in de wortel. Het is een diepe ontdekking, geleefd,&#13;\nvan de doop, die als mogelijke consequentie met zich meebrengt, of beter,&#13;\nnoodzakelijk, de ontdekking van het leven als roeping. Hier wordt het begrepen&#13;\n de betekenis van de naam: Neocatechumenal Way. Er was de&#13;\ntraditionele catechumenaat in de eerste eeuwen van de kerk en nog steeds&#13;\nHet wordt in zendingslanden gegeven en doet veel goeds voor de Kerk: het bereidt zich voor&#13;\nChristenen, bereid roepingen voor. Je bent gedoopt&#13;\nuw kindertijd, misschien in de eerste dagen van uw leven. De&#13;\ncatechumenaat moet later komen om de rijkdom van de heilige te ontdekken&#13;\nDoop, van deze goddelijke en ook menselijke rijkdom, die talrijk zijn.&#13;\nZe werden door de heilige Paulus gepresenteerd, vooral in de brief aan de Romeinen, maar&#13;\nvandaag zou er een veel langere opmerking kunnen worden geschreven, veel meer&#13;\ngedetailleerd, van deze rijkdommen die eigen zijn aan de doop, die zijn&#13;\ngoddelijke menselijke rijkdom tegelijk. Een van deze rijkdom is dat de&#13;\nDe doop is niet statisch. Je zou een keer kunnen gaan, en dat is genoeg. Het gaat in een&#13;\nmoment van leven, en dat is genoeg. Het is opgenomen in de parochieboeken, en&#13;\nGenoeg. In plaats daarvan nee; Het is niet statisch, het is dynamisch: het veroorzaakt een pad van&#13;\nChristelijk leven. Maar dit pad kan onbedekt blijven.&#13;\nUw Neocatechumenale Weg helpt om het dooppad te ontdekken &#8211; de&#13;\nPad dat begint met het sacrament van de doop &#8211; en dat moet&#13;\nleid ieder van ons tot een roeping, vooral tot een roeping&#13;\n universele christen. Christen zijn is een geweldige roeping, en&#13;\nWe weten ook dat dit binnen deze christelijke roeping van allen is&#13;\nde gelovigen, van alle gedoopten, zijn er verschillende roepingen.<\/p>\n\n<div class=\"wp-block-image\"><figure class=\"alignright size-large\"><img loading=\"lazy\" decoding=\"async\" width=\"682\" height=\"563\" src=\"https:\/\/neocatechumenaleiter.org\/wp-content\/uploads\/2020\/03\/Camino_Neocatecumenal_Juan_Pablo_II_audiencia_jovenes_preparacion_jmj_denver_1993_2.jpg\" alt=\"\" class=\"wp-image-9450\" srcset=\"https:\/\/neocatechumenaleiter.org\/wp-content\/uploads\/2020\/03\/Camino_Neocatecumenal_Juan_Pablo_II_audiencia_jovenes_preparacion_jmj_denver_1993_2.jpg 682w, https:\/\/neocatechumenaleiter.org\/wp-content\/uploads\/2020\/03\/Camino_Neocatecumenal_Juan_Pablo_II_audiencia_jovenes_preparacion_jmj_denver_1993_2-300x248.jpg 300w\" sizes=\"auto, (max-width: 682px) 100vw, 682px\" \/><\/figure><\/div>\n\n<p>De&#13;\n Het huwelijk is beslist een sacrament en een roeping. Als het wordt overwogen&#13;\nbij andere categorie\u00ebn is het niet voldoende om te behandelen, het is niet de&#13;\nom correct christelijk te behandelen: het huwelijk is een grote roeping:&#13;\nsacramentum magnum, zoals de heilige Paulus zei in de brief aan de Efezi\u00ebrs. Maar&#13;\n er is een economie in de Kerk, een bovennatuurlijke ceremonie,&#13;\nRoepingen worden door de kerk ingesteld. Van de kerk,&#13;\n Deze roepingen die we hebben gezien, zijn noodzakelijk, onmisbaar&#13;\naanwezig vandaag. Ze zijn onmisbaar, en we weten heel goed wat&#13;\nonmisbaar zijn de priesters in de kerk, en hoe onmisbaar&#13;\nzijn, vanuit een ander gezichtspunt, toegewijde personen,&#13;\nreligieus, religieus, contemplatief en apostolisch; ze zijn allemaal&#13;\nop een bepaalde manier actief en allemaal op een bepaalde manier contemplatief; wat&#13;\nzijn essentieel om dit hele organisme te maken dat de&#13;\nKerk. In het kort wilde ik een korte opmerking maken over dit congres&#13;\n vandaag, naar deze voorbereiding van jou voor de bijeenkomst in Denver. Je doet het goed&#13;\nzich klaarmaken, want het moet een geweldige ervaring van geloof zijn, van geloof&#13;\ndoop, deze in Denver, net als de vorige conferentie&#13;\nWereldkampioenschappen jeugd: Rome, Buenos Aires, dan Santiago de&#13;\nCompostela en laatste Czestochowa.<\/p>\n\n<p>Ik wens dat je doorgaat&#13;\ndit pad dat je hebt ontdekt dankzij de neocatechumenale weg,&#13;\ndit pad van het christelijk leven, van de christelijke roeping, die is&#13;\nvan ieder van ons, en ik hoop dat u op dit pad blijft&#13;\n van de roeping tot het priesterschap of het godgewijde leven dat u hebt&#13;\nontdekt dankzij deze Neocatechumenal Way. En ik wens dat je naar toe gaat&#13;\n Denver; Hoewel je niet veel rijkdom hebt, zul je een manier vinden. ik weet het niet&#13;\n hoe, maar je zult het vinden. Pad betekent ook reizen: ik wens je,&#13;\nNou, &#8216;goede reis&#8217; &#8220;.<\/p>\n","protected":false},"excerpt":{"rendered":"<p>Audi\u00ebntie met jongeren ter voorbereiding op de bijeenkomst in Denver, 3-28-1993 St. Johannes Paulus II Vaticaanstad &#8211; Paul VI-zaal, 28 maart 1993 De Heilige Vader ontving op zondagmiddag 28 maart in audi\u00ebntie ongeveer achtduizend jonge mensen die zich inzetten voor de Neocatechumenale Weg, die in de Paulus VI-zaal een dag hebben geanimeerd ter voorbereiding op de Wereldjongerendag, die in augustus wordt gevierd. in Denver. De jongeren werden begeleid door Kiko<\/p>\n<div class=\"read-more\"><a class=\"btn read-more-btn\" href=\"https:\/\/neocatechumenaleiter.org\/nl\/woorden-van-de-pausen\/st-johannes-paulus-ii\/audientie-met-jongeren-ter-voorbereiding-op-de-bijeenkomst-in-denver-3-28-1993\/\">Lees meer<\/a><\/div>\n","protected":false},"author":2,"featured_media":0,"parent":16801,"menu_order":71,"comment_status":"closed","ping_status":"closed","template":"","meta":{"footnotes":""},"class_list":["post-20670","page","type-page","status-publish","hentry"],"_links":{"self":[{"href":"https:\/\/neocatechumenaleiter.org\/nl\/wp-json\/wp\/v2\/pages\/20670","targetHints":{"allow":["GET"]}}],"collection":[{"href":"https:\/\/neocatechumenaleiter.org\/nl\/wp-json\/wp\/v2\/pages"}],"about":[{"href":"https:\/\/neocatechumenaleiter.org\/nl\/wp-json\/wp\/v2\/types\/page"}],"author":[{"embeddable":true,"href":"https:\/\/neocatechumenaleiter.org\/nl\/wp-json\/wp\/v2\/users\/2"}],"replies":[{"embeddable":true,"href":"https:\/\/neocatechumenaleiter.org\/nl\/wp-json\/wp\/v2\/comments?post=20670"}],"version-history":[{"count":4,"href":"https:\/\/neocatechumenaleiter.org\/nl\/wp-json\/wp\/v2\/pages\/20670\/revisions"}],"predecessor-version":[{"id":24136,"href":"https:\/\/neocatechumenaleiter.org\/nl\/wp-json\/wp\/v2\/pages\/20670\/revisions\/24136"}],"up":[{"embeddable":true,"href":"https:\/\/neocatechumenaleiter.org\/nl\/wp-json\/wp\/v2\/pages\/16801"}],"wp:attachment":[{"href":"https:\/\/neocatechumenaleiter.org\/nl\/wp-json\/wp\/v2\/media?parent=20670"}],"curies":[{"name":"wp","href":"https:\/\/api.w.org\/{rel}","templated":true}]}}