{"id":11669,"date":"2020-02-18T19:07:54","date_gmt":"2020-02-18T18:07:54","guid":{"rendered":"https:\/\/neocatechumenaleiter.org\/strona-glowna\/"},"modified":"2025-08-05T09:39:47","modified_gmt":"2025-08-05T08:39:47","slug":"strona-glowna","status":"publish","type":"page","link":"https:\/\/neocatechumenaleiter.org\/pl\/","title":{"rendered":"Strona g\u0142\u00f3wna"},"content":{"rendered":"\n<figure class=\"wp-block-gallery aligncenter has-nested-images columns-2 wp-block-gallery-1 is-layout-flex wp-block-gallery-is-layout-flex\">\n<figure class=\"wp-block-image size-large\"><img loading=\"lazy\" decoding=\"async\" width=\"368\" height=\"520\" data-id=\"42\" src=\"https:\/\/neocatechumenaleiter.org\/wp-content\/uploads\/2020\/02\/Camino_Neocatecumenal_virgen_maria.jpg\" alt=\"Droga Neokatechumenalna Dziewica Maryja\" class=\"wp-image-42\" srcset=\"https:\/\/neocatechumenaleiter.org\/wp-content\/uploads\/2020\/02\/Camino_Neocatecumenal_virgen_maria.jpg 368w, https:\/\/neocatechumenaleiter.org\/wp-content\/uploads\/2020\/02\/Camino_Neocatecumenal_virgen_maria-212x300.jpg 212w\" sizes=\"auto, (max-width: 368px) 100vw, 368px\" \/><\/figure>\n\n\n<figure class=\"wp-block-image size-large\"><img decoding=\"async\" data-id=\"2922\" src=\"https:\/\/neocatechumenaleiter.org\/wp-content\/uploads\/2020\/06\/Droga-Neokatechumenalna-Trzeba-tworzyc-ma\u0142e-wspolnoty-chrzescijanskie.png\" alt=\"\" class=\"wp-image-2922\"\/><\/figure><\/figure>\n\n<div style=\"height:30px\" aria-hidden=\"true\" class=\"wp-block-spacer\"><\/div>\n\n<hr class=\"wp-block-separator has-css-opacity is-style-wide\"\/>\n\n<div style=\"height:30px\" aria-hidden=\"true\" class=\"wp-block-spacer\"><\/div>\n\n<div class=\"wp-block-columns are-vertically-aligned-top is-layout-flex wp-container-core-columns-is-layout-9d6595d7 wp-block-columns-is-layout-flex\">\n<div class=\"wp-block-column is-vertically-aligned-top is-layout-flow wp-block-column-is-layout-flow\"><ul class=\"wp-block-latest-posts__list has-dates aligncenter strong wp-block-latest-posts\"><li><a class=\"wp-block-latest-posts__post-title\" href=\"https:\/\/neocatechumenaleiter.org\/pl\/modlitwa-o-pokoj\/\">Modlitwa o pok\u00f3j<\/a><time datetime=\"2026-03-12T03:51:26+01:00\" class=\"wp-block-latest-posts__post-date\">2026-03-12<\/time><\/li>\n<li><a class=\"wp-block-latest-posts__post-title\" href=\"https:\/\/neocatechumenaleiter.org\/pl\/utwor-symfoniczny-kiko-arguello-zgromadzil-ponad-1500-osob-w-katedrze-prymasowskiej-w-toledo\/\">Utw\u00f3r symfoniczny Kiko Arg\u00fcello zgromadzi\u0142 ponad 1500 os\u00f3b w katedrze prymasowskiej w Toledo.<\/a><time datetime=\"2026-02-24T19:11:26+01:00\" class=\"wp-block-latest-posts__post-date\">2026-02-24<\/time><\/li>\n<li><a class=\"wp-block-latest-posts__post-title\" href=\"https:\/\/neocatechumenaleiter.org\/pl\/kiko-arguello-i-jego-utwor-symfoniczny-w-katedrze-w-toledo\/\">Kiko Arg\u00fcello i jego Utw\u00f3r Symfoniczny w Katedrze w Toledo<\/a><time datetime=\"2026-02-20T04:00:50+01:00\" class=\"wp-block-latest-posts__post-date\">2026-02-20<\/time><\/li>\n<\/ul><\/div>\n\n\n\n<div class=\"wp-block-column is-vertically-aligned-top is-layout-flow wp-block-column-is-layout-flow\">\n<h5 class=\"wp-block-heading has-text-align-left wp-block-latest-posts__list\"><a href=\"http:\/\/carmenhernandez.org\" target=\"_blank\" rel=\"noreferrer noopener\"><strong>carmenhernandez.org<\/strong><\/a><\/h5>\n\n\n\n<div style=\"height:10px\" aria-hidden=\"true\" class=\"wp-block-spacer\"><\/div>\n<\/div>\n\n\n\n<div class=\"wp-block-column is-vertically-aligned-top is-layout-flow wp-block-column-is-layout-flow\">\n<h5 class=\"wp-block-heading has-text-align-left wp-block-latest-posts__list\"><a href=\"https:\/\/neocatechumenaleiter.org\/pl\/kontakt\/\" data-type=\"page\" data-id=\"844\">Wizyty &#8211; Pielgrzymki<\/a><\/h5>\n<\/div>\n<\/div>\n","protected":false},"excerpt":{"rendered":"<p>carmenhernandez.org Wizyty &#8211; Pielgrzymki<\/p>\n","protected":false},"author":1,"featured_media":0,"parent":0,"menu_order":0,"comment_status":"closed","ping_status":"open","template":"","meta":{"footnotes":""},"class_list":["post-11669","page","type-page","status-publish","hentry"],"_links":{"self":[{"href":"https:\/\/neocatechumenaleiter.org\/pl\/wp-json\/wp\/v2\/pages\/11669","targetHints":{"allow":["GET"]}}],"collection":[{"href":"https:\/\/neocatechumenaleiter.org\/pl\/wp-json\/wp\/v2\/pages"}],"about":[{"href":"https:\/\/neocatechumenaleiter.org\/pl\/wp-json\/wp\/v2\/types\/page"}],"author":[{"embeddable":true,"href":"https:\/\/neocatechumenaleiter.org\/pl\/wp-json\/wp\/v2\/users\/1"}],"replies":[{"embeddable":true,"href":"https:\/\/neocatechumenaleiter.org\/pl\/wp-json\/wp\/v2\/comments?post=11669"}],"version-history":[{"count":41,"href":"https:\/\/neocatechumenaleiter.org\/pl\/wp-json\/wp\/v2\/pages\/11669\/revisions"}],"predecessor-version":[{"id":43846,"href":"https:\/\/neocatechumenaleiter.org\/pl\/wp-json\/wp\/v2\/pages\/11669\/revisions\/43846"}],"wp:attachment":[{"href":"https:\/\/neocatechumenaleiter.org\/pl\/wp-json\/wp\/v2\/media?parent=11669"}],"curies":[{"name":"wp","href":"https:\/\/api.w.org\/{rel}","templated":true}]}}