{"id":11930,"date":"2020-05-25T07:47:44","date_gmt":"2020-05-25T06:47:44","guid":{"rendered":"https:\/\/neocatechumenaleiter.org\/poczta_ok\/"},"modified":"2020-05-25T07:48:08","modified_gmt":"2020-05-25T06:48:08","slug":"poczta_ok","status":"publish","type":"page","link":"https:\/\/neocatechumenaleiter.org\/pl\/poczta_ok\/","title":{"rendered":"Poczta_OK"},"content":{"rendered":"\n<h2 class=\"has-text-align-center wp-block-heading\">Twoja wiadomo\u015b\u0107 zosta\u0142a wys\u0142ana pomy\u015blnie <\/h2>\n\n<div style=\"height:20px\" aria-hidden=\"true\" class=\"wp-block-spacer\"><\/div>\n\n<h5 class=\"has-text-align-center wp-block-heading\">W razie potrzeby odpowiemy na podany w formularzu adres e-mail.<\/h5>\n","protected":false},"excerpt":{"rendered":"<p>Twoja wiadomo\u015b\u0107 zosta\u0142a wys\u0142ana pomy\u015blnie W razie potrzeby odpowiemy na podany w formularzu adres e-mail.<\/p>\n","protected":false},"author":2,"featured_media":0,"parent":0,"menu_order":0,"comment_status":"closed","ping_status":"closed","template":"","meta":{"footnotes":""},"class_list":["post-11930","page","type-page","status-publish","hentry"],"_links":{"self":[{"href":"https:\/\/neocatechumenaleiter.org\/pl\/wp-json\/wp\/v2\/pages\/11930","targetHints":{"allow":["GET"]}}],"collection":[{"href":"https:\/\/neocatechumenaleiter.org\/pl\/wp-json\/wp\/v2\/pages"}],"about":[{"href":"https:\/\/neocatechumenaleiter.org\/pl\/wp-json\/wp\/v2\/types\/page"}],"author":[{"embeddable":true,"href":"https:\/\/neocatechumenaleiter.org\/pl\/wp-json\/wp\/v2\/users\/2"}],"replies":[{"embeddable":true,"href":"https:\/\/neocatechumenaleiter.org\/pl\/wp-json\/wp\/v2\/comments?post=11930"}],"version-history":[{"count":3,"href":"https:\/\/neocatechumenaleiter.org\/pl\/wp-json\/wp\/v2\/pages\/11930\/revisions"}],"predecessor-version":[{"id":11933,"href":"https:\/\/neocatechumenaleiter.org\/pl\/wp-json\/wp\/v2\/pages\/11930\/revisions\/11933"}],"wp:attachment":[{"href":"https:\/\/neocatechumenaleiter.org\/pl\/wp-json\/wp\/v2\/media?parent=11930"}],"curies":[{"name":"wp","href":"https:\/\/api.w.org\/{rel}","templated":true}]}}