{"id":11934,"date":"2020-05-25T07:50:26","date_gmt":"2020-05-25T06:50:26","guid":{"rendered":"https:\/\/neocatechumenaleiter.org\/poczta_blad\/"},"modified":"2020-05-25T07:50:30","modified_gmt":"2020-05-25T06:50:30","slug":"poczta_blad","status":"publish","type":"page","link":"https:\/\/neocatechumenaleiter.org\/pl\/poczta_blad\/","title":{"rendered":"Poczta_b\u0142\u0105d"},"content":{"rendered":"\n<h2 class=\"has-text-align-center wp-block-heading\">Pojawi\u0142 si\u0119 nieoczekiwany b\u0142\u0105d<\/h2>\n\n<div style=\"height:20px\" aria-hidden=\"true\" class=\"wp-block-spacer\"><\/div>\n\n<h5 class=\"has-text-align-center wp-block-heading\">Prosz\u0119 wr\u00f3ci\u0107 i spr\u00f3bowa\u0107 ponownie po kilku minutach<\/h5>\n","protected":false},"excerpt":{"rendered":"<p>Pojawi\u0142 si\u0119 nieoczekiwany b\u0142\u0105d Prosz\u0119 wr\u00f3ci\u0107 i spr\u00f3bowa\u0107 ponownie po kilku minutach<\/p>\n","protected":false},"author":2,"featured_media":0,"parent":0,"menu_order":0,"comment_status":"closed","ping_status":"closed","template":"","meta":{"footnotes":""},"class_list":["post-11934","page","type-page","status-publish","hentry"],"_links":{"self":[{"href":"https:\/\/neocatechumenaleiter.org\/pl\/wp-json\/wp\/v2\/pages\/11934","targetHints":{"allow":["GET"]}}],"collection":[{"href":"https:\/\/neocatechumenaleiter.org\/pl\/wp-json\/wp\/v2\/pages"}],"about":[{"href":"https:\/\/neocatechumenaleiter.org\/pl\/wp-json\/wp\/v2\/types\/page"}],"author":[{"embeddable":true,"href":"https:\/\/neocatechumenaleiter.org\/pl\/wp-json\/wp\/v2\/users\/2"}],"replies":[{"embeddable":true,"href":"https:\/\/neocatechumenaleiter.org\/pl\/wp-json\/wp\/v2\/comments?post=11934"}],"version-history":[{"count":3,"href":"https:\/\/neocatechumenaleiter.org\/pl\/wp-json\/wp\/v2\/pages\/11934\/revisions"}],"predecessor-version":[{"id":11937,"href":"https:\/\/neocatechumenaleiter.org\/pl\/wp-json\/wp\/v2\/pages\/11934\/revisions\/11937"}],"wp:attachment":[{"href":"https:\/\/neocatechumenaleiter.org\/pl\/wp-json\/wp\/v2\/media?parent=11934"}],"curies":[{"name":"wp","href":"https:\/\/api.w.org\/{rel}","templated":true}]}}