{"id":13090,"date":"2020-02-25T03:14:42","date_gmt":"2020-02-25T02:14:42","guid":{"rendered":"https:\/\/neocatechumenaleiter.org\/historia\/kiko-arguello\/"},"modified":"2021-08-10T10:56:19","modified_gmt":"2021-08-10T09:56:19","slug":"kiko-arguello","status":"publish","type":"page","link":"https:\/\/neocatechumenaleiter.org\/pl\/historia\/kiko-arguello\/","title":{"rendered":"Kiko Arg\u00fcello"},"content":{"rendered":"\n<h1 class=\"wp-block-heading\"><strong>Kiko Arg\u00fcello<\/strong><\/h1>\n\n<div class=\"wp-block-image is-style-circle-mask\"><figure class=\"alignleft size-medium\"><img loading=\"lazy\" decoding=\"async\" width=\"245\" height=\"300\" src=\"https:\/\/neocatechumenaleiter.org\/wp-content\/uploads\/2020\/02\/Camino_Neocatecumenal_Kiko_Arguello-245x300.jpg\" alt=\"Kiko Arg&#xFC;ello\" class=\"wp-image-220\"\/><\/figure><\/div>\n\n<p>Francisco Jos\u00e9 G\u00f3mez de Arg\u00fcello Wirtz przychodzi na \u015bwiat 9 stycznia 1939 roku w Le\u00f3n (Hiszpania). Studiuje na Akademii Sztuk Pi\u0119knych San Fernando w Madrycie, a w 1959 roku otrzymuje Narodow\u0105 Nagrod\u0119 Nadzwyczajn\u0105 w dziedzinie malarstwa. Po g\u0142\u0119bokim kryzysie egzystencjalnym prze\u017cywa powa\u017cne nawr\u00f3cenie, kt\u00f3re prowadzi go do po\u015bwi\u0119cenia \u017cycia Jezusowi Chrystusowi i Ko\u015bcio\u0142owi.<\/p>\n\n<p>W 1960 roku, wraz z rze\u017abiarzem Coomontesem i artyst\u0105 szklarzem Mu\u00f1ozem de Pablos, zak\u0142ada grup\u0119 zajmuj\u0105c\u0105 si\u0119 badaniem i rozwojem sztuki sakralnej \u201eGremio 62\u201d. Organizuje wystawy w Madrycie (Biblioteka Narodowa), a w roku 1964 &#8211; wskazany przez Ministerstwo Kultury &#8211; reprezentuje Hiszpani\u0119 na Powszechnej Wystawie Sztuki Sakralnej w Royan (Francja). Niekt\u00f3re swoje prace wystawia w Holandii, 1965 (Galeria \u201eNouvelles images\u201d).<\/p>\n\n<p>Przekonany, \u017ce Chrystus jest obecny w cierpieniu niewinnych i ostatnich tej ziemi, w roku 1964 udaje si\u0119 do barak\u00f3w w Palomeras Altas, na obrze\u017cach Madrytu, aby \u017cy\u0107 w\u015br\u00f3d ubogich, tam poznaje Carmen Hern\u00e1ndez. W otoczeniu ludzi ubogich odnajduj\u0105 form\u0119 g\u0142oszenia &#8211; syntez\u0119 kerygmatyczno-katechetyczn\u0105, kt\u00f3ra prowadzi do powstania ma\u0142ej wsp\u00f3lnoty chrze\u015bcija\u0144skiej. Ta wsp\u00f3lnota &#8211; w kt\u00f3rej jest widoczna mi\u0142o\u015b\u0107 Chrystusa ukrzy\u017cowanego \u2013 staje si\u0119 ziarnem, kt\u00f3re &#8211; dzi\u0119ki \u00f3wczesnemu arcybiskupowi Madrytu Casimiro Morcillo &#8211; zostaje zasiane w parafiach Madrytu, Rzymu, a p\u00f3\u017aniej r\u00f3wnie\u017c w innych krajach.<\/p>\n\n<p>Po nawr\u00f3ceniu Kiko oddaje swoj\u0105 sztuk\u0119 na s\u0142u\u017cb\u0119 Ko\u015bcio\u0142owi. Przez malarstwo, muzyk\u0119, a w szczeg\u00f3lno\u015bci przez architektur\u0119 i rze\u017ab\u0119 chcia\u0142by wspiera\u0107 \u201enow\u0105 estetyk\u0119\u201d, kt\u00f3ra prowadzi\u0142aby ludzi do wiary.<\/p>\n\n<p>Jako malarz zrealizowa\u0142 wiele wa\u017cnych dzie\u0142, kt\u00f3re mo\u017cna zobaczy\u0107 na ca\u0142ym \u015bwiecie: m.in. w Murcji oraz w Madrycie  &#8211; wyr\u00f3\u017cnia si\u0119 tu zrealizowany w katedrze cykl ikon przedstawiaj\u0105cych najwa\u017cniejsze tajemnice wiary chrze\u015bcija\u0144skiej. Kiko namalowa\u0142 ostatnio ogromny fresk w rzymskim seminarium Redemptoris Mater, jego dzie\u0142a znajduj\u0105 si\u0119 w r\u00f3\u017cnych parafiach Rzymu, m.in. w parafii M\u0119czennik\u00f3w Kanadyjskich, a tak\u017ce w innych miastach we W\u0142oszech, takich jak Piacenza i Perugia. Inny przyk\u0142ad to du\u017cy fresk przedstawiaj\u0105cy S\u0105d Ostateczny, kt\u00f3ry zosta\u0142 namalowany w Domus Galileaea (Izrael) &#8211; to po\u0142o\u017cone na G\u00f3rze B\u0142ogos\u0142awie\u0144stw centrum spotka\u0144, kt\u00f3re na wyra\u017ane \u017cyczenie Jana Paw\u0142a II s\u0142u\u017cy r\u00f3wnie\u017c budowaniu most\u00f3w z narodem \u017cydowskim.<\/p>\n\n<p>Jako architekt opracowa\u0142 nowy model parafii i seminari\u00f3w duchownych, oparty na nowej estetyce, w kt\u00f3rym maj\u0105 r\u00f3wnie\u017c swoje miejsce stworzone przez niego witra\u017ce. Przyk\u0142ady mo\u017cna znale\u017a\u0107 w Hiszpanii, we W\u0142oszech, w Polsce, Nikaragui, Stanach Zjednoczonych, Finlandii, Republice Dominikany oraz w niekt\u00f3rych krajach Azji i Afryki. Szczeg\u00f3lne miejsce ma w tym wzgl\u0119dzie Domus Galileaea.<\/p>\n\n<p>W ci\u0105gu tych lat Kiko Arg\u00fcello stworzy\u0142 te\u017c pewien styl muzyczny Drogi Neokatechumenalnej. Od czasu, kiedy uda\u0142 si\u0119 do barak\u00f3w Palomeras Altas z Bibli\u0105 i gitar\u0105, skomponowa\u0142 ponad 300 pie\u015bni, kt\u00f3re zebrano w \u015bpiewniku \u201eRESUCIT\u00d3. Pie\u015bni dla wsp\u00f3lnot neokatechumenalnych\u201d. Niekt\u00f3re z nich s\u0105 obecnie wykonywane w wielu parafiach na ca\u0142ym \u015bwiecie, niekt\u00f3re pie\u015bni wielokrotnie \u015bpiewano w obecno\u015bci kolejnych papie\u017cy. Do wybranych utwor\u00f3w Kiko opracowa\u0142 akompaniament muzyczny z wykorzystaniem du\u017cej liczby instrument\u00f3w.<\/p>\n\n<p>W roku 2010 Kiko Arg\u00fcello za\u0142o\u017cy\u0142 Orkiestr\u0119 Symfoniczn\u0105 Drogi Neokatechumenalnej i skomponowa\u0142 utw\u00f3r \u201eCierpienie niewinnych\u201d, kt\u00f3ry przez muzyk\u0119 opisuje b\u00f3l Dziewicy Maryi pod krzy\u017cem. Po wykonaniu symfonii w Izraelu dla licznych przedstawicieli w\u0142adz i dwustu biskup\u00f3w, wielu \u017byd\u00f3w by\u0142o g\u0142\u0119boko poruszonych. Przyznawali, \u017ce dzi\u0119ki tej kompozycji czuli si\u0119 zrozumiani i kochani przez Ko\u015bci\u00f3\u0142 w obliczu b\u00f3lu zwi\u0105zanego z Shoah (Holokaust). Od tego czasu symfonia s\u0142u\u017cy jako most dialogu mi\u0119dzy narodem \u017cydowskim a Ko\u015bcio\u0142em katolickim. Wykonywano j\u0105 w wielu miejscach na ca\u0142ym \u015bwiecie, m.in. w Watykanie \u2013 w obecno\u015bci Benedykta XVI, a tak\u017ce w Jerozolimie, Betlejem, Madrycie, Pary\u017cu, Tokio, Nowym Jorku, Chicago, Bostonie, D\u00fcsseldorfie i w Auschwitz.<\/p>\n\n<p>Kiko Arg\u00fcello jest r\u00f3wnie\u017c autorem dw\u00f3ch ksi\u0105\u017cek: w 2012 roku opublikowa\u0142 \u201eKerygmat, w barakach z ubogimi\u201d, a w roku 2016 \u201eAdnotacje. 1988-2014\u201d.<\/p>\n","protected":false},"excerpt":{"rendered":"<p>Kiko Arg\u00fcello Francisco Jos\u00e9 G\u00f3mez de Arg\u00fcello Wirtz przychodzi na \u015bwiat 9 stycznia 1939 roku w Le\u00f3n (Hiszpania). Studiuje na Akademii Sztuk Pi\u0119knych San Fernando w Madrycie, a w 1959 roku otrzymuje Narodow\u0105 Nagrod\u0119 Nadzwyczajn\u0105 w dziedzinie malarstwa. Po g\u0142\u0119bokim kryzysie egzystencjalnym prze\u017cywa powa\u017cne nawr\u00f3cenie, kt\u00f3re prowadzi go do po\u015bwi\u0119cenia \u017cycia Jezusowi Chrystusowi i Ko\u015bcio\u0142owi. W 1960 roku, wraz z rze\u017abiarzem Coomontesem i artyst\u0105 szklarzem Mu\u00f1ozem de Pablos, zak\u0142ada grup\u0119<\/p>\n<div class=\"read-more\"><a class=\"btn read-more-btn\" href=\"https:\/\/neocatechumenaleiter.org\/pl\/historia\/kiko-arguello\/\">Czytaj dalej<\/a><\/div>\n","protected":false},"author":2,"featured_media":0,"parent":12673,"menu_order":0,"comment_status":"closed","ping_status":"closed","template":"","meta":{"footnotes":""},"class_list":["post-13090","page","type-page","status-publish","hentry"],"_links":{"self":[{"href":"https:\/\/neocatechumenaleiter.org\/pl\/wp-json\/wp\/v2\/pages\/13090","targetHints":{"allow":["GET"]}}],"collection":[{"href":"https:\/\/neocatechumenaleiter.org\/pl\/wp-json\/wp\/v2\/pages"}],"about":[{"href":"https:\/\/neocatechumenaleiter.org\/pl\/wp-json\/wp\/v2\/types\/page"}],"author":[{"embeddable":true,"href":"https:\/\/neocatechumenaleiter.org\/pl\/wp-json\/wp\/v2\/users\/2"}],"replies":[{"embeddable":true,"href":"https:\/\/neocatechumenaleiter.org\/pl\/wp-json\/wp\/v2\/comments?post=13090"}],"version-history":[{"count":5,"href":"https:\/\/neocatechumenaleiter.org\/pl\/wp-json\/wp\/v2\/pages\/13090\/revisions"}],"predecessor-version":[{"id":20101,"href":"https:\/\/neocatechumenaleiter.org\/pl\/wp-json\/wp\/v2\/pages\/13090\/revisions\/20101"}],"up":[{"embeddable":true,"href":"https:\/\/neocatechumenaleiter.org\/pl\/wp-json\/wp\/v2\/pages\/12673"}],"wp:attachment":[{"href":"https:\/\/neocatechumenaleiter.org\/pl\/wp-json\/wp\/v2\/media?parent=13090"}],"curies":[{"name":"wp","href":"https:\/\/api.w.org\/{rel}","templated":true}]}}