{"id":13098,"date":"2020-02-25T03:18:03","date_gmt":"2020-02-25T02:18:03","guid":{"rendered":"https:\/\/neocatechumenaleiter.org\/historia\/mario-pezzi\/"},"modified":"2021-08-10T10:56:31","modified_gmt":"2021-08-10T09:56:31","slug":"mario-pezzi","status":"publish","type":"page","link":"https:\/\/neocatechumenaleiter.org\/pl\/historia\/mario-pezzi\/","title":{"rendered":"Mario Pezzi"},"content":{"rendered":"\n<h1 class=\"wp-block-heading\"><strong>Mario Pezzi<\/strong><\/h1>\n\n<div class=\"wp-block-image is-style-circle-mask\"><figure class=\"alignleft size-medium\"><img loading=\"lazy\" decoding=\"async\" width=\"245\" height=\"300\" src=\"https:\/\/neocatechumenaleiter.org\/wp-content\/uploads\/2020\/02\/Camino_Neocatecumenal_Mario_Pezzi-245x300.jpg\" alt=\"Mario Pezzi\" class=\"wp-image-230\" srcset=\"https:\/\/neocatechumenaleiter.org\/wp-content\/uploads\/2020\/02\/Camino_Neocatecumenal_Mario_Pezzi-245x300.jpg 245w, https:\/\/neocatechumenaleiter.org\/wp-content\/uploads\/2020\/02\/Camino_Neocatecumenal_Mario_Pezzi-837x1024.jpg 837w, https:\/\/neocatechumenaleiter.org\/wp-content\/uploads\/2020\/02\/Camino_Neocatecumenal_Mario_Pezzi-768x940.jpg 768w, https:\/\/neocatechumenaleiter.org\/wp-content\/uploads\/2020\/02\/Camino_Neocatecumenal_Mario_Pezzi.jpg 994w\" sizes=\"auto, (max-width: 245px) 100vw, 245px\" \/><\/figure><\/div>\n\n<p>Mario Pezzi urodzi\u0142 si\u0119 w Gottolengo (Brescia, W\u0142ochy) 19 wrze\u015bnia 1942 r., jako trzecie z pi\u0119ciorga dzieci. W wieku dziesi\u0119ciu lat wst\u0119puje do ni\u017cszego seminarium Misjonarzy Kombonian\u00f3w. Po czasie nowicjatu zostaje wys\u0142any przez swoich prze\u0142o\u017conych do Rzymu, gdzie odbywa mi\u0119dzynarodowy scholastykat i studiuje teologi\u0119 na Papieskim Uniwersytecie Urbaniana. \u015awi\u0119cenia kap\u0142a\u0144skie przyjmuje 19 marca 1969 roku i rozpoczyna studia doktoranckie z teologii dogmatycznej na Papieskim Uniwersytecie Gregoria\u0144skim u ks. prof. Zoltana Alszeghy.<\/p>\n\n<p>W tym samym roku spotyka Kiko i Carmen \u2013 inicjator\u00f3w Drogi Neokatechumenalnej, i uczestniczy w kilku ostatnich spotkaniach, w ramach cyklu katechez g\u0142oszonych w parafii Nativit\u00e0 w Rzymie. W styczniu 1970 roku bierze udzia\u0142 w ca\u0142ym cyklu katechez Drogi w parafii San Giovanni di Dio, w kt\u00f3rej pe\u0142ni pos\u0142ug\u0119 duszpastersk\u0105, i wst\u0119puje do pierwszej wsp\u00f3lnoty neokatechumenalnej w tej parafii. Widzi w Drodze nadziej\u0119 na katechumenat na misjach w Afryce, zw\u0142aszcza po tragicznym do\u015bwiadczeniu masakr w\u015br\u00f3d chrze\u015bcijan w Burundi. Otrzymuje pozwolenie prze\u0142o\u017conych, aby &#8211; z my\u015bl\u0105 o przysz\u0142ej misji w Afryce &#8211; nabra\u0107 do\u015bwiadczenia jako katechista w\u0119drowny Drogi. We wrze\u015bniu 1970 roku przerywa studia doktoranckie i zostaje pos\u0142any przez Kiko i Carmen, aby zainicjowa\u0107 Drog\u0119 w dw\u00f3ch parafiach,  w diecezjach Brescia i Mediolan, a w styczniu 1971 roku w parafii San Leone w Katanii.<\/p>\n\n<p>W czerwcu 1971 roku zostaje poproszony przez Kiko i Carmen, aby zast\u0105pi\u0142 Francesco Cuppiniego, prezbitera, kt\u00f3ry towarzyszy\u0142 im od 1968 roku. Zosta\u0142 w ten spos\u00f3b cz\u0142onkiem ich ekipy, w okresie ewangelizacji we W\u0142oszech, zw\u0142aszcza w Rzymie oraz we Florencji i Ivrei. W czasie gdy Kiko i Carmen byli w Hiszpanii, towarzyszy\u0142 im jako prezbiter o. Jes\u00fas Bl\u00e1zquez; o. Mario natomiast zosta\u0142 wys\u0142any, aby ewangelizowa\u0107 w Lombardii, a nast\u0119pnie w Portugalii. W grudniu 1981 roku &#8211; na mocy listu prze\u0142o\u017conego generalnego Misjonarzy Kombonian\u00f3w &#8211; zosta\u0142 wys\u0142any jako w\u0119drowny kombonianin, aby zainicjowa\u0107 Drog\u0119 w Chartumie (Sudan), sercu misji kombonia\u0144skich, a nast\u0119pnie &#8211; w marcu 1982 roku &#8211; w Kampali (Uganda). W kolejnych miesi\u0105cach o. Mario odbywa wiele podr\u00f3\u017cy po Afryce, odwiedza biskup\u00f3w w Kenii oraz rodziny przebywaj\u0105ce na misji w ramach Drogi Neokatechumenalnej na Wybrze\u017cu Ko\u015bci S\u0142oniowej, w Kamerunie, Zambii, a tak\u017ce seminaria Redemptoris Mater w Kitwe (Zambia), Douala (Kamerun), Dar es Salaam (Tanzania), Goma (Kongo) i Morondava (Madagaskar). Odwiedza r\u00f3wnie\u017c kilku biskup\u00f3w w Angoli, a nast\u0119pnie w Mozambiku, aby i tam otworzy\u0107 Drog\u0119. Udaje si\u0119 do Bangui (Republika \u015arodkowoafryka\u0144ska) i do Bujumbury (Burundi).<\/p>\n\n<p>Od roku 1982 o. Mario &#8211; razem z Kiko i Carmen, a od niedawna, po \u015bmierci Carmen, z Mar\u00ed\u0105 Ascensi\u00f3n Romero \u2013 wchodzi w sk\u0142ad ekipy odpowiedzialnej za Drog\u0119 Neokatechumenaln\u0105, kt\u00f3ra zajmuje si\u0119 m.in. utrzymywaniem relacji z Papie\u017cami, ze Stolic\u0105 Apostolsk\u0105, biskupami, a tak\u017ce przygotowaniem kolejnych etap\u00f3w w ramach formacji na Drodze, \u015bwiatowych konwiwencji dla katechist\u00f3w w\u0119drownych i innych mi\u0119dzynarodowych spotka\u0144. W roku 1992 nowi prze\u0142o\u017ceni kombonian\u00f3w poprosili o. Mario, by ponownie w\u0142\u0105czy\u0142 si\u0119 w \u017cycie Instytutu lub inkardynowa\u0142 si\u0119 do diecezji rzymskiej. O. Mario opu\u015bci\u0142 zatem Instytut i zosta\u0142 przyj\u0119ty przez wikariusza generalnego Rzymu kard. Camilo Ruiniego jako prezbiter-katechista w\u0119drowny.<\/p>\n\n<p>Wraz z zatwierdzeniem Statutu Drogi ad experimentum w roku 2002 i zatwierdzeniem definitywnym w roku 2008, o. Mario zosta\u0142 mianowany przez Stolic\u0119 Apostolsk\u0105 prezbiterem Ekipy Mi\u0119dzynarodowej razem z Kiko i Carmen (przed jej \u015bmierci\u0105).<\/p>\n","protected":false},"excerpt":{"rendered":"<p>Mario Pezzi Mario Pezzi urodzi\u0142 si\u0119 w Gottolengo (Brescia, W\u0142ochy) 19 wrze\u015bnia 1942 r., jako trzecie z pi\u0119ciorga dzieci. W wieku dziesi\u0119ciu lat wst\u0119puje do ni\u017cszego seminarium Misjonarzy Kombonian\u00f3w. Po czasie nowicjatu zostaje wys\u0142any przez swoich prze\u0142o\u017conych do Rzymu, gdzie odbywa mi\u0119dzynarodowy scholastykat i studiuje teologi\u0119 na Papieskim Uniwersytecie Urbaniana. \u015awi\u0119cenia kap\u0142a\u0144skie przyjmuje 19 marca 1969 roku i rozpoczyna studia doktoranckie z teologii dogmatycznej na Papieskim Uniwersytecie Gregoria\u0144skim u ks.<\/p>\n<div class=\"read-more\"><a class=\"btn read-more-btn\" href=\"https:\/\/neocatechumenaleiter.org\/pl\/historia\/mario-pezzi\/\">Czytaj dalej<\/a><\/div>\n","protected":false},"author":2,"featured_media":0,"parent":12673,"menu_order":0,"comment_status":"closed","ping_status":"closed","template":"","meta":{"footnotes":""},"class_list":["post-13098","page","type-page","status-publish","hentry"],"_links":{"self":[{"href":"https:\/\/neocatechumenaleiter.org\/pl\/wp-json\/wp\/v2\/pages\/13098","targetHints":{"allow":["GET"]}}],"collection":[{"href":"https:\/\/neocatechumenaleiter.org\/pl\/wp-json\/wp\/v2\/pages"}],"about":[{"href":"https:\/\/neocatechumenaleiter.org\/pl\/wp-json\/wp\/v2\/types\/page"}],"author":[{"embeddable":true,"href":"https:\/\/neocatechumenaleiter.org\/pl\/wp-json\/wp\/v2\/users\/2"}],"replies":[{"embeddable":true,"href":"https:\/\/neocatechumenaleiter.org\/pl\/wp-json\/wp\/v2\/comments?post=13098"}],"version-history":[{"count":4,"href":"https:\/\/neocatechumenaleiter.org\/pl\/wp-json\/wp\/v2\/pages\/13098\/revisions"}],"predecessor-version":[{"id":23784,"href":"https:\/\/neocatechumenaleiter.org\/pl\/wp-json\/wp\/v2\/pages\/13098\/revisions\/23784"}],"up":[{"embeddable":true,"href":"https:\/\/neocatechumenaleiter.org\/pl\/wp-json\/wp\/v2\/pages\/12673"}],"wp:attachment":[{"href":"https:\/\/neocatechumenaleiter.org\/pl\/wp-json\/wp\/v2\/media?parent=13098"}],"curies":[{"name":"wp","href":"https:\/\/api.w.org\/{rel}","templated":true}]}}