{"id":13102,"date":"2020-02-25T03:20:35","date_gmt":"2020-02-25T02:20:35","guid":{"rendered":"https:\/\/neocatechumenaleiter.org\/historia\/maria-ascension\/"},"modified":"2026-03-12T17:05:05","modified_gmt":"2026-03-12T16:05:05","slug":"maria-ascension","status":"publish","type":"page","link":"https:\/\/neocatechumenaleiter.org\/pl\/historia\/maria-ascension\/","title":{"rendered":"Mar\u00eda Ascensi\u00f3n"},"content":{"rendered":"\n<h1 class=\"wp-block-heading\"><strong>Mar\u00eda Ascensi\u00f3n Romero<\/strong><\/h1>\n<div class=\"wp-block-image is-style-circle-mask\">\n<figure class=\"alignleft size-medium\"><img loading=\"lazy\" decoding=\"async\" width=\"245\" height=\"300\" src=\"https:\/\/neocatechumenaleiter.org\/wp-content\/uploads\/2020\/02\/Camino_Neocatecumenal_Maria_Ascension_Romero-245x300.jpg\" alt=\"Mar&#xED;a Ascensi&#xF3;n Romero\" class=\"wp-image-235\" srcset=\"https:\/\/neocatechumenaleiter.org\/wp-content\/uploads\/2020\/02\/Camino_Neocatecumenal_Maria_Ascension_Romero-245x300.jpg 245w, https:\/\/neocatechumenaleiter.org\/wp-content\/uploads\/2020\/02\/Camino_Neocatecumenal_Maria_Ascension_Romero-837x1024.jpg 837w, https:\/\/neocatechumenaleiter.org\/wp-content\/uploads\/2020\/02\/Camino_Neocatecumenal_Maria_Ascension_Romero-768x940.jpg 768w, https:\/\/neocatechumenaleiter.org\/wp-content\/uploads\/2020\/02\/Camino_Neocatecumenal_Maria_Ascension_Romero.jpg 994w\" sizes=\"auto, (max-width: 245px) 100vw, 245px\" \/><\/figure><\/div>\n<p>Mar\u00eda Ascensi\u00f3n Romero Ant\u00f3n do\u0142\u0105czy\u0142a do Mi\u0119dzynarodowej Ekipy Odpowiedzialnej za Drog\u0119 Neokatechumenaln\u0105 w styczniu 2018 roku, po tym jak Dykasteria ds. \u015awieckich, Rodziny i \u017bycia Stolicy Apostolskiej wnios\u0142a o to, zgodnie ze Statutem Drogi.<\/p>\n\n<p>Maria Ascensi\u00f3n urodzi\u0142a si\u0119 27 maja 1960 roku w Tudeli (Navarra, Hiszpania) jako trzecia z czworga rodze\u0144stwa. Uczy\u0142a si\u0119 w szkole Compa\u00f1\u00eda de Mar\u00eda, tej samej, w kt\u00f3rej kszta\u0142ci\u0142a si\u0119 Carmen Hern\u00e1ndez. Nast\u0119pnie przenios\u0142a si\u0119 do Sorii, by studiowa\u0107 pedagogik\u0119. To tam, w wieku 19 lat, pozna\u0142a Drog\u0119 Neokatechumenaln\u0105.<\/p>\n\n<p>Kilka lat by\u0142a we wsp\u00f3lnocie neokatechumenalnej w Tudeli &#8211; a\u017c do momentu, kiedy przenios\u0142a si\u0119 do Madrytu, gdzie zacz\u0119\u0142a pracowa\u0107 jako nauczycielka, tam kontynuowa\u0142a Drog\u0119 w parafii Santa Catalina de Siena.<\/p>\n\n<p>Podczas \u015awiatowych Dni M\u0142odzie\u017cy w Santiago de Compostela, na kt\u00f3rych by\u0142 obecny \u015bw. Jan Pawe\u0142 II, us\u0142ysza\u0142a wezwanie do ewangelizacji, kt\u00f3re potwierdzi\u0142a na spotkaniu powo\u0142aniowym z inicjatorami Drogi w Saragossie.<\/p>\n\n<p>W 1991 r. uczestniczy\u0142a w swojej pierwszej misji jako katechistka w\u0119drowna w diecezji Ciudad Real (Hiszpania). W roku 1992 wyjecha\u0142a na misje do dawnego ZSRR, gdzie sp\u0119dzi\u0142a 25 lat, ewangelizuj\u0105c w r\u00f3\u017cnych krajach: na Bia\u0142orusi, w Kazachstanie i Rosji.<\/p>\n\n<p>2 lutego 2018 roku zosta\u0142a oficjalnie mianowana cz\u0142onkini\u0105 Mi\u0119dzynarodowej Ekipy Odpowiedzialnej za Drog\u0119 Neokatechumenaln\u0105.<\/p>\n","protected":false},"excerpt":{"rendered":"<p>Mar\u00eda Ascensi\u00f3n Romero Mar\u00eda Ascensi\u00f3n Romero Ant\u00f3n do\u0142\u0105czy\u0142a do Mi\u0119dzynarodowej Ekipy Odpowiedzialnej za Drog\u0119 Neokatechumenaln\u0105 w styczniu 2018 roku, po tym jak Dykasteria ds. \u015awieckich, Rodziny i \u017bycia Stolicy Apostolskiej wnios\u0142a o to, zgodnie ze Statutem Drogi. Maria Ascensi\u00f3n urodzi\u0142a si\u0119 27 maja 1960 roku w Tudeli (Navarra, Hiszpania) jako trzecia z czworga rodze\u0144stwa. Uczy\u0142a si\u0119 w szkole Compa\u00f1\u00eda de Mar\u00eda, tej samej, w kt\u00f3rej kszta\u0142ci\u0142a si\u0119 Carmen Hern\u00e1ndez. Nast\u0119pnie<\/p>\n<div class=\"read-more\"><a class=\"btn read-more-btn\" href=\"https:\/\/neocatechumenaleiter.org\/pl\/historia\/maria-ascension\/\">Czytaj dalej<\/a><\/div>\n","protected":false},"author":2,"featured_media":0,"parent":12673,"menu_order":0,"comment_status":"closed","ping_status":"closed","template":"","meta":{"footnotes":""},"class_list":["post-13102","page","type-page","status-publish","hentry"],"_links":{"self":[{"href":"https:\/\/neocatechumenaleiter.org\/pl\/wp-json\/wp\/v2\/pages\/13102","targetHints":{"allow":["GET"]}}],"collection":[{"href":"https:\/\/neocatechumenaleiter.org\/pl\/wp-json\/wp\/v2\/pages"}],"about":[{"href":"https:\/\/neocatechumenaleiter.org\/pl\/wp-json\/wp\/v2\/types\/page"}],"author":[{"embeddable":true,"href":"https:\/\/neocatechumenaleiter.org\/pl\/wp-json\/wp\/v2\/users\/2"}],"replies":[{"embeddable":true,"href":"https:\/\/neocatechumenaleiter.org\/pl\/wp-json\/wp\/v2\/comments?post=13102"}],"version-history":[{"count":5,"href":"https:\/\/neocatechumenaleiter.org\/pl\/wp-json\/wp\/v2\/pages\/13102\/revisions"}],"predecessor-version":[{"id":48110,"href":"https:\/\/neocatechumenaleiter.org\/pl\/wp-json\/wp\/v2\/pages\/13102\/revisions\/48110"}],"up":[{"embeddable":true,"href":"https:\/\/neocatechumenaleiter.org\/pl\/wp-json\/wp\/v2\/pages\/12673"}],"wp:attachment":[{"href":"https:\/\/neocatechumenaleiter.org\/pl\/wp-json\/wp\/v2\/media?parent=13102"}],"curies":[{"name":"wp","href":"https:\/\/api.w.org\/{rel}","templated":true}]}}