{"id":16492,"date":"2020-02-28T05:58:40","date_gmt":"2020-02-28T04:58:40","guid":{"rendered":"https:\/\/neocatechumenaleiter.org\/sw-pawel-vi\/"},"modified":"2021-08-10T10:58:54","modified_gmt":"2021-08-10T09:58:54","slug":"sw-pawel-vi","status":"publish","type":"page","link":"https:\/\/neocatechumenaleiter.org\/pl\/slowa-papiezy\/sw-pawel-vi\/","title":{"rendered":"\u015aw. Pawe\u0142 VI"},"content":{"rendered":"\n<h1 class=\"has-text-align-center wp-block-heading\">\u015aw. Pawe\u0142 VI<\/h1>\n\n<div style=\"height:20px\" aria-hidden=\"true\" class=\"wp-block-spacer\"><\/div>\n\n<h4 class=\"has-text-align-center wp-block-heading\">BIOGRAFIA<\/h4>\n\n<div style=\"height:20px\" aria-hidden=\"true\" class=\"wp-block-spacer\"><\/div>\n\n<div class=\"wp-block-image is-style-default\"><figure class=\"alignleft size-medium is-resized\"><img loading=\"lazy\" decoding=\"async\" src=\"https:\/\/neocatechumenaleiter.org\/wp-content\/uploads\/2020\/02\/Camino_Neocatecumenal_S_Pablo_VI-250x300.jpg\" alt=\"\" class=\"wp-image-891\" width=\"250\" height=\"300\" srcset=\"https:\/\/neocatechumenaleiter.org\/wp-content\/uploads\/2020\/02\/Camino_Neocatecumenal_S_Pablo_VI-250x300.jpg 250w, https:\/\/neocatechumenaleiter.org\/wp-content\/uploads\/2020\/02\/Camino_Neocatecumenal_S_Pablo_VI.jpg 500w\" sizes=\"auto, (max-width: 250px) 100vw, 250px\" \/><\/figure><\/div>\n\n<p>Giovanni Battista Enrico Antonio Maria Montini urodzi\u0142 si\u0119 26 wrze\u015bnia 1897 roku w Lombardii (W\u0142ochy).<\/p>\n\n<p>29 maja 1920 r. przyj\u0105\u0142 \u015bwi\u0119cenia kap\u0142a\u0144skie.<\/p>\n\n<p>W roku 1954 mianowany biskupem, a w 1958 kreowany kardyna\u0142em przez \u015bw. Jana XXIII.<\/p>\n\n<p>21 czerwca 1963 r. wybrany na papie\u017ca Ko\u015bcio\u0142a katolickiego, przyj\u0105\u0142 imi\u0119 Pawe\u0142 VI.<\/p>\n\n<p>W 1965 roku ustanowi\u0142 Synod Biskup\u00f3w i Ojc\u00f3w Soborowych.<\/p>\n\n<p>W swej encyklice <em>Humanae vitae<\/em>, kt\u00f3r\u0105 napisa\u0142 w 1968 roku, broni\u0142 \u017cycia i rodziny. Zako\u0144czy\u0142 Sob\u00f3r Watyka\u0144ski II.<\/p>\n\n<p>Pawe\u0142 VI zmar\u0142 w Castel Gandolfo 6 sierpnia 1978 r. po trwaj\u0105cym pi\u0119tna\u015bcie lat pontyfikacie.<\/p>\n\n<p>Beatyfikowany 19 pa\u017adziernika 2014 r., kanonizowany 14 pa\u017adziernika 2018 r. przez papie\u017ca Franciszka.<\/p>\n\n<div style=\"height:20px\" aria-hidden=\"true\" class=\"wp-block-spacer\"><\/div>\n\n<hr class=\"wp-block-separator\"\/>\n\n<div style=\"height:20px\" aria-hidden=\"true\" class=\"wp-block-spacer\"><\/div>\n\n<h3 class=\"has-text-align-center wp-block-heading\">Dokumenty<\/h3>\n\n<div style=\"height:20px\" aria-hidden=\"true\" class=\"wp-block-spacer\"><\/div>\n<div class=\"columna-papas\">\r\n    <h4 class=\"has-text-align-center\">Rok 1974<\/h4>\r\n    <div style=\"height:20px\" aria-hidden=\"true\" class=\"wp-block-spacer\"><\/div>\r\n    <a href=\"https:\/\/neocatechumenaleiter.org\/pl\/slowa-papiezy\/sw-pawel-vi\/audiencja-generalna-8-v-1974\/\"><h6 class=\"has-text-align-center\">Audiencja generalna 8-V-1974<\/h6><\/a>\r\n<\/div>\r\n<div class=\"columna-papas\" style=\"background: #f7f7f7;\">\r\n    <h4 class=\"has-text-align-center\">Rok 1977<\/h4>\r\n    <div style=\"height:20px\" aria-hidden=\"true\" class=\"wp-block-spacer\"><\/div>\r\n    <a href=\"https:\/\/neocatechumenaleiter.org\/pl\/slowa-papiezy\/sw-pawel-vi\/audiencja-generalna-12-i-1977\/\"><h6 class=\"has-text-align-center\">Audiencja generalna 12-I-1977<\/h6><\/a>\r\n<\/div>","protected":false},"excerpt":{"rendered":"<p>\u015aw. Pawe\u0142 VI BIOGRAFIA Giovanni Battista Enrico Antonio Maria Montini urodzi\u0142 si\u0119 26 wrze\u015bnia 1897 roku w Lombardii (W\u0142ochy). 29 maja 1920 r. przyj\u0105\u0142 \u015bwi\u0119cenia kap\u0142a\u0144skie. W roku 1954 mianowany biskupem, a w 1958 kreowany kardyna\u0142em przez \u015bw. Jana XXIII. 21 czerwca 1963 r. wybrany na papie\u017ca Ko\u015bcio\u0142a katolickiego, przyj\u0105\u0142 imi\u0119 Pawe\u0142 VI. W 1965 roku ustanowi\u0142 Synod Biskup\u00f3w i Ojc\u00f3w Soborowych. W swej encyklice Humanae vitae, kt\u00f3r\u0105 napisa\u0142 w<\/p>\n<div class=\"read-more\"><a class=\"btn read-more-btn\" href=\"https:\/\/neocatechumenaleiter.org\/pl\/slowa-papiezy\/sw-pawel-vi\/\">Czytaj dalej<\/a><\/div>\n","protected":false},"author":2,"featured_media":0,"parent":16516,"menu_order":0,"comment_status":"closed","ping_status":"closed","template":"","meta":{"footnotes":""},"class_list":["post-16492","page","type-page","status-publish","hentry"],"_links":{"self":[{"href":"https:\/\/neocatechumenaleiter.org\/pl\/wp-json\/wp\/v2\/pages\/16492","targetHints":{"allow":["GET"]}}],"collection":[{"href":"https:\/\/neocatechumenaleiter.org\/pl\/wp-json\/wp\/v2\/pages"}],"about":[{"href":"https:\/\/neocatechumenaleiter.org\/pl\/wp-json\/wp\/v2\/types\/page"}],"author":[{"embeddable":true,"href":"https:\/\/neocatechumenaleiter.org\/pl\/wp-json\/wp\/v2\/users\/2"}],"replies":[{"embeddable":true,"href":"https:\/\/neocatechumenaleiter.org\/pl\/wp-json\/wp\/v2\/comments?post=16492"}],"version-history":[{"count":7,"href":"https:\/\/neocatechumenaleiter.org\/pl\/wp-json\/wp\/v2\/pages\/16492\/revisions"}],"predecessor-version":[{"id":22424,"href":"https:\/\/neocatechumenaleiter.org\/pl\/wp-json\/wp\/v2\/pages\/16492\/revisions\/22424"}],"up":[{"embeddable":true,"href":"https:\/\/neocatechumenaleiter.org\/pl\/wp-json\/wp\/v2\/pages\/16516"}],"wp:attachment":[{"href":"https:\/\/neocatechumenaleiter.org\/pl\/wp-json\/wp\/v2\/media?parent=16492"}],"curies":[{"name":"wp","href":"https:\/\/api.w.org\/{rel}","templated":true}]}}