{"id":16508,"date":"2020-02-29T19:59:09","date_gmt":"2020-02-29T18:59:09","guid":{"rendered":"https:\/\/neocatechumenaleiter.org\/benedykt-xvi\/"},"modified":"2021-08-10T11:05:24","modified_gmt":"2021-08-10T10:05:24","slug":"benedykt-xvi","status":"publish","type":"page","link":"https:\/\/neocatechumenaleiter.org\/pl\/slowa-papiezy\/benedykt-xvi\/","title":{"rendered":"BENEDYKT XVI"},"content":{"rendered":"\n<h1 class=\"has-text-align-center wp-block-heading\">BENEDYKT XVI<\/h1>\n\n<div style=\"height:21px\" aria-hidden=\"true\" class=\"wp-block-spacer\"><\/div>\n\n<h4 class=\"has-text-align-center wp-block-heading\">BIOGRAFIA<\/h4>\n\n<div style=\"height:20px\" aria-hidden=\"true\" class=\"wp-block-spacer\"><\/div>\n\n<div class=\"wp-block-image is-style-default\"><figure class=\"alignleft size-medium\"><img loading=\"lazy\" decoding=\"async\" width=\"250\" height=\"300\" src=\"https:\/\/neocatechumenaleiter.org\/wp-content\/uploads\/2020\/02\/Camino_Neocatecumenal_Papa_Benedicto_XVI-250x300.jpg\" alt=\"Papie&#x17C; Emeryt BENEDYKT XVI\" class=\"wp-image-873\" srcset=\"https:\/\/neocatechumenaleiter.org\/wp-content\/uploads\/2020\/02\/Camino_Neocatecumenal_Papa_Benedicto_XVI-250x300.jpg 250w, https:\/\/neocatechumenaleiter.org\/wp-content\/uploads\/2020\/02\/Camino_Neocatecumenal_Papa_Benedicto_XVI.jpg 500w\" sizes=\"auto, (max-width: 250px) 100vw, 250px\" \/><\/figure><\/div>\n\n<p>Joseph Ratzinger urodzi\u0142 si\u0119 16 kwietnia 1927 roku w Marktl am Inn (Niemcy).<\/p>\n\n<p>\u015awi\u0119cenia kap\u0142a\u0144skie przyj\u0105\u0142 29 czerwca 1951 r. w Monachium. W roku 1953 uzyska\u0142 doktorat z teologii.<\/p>\n\n<p>W 1977 r. zosta\u0142 mianowany przez Paw\u0142a VI arcybiskupem Monachium i Fryzyngi, a w roku 1977  kreowany kardyna\u0142em.<\/p>\n\n<p>W roku 1981 zosta\u0142 mianowany przez Jana Paw\u0142a II prefektem Kongregacji Nauki Wiary oraz przewodnicz\u0105cym Papieskiej Komisji Biblijnej i Papieskiej Mi\u0119dzynarodowej Komisji Teologicznej. By\u0142 przewodnicz\u0105cym komisji przygotowuj\u0105cej wydanie Katechizmu Ko\u015bcio\u0142a Katolickiego.<\/p>\n\n<p>19 kwietnia 2005 r. zosta\u0142 wybrany na papie\u017ca Ko\u015bcio\u0142a katolickiego i przyj\u0105\u0142 imi\u0119 Benedykt XVI.<\/p>\n\n<p>11 lutego 2013 r. zrzek\u0142 si\u0119 urz\u0119du, od tej pory przys\u0142uguje mu tytu\u0142 emerytowanego papie\u017ca.<\/p>\n\n<div style=\"height:20px\" aria-hidden=\"true\" class=\"wp-block-spacer\"><\/div>\n\n<hr class=\"wp-block-separator\"\/>\n\n<div style=\"height:20px\" aria-hidden=\"true\" class=\"wp-block-spacer\"><\/div>\n\n<h3 class=\"has-text-align-center wp-block-heading\">Dokumenty<\/h3>\n\n<div style=\"height:20px\" aria-hidden=\"true\" class=\"wp-block-spacer\"><\/div>\n<section id=\"search-2\" class=\"widget widget_search\"><form role=\"search\" method=\"get\" class=\"search-form\" action=\"https:\/\/neocatechumenaleiter.org\/pl\/\">\r\n\t<label for=\"search-form-5e59be1dc1b02\">\r\n\t\t<span class=\"screen-reader-text\">Szukaj:<\/span>\r\n        <input type=\"search\" id=\"search-form-5e59be1dc1b02\" class=\"search-field\" placeholder=\"Szukaj \u2026\" value=\"\" name=\"s\"\/><\/label>\r\n\t<button type=\"submit\" class=\"search-submit\">\r\n    \t<span class=\"screen-reader-text\">Szukaj<\/span>\r\n        <i class=\"icon-magnifier\"><\/i>\r\n    <\/button>\r\n<\/form>\r\n<\/section>\n<div style=\"height:20px\" aria-hidden=\"true\" class=\"wp-block-spacer\"><\/div>\n<div class=\"columna-papas\">\r\n    <h4 class=\"has-text-align-center\">Rok 2005<\/h4>\r\n    <div style=\"height:20px\" aria-hidden=\"true\" class=\"wp-block-spacer\"><\/div>\r\n    <a href=\"https:\/\/neocatechumenaleiter.org\/pl\/slowa-papiezy\/benedykt-xvi\/audiencja-prywatna-dla-inicjatorow-drogi-neokatechumenalnej-19-xi-2005\/\"><h6 class=\"has-text-align-left\">Audiencja prywatna dla inicjator\u00f3w Drogi Neokatechumenalnej 19-XI-2005<\/h6><\/a>\r\n<\/div>\r\n<div class=\"columna-papas\" style=\"background: #f7f7f7;\">\r\n    <h4 class=\"has-text-align-center\">Rok 2006<\/h4>\r\n    <div style=\"height:20px\" aria-hidden=\"true\" class=\"wp-block-spacer\"><\/div>\r\n    <a href=\"https:\/\/neocatechumenaleiter.org\/pl\/slowa-papiezy\/benedykt-xvi\/przemowienie-do-drogi-neokatechumenalnej-12-i-2006\/\"><h6 class=\"has-text-align-left\">Przem\u00f3wienie skierowane do Drogi Neokatechumenalnej 12-I-2006<\/h6><\/a>\r\n    <hr class=\"wp-block-separator\"\/><a href=\"https:\/\/neocatechumenaleiter.org\/pl\/slowa-papiezy\/benedykt-xvi\/aniol-panski-na-placu-sw-piotra-29-x-2006\/\"><h6 class=\"has-text-align-left\">Anio\u0142 Pa\u0144ski na placu \u015bw. Piotra 29-X-2006<\/h6><\/a>\r\n    <hr class=\"wp-block-separator\"\/><a href=\"https:\/\/neocatechumenaleiter.org\/pl\/slowa-papiezy\/benedykt-xvi\/konwiwencja-biskupow-z-azji-i-australii-w-domus-galilaeae-18-xi-2006\/\"><h6 class=\"has-text-align-left\">Konwiwencja Biskup\u00f3w z Azji i Australii w Domus Galilaeae 18-XI-2006<\/h6><\/a>\r\n<\/div>\n<div style=\"height:20px\" aria-hidden=\"true\" class=\"wp-block-spacer\"><\/div>\n<div class=\"columna-papas\">\r\n    <h4 class=\"has-text-align-center\">Rok 2007<\/h4>\r\n    <div style=\"height:20px\" aria-hidden=\"true\" class=\"wp-block-spacer\"><\/div>\r\n    <a href=\"https:\/\/neocatechumenaleiter.org\/pl\/slowa-papiezy\/benedykt-xvi\/spotkanie-z-proboszczami-i-duchowienstwem-diecezji-rzymskiej-22-ii-2007\/\"><h6 class=\"has-text-align-left\">Spotkanie proboszcz\u00f3w i duchownych rzymskich 22-II-2007<\/h6><\/a>\r\n    <hr class=\"wp-block-separator\"\/><a href=\"https:\/\/neocatechumenaleiter.org\/pl\/slowa-papiezy\/benedykt-xvi\/audiencja-prywatna-dla-inicjatorow-drogi-neokatechumenalnej-26-v-2007\/\"><h6 class=\"has-text-align-left\">Audiencja prywatna dla inicjator\u00f3w Drogi Neokatechumenalnej 26-V-2007<\/h6><\/a>\r\n<\/div>\r\n<div class=\"columna-papas\" style=\"background: #f7f7f7;\">\r\n    <h4 class=\"has-text-align-center\">Rok 2008<\/h4>\r\n    <div style=\"height:20px\" aria-hidden=\"true\" class=\"wp-block-spacer\"><\/div>\r\n    <a href=\"https:\/\/neocatechumenaleiter.org\/pl\/slowa-papiezy\/benedykt-xvi\/konwiwencja-biskupow-z-europy-w-domus-galilaeae-24-iii-2008\/\"><h6 class=\"has-text-align-left\">Konwiwencja biskup\u00f3w z Europy w Domus Galilaeae 24-III-2008<\/h6><\/a>\r\n<\/div>\n<div style=\"height:20px\" aria-hidden=\"true\" class=\"wp-block-spacer\"><\/div>\n<div class=\"columna-papas\">\r\n    <h4 class=\"has-text-align-center\">Rok 2009<\/h4>\r\n    <div style=\"height:20px\" aria-hidden=\"true\" class=\"wp-block-spacer\"><\/div>\r\n    <a href=\"https:\/\/neocatechumenaleiter.org\/pl\/slowa-papiezy\/benedykt-xvi\/przemowienie-z-okazji-czterdziestej-rocznicy-powstania-drogi10-i-2009\/\"><h6 class=\"has-text-align-left\">Przem\u00f3wienie z okazji czterdziestolecia od rozpocz\u0119cia Drogi 10-I-2009<\/h6><\/a>\r\n<\/div>\r\n<div class=\"columna-papas\" style=\"background: #f7f7f7;\">\r\n    <h4 class=\"has-text-align-center\">Rok 2010<\/h4>\r\n    <div style=\"height:20px\" aria-hidden=\"true\" class=\"wp-block-spacer\"><\/div>\r\n    <a href=\"https:\/\/neocatechumenaleiter.org\/pl\/slowa-papiezy\/benedykt-xvi\/audiencja-dla-inicjatorow-drogi-neokatechumenalnej-13-xi-2010\/\"><h6 class=\"has-text-align-left\">Audiencja dla inicjator\u00f3w Drogi Neokatechumenalnej 13-XI-2010<\/h6><\/a>\r\n<\/div>\n<div style=\"height:20px\" aria-hidden=\"true\" class=\"wp-block-spacer\"><\/div>\n<div class=\"columna-papas\">\r\n    <h4 class=\"has-text-align-center\">Rok 2011<\/h4>\r\n    <div style=\"height:20px\" aria-hidden=\"true\" class=\"wp-block-spacer\"><\/div>\r\n    <a href=\"https:\/\/neocatechumenaleiter.org\/pl\/slowa-papiezy\/benedykt-xvi\/audiencja-z-rozeslaniem-rodzin-jako-missio-ad-gentes-17-i-2011-r\/\"><h6 class=\"has-text-align-left\">Audiencja z okazji wys\u0142ania rodzin na &#8222;Missio ad gentes&#8221; 17-I-2011<\/h6><\/a>\r\n    <hr class=\"wp-block-separator\"\/><a href=\"https:\/\/neocatechumenaleiter.org\/pl\/slowa-papiezy\/benedykt-xvi\/regina-coeli-z-okazji-wizyty-duszpasterskiej-w-akwilei-i-wenecji-8-v-2011\/\"><h6 class=\"has-text-align-left\">&#8222;Regina Coeli&#8221; &#8211; wizyta w Aquileii i Wenecji 8-V-2011<\/h6><\/a>\r\n<\/div>\r\n<div class=\"columna-papas\" style=\"background: #f7f7f7;\">\r\n    <h4 class=\"has-text-align-center\">Rok 2012<\/h4>\r\n    <div style=\"height:20px\" aria-hidden=\"true\" class=\"wp-block-spacer\"><\/div>\r\n    <a href=\"https:\/\/neocatechumenaleiter.org\/pl\/slowa-papiezy\/benedykt-xvi\/audiencja-z-okazji-wyslania-rodzin-na-missio-ad-gentes-20-i-2012\/\"><h6 class=\"has-text-align-left\">Audiencja z okazji wys\u0142ania rodzin na &#8222;Missio ad gentes&#8221; 20-I-2012<\/h6><\/a>\r\n<\/div>","protected":false},"excerpt":{"rendered":"<p>BENEDYKT XVI BIOGRAFIA Joseph Ratzinger urodzi\u0142 si\u0119 16 kwietnia 1927 roku w Marktl am Inn (Niemcy). \u015awi\u0119cenia kap\u0142a\u0144skie przyj\u0105\u0142 29 czerwca 1951 r. w Monachium. W roku 1953 uzyska\u0142 doktorat z teologii. W 1977 r. zosta\u0142 mianowany przez Paw\u0142a VI arcybiskupem Monachium i Fryzyngi, a w roku 1977 kreowany kardyna\u0142em. W roku 1981 zosta\u0142 mianowany przez Jana Paw\u0142a II prefektem Kongregacji Nauki Wiary oraz przewodnicz\u0105cym Papieskiej Komisji Biblijnej i Papieskiej<\/p>\n<div class=\"read-more\"><a class=\"btn read-more-btn\" href=\"https:\/\/neocatechumenaleiter.org\/pl\/slowa-papiezy\/benedykt-xvi\/\">Czytaj dalej<\/a><\/div>\n","protected":false},"author":2,"featured_media":0,"parent":16516,"menu_order":2,"comment_status":"closed","ping_status":"closed","template":"","meta":{"footnotes":""},"class_list":["post-16508","page","type-page","status-publish","hentry"],"_links":{"self":[{"href":"https:\/\/neocatechumenaleiter.org\/pl\/wp-json\/wp\/v2\/pages\/16508","targetHints":{"allow":["GET"]}}],"collection":[{"href":"https:\/\/neocatechumenaleiter.org\/pl\/wp-json\/wp\/v2\/pages"}],"about":[{"href":"https:\/\/neocatechumenaleiter.org\/pl\/wp-json\/wp\/v2\/types\/page"}],"author":[{"embeddable":true,"href":"https:\/\/neocatechumenaleiter.org\/pl\/wp-json\/wp\/v2\/users\/2"}],"replies":[{"embeddable":true,"href":"https:\/\/neocatechumenaleiter.org\/pl\/wp-json\/wp\/v2\/comments?post=16508"}],"version-history":[{"count":16,"href":"https:\/\/neocatechumenaleiter.org\/pl\/wp-json\/wp\/v2\/pages\/16508\/revisions"}],"predecessor-version":[{"id":22534,"href":"https:\/\/neocatechumenaleiter.org\/pl\/wp-json\/wp\/v2\/pages\/16508\/revisions\/22534"}],"up":[{"embeddable":true,"href":"https:\/\/neocatechumenaleiter.org\/pl\/wp-json\/wp\/v2\/pages\/16516"}],"wp:attachment":[{"href":"https:\/\/neocatechumenaleiter.org\/pl\/wp-json\/wp\/v2\/media?parent=16508"}],"curies":[{"name":"wp","href":"https:\/\/api.w.org\/{rel}","templated":true}]}}