{"id":16516,"date":"2020-02-27T23:27:17","date_gmt":"2020-02-27T22:27:17","guid":{"rendered":"https:\/\/neocatechumenaleiter.org\/slowa-papiezy\/"},"modified":"2026-03-20T09:09:50","modified_gmt":"2026-03-20T08:09:50","slug":"slowa-papiezy","status":"publish","type":"page","link":"https:\/\/neocatechumenaleiter.org\/pl\/slowa-papiezy\/","title":{"rendered":"S\u0142owa papie\u017cy"},"content":{"rendered":"\n<h1 class=\"wp-block-heading has-text-align-center\">S\u0142owa papie\u017cy<\/h1>\n\n<h4 class=\"wp-block-heading has-text-align-center\">Droga Neokatechumenalna w s\u0142owach Papie\u017cy: przem\u00f3wienia, audiencje, adhortacje, s\u0142owa uznania, Aprobaty&#8230;<\/h4>\n\n<div style=\"height:20px\" aria-hidden=\"true\" class=\"wp-block-spacer\"><\/div>\n\n<p>\u015aw. Pawe\u0142 VI (4 sierpnia 1976 r.): \u201eW naszych czasach trzeba ponownie rozpocz\u0105\u0107 odbudow\u0119 Ko\u015bcio\u0142a, na poziomie psychologicznym i duszpasterskim, tak jakby Ko\u015bci\u00f3\u0142 zaczyna\u0142 od nowa &#8211; od zera, \u017ce tak powiem &#8211; aby m\u00f3g\u0142 si\u0119 odrodzi\u0107.\u201d <\/p>\n\n<p>Pierwsi aposto\u0142owie, w ma\u0142ych grupach ewangelizacyjnych, przemierzali synagogi, g\u0142osz\u0105c Dobr\u0105 Nowin\u0119: B\u00f3g wskrzesi\u0142 swojego s\u0142ug\u0119 Jezusa, tego, kt\u00f3rego wyparli\u015bmy si\u0119, prosz\u0105c o \u0142ask\u0119 dla mordercy; tego, kt\u00f3ry umar\u0142, nie stawiaj\u0105c oporu, nie przeciwstawiaj\u0105c si\u0119 z\u0142u, kochaj\u0105c swoich wrog\u00f3w, wybaczaj\u0105c im (\u201ewybacz im, bo nie wiedz\u0105, co czyni\u0105\u201d); tego, kt\u00f3ry przyj\u0105\u0142 z\u0142o, jakie mu wyrz\u0105dzono \u2013 tortury i krzy\u017c \u2013 pokazuj\u0105c, \u017ce Jego mi\u0142o\u015b\u0107 by\u0142a wi\u0119ksza ni\u017c \u015bmier\u0107 i \u017ce nie przesta\u0142 ich kocha\u0107, nawet gdy odebrali Mu \u017cycie: B\u00f3g wskrzesi\u0142 Go z martwych, a dzi\u015b On \u017cyje, aby przebaczy\u0107 t\u0119 i ka\u017cd\u0105 inn\u0105 zbrodni\u0119.<\/p>\n\n<h6 class=\"wp-block-heading has-text-align-right\">Kiko Arg\u00fcello<\/h6>\n\n<div style=\"height:30px\" aria-hidden=\"true\" class=\"wp-block-spacer\"><\/div>\n\n<hr class=\"wp-block-separator aligncenter has-alpha-channel-opacity is-style-wide\" \/>\n\n<div style=\"height:30px\" aria-hidden=\"true\" class=\"wp-block-spacer\"><\/div>\n\n<div class=\"wp-block-columns are-vertically-aligned-center is-layout-flex wp-container-core-columns-is-layout-9d6595d7 wp-block-columns-is-layout-flex\">\n<div class=\"wp-block-column is-vertically-aligned-center is-layout-flow wp-block-column-is-layout-flow\"><div class=\"wp-block-image\">\n<figure class=\"aligncenter size-medium\"><a href=\"https:\/\/neocatechumenaleiter.org\/pl\/slowa-papiezy\/sw-pawel-vi\/\"><img loading=\"lazy\" decoding=\"async\" width=\"250\" height=\"300\" src=\"https:\/\/neocatechumenaleiter.org\/wp-content\/uploads\/2020\/02\/Camino_Neocatecumenal_S_Pablo_VI-250x300.jpg\" alt=\"&#x15A;w. Pawe&#x142; VI, Kiko Arg&#xFC;ello i Carmen Hern&#xE1;ndez\" class=\"wp-image-7883\" srcset=\"https:\/\/neocatechumenaleiter.org\/wp-content\/uploads\/2020\/02\/Camino_Neocatecumenal_S_Pablo_VI-250x300.jpg 250w, https:\/\/neocatechumenaleiter.org\/wp-content\/uploads\/2020\/02\/Camino_Neocatecumenal_S_Pablo_VI.jpg 500w\" sizes=\"auto, (max-width: 250px) 100vw, 250px\" \/><\/a><figcaption class=\"wp-element-caption\"><strong>\u015aw. Pawe\u0142 VI<\/strong><\/figcaption><\/figure><\/div><\/div>\n\n\n\n<div class=\"wp-block-column is-vertically-aligned-center is-layout-flow wp-block-column-is-layout-flow\"><div class=\"wp-block-image\">\n<figure class=\"aligncenter size-medium\"><a href=\"https:\/\/neocatechumenaleiter.org\/pl\/slowa-papiezy\/sw-jan-pawel-ii\/\"><img loading=\"lazy\" decoding=\"async\" width=\"250\" height=\"300\" src=\"https:\/\/neocatechumenaleiter.org\/wp-content\/uploads\/2020\/02\/Camino_Neocatecumenal_S_Juan_Pablo_II-250x300.jpg\" alt=\"&#x15A;w. Jan Pawe&#x142; II\" class=\"wp-image-7882\" srcset=\"https:\/\/neocatechumenaleiter.org\/wp-content\/uploads\/2020\/02\/Camino_Neocatecumenal_S_Juan_Pablo_II-250x300.jpg 250w, https:\/\/neocatechumenaleiter.org\/wp-content\/uploads\/2020\/02\/Camino_Neocatecumenal_S_Juan_Pablo_II.jpg 500w\" sizes=\"auto, (max-width: 250px) 100vw, 250px\" \/><\/a><figcaption class=\"wp-element-caption\"><strong>\u015aw. Jan Pawe\u0142 II<\/strong><\/figcaption><\/figure><\/div><\/div>\n\n\n\n<div class=\"wp-block-column is-vertically-aligned-center is-layout-flow wp-block-column-is-layout-flow\"><div class=\"wp-block-image\">\n<figure class=\"aligncenter size-medium\"><a href=\"https:\/\/neocatechumenaleiter.org\/pl\/slowa-papiezy\/benedykt-xvi\/\"><img loading=\"lazy\" decoding=\"async\" width=\"250\" height=\"300\" src=\"https:\/\/neocatechumenaleiter.org\/wp-content\/uploads\/2020\/02\/Camino_Neocatecumenal_Papa_Benedicto_XVI-250x300.jpg\" alt=\"Benedykt XVI\" class=\"wp-image-7880\" srcset=\"https:\/\/neocatechumenaleiter.org\/wp-content\/uploads\/2020\/02\/Camino_Neocatecumenal_Papa_Benedicto_XVI-250x300.jpg 250w, https:\/\/neocatechumenaleiter.org\/wp-content\/uploads\/2020\/02\/Camino_Neocatecumenal_Papa_Benedicto_XVI.jpg 500w\" sizes=\"auto, (max-width: 250px) 100vw, 250px\" \/><\/a><figcaption class=\"wp-element-caption\"><strong>Benedykt XVI<\/strong><\/figcaption><\/figure><\/div><\/div>\n<\/div>\n\n<div class=\"wp-block-columns are-vertically-aligned-center is-layout-flex wp-container-core-columns-is-layout-9d6595d7 wp-block-columns-is-layout-flex\">\n<div class=\"wp-block-column is-vertically-aligned-center is-layout-flow wp-block-column-is-layout-flow\"><div class=\"wp-block-image\">\n<figure class=\"aligncenter size-medium\"><a href=\"https:\/\/neocatechumenaleiter.org\/pl\/slowa-papiezy\/franciszek\/\"><img loading=\"lazy\" decoding=\"async\" width=\"250\" height=\"300\" src=\"https:\/\/neocatechumenaleiter.org\/wp-content\/uploads\/2020\/02\/Camino_Neocatecumenal_Papa_Francisco-250x300.jpg\" alt=\"Papie&#x17C; Franciszek\" class=\"wp-image-7881\" srcset=\"https:\/\/neocatechumenaleiter.org\/wp-content\/uploads\/2020\/02\/Camino_Neocatecumenal_Papa_Francisco-250x300.jpg 250w, https:\/\/neocatechumenaleiter.org\/wp-content\/uploads\/2020\/02\/Camino_Neocatecumenal_Papa_Francisco.jpg 500w\" sizes=\"auto, (max-width: 250px) 100vw, 250px\" \/><\/a><figcaption class=\"wp-element-caption\"><strong>Franciszek<\/strong><\/figcaption><\/figure><\/div><\/div>\n\n\n\n<div class=\"wp-block-column is-vertically-aligned-center is-layout-flow wp-block-column-is-layout-flow\"><div class=\"wp-block-image\">\n<figure class=\"aligncenter size-medium\"><a href=\"https:\/\/neocatechumenaleiter.org\/pl\/slowa-papiezy\/leon-xiv\/\"><img loading=\"lazy\" decoding=\"async\" width=\"250\" height=\"300\" src=\"https:\/\/neocatechumenaleiter.org\/wp-content\/uploads\/2025\/12\/Papa-Leone-XIV-foto-ufficiale_Copyright-VATICAN-MEDIA-500x600-1-250x300.jpg\" alt=\"Papie&#x17C; Leon XIV\" class=\"wp-image-46079\" srcset=\"https:\/\/neocatechumenaleiter.org\/wp-content\/uploads\/2025\/12\/Papa-Leone-XIV-foto-ufficiale_Copyright-VATICAN-MEDIA-500x600-1-250x300.jpg 250w, https:\/\/neocatechumenaleiter.org\/wp-content\/uploads\/2025\/12\/Papa-Leone-XIV-foto-ufficiale_Copyright-VATICAN-MEDIA-500x600-1.jpg 500w\" sizes=\"auto, (max-width: 250px) 100vw, 250px\" \/><\/a><figcaption class=\"wp-element-caption\"><strong>Leon XIV<\/strong><\/figcaption><\/figure><\/div><\/div>\n\n\n\n<div class=\"wp-block-column is-vertically-aligned-center is-layout-flow wp-block-column-is-layout-flow\"><\/div>\n<\/div>\n","protected":false},"excerpt":{"rendered":"<p>S\u0142owa papie\u017cy Droga Neokatechumenalna w s\u0142owach Papie\u017cy: przem\u00f3wienia, audiencje, adhortacje, s\u0142owa uznania, Aprobaty&#8230; \u015aw. Pawe\u0142 VI (4 sierpnia 1976 r.): \u201eW naszych czasach trzeba ponownie rozpocz\u0105\u0107 odbudow\u0119 Ko\u015bcio\u0142a, na poziomie psychologicznym i duszpasterskim, tak jakby Ko\u015bci\u00f3\u0142 zaczyna\u0142 od nowa &#8211; od zera, \u017ce tak powiem &#8211; aby m\u00f3g\u0142 si\u0119 odrodzi\u0107.\u201d Pierwsi aposto\u0142owie, w ma\u0142ych grupach ewangelizacyjnych, przemierzali synagogi, g\u0142osz\u0105c Dobr\u0105 Nowin\u0119: B\u00f3g wskrzesi\u0142 swojego s\u0142ug\u0119 Jezusa, tego, kt\u00f3rego wyparli\u015bmy si\u0119,<\/p>\n<div class=\"read-more\"><a class=\"btn read-more-btn\" href=\"https:\/\/neocatechumenaleiter.org\/pl\/slowa-papiezy\/\">Czytaj dalej<\/a><\/div>\n","protected":false},"author":2,"featured_media":0,"parent":0,"menu_order":0,"comment_status":"closed","ping_status":"closed","template":"","meta":{"footnotes":""},"class_list":["post-16516","page","type-page","status-publish","hentry"],"_links":{"self":[{"href":"https:\/\/neocatechumenaleiter.org\/pl\/wp-json\/wp\/v2\/pages\/16516","targetHints":{"allow":["GET"]}}],"collection":[{"href":"https:\/\/neocatechumenaleiter.org\/pl\/wp-json\/wp\/v2\/pages"}],"about":[{"href":"https:\/\/neocatechumenaleiter.org\/pl\/wp-json\/wp\/v2\/types\/page"}],"author":[{"embeddable":true,"href":"https:\/\/neocatechumenaleiter.org\/pl\/wp-json\/wp\/v2\/users\/2"}],"replies":[{"embeddable":true,"href":"https:\/\/neocatechumenaleiter.org\/pl\/wp-json\/wp\/v2\/comments?post=16516"}],"version-history":[{"count":15,"href":"https:\/\/neocatechumenaleiter.org\/pl\/wp-json\/wp\/v2\/pages\/16516\/revisions"}],"predecessor-version":[{"id":48285,"href":"https:\/\/neocatechumenaleiter.org\/pl\/wp-json\/wp\/v2\/pages\/16516\/revisions\/48285"}],"wp:attachment":[{"href":"https:\/\/neocatechumenaleiter.org\/pl\/wp-json\/wp\/v2\/media?parent=16516"}],"curies":[{"name":"wp","href":"https:\/\/api.w.org\/{rel}","templated":true}]}}