{"id":20357,"date":"2021-01-28T08:12:40","date_gmt":"2021-01-28T07:12:40","guid":{"rendered":"https:\/\/neocatechumenaleiter.org\/slowa-papiezy\/franciszek\/przemowienie-papieza-franciszka-z-okazji-50-lecia-drogi-neokatechumenalnej-5-v-2018\/"},"modified":"2021-01-28T08:12:47","modified_gmt":"2021-01-28T07:12:47","slug":"przemowienie-papieza-franciszka-z-okazji-50-lecia-drogi-neokatechumenalnej-5-v-2018","status":"publish","type":"page","link":"https:\/\/neocatechumenaleiter.org\/pl\/slowa-papiezy\/franciszek\/przemowienie-papieza-franciszka-z-okazji-50-lecia-drogi-neokatechumenalnej-5-v-2018\/","title":{"rendered":"PRZEM\u00d3WIENIE PAPIE\u017bA FRANCISZKA  Z OKAZJI 50-LECIA DROGI NEOKATECHUMENALNEJ 5 V 2018"},"content":{"rendered":"\n<h1 class=\"has-text-align-center wp-block-heading\">PRZEM\u00d3WIENIE PAPIE\u017bA FRANCISZKA &#013;\nZ OKAZJI 50-LECIA DROGI NEOKATECHUMENALNEJ&#013;\n5 V 2018&#013;\n<\/h1>\n\n<div style=\"height:20px\" aria-hidden=\"true\" class=\"wp-block-spacer\"><\/div>\n\n<h4 class=\"has-text-align-center wp-block-heading\">FRANCISZEK<\/h4>\n\n<div style=\"height:20px\" aria-hidden=\"true\" class=\"wp-block-spacer\"><\/div>\n\n<p><em>Tor Vergata, Rzym<br \/>&#013;\nSobota, 5 maja 2018<\/em><\/p>\n\n<p><em>Drodzy Bracia i Siostry, dzie\u0144 dobry!<\/em><\/p>\n\n<p>Bardzo si\u0119 ciesz\u0119, \u017ce mog\u0119 si\u0119 z wami spotka\u0107 i wraz z wami powiedzie\u0107: dzi\u0119kuj\u0119! Dzi\u0119kuj\u0119 Bogu, a tak\u017ce wam, zw\u0142aszcza tym, kt\u00f3rzy odbyli d\u0142ug\u0105 podr\u00f3\u017c, \u017ceby tu by\u0107. Dzi\u0119kuj\u0119 za \u00abtak\u00bb, kt\u00f3re wypowiedzieli\u015bcie, za to, \u017ce przyj\u0119li\u015bcie powo\u0142anie Pana do \u017cycia Ewangeli\u0105 i ewangelizowania. A wielkie podzi\u0119kowanie nale\u017cy si\u0119 r\u00f3wnie\u017c temu, kto zapocz\u0105tkowa\u0142 Drog\u0119 Neokatechumenaln\u0105 przed pi\u0119\u0107dziesi\u0119ciu laty.<\/p>\n\n<p>Pi\u0119\u0107dziesi\u0105t to wa\u017cna liczba w Pi\u015bmie \u2014 pi\u0119\u0107dziesi\u0105tego dnia Duch Zmartwychwsta\u0142ego zst\u0105pi\u0142 na aposto\u0142\u00f3w i objawi\u0142 Ko\u015bci\u00f3\u0142 \u015bwiatu. Wcze\u015bniej jeszcze B\u00f3g u\u015bwi\u0119ci\u0142 rok pi\u0119\u0107dziesi\u0105ty: \u00abRok pi\u0119\u0107dziesi\u0105ty b\u0119dzie dla was rokiem jubileuszowym\u00bb (Kp\u0142 25, 11). Rokiem \u015bwi\u0119tym, w kt\u00f3rym nar\u00f3d wybrany mia\u0142 namacalnie do\u015bwiadczy\u0107 nowych reali\u00f3w, jak wyzwolenie i powr\u00f3t uci\u015bnionych do domu: \u00abObwie\u015bcicie wyzwolenie w kraju dla wszystkich jego mieszka\u0144c\u00f3w \u2014 powiedzia\u0142 Pan. \u2014 (&#8230;) ka\u017cdy z was powr\u00f3ci do swej w\u0142asno\u015bci i ka\u017cdy powr\u00f3ci do swego rodu\u00bb (w. 10). Tak wi\u0119c po pi\u0119\u0107dziesi\u0119ciu latach Drogi by\u0142oby wspaniale, gdyby ka\u017cdy z was powiedzia\u0142: \u00abDzi\u0119kuj\u0119, Panie, za to, \u017ce mnie naprawd\u0119 wyzwoli\u0142e\u015b; \u017ce w Ko\u015bciele znalaz\u0142em swoj\u0105 rodzin\u0119; \u017ce w Twoim chrzcie rzeczy stare przemin\u0119\u0142y i ciesz\u0119 si\u0119 nowym \u017cyciem (por. 2 Kor 5, 17); \u017ce poprzez Drog\u0119 wskaza\u0142e\u015b mi szlak do odkrycia Twojej czu\u0142ej mi\u0142o\u015bci Ojca\u00bb.<\/p>\n\n<p>Drodzy bracia i siostry, na koniec od\u015bpiewacie dzi\u0119kczynne <em>Te Deum<\/em> \u2014 za mi\u0142o\u015b\u0107 i wierno\u015b\u0107 Boga. To bardzo pi\u0119kne: dzi\u0119kowanie Bogu za Jego mi\u0142o\u015b\u0107 i za Jego wierno\u015b\u0107. Cz\u0119sto dzi\u0119kujemy Mu za Jego dary, za to, co nam daje, i dobrze jest to robi\u0107. Ale jeszcze lepiej jest dzi\u0119kowa\u0107 Mu za to, kim jest, bo jest Bogiem wiernym w mi\u0142o\u015bci. Jego dobro\u0107 nie zale\u017cy od nas. Niezale\u017cnie od tego, co robimy, B\u00f3g nie przestaje nas kocha\u0107 wiernie. To jest \u017ar\u00f3d\u0142o naszej ufno\u015bci, wielka pociecha \u017cycia. A wi\u0119c odwagi, nigdy si\u0119 nie smu\u0107cie! A kiedy chmury problem\u00f3w zdaj\u0105 si\u0119 zag\u0119szcza\u0107, ci\u0119\u017ckie, nad waszymi dniami, pami\u0119tajcie, \u017ce wierna mi\u0142o\u015b\u0107 Boga ja\u015bnieje zawsze, jak s\u0142o\u0144ce, kt\u00f3re nie zachodzi. Wspominajcie Jego dobro, mocniejsze od wszelkiego z\u0142a, a s\u0142odka pami\u0119\u0107 o mi\u0142o\u015bci Bo\u017cej pomo\u017ce wam w ka\u017cdym utrapieniu.<\/p>\n\n<p>Brakuje jeszcze jednego wa\u017cnego podzi\u0119kowania \u2014 dla tych z was, kt\u00f3rzy wyruszacie na misj\u0119. Pragn\u0119 wam powiedzie\u0107 co\u015b od serca w\u0142a\u015bnie na temat misji, na temat ewangelizacji, kt\u00f3ra dzi\u015b jest priorytetem Ko\u015bcio\u0142a. Bowiem misja to danie g\u0142osu wiernej mi\u0142o\u015bci Boga, to g\u0142oszenie, \u017ce Pan nas kocha i \u017ce nigdy nie znu\u017cy si\u0119 mn\u0105, tob\u0105, nami i tym naszym \u015bwiatem, kt\u00f3rym my by\u0107 mo\u017ce si\u0119 nu\u017cymy. Misja to dawanie tego, co otrzymali\u015bmy. Misja to wype\u0142nianie polecenia Jezusa, kt\u00f3re us\u0142yszeli\u015bmy, a kt\u00f3re chcia\u0142bym rozwa\u017cy\u0107 z wami: \u00abId\u017acie wi\u0119c i nauczajcie wszystkie narody\u00bb (<em>Mt<\/em> 28, 19).<\/p>\n\n<p>Id\u017acie. Misja wymaga tego, \u017ceby wyruszy\u0107. A w \u017cyciu silna jest pokusa pozostawania, niepodejmowania ryzyka, zadowalania si\u0119 tym, \u017ce mamy sytuacj\u0119 pod kontrol\u0105. \u0141atwiej jest pozosta\u0107 w domu, w otoczeniu tych, kt\u00f3rzy nas kochaj\u0105, ale to nie jest droga Jezusa. On posy\u0142a: \u00abId\u017acie\u00bb. Nie stosuje p\u00f3\u0142\u015brodk\u00f3w. Nie dopuszcza ograniczonych wyjazd\u00f3w na delegacj\u0119 czy podr\u00f3\u017cy ze zwrotem koszt\u00f3w, ale m\u00f3wi do swoich uczni\u00f3w, do wszystkich swoich uczni\u00f3w jedno tylko s\u0142owo: \u00abId\u017acie!\u00bb. Id\u017acie \u2014 jest to mocne wezwanie, kt\u00f3re rozbrzmiewa w ka\u017cdym wymiarze \u017cycia chrze\u015bcija\u0144skiego; jest to jasne wezwanie do bycia zawsze gotowymi do wyruszania, jako pielgrzymi w \u015bwiecie w poszukiwaniu brata, kt\u00f3ry jeszcze nie zna rado\u015bci Bo\u017cej mi\u0142o\u015bci.<\/p>\n\n<p>A co robi\u0107, \u017ceby i\u015b\u0107? Trzeba by\u0107 zwinnym, nie mo\u017cna zabiera\u0107 ze sob\u0105 ca\u0142ego wyposa\u017cenia domu. Uczy tego Biblia: kiedy B\u00f3g wyzwoli\u0142 nar\u00f3d wybrany, poprowadzi\u0142 go na pustyni\u0119 z baga\u017cem jedynie zaufania do Niego. A gdy sta\u0142 si\u0119 cz\u0142owiekiem, On sam chodzi\u0142 w ub\u00f3stwie, nie maj\u0105c gdzie z\u0142o\u017cy\u0107 g\u0142owy (por. \u0141k 9, 58). Tego samego stylu wymaga od swoich uczni\u00f3w. Aby i\u015b\u0107, trzeba by\u0107 lekkim. Aby g\u0142osi\u0107, trzeba si\u0119 czego\u015b wyrzec. Tylko taki Ko\u015bci\u00f3\u0142, kt\u00f3ry wyrzeka si\u0119 \u015bwiata, dobrze g\u0142osi Pana. Tylko Ko\u015bci\u00f3\u0142 wolny od w\u0142adzy i pieni\u0105dza, wolny od tryumfalizm\u00f3w i klerykalizm\u00f3w daje w spos\u00f3b wiarygodny \u015bwiadectwo o tym, \u017ce Chrystus wyzwala cz\u0142owieka. A ten, kto ze wzgl\u0119du na Jego mi\u0142o\u015b\u0107 uczy si\u0119 rezygnowa\u0107 z rzeczy przemijaj\u0105cych, zyskuje ten wielki skarb \u2014 wolno\u015b\u0107. Przestaje by\u0107 na uwi\u0119zi swoich przywi\u0105za\u0144, kt\u00f3re zawsze domagaj\u0105 si\u0119 czego\u015b wi\u0119cej i nigdy nie daj\u0105 spokoju, i czuje, \u017ce serce si\u0119 rozszerza, bez niepokoj\u00f3w, dyspozycyjne dla Boga i dla braci.<\/p>\n\n<p>\u00abId\u017acie\u00bb to czasownik misyjny, a m\u00f3wi nam jeszcze jedno \u2014 \u017ce odmienia si\u0119 go w liczbie mnogiej. Pan nie m\u00f3wi: \u00abid\u017a ty, potem ty, potem ty&#8230;\u00bb, ale: \u00abid\u017acie\u00bb, razem!&#013;\nW pe\u0142ni misyjny nie jest ten, kto idzie sam, ale ten, kto w\u0119druje razem z innymi. W\u0119drowanie razem jest sztuk\u0105, kt\u00f3rej ci\u0105gle trzeba si\u0119 uczy\u0107, ka\u017cdego dnia. Trzeba uwa\u017ca\u0107, na przyk\u0142ad, \u017ceby nie narzuca\u0107 tempa innym. Trzeba raczej towarzyszy\u0107 i czeka\u0107, pami\u0119taj\u0105c, \u017ce droga kogo\u015b innego nie jest identyczna z moj\u0105. Podobnie jak w \u017cyciu nikt nie ma dok\u0142adnie takiego samego tempa jak kto\u015b inny, tak jest r\u00f3wnie\u017c w przypadku wiary i misji \u2014 idzie si\u0119 naprz\u00f3d razem, nie izoluj\u0105c si\u0119 i nie narzucaj\u0105c swojego kierunku marszu, zjednoczeni; idzie si\u0119 naprz\u00f3d w jedno\u015bci, jako Ko\u015bci\u00f3\u0142, z pasterzami, ze wszystkimi bra\u0107mi, bez wybiegania do przodu i bez narzekania na tych, kt\u00f3rzy id\u0105 wolniejszym krokiem. Jeste\u015bmy pielgrzymami, kt\u00f3rzy id\u0105c w towarzystwie braci, towarzysz\u0105 innym braciom, i dobrze jest robi\u0107 to osobi\u015bcie, z trosk\u0105 i szacunkiem dla drogi ka\u017cdego, a nie przyspieszaj\u0105c niczyjego wzrostu, bowiem odpowied\u017a, kt\u00f3r\u0105 daje si\u0119 Bogu, dojrzewa tylko w autentycznej i szczerej wolno\u015bci.&#013;\n<\/p>\n\n<p>Zmartwychwsta\u0142y Jezus m\u00f3wi: \u00abNauczajcie\u00bb. To jest misja. Nie m\u00f3wi: podbijajcie, okupujcie, ale \u00abnauczajcie\u00bb, to znaczy dzielcie si\u0119 z innymi darem, kt\u00f3ry otrzymali\u015bcie, spotkaniem mi\u0142o\u015bci, kt\u00f3re odmieni\u0142o wasze \u017cycie. To jest serce misji \u2014 dawanie \u015bwiadectwa, \u017ce B\u00f3g nas kocha i \u017ce z Nim jest mo\u017cliwa prawdziwa mi\u0142o\u015b\u0107, ta, kt\u00f3ra prowadzi do dawania \u017cycia wsz\u0119dzie \u2014 w rodzinie, w pracy, jako osoby konsekrowane czy w ma\u0142\u017ce\u0144stwie. Misja to stanie si\u0119 na powr\u00f3t uczniami z nowymi uczniami Jezusa. To odkrycie, \u017ce jeste\u015bmy cz\u0119\u015bci\u0105 Ko\u015bcio\u0142a, kt\u00f3ry jest uczennic\u0105. Oczywi\u015bcie Ko\u015bci\u00f3\u0142 jest nauczycielk\u0105, ale nie mo\u017ce by\u0107 nauczycielk\u0105, je\u017celi wcze\u015bniej nie jest uczennic\u0105, tak jak nie mo\u017ce by\u0107 matk\u0105, nie b\u0119d\u0105c wcze\u015bniej c\u00f3rk\u0105. Oto nasza matka \u2014 Ko\u015bci\u00f3\u0142 pokorny, c\u00f3rka Ojca i uczennica Mistrza, szcz\u0119\u015bliwa, \u017ce jest siostr\u0105 ludzko\u015bci. I ta dynamika bycia uczniem \u2014 ucze\u0144, kt\u00f3ry naucza \u2014 jest ca\u0142kowicie odmienna od dynamiki prozelityzmu.<\/p>\n\n<p>W tym tkwi si\u0142a g\u0142oszenia, \u017ceby \u015bwiat uwierzy\u0142. Nie licz\u0105 si\u0119 argumenty, kt\u00f3re przekonuj\u0105, ale \u017cycie, kt\u00f3re poci\u0105ga; nie zdolno\u015b\u0107 narzucania si\u0119, ale odwaga s\u0142u\u017cenia. A wy macie w swoim \u00abDNA\u00bb to powo\u0142anie do g\u0142oszenia, \u017cyj\u0105c w rodzinie, na wz\u00f3r \u015bwi\u0119tej Rodziny \u2014 w pokorze, z prostot\u0105 i w chwale. Wno\u015bcie t\u0119 atmosfer\u0119 rodzinn\u0105 w wiele miejsc opuszczonych i w kt\u00f3rych brakuje mi\u0142o\u015bci. Niech was rozpoznaj\u0105 jako przyjaci\u00f3\u0142 Jezusa. Wszystkich nazywajcie przyjaci\u00f3\u0142mi i b\u0105d\u017acie przyjaci\u00f3\u0142mi wszystkich.<\/p>\n\n<p>\u00abId\u017acie (&#8230;) i nauczajcie wszystkie narody\u00bb. A kiedy Jezus m\u00f3wi wszystkie, wydaje si\u0119, \u017ce chce podkre\u015bli\u0107, i\u017c w Jego sercu jest miejsce dla ka\u017cdego narodu. \u017baden nie jest wykluczony. Jak dzieci dla ojca i matki \u2014 tak\u017ce gdy jest ich wiele, du\u017cych i ma\u0142ych, ka\u017cde jest kochane ca\u0142ym sercem. Bowiem mi\u0142o\u015b\u0107, kiedy si\u0119 daje, nie kurczy si\u0119, powi\u0119ksza si\u0119. I jest zawsze pe\u0142na nadziei. Podobnie jak rodzice, kt\u00f3rzy nie widz\u0105 przede wszystkim wad i brak\u00f3w u dzieci, ale dzieci jako takie, i w tym \u015bwietle przyjmuj\u0105 ich problemy i ich trudno\u015bci \u2014 tak samo post\u0119puj\u0105 misjonarze wzgl\u0119dem narod\u00f3w mi\u0142owanych przez Boga. Nie stawiaj\u0105 na pierwszym miejscu aspekt\u00f3w negatywnych i tego, co nale\u017cy zmieni\u0107, ale \u00abpatrz\u0105 sercem\u00bb, spojrzeniem, kt\u00f3re docenia, z postaw\u0105 szacunku, z cierpliw\u0105 ufno\u015bci\u0105. Id\u017acie wi\u0119c na misj\u0119, my\u015bl\u0105c, \u017ce \u00abjeste\u015bcie u siebie\u00bb. Bo Pan jest u siebie w ka\u017cdym narodzie, a Jego Duch ju\u017c zasia\u0142 przed waszym przybyciem. A my\u015bl\u0105c o naszym Ojcu, kt\u00f3ry tak bardzo mi\u0142uje \u015bwiat (por. J 3, 16), b\u0105d\u017acie rozmi\u0142owani w ludzko\u015bci, wsp\u00f3\u0142tw\u00f3rcami rado\u015bci wszystkich (por. 2 Kor 1, 24), wiarygodni, dlatego \u017ce bliscy, godni s\u0142uchania, dlatego \u017ce bliscy. Mi\u0142ujcie kultury i tradycje lud\u00f3w, nie przyk\u0142adaj\u0105c z g\u00f3ry ustalonych wzorc\u00f3w. Nie wychod\u017acie od teorii i od schemat\u00f3w, ale od konkretnych sytuacji \u2014 wtedy Duch b\u0119dzie kszta\u0142towa\u0142 g\u0142oszenie zgodnie ze swoim rytmem i swoimi sposobami. A Ko\u015bci\u00f3\u0142 b\u0119dzie wzrasta\u0142 na Jego obraz \u2014 zjednoczony, przy r\u00f3\u017cnorodno\u015bci narod\u00f3w, dar\u00f3w i charyzmat\u00f3w.<\/p>\n\n<p>Drodzy bracia i siostry, wasz charyzmat jest wielkim darem Bo\u017cym dla Ko\u015bcio\u0142a naszych czas\u00f3w. Dzi\u0119kujmy Panu za te pi\u0119\u0107dziesi\u0105t lat \u2014 brawa na cze\u015b\u0107 pi\u0119\u0107dziesi\u0119ciu lat! A patrz\u0105c na Jego ojcowsk\u0105, bratersk\u0105 i pe\u0142n\u0105 mi\u0142o\u015bci wierno\u015b\u0107, nie tra\u0107cie nigdy ufno\u015bci \u2014 On b\u0119dzie was strzeg\u0142, pobudzaj\u0105c was zarazem do tego, aby\u015bcie szli, jako umi\u0142owani uczniowie, do wszystkich narod\u00f3w, z pokorn\u0105 prostot\u0105. Jestem z wami i dodaj\u0119 wam otuchy \u2014 id\u017acie naprz\u00f3d! I prosz\u0119, nie zapominajcie modli\u0107 si\u0119 za mnie, kt\u00f3ry tutaj zostaj\u0119!<\/p>\n","protected":false},"excerpt":{"rendered":"<p>PRZEM\u00d3WIENIE PAPIE\u017bA FRANCISZKA &#013; Z OKAZJI 50-LECIA DROGI NEOKATECHUMENALNEJ&#013; 5 V 2018&#013; FRANCISZEK Tor Vergata, Rzym&#013; Sobota, 5 maja 2018 Drodzy Bracia i Siostry, dzie\u0144 dobry! Bardzo si\u0119 ciesz\u0119, \u017ce mog\u0119 si\u0119 z wami spotka\u0107 i wraz z wami powiedzie\u0107: dzi\u0119kuj\u0119! Dzi\u0119kuj\u0119 Bogu, a tak\u017ce wam, zw\u0142aszcza tym, kt\u00f3rzy odbyli d\u0142ug\u0105 podr\u00f3\u017c, \u017ceby tu by\u0107. Dzi\u0119kuj\u0119 za \u00abtak\u00bb, kt\u00f3re wypowiedzieli\u015bcie, za to, \u017ce przyj\u0119li\u015bcie powo\u0142anie Pana do \u017cycia Ewangeli\u0105 i<\/p>\n<div class=\"read-more\"><a class=\"btn read-more-btn\" href=\"https:\/\/neocatechumenaleiter.org\/pl\/slowa-papiezy\/franciszek\/przemowienie-papieza-franciszka-z-okazji-50-lecia-drogi-neokatechumenalnej-5-v-2018\/\">Czytaj dalej<\/a><\/div>\n","protected":false},"author":2,"featured_media":0,"parent":16512,"menu_order":6,"comment_status":"closed","ping_status":"closed","template":"","meta":{"footnotes":""},"class_list":["post-20357","page","type-page","status-publish","hentry"],"_links":{"self":[{"href":"https:\/\/neocatechumenaleiter.org\/pl\/wp-json\/wp\/v2\/pages\/20357","targetHints":{"allow":["GET"]}}],"collection":[{"href":"https:\/\/neocatechumenaleiter.org\/pl\/wp-json\/wp\/v2\/pages"}],"about":[{"href":"https:\/\/neocatechumenaleiter.org\/pl\/wp-json\/wp\/v2\/types\/page"}],"author":[{"embeddable":true,"href":"https:\/\/neocatechumenaleiter.org\/pl\/wp-json\/wp\/v2\/users\/2"}],"replies":[{"embeddable":true,"href":"https:\/\/neocatechumenaleiter.org\/pl\/wp-json\/wp\/v2\/comments?post=20357"}],"version-history":[{"count":3,"href":"https:\/\/neocatechumenaleiter.org\/pl\/wp-json\/wp\/v2\/pages\/20357\/revisions"}],"predecessor-version":[{"id":20360,"href":"https:\/\/neocatechumenaleiter.org\/pl\/wp-json\/wp\/v2\/pages\/20357\/revisions\/20360"}],"up":[{"embeddable":true,"href":"https:\/\/neocatechumenaleiter.org\/pl\/wp-json\/wp\/v2\/pages\/16512"}],"wp:attachment":[{"href":"https:\/\/neocatechumenaleiter.org\/pl\/wp-json\/wp\/v2\/media?parent=20357"}],"curies":[{"name":"wp","href":"https:\/\/api.w.org\/{rel}","templated":true}]}}