{"id":20361,"date":"2021-01-28T09:06:48","date_gmt":"2021-01-28T08:06:48","guid":{"rendered":"https:\/\/neocatechumenaleiter.org\/slowa-papiezy\/franciszek\/audiencja-dla-drogi-neokatechumenalnej-18-marca-2016\/"},"modified":"2021-01-28T09:06:53","modified_gmt":"2021-01-28T08:06:53","slug":"audiencja-dla-drogi-neokatechumenalnej-18-marca-2016","status":"publish","type":"page","link":"https:\/\/neocatechumenaleiter.org\/pl\/slowa-papiezy\/franciszek\/audiencja-dla-drogi-neokatechumenalnej-18-marca-2016\/","title":{"rendered":"AUDIENCJA DLA DROGI NEOKATECHUMENALNEJ  18 marca 2016"},"content":{"rendered":"\n<h1 class=\"has-text-align-center wp-block-heading\">AUDIENCJA DLA DROGI NEOKATECHUMENALNEJ &#013;\n18 marca 2016&#013;\n<\/h1>\n\n<div style=\"height:20px\" aria-hidden=\"true\" class=\"wp-block-spacer\"><\/div>\n\n<h4 class=\"has-text-align-center wp-block-heading\">FRANCISZEK<\/h4>\n\n<div style=\"height:20px\" aria-hidden=\"true\" class=\"wp-block-spacer\"><\/div>\n\n<p><em>Drodzy Bracia i Siostry, dzie\u0144 dobry!<\/em><\/p>\n\n<p>Ciesz\u0119 si\u0119 ze spotkania z wami i dzi\u0119kuj\u0119 za to, \u017ce przysz\u0142o was tak wielu. W szczeg\u00f3lno\u015bci witam tych, kt\u00f3rzy wkr\u00f3tce wyrusz\u0105! Przyj\u0119li\u015bcie wezwanie do ewangelizowania &#8211; b\u0142ogos\u0142awi\u0119 Pana za to, za dar Drogi i za dar, jakim jest ka\u017cdy z was. Chcia\u0142bym zwr\u00f3ci\u0107 uwag\u0119 na trzy s\u0142owa, kt\u00f3re Ewangelia wam przed chwil\u0105 przekaza\u0142a jako mandat misyjny:\u00a0<em>jedno\u015b\u0107,<\/em>\u00a0<em>chwa\u0142a<\/em>\u00a0i\u00a0<em>\u015bwiat<\/em>.<\/p>\n\n<p><em>Jedno\u015b\u0107<\/em>. Jezus prosi Ojca, aby Jego wyznawcy byli \u00abzespoleni w jedno\u00bb (por. J 17, 23): pragnie, aby stanowili oni \u00abjedno\u00bb (w. 22), tak jak On z Ojcem. To jest Jego ostatnia pro\u015bba przed m\u0119k\u0105, najbardziej przejmuj\u0105ca: aby w Ko\u015bciele panowa\u0142a jedno\u015b\u0107. Jedno\u015b\u0107 jest zasadnicza. Wr\u00f3g Boga i cz\u0142owieka, diabe\u0142, jest bezsilny wobec Ewangelii, wobec pokornej si\u0142y modlitwy i sakrament\u00f3w, ale wiele z\u0142a mo\u017ce wyrz\u0105dzi\u0107 Ko\u015bcio\u0142owi, kusz\u0105c nasze cz\u0142owiecze\u0144stwo. Prowokuje do zarozumia\u0142o\u015bci, os\u0105dzania innych, zamykania si\u0119, podzia\u0142\u00f3w. On sam jest tym, \u00abkt\u00f3ry dzieli\u00bb, a cz\u0119sto zaczyna od przekonywania nas, \u017ce jeste\u015bmy dobrzy, mo\u017ce nawet lepsi od innych &#8211; w ten spos\u00f3b ma przygotowany grunt, by sia\u0107 niezgod\u0119. To jest pokusa wszystkich wsp\u00f3lnot, a mo\u017ce wkra\u015b\u0107 si\u0119 tak\u017ce w najwspanialsze charyzmaty Ko\u015bcio\u0142a.<\/p>\n\n<p>Wy otrzymali\u015bcie wielki charyzmat &#8211; chrzcielnej odnowy \u017cycia; istotnie, do Ko\u015bcio\u0142a cz\u0142owiek wchodzi przez chrzest. Ka\u017cdy chryzmat jest \u0142ask\u0105 Boga, s\u0142u\u017c\u0105c\u0105 wzrostowi jedno\u015bci. Ale charyzmat mo\u017ce ulec zniszczeniu, kiedy zamykamy si\u0119 lub kiedy si\u0119 pysznimy, kiedy chcemy wyr\u00f3\u017cni\u0107 si\u0119 spo\u015br\u00f3d innych. Dlatego trzeba go strzec. Strze\u017ccie waszego charyzmatu! W jaki spos\u00f3b? Trzymaj\u0105c si\u0119 g\u0142\u00f3wnej drogi:\u00a0<em>pokornej i pos\u0142usznej jedno\u015bci<\/em>. Je\u017celi ona jest, Duch \u015awi\u0119ty nadal dzia\u0142a, tak jak dzia\u0142a\u0142 w Maryi &#8211; otwartej, pokornej i pos\u0142usznej. Zawsze trzeba czuwa\u0107 nad charyzmatem, oczyszczaj\u0105c z ewentualnych przerost\u00f3w ludzkich przez d\u0105\u017cenie do jedno\u015bci ze wszystkimi i pos\u0142usze\u0144stwo Ko\u015bcio\u0142owi. Wtedy\u00a0<em>oddycha si\u0119 w Ko\u015bciele i z Ko\u015bcio\u0142em<\/em>; w ten spos\u00f3b pozostajemy uleg\u0142ymi dzie\u0107mi \u00ab\u015bwi\u0119tej Matki Ko\u015bcio\u0142a hierarchicznego\u00bb, z \u00abduchem gotowym i skorym\u00bb do misji (por. \u015bw. Ignacy Loyola,\u00a0<em>\u0106wiczenia duchowne<\/em>, 353).<\/p>\n\n<p>K\u0142ad\u0119 nacisk na ten aspekt: Ko\u015bci\u00f3\u0142 jest nasz\u0105 matk\u0105. Tak jak na obliczach dzieci odbija si\u0119 podobie\u0144stwo do mamy, tak my wszyscy jeste\u015bmy podobni do naszej matki-Ko\u015bcio\u0142a. Po chrzcie nie \u017cyjemy ju\u017c jako odosobnione jednostki, ale stali\u015bmy si\u0119\u00a0<em>m\u0119\u017cczyznami i kobietami wsp\u00f3lnoty,<\/em>\u00a0powo\u0142anymi do\u00a0<em>bycia sprawcami jedno\u015bci<\/em>\u00a0w \u015bwiecie. Jezus bowiem nie tylko\u00a0<em>za\u0142o\u017cy\u0142 dla nas Ko\u015bci\u00f3\u0142<\/em>, ale tak\u017ce\u00a0<em>nas ustanowi\u0142 jako Ko\u015bci\u00f3\u0142<\/em>. Ko\u015bci\u00f3\u0142 nie jest dla nas narz\u0119dziem: my jeste\u015bmy Ko\u015bcio\u0142em. Z niego si\u0119 odrodzili\u015bmy, on nas karmi Chlebem \u017cycia, od niego otrzymujemy s\u0142owa \u017cycia, uzyskujemy przebaczenie i przez niego jeste\u015bmy prowadzeni do domu. To jest p\u0142odno\u015b\u0107 Ko\u015bcio\u0142a, kt\u00f3ry jest matk\u0105: nie jest on organizacj\u0105, kt\u00f3ra szuka zwolennik\u00f3w, czy grup\u0105, kt\u00f3ra si\u0119 rozwija, kieruj\u0105c si\u0119 logik\u0105 swoich idei, ale jest matk\u0105, przekazuj\u0105c\u0105 \u017cycie, kt\u00f3re otrzyma\u0142 od Jezusa.<\/p>\n\n<p>Ta p\u0142odno\u015b\u0107 wyra\u017ca si\u0119 przez pos\u0142ug\u0119 i przewodnictwo pasterzy. Tak\u017ce instytucja jest w istocie charyzmatem, poniewa\u017c jej korzenie tkwi\u0105 w tym samym \u017ar\u00f3dle, kt\u00f3rym jest Duch \u015awi\u0119ty. On jest \u017cyw\u0105 wod\u0105, ale woda mo\u017ce nadal dawa\u0107 \u017cycie tylko w\u00f3wczas, je\u017celi ro\u015blina jest dobrze piel\u0119gnowana i przycinana. Ga\u015bcie pragnienie u \u017ar\u00f3d\u0142a mi\u0142o\u015bci, Ducha, i troszczcie si\u0119, delikatnie i z szacunkiem, o ca\u0142y organizm Ko\u015bcio\u0142a, zw\u0142aszcza o cz\u0119\u015bci najs\u0142absze, aby wzrasta\u0142 w ca\u0142o\u015bci, harmonijny i owocny.<\/p>\n\n<p>Drugie s\u0142owo:\u00a0<em>chwa\u0142a<\/em>. Jezus przed swoj\u0105 m\u0119k\u0105 zapowiada, \u017ce b\u0119dzie \u00abotoczony chwa\u0142\u0105\u00bb na krzy\u017cu &#8211; tam objawi si\u0119 Jego chwa\u0142a (por. J 17, 5). A jest to chwa\u0142a nowa &#8211; chwa\u0142a \u015bwiatowa przejawia si\u0119, kiedy jeste\u015bmy wa\u017cni, podziwiani, kiedy posiadamy dobra i odnosimy sukcesy. Natomiast chwa\u0142a Boga objawia si\u0119 na krzy\u017cu: jest ni\u0105 mi\u0142o\u015b\u0107, kt\u00f3ra tam ja\u015bnieje i si\u0119 rozprzestrzenia. Jest to chwa\u0142a paradoksalna &#8211; bez rozg\u0142osu, bez korzy\u015bci i bez oklask\u00f3w. Ale tylko dzi\u0119ki takiej chwale Ewangelia jest owocna. Podobnie r\u00f3wnie\u017c matka-Ko\u015bci\u00f3\u0142 jest p\u0142odny, kiedy wzoruje si\u0119 na mi\u0142osiernej mi\u0142o\u015bci Boga, kt\u00f3ra si\u0119 przedstawia, ale nigdy si\u0119 nie narzuca. Jest ona pokorna, dzia\u0142a jak deszcz na ziemi\u0119, jak powietrze, kt\u00f3rym si\u0119 oddycha, jak ma\u0142e ziarno, kt\u00f3re w ciszy wydaje owoc. Kto g\u0142osi mi\u0142o\u015b\u0107, nie mo\u017ce tego robi\u0107 inaczej ni\u017c w\u0142a\u015bnie w stylu mi\u0142o\u015bci.<\/p>\n\n<p>A trzecim s\u0142owem, kt\u00f3re us\u0142yszeli\u015bmy, jest\u00a0<em>\u015bwiat<\/em>. \u00abB\u00f3g tak umi\u0142owa\u0142 \u015bwiat\u00bb, \u017ce pos\u0142a\u0142 Jezusa (por. J 3, 16). Ten, kto kocha, nie stoi z daleka, ale wychodzi naprzeciw. Wy p\u00f3jdziecie do wielu miast, wielu kraj\u00f3w. Boga nie poci\u0105ga \u015bwiatowo\u015b\u0107, wr\u0119cz jej nie cierpi; ale kocha \u015bwiat, kt\u00f3ry stworzy\u0142, i kocha swoje dzieci na \u015bwiecie, takie jakie s\u0105, tam gdzie \u017cyj\u0105, nawet je\u015bli s\u0105 \u00abdalekie\u00bb. Nie b\u0119dzie wam \u0142atwo \u017cy\u0107 w dalekich krajach, w innych kulturach, nie b\u0119dzie to dla was \u0142atwe. Ale taka jest wasza misja. A robicie to z mi\u0142o\u015bci, z mi\u0142o\u015bci do matki-Ko\u015bcio\u0142a, do jedno\u015bci tej p\u0142odnej matki; czynicie to, aby Ko\u015bci\u00f3\u0142 by\u0142 matk\u0105 i by\u0142 p\u0142odny. Ukazujcie dzieciom czu\u0142e spojrzenie Ojca i traktujcie jako dar rzeczywisto\u015bci, kt\u00f3re spotkacie; zaznajamiajcie si\u0119 z kulturami, j\u0119zykami i miejscowymi zwyczajami, szanuj\u0105c je i uznaj\u0105c za ziarna \u0142aski, kt\u00f3re Duch ju\u017c rozsia\u0142. Nie ulegajcie pokusie przeszczepiania nabytych wzorc\u00f3w, ale zasiewajcie\u00a0<em>pierwsze przepowiadanie<\/em>: \u00abto, co istotne, to, co jest pi\u0119kniejsze, wi\u0119ksze, bardziej poci\u0105gaj\u0105ce i jednocze\u015bnie bardziej potrzebne\u00bb (por. adhort. apost.\u00a0<em>Evangelii gaudium<\/em>, 35). To jest dobra nowina, kt\u00f3ra musi wci\u0105\u017c powraca\u0107, w przeciwnym razie wierze grozi, \u017ce stanie si\u0119 zimn\u0105 doktryn\u0105, w kt\u00f3rej nie ma \u017cycia. Poza tym ewangelizowanie jako rodziny, \u017cyj\u0105c jedno\u015bci\u0105 i w prostocie, ju\u017c jest g\u0142oszeniem \u017cycia, pi\u0119knym \u015bwiadectwem, za kt\u00f3re bardzo wam dzi\u0119kuj\u0119. I dzi\u0119kuj\u0119 wam w imieniu w\u0142asnym, a tak\u017ce w imieniu ca\u0142ego Ko\u015bcio\u0142a za ten gest p\u00f3j\u015bcia, p\u00f3j\u015bcia ku nieznanemu, a tak\u017ce cierpienia. Bowiem b\u0119dzie cierpienie, ale b\u0119dzie tak\u017ce rado\u015b\u0107 z chwa\u0142y Bo\u017cej, chwa\u0142y, kt\u00f3ra jest na krzy\u017cu. Jestem z wami i dodaj\u0119 wam otuchy, a was prosz\u0119, nie zapominajcie modli\u0107 si\u0119 za mnie. Ja pozostaj\u0119 tutaj, ale sercem id\u0119 z wami.<\/p>\n","protected":false},"excerpt":{"rendered":"<p>AUDIENCJA DLA DROGI NEOKATECHUMENALNEJ &#013; 18 marca 2016&#013; FRANCISZEK Drodzy Bracia i Siostry, dzie\u0144 dobry! Ciesz\u0119 si\u0119 ze spotkania z wami i dzi\u0119kuj\u0119 za to, \u017ce przysz\u0142o was tak wielu. W szczeg\u00f3lno\u015bci witam tych, kt\u00f3rzy wkr\u00f3tce wyrusz\u0105! Przyj\u0119li\u015bcie wezwanie do ewangelizowania &#8211; b\u0142ogos\u0142awi\u0119 Pana za to, za dar Drogi i za dar, jakim jest ka\u017cdy z was. Chcia\u0142bym zwr\u00f3ci\u0107 uwag\u0119 na trzy s\u0142owa, kt\u00f3re Ewangelia wam przed chwil\u0105 przekaza\u0142a jako<\/p>\n<div class=\"read-more\"><a class=\"btn read-more-btn\" href=\"https:\/\/neocatechumenaleiter.org\/pl\/slowa-papiezy\/franciszek\/audiencja-dla-drogi-neokatechumenalnej-18-marca-2016\/\">Czytaj dalej<\/a><\/div>\n","protected":false},"author":2,"featured_media":0,"parent":16512,"menu_order":4,"comment_status":"closed","ping_status":"closed","template":"","meta":{"footnotes":""},"class_list":["post-20361","page","type-page","status-publish","hentry"],"_links":{"self":[{"href":"https:\/\/neocatechumenaleiter.org\/pl\/wp-json\/wp\/v2\/pages\/20361","targetHints":{"allow":["GET"]}}],"collection":[{"href":"https:\/\/neocatechumenaleiter.org\/pl\/wp-json\/wp\/v2\/pages"}],"about":[{"href":"https:\/\/neocatechumenaleiter.org\/pl\/wp-json\/wp\/v2\/types\/page"}],"author":[{"embeddable":true,"href":"https:\/\/neocatechumenaleiter.org\/pl\/wp-json\/wp\/v2\/users\/2"}],"replies":[{"embeddable":true,"href":"https:\/\/neocatechumenaleiter.org\/pl\/wp-json\/wp\/v2\/comments?post=20361"}],"version-history":[{"count":3,"href":"https:\/\/neocatechumenaleiter.org\/pl\/wp-json\/wp\/v2\/pages\/20361\/revisions"}],"predecessor-version":[{"id":20364,"href":"https:\/\/neocatechumenaleiter.org\/pl\/wp-json\/wp\/v2\/pages\/20361\/revisions\/20364"}],"up":[{"embeddable":true,"href":"https:\/\/neocatechumenaleiter.org\/pl\/wp-json\/wp\/v2\/pages\/16512"}],"wp:attachment":[{"href":"https:\/\/neocatechumenaleiter.org\/pl\/wp-json\/wp\/v2\/media?parent=20361"}],"curies":[{"name":"wp","href":"https:\/\/api.w.org\/{rel}","templated":true}]}}