{"id":20365,"date":"2020-02-28T15:35:08","date_gmt":"2020-02-28T14:35:08","guid":{"rendered":"https:\/\/neocatechumenaleiter.org\/slowa-papiezy\/sw-pawel-vi\/audiencja-generalna-8-v-1974\/"},"modified":"2021-08-10T10:58:59","modified_gmt":"2021-08-10T09:58:59","slug":"audiencja-generalna-8-v-1974","status":"publish","type":"page","link":"https:\/\/neocatechumenaleiter.org\/pl\/slowa-papiezy\/sw-pawel-vi\/audiencja-generalna-8-v-1974\/","title":{"rendered":"AUDIENCJA GENERALNA  8 V 1974"},"content":{"rendered":"\n<h1 class=\"has-text-align-center wp-block-heading\">AUDIENCJA GENERALNA  8 V 1974<\/h1>\n\n<div style=\"height:20px\" aria-hidden=\"true\" class=\"wp-block-spacer\"><\/div>\n\n<h4 class=\"has-text-align-center wp-block-heading\">\u015aw. Pawe\u0142 VI<\/h4>\n\n<div style=\"height:20px\" aria-hidden=\"true\" class=\"wp-block-spacer\"><\/div>\n\n<p>8 maja 1974\u00a0r., na zako\u0144czenie mi\u0119dzynarodowego spotkania odbywaj\u0105cego si\u0119 w Rzymie w \u201eDomus Mariae\u201d, oko\u0142o 500 jego uczestnik\u00f3w &#8211; prezbiter\u00f3w i \u015bwieckich pochodz\u0105cych z r\u00f3\u017cnych region\u00f3w Europy &#8211; by\u0142o obecnych na papieskiej audiencji generalnej. Pawe\u0142\u00a0VI skierowa\u0142 do nich nast\u0119puj\u0105ce s\u0142owa:<\/p>\n\n<p>Pozdrawiamy grup\u0119 ksi\u0119\u017cy i ludzi \u015bwieckich reprezentuj\u0105cych ruch \u2013 popatrzcie, to s\u0105 sprawy posoborowe &#8211; wsp\u00f3lnot neokatechumenalnych, kt\u00f3re przyby\u0142y do Rzymu z wielu diecezji W\u0142och i innych kraj\u00f3w na spotkanie po\u015bwi\u0119cone tematyce ewangelizacji w \u015bwiecie wsp\u00f3\u0142czesnym, tej samej tematyce, kt\u00f3r\u0105 podejmie najbli\u017csza sesja Synodu Biskup\u00f3w. Jak\u0105\u017c rado\u015b\u0107 i jak\u0105 nadziej\u0119 daje nam wasza obecno\u015b\u0107 i wasza dzia\u0142alno\u015b\u0107!<\/p>\n\n<p>Wiemy, \u017ce w waszych wsp\u00f3lnotach usi\u0142ujecie wsp\u00f3lnie zrozumie\u0107 i rozwin\u0105\u0107 bogactwa waszego Chrztu i konsekwencje waszej przynale\u017cno\u015bci do Chrystusa. To zaanga\u017cowanie umo\u017cliwia wam zdanie sobie sprawy z tego, \u017ce \u017cycie chrze\u015bcija\u0144skie nie jest niczym innym, jak zgodno\u015bci\u0105 nauki i post\u0119powania, niczym innym, jak nieustannym dynamizmem wyp\u0142ywaj\u0105cym st\u0105d, \u017ce zaakceptowa\u0142o si\u0119 to, by by\u0107 razem z Chrystusem i przed\u0142u\u017ca\u0107 Jego obecno\u015b\u0107 i Jego misj\u0119 w \u015bwiecie.<\/p>\n\n<p>To zamierzenie, gdy dla was jest \u015bwiadomym i autentycznym sposobem prze\u017cywania powo\u0142ania chrze\u015bcija\u0144skiego, staje si\u0119 tak\u017ce skutecznym \u015bwiadectwem dla innych, zach\u0119t\u0105 do odkrywania i odzyskania prawdziwych, autentycznych, rzeczywistych warto\u015bci chrze\u015bcija\u0144skich, kt\u00f3re inaczej mog\u0142yby pozosta\u0107 prawie \u017ce ukryte, u\u015bpione i jakby rozmyte w zwyczajnym \u017cyciu.<\/p>\n\n<p>Nie! Wy je uwypuklacie, ukazujecie je i dajecie im blask moralny naprawd\u0119 wzorowy, nie przez co innego jak przez prze\u017cywanie w tym duchu chrze\u015bcija\u0144skim tej waszej wsp\u00f3lnoty neokatechumenalnej.<\/p>\n\n<p>Prze\u017cywanie i rozwijanie tego przebudzenia jest tym, co nazywacie form\u0105 katechumenatu pochrzcielnego, kt\u00f3ry b\u0119dzie m\u00f3g\u0142 odnowi\u0107 w dzisiejszych wsp\u00f3lnotach chrze\u015bcija\u0144skich te oznaki dojrza\u0142o\u015bci i pog\u0142\u0119bienia, kt\u00f3re w Ko\u015bciele pierwotnym osi\u0105gano w okresie przygotowania do Chrztu.<\/p>\n\n<p>Wy czynicie to po Chrzcie. \u201ePrzed\u201d czy \u201epo\u201d jest \u2013 powiedzia\u0142bym \u2013 rzecz\u0105 drugorz\u0119dn\u0105. Faktem jest, \u017ce wy zmierzacie do autentyzmu, do pe\u0142ni, do konsekwencji, do szczero\u015bci \u017cycia chrze\u015bcija\u0144skiego. I to jest \u2013 powtarzam \u2013 ogromna zas\u0142uga, kt\u00f3ra nas niezwykle pociesza i kt\u00f3ra sugeruje nam i podsuwa pozdrowienia, \u017cyczenia i jak najobfitsze b\u0142ogos\u0142awie\u0144stwa dla was, dla tych, kt\u00f3rzy o was si\u0119 troszcz\u0105, i wreszcie dla tych, kt\u00f3rych mo\u017cecie pozdrowi\u0107 z naszej strony waszym or\u0119dziem.<\/p>\n\n<p>Z rado\u015bci\u0105 dowiadujemy si\u0119, \u017ce jeste\u015bcie animatorami, kt\u00f3rzy \u015bwiadomo\u015b\u0107 tych rzeczy wnosz\u0105 do tylu parafii. Ze szczeg\u00f3ln\u0105 rado\u015bci\u0105 przyjmujemy do wiadomo\u015bci, \u017ce we wszystkich waszych inicjatywach bardzo uwa\u017cacie na zale\u017cno\u015b\u0107 od waszych pasterzy i na jedno\u015b\u0107 ze wszystkimi bra\u0107mi. Z powodu tej wra\u017cliwo\u015bci eklezjalnej, kt\u00f3ra jest zawsze gwarancj\u0105 konstruktywnej obecno\u015bci Ducha \u015awi\u0119tego, pragniemy doda\u0107 wam zach\u0119ty i udzieli\u0107 wam naszego b\u0142ogos\u0142awie\u0144stwa.<\/p>\n","protected":false},"excerpt":{"rendered":"<p>AUDIENCJA GENERALNA 8 V 1974 \u015aw. Pawe\u0142 VI 8 maja 1974\u00a0r., na zako\u0144czenie mi\u0119dzynarodowego spotkania odbywaj\u0105cego si\u0119 w Rzymie w \u201eDomus Mariae\u201d, oko\u0142o 500 jego uczestnik\u00f3w &#8211; prezbiter\u00f3w i \u015bwieckich pochodz\u0105cych z r\u00f3\u017cnych region\u00f3w Europy &#8211; by\u0142o obecnych na papieskiej audiencji generalnej. Pawe\u0142\u00a0VI skierowa\u0142 do nich nast\u0119puj\u0105ce s\u0142owa: Pozdrawiamy grup\u0119 ksi\u0119\u017cy i ludzi \u015bwieckich reprezentuj\u0105cych ruch \u2013 popatrzcie, to s\u0105 sprawy posoborowe &#8211; wsp\u00f3lnot neokatechumenalnych, kt\u00f3re przyby\u0142y do Rzymu z<\/p>\n<div class=\"read-more\"><a class=\"btn read-more-btn\" href=\"https:\/\/neocatechumenaleiter.org\/pl\/slowa-papiezy\/sw-pawel-vi\/audiencja-generalna-8-v-1974\/\">Czytaj dalej<\/a><\/div>\n","protected":false},"author":2,"featured_media":0,"parent":16492,"menu_order":0,"comment_status":"closed","ping_status":"closed","template":"","meta":{"footnotes":""},"class_list":["post-20365","page","type-page","status-publish","hentry"],"_links":{"self":[{"href":"https:\/\/neocatechumenaleiter.org\/pl\/wp-json\/wp\/v2\/pages\/20365","targetHints":{"allow":["GET"]}}],"collection":[{"href":"https:\/\/neocatechumenaleiter.org\/pl\/wp-json\/wp\/v2\/pages"}],"about":[{"href":"https:\/\/neocatechumenaleiter.org\/pl\/wp-json\/wp\/v2\/types\/page"}],"author":[{"embeddable":true,"href":"https:\/\/neocatechumenaleiter.org\/pl\/wp-json\/wp\/v2\/users\/2"}],"replies":[{"embeddable":true,"href":"https:\/\/neocatechumenaleiter.org\/pl\/wp-json\/wp\/v2\/comments?post=20365"}],"version-history":[{"count":3,"href":"https:\/\/neocatechumenaleiter.org\/pl\/wp-json\/wp\/v2\/pages\/20365\/revisions"}],"predecessor-version":[{"id":20368,"href":"https:\/\/neocatechumenaleiter.org\/pl\/wp-json\/wp\/v2\/pages\/20365\/revisions\/20368"}],"up":[{"embeddable":true,"href":"https:\/\/neocatechumenaleiter.org\/pl\/wp-json\/wp\/v2\/pages\/16492"}],"wp:attachment":[{"href":"https:\/\/neocatechumenaleiter.org\/pl\/wp-json\/wp\/v2\/media?parent=20365"}],"curies":[{"name":"wp","href":"https:\/\/api.w.org\/{rel}","templated":true}]}}