{"id":20373,"date":"2020-02-29T04:17:59","date_gmt":"2020-02-29T03:17:59","guid":{"rendered":"https:\/\/neocatechumenaleiter.org\/slowa-papiezy\/franciszek\/regina-caeli-pozdrowienie-skierowane-do-wspolnot-neokatechumenalnych-rzymu-z-okazji-misji-na-placach-7-iv-2013\/"},"modified":"2021-08-10T10:59:19","modified_gmt":"2021-08-10T09:59:19","slug":"regina-caeli-pozdrowienie-skierowane-do-wspolnot-neokatechumenalnych-rzymu-z-okazji-misji-na-placach-7-iv-2013","status":"publish","type":"page","link":"https:\/\/neocatechumenaleiter.org\/pl\/slowa-papiezy\/franciszek\/regina-caeli-pozdrowienie-skierowane-do-wspolnot-neokatechumenalnych-rzymu-z-okazji-misji-na-placach-7-iv-2013\/","title":{"rendered":"REGINA CAELI: POZDROWIENIE SKIEROWANE  DO WSP\u00d3LNOT NEOKATECHUMENALNYCH RZYMU  Z OKAZJI MISJI NA PLACACH  7 IV 2013"},"content":{"rendered":"\n<h1 class=\"has-text-align-center wp-block-heading\">REGINA CAELI: POZDROWIENIE SKIEROWANE  DO WSP\u00d3LNOT NEOKATECHUMENALNYCH RZYMU  Z OKAZJI MISJI NA PLACACH  7 IV 2013<\/h1>\n\n<div style=\"height:20px\" aria-hidden=\"true\" class=\"wp-block-spacer\"><\/div>\n\n<h4 class=\"has-text-align-center wp-block-heading\">FRANCISZEK<\/h4>\n\n<div style=\"height:20px\" aria-hidden=\"true\" class=\"wp-block-spacer\"><\/div>\n\n<p><strong>Plac \u015bw. Piotra \u2013 Niedziela Mi\u0142osierdzia Bo\u017cego<\/strong><strong>,\u00a07 kwietnia 2013<\/strong><\/p>\n\n<p>Z przyjemno\u015bci\u0105 pozdrawiam tak\u017ce licznych cz\u0142onk\u00f3w ruch\u00f3w i stowarzysze\u0144, uczestnicz\u0105cych w tej naszej modlitwie, w szczeg\u00f3lno\u015bci wsp\u00f3lnoty neokatechumenatu w Rzymie, kt\u00f3re dzi\u015b rozpoczynaj\u0105 specjaln\u0105 misj\u0119 na placach tego miasta. Zach\u0119cam wszystkich do niesienia Dobrej Nowiny we wszystkie \u015brodowiska \u017cycia \u00abz \u0142agodno\u015bci\u0105 i boja\u017ani\u0105 [Bo\u017c\u0105]\u00bb (1 P 3, 16)! Wychod\u017acie na place i g\u0142o\u015bcie Jezusa Chrystusa, naszego Zbawiciela.<\/p>\n\n<div class=\"wp-block-image is-style-default\"><figure class=\"aligncenter size-large\"><img loading=\"lazy\" decoding=\"async\" width=\"400\" height=\"274\" src=\"https:\/\/neocatechumenaleiter.org\/wp-content\/uploads\/2020\/02\/Camino_Neocatecumenal_Papa_Francisco_Kiko_Arguello_Carmen_Hernandez_Mario_Pezzi_audiencia.jpg\" alt=\"\" class=\"wp-image-4574\" srcset=\"https:\/\/neocatechumenaleiter.org\/wp-content\/uploads\/2020\/02\/Camino_Neocatecumenal_Papa_Francisco_Kiko_Arguello_Carmen_Hernandez_Mario_Pezzi_audiencia.jpg 400w, https:\/\/neocatechumenaleiter.org\/wp-content\/uploads\/2020\/02\/Camino_Neocatecumenal_Papa_Francisco_Kiko_Arguello_Carmen_Hernandez_Mario_Pezzi_audiencia-300x206.jpg 300w\" sizes=\"auto, (max-width: 400px) 100vw, 400px\" \/><\/figure><\/div>\n","protected":false},"excerpt":{"rendered":"<p>REGINA CAELI: POZDROWIENIE SKIEROWANE DO WSP\u00d3LNOT NEOKATECHUMENALNYCH RZYMU Z OKAZJI MISJI NA PLACACH 7 IV 2013 FRANCISZEK Plac \u015bw. Piotra \u2013 Niedziela Mi\u0142osierdzia Bo\u017cego,\u00a07 kwietnia 2013 Z przyjemno\u015bci\u0105 pozdrawiam tak\u017ce licznych cz\u0142onk\u00f3w ruch\u00f3w i stowarzysze\u0144, uczestnicz\u0105cych w tej naszej modlitwie, w szczeg\u00f3lno\u015bci wsp\u00f3lnoty neokatechumenatu w Rzymie, kt\u00f3re dzi\u015b rozpoczynaj\u0105 specjaln\u0105 misj\u0119 na placach tego miasta. Zach\u0119cam wszystkich do niesienia Dobrej Nowiny we wszystkie \u015brodowiska \u017cycia \u00abz \u0142agodno\u015bci\u0105 i boja\u017ani\u0105 [Bo\u017c\u0105]\u00bb<\/p>\n<div class=\"read-more\"><a class=\"btn read-more-btn\" href=\"https:\/\/neocatechumenaleiter.org\/pl\/slowa-papiezy\/franciszek\/regina-caeli-pozdrowienie-skierowane-do-wspolnot-neokatechumenalnych-rzymu-z-okazji-misji-na-placach-7-iv-2013\/\">Czytaj dalej<\/a><\/div>\n","protected":false},"author":2,"featured_media":0,"parent":16512,"menu_order":0,"comment_status":"closed","ping_status":"closed","template":"","meta":{"footnotes":""},"class_list":["post-20373","page","type-page","status-publish","hentry"],"_links":{"self":[{"href":"https:\/\/neocatechumenaleiter.org\/pl\/wp-json\/wp\/v2\/pages\/20373","targetHints":{"allow":["GET"]}}],"collection":[{"href":"https:\/\/neocatechumenaleiter.org\/pl\/wp-json\/wp\/v2\/pages"}],"about":[{"href":"https:\/\/neocatechumenaleiter.org\/pl\/wp-json\/wp\/v2\/types\/page"}],"author":[{"embeddable":true,"href":"https:\/\/neocatechumenaleiter.org\/pl\/wp-json\/wp\/v2\/users\/2"}],"replies":[{"embeddable":true,"href":"https:\/\/neocatechumenaleiter.org\/pl\/wp-json\/wp\/v2\/comments?post=20373"}],"version-history":[{"count":4,"href":"https:\/\/neocatechumenaleiter.org\/pl\/wp-json\/wp\/v2\/pages\/20373\/revisions"}],"predecessor-version":[{"id":23943,"href":"https:\/\/neocatechumenaleiter.org\/pl\/wp-json\/wp\/v2\/pages\/20373\/revisions\/23943"}],"up":[{"embeddable":true,"href":"https:\/\/neocatechumenaleiter.org\/pl\/wp-json\/wp\/v2\/pages\/16512"}],"wp:attachment":[{"href":"https:\/\/neocatechumenaleiter.org\/pl\/wp-json\/wp\/v2\/media?parent=20373"}],"curies":[{"name":"wp","href":"https:\/\/api.w.org\/{rel}","templated":true}]}}