{"id":20377,"date":"2020-02-29T04:22:16","date_gmt":"2020-02-29T03:22:16","guid":{"rendered":"https:\/\/neocatechumenaleiter.org\/slowa-papiezy\/franciszek\/przemowienie-ojca-swietego-franciszka-do-przedstawicieli-drogi-neokatechumenalnej-1-ii-2014\/"},"modified":"2021-08-10T10:59:23","modified_gmt":"2021-08-10T09:59:23","slug":"przemowienie-ojca-swietego-franciszka-do-przedstawicieli-drogi-neokatechumenalnej-1-ii-2014","status":"publish","type":"page","link":"https:\/\/neocatechumenaleiter.org\/pl\/slowa-papiezy\/franciszek\/przemowienie-ojca-swietego-franciszka-do-przedstawicieli-drogi-neokatechumenalnej-1-ii-2014\/","title":{"rendered":"Przem\u00f3wienie Ojca \u015awi\u0119tego Franciszka do przedstawicieli Drogi Neokatechumenalnej 1-II-2014"},"content":{"rendered":"\n<h1 class=\"has-text-align-center wp-block-heading\">PRZEM\u00d3WIENIE DO WSP\u00d3LNOT&#13;\nDROGI NEOKATECHUMENALNEJ&#13;\n1 II 2014&#13;\n<\/h1>\n\n<div style=\"height:20px\" aria-hidden=\"true\" class=\"wp-block-spacer\"><\/div>\n\n<h4 class=\"has-text-align-center wp-block-heading\">FRANCISZEK<\/h4>\n\n<div style=\"height:20px\" aria-hidden=\"true\" class=\"wp-block-spacer\"><\/div>\n\n<p><em>Drodzy Bracia i Siostry!<\/em><\/p>\n\n<p>Dzi\u0119kuj\u0119 Panu za rado\u015b\u0107 waszej wiary i za \u017carliwo\u015b\u0107 waszego chrze\u015bcija\u0144skiego \u015bwiadectwa, Bogu niech b\u0119d\u0105 dzi\u0119ki! Witam was wszystkich serdecznie, poczynaj\u0105c od Mi\u0119dzynarodowej Ekipy Odpowiedzialnej za Drog\u0119 Neokatechumenaln\u0105, wraz z kap\u0142anami, seminarzystami i katechistami. Z mi\u0142o\u015bci\u0105 witam dzieci obecne tutaj w wielkiej liczbie. W szczeg\u00f3lny spos\u00f3b my\u015bl\u0119 o rodzinach, kt\u00f3re wyrusz\u0105 w r\u00f3\u017cne strony \u015bwiata, by g\u0142osi\u0107 Ewangeli\u0119 i dawa\u0107 o niej \u015bwiadectwo. Ko\u015bci\u00f3\u0142 jest wam wdzi\u0119czny za wielkoduszno\u015b\u0107! Dzi\u0119kuj\u0119 wam za to, co robicie w Ko\u015bciele i w \u015bwiecie.<\/p>\n\n<p>I w\u0142a\u015bnie w imieniu Ko\u015bcio\u0142a, naszej Matki \u2014 naszej \u015bwi\u0119tej Matki Ko\u015bcio\u0142a hierarchicznego, jak z upodobaniem mawia\u0142 \u015bw. Ignacy Loyola, w imieniu Ko\u015bcio\u0142a chcia\u0142bym wam przedstawi\u0107 kilka prostych zalece\u0144. Pierwszym jest to, by\u015bcie dok\u0142adali jak najwi\u0119kszych stara\u0144, by budowa\u0107 i zachowywa\u0107\u00a0<em>jedno\u015b\u0107 w Ko\u015bcio\u0142ach partykularnych<\/em>, do kt\u00f3rych pojedziecie, by prowadzi\u0107 dzia\u0142alno\u015b\u0107. Droga ma sw\u00f3j w\u0142asny charyzmat, swoj\u0105 dynamik\u0119, dar, kt\u00f3ry \u2014 jak wszystkie dary Ducha \u015awi\u0119tego \u2014 ma g\u0142\u0119boki wymiar eklezjalny; znaczy to, \u017ce trzeba si\u0119 ws\u0142uchiwa\u0107 w \u017cycie Ko\u015bcio\u0142\u00f3w, do kt\u00f3rych wasi prze\u0142o\u017ceni was posy\u0142aj\u0105, dowarto\u015bciowywa\u0107 ich bogactwa, cierpie\u0107 z powodu s\u0142abo\u015bci, je\u015bli jest to konieczne, i w\u0119drowa\u0107 razem jako jedna owczarnia pod przewodnictwem pasterzy Ko\u015bcio\u0142\u00f3w lokalnych. Komunia jest rzecz\u0105 zasadnicz\u0105: niekiedy mo\u017ce by\u0107 rzecz\u0105 lepsz\u0105 zrezygnowanie z prze\u017cywania Drogi we wszystkich szczeg\u00f3\u0142ach przewidzianych przez\u00a0<em>itinerarium<\/em>, aby tylko zagwarantowana by\u0142a jedno\u015b\u0107 braci tworz\u0105cych jedn\u0105 wsp\u00f3lnot\u0119 ko\u015bcieln\u0105, kt\u00f3rej cz\u0119\u015bci\u0105 musicie czu\u0107 si\u0119 zawsze.<\/p>\n\n<p>Nast\u0119pna wskaz\u00f3wka: gdziekolwiek si\u0119 udajecie, dobrze jest, by\u015bcie my\u015bleli, \u017ce Duch \u015awi\u0119ty zawsze przybywa przed wami. To jest wa\u017cne:\u00a0<em>Pan zawsze nas poprzedza<\/em>! Pomy\u015blcie o Filipie, kiedy Pan posy\u0142a go na drog\u0119, na kt\u00f3rej spotyka zarz\u0105dc\u0119 siedz\u0105cego w swoim wozie (por. Dz 8, 27-28). Duch przyby\u0142 pierwszy: zarz\u0105dca czyta\u0142 proroka Izajasza i nie rozumia\u0142, ale jego serce p\u0142on\u0119\u0142o. Tote\u017c kiedy Filip zbli\u017cy\u0142 si\u0119 do niego, by\u0142 gotowy na przyj\u0119cie katechezy i chrztu. Duch zawsze nas poprzedza; B\u00f3g przybywa zawsze wcze\u015bniej ni\u017c my! Nawet w najdalszych miejscach, nawet w najr\u00f3\u017cniejszych kulturach B\u00f3g rozsiewa wsz\u0119dzie nasiona swojego S\u0142owa. St\u0105d bierze si\u0119 potrzeba zwracania szczeg\u00f3lnej\u00a0<em>uwagi na kontekst kulturowy<\/em>, w kt\u00f3rym wy, jako rodziny, b\u0119dziecie prowadzi\u0107 swoj\u0105 dzia\u0142alno\u015b\u0107: jest to \u015brodowisko cz\u0119sto bardzo r\u00f3\u017cni\u0105ce si\u0119 od tego, z kt\u00f3rego pochodzicie. Wielu z was b\u0119dzie mia\u0142o k\u0142opoty z nauczeniem si\u0119 lokalnego j\u0119zyka, kt\u00f3ry czasem mo\u017ce by\u0107 trudny, i wysi\u0142ek ten jest godny pochwa\u0142y. Tym bardziej wa\u017cne b\u0119dzie wasze zaanga\u017cowanie w \u00abuczenie si\u0119\u00bb kultur, z kt\u00f3rymi si\u0119 spotkacie, umiej\u0119tno\u015b\u0107 rozpoznania potrzeby Ewangelii, kt\u00f3ra jest obecna wsz\u0119dzie, ale i efekt\u00f3w dzia\u0142ania Ducha \u015awi\u0119tego w \u017cyciu i dziejach ka\u017cdego ludu.<\/p>\n\n<p>Na koniec wzywam was,\u00a0<em>by\u015bcie z mi\u0142o\u015bci\u0105 troszczyli si\u0119 o siebie wzajemnie, a zw\u0142aszcza o najs\u0142abszych<\/em>. Droga Neokatechumenalna jako\u00a0<em>itinerarium<\/em>\u00a0prowadz\u0105ce do odkrycia w\u0142asnego chrztu jest drog\u0105 trudn\u0105, na kt\u00f3rej brat lub siostra mog\u0105 napotka\u0107 niespodziewane trudno\u015bci. W takich przypadkach cierpliwo\u015b\u0107 i mi\u0142osierdzie, okazywane przez wsp\u00f3lnot\u0119, s\u0105 znakiem jej dojrza\u0142o\u015bci w wierze. Nie nale\u017cy narusza\u0107 niczyjej wolno\u015bci i trzeba szanowa\u0107 r\u00f3wnie\u017c wyb\u00f3r tej osoby, kt\u00f3ra postanowi\u0142aby poszuka\u0107 poza Drog\u0105 innych form \u017cycia chrze\u015bcija\u0144skiego, kt\u00f3re pomog\u0142yby jej coraz lepiej odpowiada\u0107 na powo\u0142anie Pana.<\/p>\n\n<p>Drogie rodziny, drodzy bracia i siostry, zach\u0119cam was, by\u015bcie nie\u015bli wsz\u0119dzie, r\u00f3wnie\u017c do \u015brodowisk najbardziej zdechrystianizowanych, zw\u0142aszcza na egzystencjalne peryferie, Ewangeli\u0119 Jezusa Chrystusa. Ewangelizujcie z mi\u0142o\u015bci\u0105, nie\u015bcie wszystkim mi\u0142o\u015b\u0107 Boga. M\u00f3wcie tym, kt\u00f3rych spotkacie na drogach waszej misji, \u017ce B\u00f3g kocha cz\u0142owieka takiego, jaki jest, z jego ograniczeniami, z jego b\u0142\u0119dami, r\u00f3wnie\u017c z jego grzechami. Dlatego pos\u0142a\u0142 swojego Syna, aby wzi\u0105\u0142 na siebie nasze grzechy. B\u0105d\u017acie zwiastunami i \u015bwiadkami niesko\u0144czonej dobroci i niewyczerpanego mi\u0142osierdzia Ojca.<\/p>\n\n<p>Zawierzam was naszej Matce, Maryi, aby zawsze inspirowa\u0142a i wspiera\u0142a wasz apostolat. Ucz\u0105c si\u0119 od tej czu\u0142ej Matki, b\u0105d\u017acie gorliwymi i radosnymi misjonarzami. Nie tra\u0107cie rado\u015bci, naprz\u00f3d!<\/p>\n","protected":false},"excerpt":{"rendered":"<p>PRZEM\u00d3WIENIE DO WSP\u00d3LNOT&#13; DROGI NEOKATECHUMENALNEJ&#13; 1 II 2014&#13; FRANCISZEK Drodzy Bracia i Siostry! Dzi\u0119kuj\u0119 Panu za rado\u015b\u0107 waszej wiary i za \u017carliwo\u015b\u0107 waszego chrze\u015bcija\u0144skiego \u015bwiadectwa, Bogu niech b\u0119d\u0105 dzi\u0119ki! Witam was wszystkich serdecznie, poczynaj\u0105c od Mi\u0119dzynarodowej Ekipy Odpowiedzialnej za Drog\u0119 Neokatechumenaln\u0105, wraz z kap\u0142anami, seminarzystami i katechistami. Z mi\u0142o\u015bci\u0105 witam dzieci obecne tutaj w wielkiej liczbie. W szczeg\u00f3lny spos\u00f3b my\u015bl\u0119 o rodzinach, kt\u00f3re wyrusz\u0105 w r\u00f3\u017cne strony \u015bwiata, by g\u0142osi\u0107<\/p>\n<div class=\"read-more\"><a class=\"btn read-more-btn\" href=\"https:\/\/neocatechumenaleiter.org\/pl\/slowa-papiezy\/franciszek\/przemowienie-ojca-swietego-franciszka-do-przedstawicieli-drogi-neokatechumenalnej-1-ii-2014\/\">Czytaj dalej<\/a><\/div>\n","protected":false},"author":2,"featured_media":0,"parent":16512,"menu_order":1,"comment_status":"closed","ping_status":"closed","template":"","meta":{"footnotes":""},"class_list":["post-20377","page","type-page","status-publish","hentry"],"_links":{"self":[{"href":"https:\/\/neocatechumenaleiter.org\/pl\/wp-json\/wp\/v2\/pages\/20377","targetHints":{"allow":["GET"]}}],"collection":[{"href":"https:\/\/neocatechumenaleiter.org\/pl\/wp-json\/wp\/v2\/pages"}],"about":[{"href":"https:\/\/neocatechumenaleiter.org\/pl\/wp-json\/wp\/v2\/types\/page"}],"author":[{"embeddable":true,"href":"https:\/\/neocatechumenaleiter.org\/pl\/wp-json\/wp\/v2\/users\/2"}],"replies":[{"embeddable":true,"href":"https:\/\/neocatechumenaleiter.org\/pl\/wp-json\/wp\/v2\/comments?post=20377"}],"version-history":[{"count":4,"href":"https:\/\/neocatechumenaleiter.org\/pl\/wp-json\/wp\/v2\/pages\/20377\/revisions"}],"predecessor-version":[{"id":23950,"href":"https:\/\/neocatechumenaleiter.org\/pl\/wp-json\/wp\/v2\/pages\/20377\/revisions\/23950"}],"up":[{"embeddable":true,"href":"https:\/\/neocatechumenaleiter.org\/pl\/wp-json\/wp\/v2\/pages\/16512"}],"wp:attachment":[{"href":"https:\/\/neocatechumenaleiter.org\/pl\/wp-json\/wp\/v2\/media?parent=20377"}],"curies":[{"name":"wp","href":"https:\/\/api.w.org\/{rel}","templated":true}]}}