{"id":20395,"date":"2020-03-04T00:53:11","date_gmt":"2020-03-03T23:53:11","guid":{"rendered":"https:\/\/neocatechumenaleiter.org\/slowa-papiezy\/sw-jan-pawel-ii\/homilia-dla-wspolnoty-seminarium-redemptoris-mater-w-rzymie-31-10-1993\/"},"modified":"2021-08-10T11:03:27","modified_gmt":"2021-08-10T10:03:27","slug":"homilia-dla-wspolnoty-seminarium-redemptoris-mater-w-rzymie-31-10-1993","status":"publish","type":"page","link":"https:\/\/neocatechumenaleiter.org\/pl\/slowa-papiezy\/sw-jan-pawel-ii\/homilia-dla-wspolnoty-seminarium-redemptoris-mater-w-rzymie-31-10-1993\/","title":{"rendered":"HOMILIA DLA WSP\u00d3LNOTY SEMINARIUM \u201eREDEMPTORIS MATER\u201d W RZYMIE 31-10-1993"},"content":{"rendered":"\n<h1 class=\"has-text-align-center wp-block-heading\">HOMILIA DLA WSP\u00d3LNOTY SEMINARIUM \u201eREDEMPTORIS MATER\u201d W RZYMIE 31-10-1993<\/h1>\n\n<div style=\"height:20px\" aria-hidden=\"true\" class=\"wp-block-spacer\"><\/div>\n\n<h4 class=\"has-text-align-center wp-block-heading\">\u015aw. Jan Pawe\u0142 II<\/h4>\n\n<div style=\"height:20px\" aria-hidden=\"true\" class=\"wp-block-spacer\"><\/div>\n\n<p><strong>Watykan &#8211; kaplica &#8222;Redemptoris Mater&#8221;, 31 pa\u017adziernika 1993 r.<\/strong><\/p>\n\n<p><em>\u201eTo w\u0142a\u015bnie pog\u0142\u0119bienie \u017cycia duchowego, w akceptacji \u00abradykalizmu ewangelicznego\u00bb, znajduje teren jeszcze bardziej p\u0142odny, aby rozkwit\u0142o powo\u0142anie\u201d \u2013 s\u0142owa Jana Paw\u0142a II w homilii wyg\u0142oszonej w niedziel\u0119 31 pa\u017adziernika podczas Eucharystii celebrowanej dla wsp\u00f3lnoty Rzymskiego Seminarium \u201eRedemptoris Mater\u201d.<\/em><\/p>\n\n<div class=\"wp-block-image\"><figure class=\"alignleft size-medium\"><img loading=\"lazy\" decoding=\"async\" width=\"300\" height=\"248\" src=\"https:\/\/neocatechumenaleiter.org\/wp-content\/uploads\/2020\/03\/Camino_Neocatecumenal_Juan_Pablo_II_homilia_seminario_redemptoris_mater_Roma_1993-300x248.jpg\" alt=\"\" class=\"wp-image-2515\" srcset=\"https:\/\/neocatechumenaleiter.org\/wp-content\/uploads\/2020\/03\/Camino_Neocatecumenal_Juan_Pablo_II_homilia_seminario_redemptoris_mater_Roma_1993-300x248.jpg 300w, https:\/\/neocatechumenaleiter.org\/wp-content\/uploads\/2020\/03\/Camino_Neocatecumenal_Juan_Pablo_II_homilia_seminario_redemptoris_mater_Roma_1993.jpg 689w\" sizes=\"auto, (max-width: 300px) 100vw, 300px\" \/><\/figure><\/div>\n\n<p>Niech b\u0119dzie pochwalony Jezus Chrystus!&#13;\n&#13;\n1.Wielebni Bracia w Episkopacie i Kap\u0142a\u0144stwie, <strong>wszyscy Bracia i Siostry<\/strong>!&#13;\n&#13;\n\u201eStan\u0119li\u015bmy po\u015br\u00f3d was pe\u0142ni skromno\u015bci, jak matka troskliwie opiekuj\u0105ca si\u0119 swoimi dzie\u0107mi\u201d (1Tes 2,7).\u00a0<strong>To s\u0142owa \u015bw. Paw\u0142a do Tesaloniczan<\/strong>.&#13;\n&#13;\nKa\u017cdy prezbiter powinien uczyni\u0107 swoimi te s\u0142owa \u015bw. Paw\u0142a, kt\u00f3re w\u0142a\u015bnie wys\u0142uchali\u015bmy. Obraz macierzy\u0144stwa, kt\u00f3ry on sobie przypisuje, jest w rzeczywisto\u015bci jednym z najbardziej sugestywnych, by wyrazi\u0107 pi\u0119kno powo\u0142ania kap\u0142a\u0144skiego. Wyra\u017ca bowiem nie tylko rzadki stopie\u0144 intensywno\u015bci uczuciowej i oddania, lecz sugeruje r\u00f3wnie\u017c intymn\u0105 wi\u0119\u017a, kt\u00f3ra istnieje pomi\u0119dzy s\u0142u\u017cb\u0105 apostolsk\u0105 i pos\u0142ug\u0105 nowego \u201erodzenia\u201d w Chrystusie przez Ducha \u015awi\u0119tego (por. J 3,5-8). Matka, kt\u00f3ra troszczy si\u0119 o w\u0142asne dzieci; matka, kt\u00f3ra \u017cywi.&#13;\n&#13;\nAposto\u0142, jako s\u0142uga \u201eprzepowiadania s\u0142owa Bo\u017cego\u201d, postrzega siebie jako narz\u0119dzie tego duchowego zrodzenia, postrzega siebie jako matk\u0119. On uosabia dla braci \u201emacierzy\u0144sko\u015b\u0107\u201d Ko\u015bcio\u0142a. B\u0119d\u0105c powo\u0142any do zrodzenia ich w Chrystusie przez Ewangeli\u0119 (por. 1Kor 4,15), s\u0142usznie czuje si\u0119 wobec nich nie tylko ojcem, lecz tak\u017ce matk\u0105. Jest \u201eojcem\u201d i \u201ematk\u0105\u201d, gotowym do przekazania nie tylko Ewangelii, lecz oddania dla nich \u201eswojego w\u0142asnego \u017cycia\u201d (por. 1Tes 2,8).<\/p>\n\n<p>2.Jaka\u017c r\u00f3\u017cnica mi\u0119dzy tym obrazem apostolstwa i tym, kt\u00f3ry ujawnia si\u0119 w dw\u00f3ch pozosta\u0142ych czytaniach, naznaczonych ostrymi i ci\u0119\u017ckimi ostrze\u017ceniami! S\u0105 one adresowane do kap\u0142an\u00f3w Starego Przymierza, do pisarzy, do faryzeuszy, lecz tak\u017ce wskazuj\u0105 na ryzyko pob\u0142\u0105dzenia, kt\u00f3re zawsze czai si\u0119 tak\u017ce w naszej pos\u0142udze.&#13;\n&#13;\n\u201eWy za\u015b zboczyli\u015bcie z drogi, wielu doprowadzili\u015bcie do sprzeniewierzenia si\u0119 Prawu\u201d (Ml 2,8).&#13;\n&#13;\nTo s\u0142owo proroka Malachiasza podkre\u015bla wielk\u0105 odpowiedzialno\u015b\u0107 s\u0142ug o\u0142tarza za s\u0142owo. Ich niewierno\u015b\u0107 jest podw\u00f3jnie ci\u0119\u017cka, poniewa\u017c towarzyszy jej zgorszenie. Biada tym, kt\u00f3rzy zamiast by\u0107 wychowawcami ludu Bo\u017cego, sami staj\u0105 si\u0119 dla niego zgorszeniem!&#13;\n&#13;\nNie mniej twarde s\u0105 s\u0142owa Jezusa do tych, kt\u00f3rzy zasiadali na katedrze Moj\u017cesza nie jako pokorni s\u0142udzy s\u0142owa Bo\u017cego, lecz jak starsi szukaj\u0105cy poklasku u ludzi. W nich s\u0142owo i \u017cycie ukazuj\u0105 si\u0119 w ostrym kontra\u015bcie: s\u0105 nauczycielami rzeczy, kt\u00f3rych nie przestrzegaj\u0105, nak\u0142adaj\u0105 ci\u0119\u017cary, kt\u00f3rych sami nie odwa\u017caj\u0105 si\u0119 nosi\u0107, oczekuj\u0105 tytu\u0142u \u201erabbi\u201d, kt\u00f3ry im nie przys\u0142uguje, poniewa\u017c \u201ejeden tylko jest Mistrz, Chrystus\u201d (por. Mt 23,10).<\/p>\n\n<div class=\"wp-block-image\"><figure class=\"alignright size-large\"><img loading=\"lazy\" decoding=\"async\" width=\"676\" height=\"507\" src=\"https:\/\/neocatechumenaleiter.org\/wp-content\/uploads\/2020\/03\/Camino_Neocatecumenal_Juan_Pablo_II_homilia_seminario_redemptoris_mater_Roma_1993_2.jpg\" alt=\"\" class=\"wp-image-4761\" srcset=\"https:\/\/neocatechumenaleiter.org\/wp-content\/uploads\/2020\/03\/Camino_Neocatecumenal_Juan_Pablo_II_homilia_seminario_redemptoris_mater_Roma_1993_2.jpg 676w, https:\/\/neocatechumenaleiter.org\/wp-content\/uploads\/2020\/03\/Camino_Neocatecumenal_Juan_Pablo_II_homilia_seminario_redemptoris_mater_Roma_1993_2-300x225.jpg 300w\" sizes=\"auto, (max-width: 676px) 100vw, 676px\" \/><\/figure><\/div>\n\n<p>3.&#13;\n&#13;\nS\u0142owo Bo\u017ce przedstawia nam w ten spos\u00f3b z jednej strony autentyczny model powo\u0142ania apostolskiego i kap\u0142a\u0144skiego, z drugiej za\u015b jego mo\u017cliwe zwyrodnienia.\u00a0<strong>S\u0142owo Bo\u017ce w tej liturgii<\/strong>\u00a0pojawia si\u0119 w kontek\u015bcie mojego spotkania z wami, \u201eRedemptoris Mater\u201d, odpowiedzialnymi i studentami, duchownymi Rzymskiego Seminarium,\u00a0<strong>kt\u00f3re przyj\u0119\u0142o to samo wezwanie jak ta kaplica: \u201eRedemptoris Mater<\/strong>\u201d.&#13;\n&#13;\n<strong>Przypomina nam to bardzo o odkupieniu, przypomina o \u201eRedemptor hominis\u201d, \u201eRedemptoris Mater\u201d, \u201eRedemptoris Custos\u201d, a tak\u017ce \u201eRedemptoris Missio\u201d, wszystko w tym samym temacie. Pozdrawiam zatem seminarzyst\u00f3w i prze\u0142o\u017conych Seminarium \u201eRedemptoris Mater\u201d w tej kaplicy po\u015bwi\u0119conej Matce Odkupiciela (Redemptoris Mater<\/strong>).&#13;\n&#13;\nPozdrawiam kard. Camillo Ruiniego, Wikariusza Rzymu, kt\u00f3ry w pewnym sensie jest pierwszym odpowiedzialnym za wasze seminarium, bior\u0105c pod uwag\u0119, \u017ce ono, cho\u0107 zakwalifikowane ze wzgl\u0119du na sw\u00f3j cel jako misyjne, okre\u015bla si\u0119 jako Seminarium Diecezji Rzymskiej\u00a0<strong>i nim jest<\/strong>. Pozdrawiam waszego Rektora, Ksi\u0119dza Biskupa Giulia Salimei, waszego Ojca Duchownego, Ksi\u0119dza Arcybiskupa Maximina Romera de Lema.\u00a0<strong>Dzi\u0119kuj\u0119 im, \u017ce zechcieli przyj\u0105\u0107 te wa\u017cne zadania wychowania \u201eRedemptoris Mater\u201d po tylu latach pracy w Kurii Rzymskiej, w Wikariacie Rzymskim<\/strong>. Pozdrawiam was wszystkich, drodzy seminarzy\u015bci, pozdrawiam ka\u017cdego z was,\u00a0<strong>widz\u0105c w was przysz\u0142ych kap\u0142an\u00f3w, kt\u00f3rzy wybrali ju\u017c<\/strong>\u00a0i zbli\u017caj\u0105 si\u0119 do kap\u0142a\u0144stwa\u00a0<strong>Chrystusa<\/strong>.&#13;\n&#13;\n<strong>Jest znamienne i wa\u017cne, \u017ce<\/strong>\u00a0odkryli\u015bcie powo\u0142anie kap\u0142a\u0144skie, id\u0105c Drog\u0105 Neokatechumenaln\u0105 i b\u0119dziecie kontynuowa\u0107 wasz\u0105 drog\u0119 formacji, przestrzegaj\u0105c \u2013 obowi\u0105zkowo \u2013 wskaza\u0144, kt\u00f3re Ko\u015bci\u00f3\u0142 daje wszystkim kandydatom do kap\u0142a\u0144stwa. Cel, do kt\u00f3rego zmierzacie, to g\u0142\u0119bokie zakorzenienie w Chrystusie, kt\u00f3remu towarzyszy\u00a0<strong>ca\u0142kowite<\/strong>\u00a0i serdeczne przylgni\u0119cie do Ko\u015bcio\u0142a. To jest niezb\u0119dny fundament autentycznej formacji kap\u0142a\u0144skiej, a tak\u017ce gwarancja b\u0142ogos\u0142awie\u0144stwa Bo\u017cego\u00a0<strong>na tej drodze kap\u0142a\u0144skiej i neokatechumenalnej, neokatechumenalnej i misyjnej, apostolskiej i misyjnej<\/strong>.<\/p>\n\n<p>Dowiaduj\u0119 si\u0119 z rado\u015bci\u0105, \u017ce \u2013 tak jak wasze \u2013 r\u00f3wnie\u017c liczne inne powo\u0142ania rozkwitaj\u0105 na \u015bcie\u017cce waszej duchowo\u015bci, Drogi Neokatechumenalnej, nie tylko tu w Rzymie, ale w r\u00f3\u017cnych miejscach, w r\u00f3\u017cnych krajach Europy i ca\u0142ego \u015bwiata. To w\u0142a\u015bnie pog\u0142\u0119bienie \u017cycia duchowego, w\u0142a\u015bciwe tej Drodze, w akceptacji \u201eradykalizmu ewangelicznego\u201d, znajduje teren jeszcze bardziej p\u0142odny, aby rozkwit\u0142o powo\u0142anie. B\u00f3g nie przestaje wo\u0142a\u0107, lecz tylko g\u0142\u0119boka intymno\u015b\u0107 z Chrystusem pozwala us\u0142ysze\u0107 Jego g\u0142os, przyj\u0105\u0107 Go z gotowo\u015bci\u0105 i i\u015b\u0107 za Nim z wytrwa\u0142o\u015bci\u0105.<\/p>\n\n<div class=\"wp-block-image\"><figure class=\"alignleft size-medium\"><img loading=\"lazy\" decoding=\"async\" width=\"300\" height=\"251\" src=\"https:\/\/neocatechumenaleiter.org\/wp-content\/uploads\/2020\/03\/Camino_Neocatecumenal_Juan_Pablo_II_homilia_seminario_redemptoris_mater_Roma_1993_3-300x251.jpg\" alt=\"\" class=\"wp-image-2529\" srcset=\"https:\/\/neocatechumenaleiter.org\/wp-content\/uploads\/2020\/03\/Camino_Neocatecumenal_Juan_Pablo_II_homilia_seminario_redemptoris_mater_Roma_1993_3-300x251.jpg 300w, https:\/\/neocatechumenaleiter.org\/wp-content\/uploads\/2020\/03\/Camino_Neocatecumenal_Juan_Pablo_II_homilia_seminario_redemptoris_mater_Roma_1993_3.jpg 684w\" sizes=\"auto, (max-width: 300px) 100vw, 300px\" \/><\/figure><\/div>\n\n<p>4.&#13;\n&#13;\nNie mo\u017cna innych \u201erodzi\u0107\u201d w wierze, je\u015bli wcze\u015bniej nie jest si\u0119 \u201ezrodzonym\u201d z wiary. Pawe\u0142 m\u00f3g\u0142 g\u0142osi\u0107 Chrystusa, gdy\u017c m.in. m\u00f3g\u0142 powiedzie\u0107 w ca\u0142ej prawdzie: \u201eJu\u017c nie ja \u017cyj\u0119, lecz \u017cyje we mnie Chrystus\u201d (Gal 2,20).\u00a0<strong>Dlatego m\u00f3g\u0142 g\u0142osi\u0107 Chrystusa, bo najpierw zosta\u0142 zrodzony przez Chrystusa, nawr\u00f3cony przez Chrystusa, przenikni\u0119ty przez Chrystusa. \u201eNie \u017cyj\u0119 ju\u017c ja, lecz Chrystus \u017cyje we mnie\u201d.<\/strong>\u00a0Nie przypisywa\u0142 sobie niew\u0142a\u015bciwego tytu\u0142u, tak jak dzisiejsza Ewangelia zabrania, gdy czu\u0142 si\u0119 i nazywa\u0142 \u201eojcem\u201d swoich wsp\u00f3lnot, poniewa\u017c jego ojcostwo nie by\u0142o niczym innym, jak przejrzyst\u0105 manifestacj\u0105 ojcostwa Boga.\u00a0<strong>Jednocze\u015bnie nazywa\u0142 siebie \u201ematk\u0105\u201d, daj\u0105c nawet pewne pierwsze\u0144stwo apostolskiemu macierzy\u0144stwu, kt\u00f3re by\u0142o w\u0142a\u015bciwe dla niego wzgl\u0119dem tych wsp\u00f3lnot<\/strong>.&#13;\n&#13;\nTajemnica kap\u0142a\u0144stwa kszta\u0142tuje si\u0119 faktycznie w intymnej jedno\u015bci z misterium Chrystusa. Ca\u0142y Ko\u015bci\u00f3\u0142 winien w jaki\u015b spos\u00f3b uczyni\u0107 Chrystusa \u201ewidzialnym\u201d w historii ludzi, lecz na pierwszym miejscu kap\u0142an, prezbiter, jest wezwany, aby dzia\u0142a\u0107 \u201ein persona Christi\u201d, wezwany do reprezentowania Go jako \u201epasterz\u201d i \u201eg\u0142owa\u201d swojego ludu, swojej owczarni, swojej wsp\u00f3lnoty.&#13;\n&#13;\nKap\u0142an musi by\u0107 osob\u0105 zdobyt\u0105, \u201epochwycon\u0105\u201d przez Chrystusa (por. Flp 3,12). Ministerium prawdziwie \u201ewielkie\u201d, z wielko\u015bci\u0105 naznaczon\u0105 pokor\u0105 s\u0142u\u017cby: \u201eNajwi\u0119kszy w\u015br\u00f3d was niech b\u0119dzie waszym s\u0142ug\u0105\u201d (por. Mt 23,11),\u00a0<strong>tak m\u00f3wi Chrystus.<\/strong><\/p>\n\n<div class=\"wp-block-image\"><figure class=\"alignright size-large\"><img loading=\"lazy\" decoding=\"async\" width=\"662\" height=\"560\" src=\"https:\/\/neocatechumenaleiter.org\/wp-content\/uploads\/2020\/03\/Camino_Neocatecumenal_Juan_Pablo_II_homilia_seminario_redemptoris_mater_Roma_1993_4.jpg\" alt=\"\" class=\"wp-image-4765\" srcset=\"https:\/\/neocatechumenaleiter.org\/wp-content\/uploads\/2020\/03\/Camino_Neocatecumenal_Juan_Pablo_II_homilia_seminario_redemptoris_mater_Roma_1993_4.jpg 662w, https:\/\/neocatechumenaleiter.org\/wp-content\/uploads\/2020\/03\/Camino_Neocatecumenal_Juan_Pablo_II_homilia_seminario_redemptoris_mater_Roma_1993_4-300x254.jpg 300w\" sizes=\"auto, (max-width: 662px) 100vw, 662px\" \/><\/figure><\/div>\n\n<p>5.Pozdrawiam was jeszcze raz w tej kaplicy \u201eRedemptoris Mater\u201d. Tak bardzo si\u0119 ciesz\u0119, \u017ce mog\u0119 celebrowa\u0107 z wami t\u0119 Eucharysti\u0119, kt\u00f3r\u0105 ofiarowuj\u0119 Panu w intencji waszego wytrwania. Niech B\u00f3g wam pomo\u017ce kroczy\u0107 po drogach \u015bwi\u0119to\u015bci, rado\u015bci, do wszystkich narod\u00f3w, do kt\u00f3rych Jego Opatrzno\u015b\u0107 was poprowadzi!&#13;\nJak dobrze, \u017ce Ksi\u0105dz Kardyna\u0142 Wikariusz da\u0142 nam t\u0119 niedziel\u0119 woln\u0105: nie ma \u017cadnej parafii w Rzymie do wizytowania! Obok Rzymskiego Seminarium jest \u201eRedemptoris Mater\u201d: warto by\u0142o znale\u017a\u0107 t\u0119 woln\u0105 niedziel\u0119!&#13;\n<\/p>\n\n<p>\u017bycz\u0119 wam obecno\u015bci, wstawiennictwa Maryi, Naj\u015bwi\u0119tszej Matki Zbawiciela. Powierzam Jej was. W Jej macierzy\u0144stwie poczujecie si\u0119 naprawd\u0119 \u201espokojni i dojrzali\u201d jak \u201edzieci w ramionach matki\u201d (s\u0142owa dzisiejszego psalmu responsoryjnego). Maryja pomo\u017ce wam b\u0142yszcze\u0107 kr\u00f3lewskim z\u0142otem apostolatu Paw\u0142owego dla kr\u00f3lestwa Bo\u017cego, w ca\u0142kowitej wierno\u015bci i pos\u0142usze\u0144stwie Ko\u015bcio\u0142owi, Ko\u015bcio\u0142owi, kt\u00f3ry tak\u017ce jest Matk\u0105, tak jak uczy nas ca\u0142a Tradycja, Sob\u00f3r Watyka\u0144ski II: Ko\u015bci\u00f3\u0142 jest Matk\u0105, na wz\u00f3r Matki Chrystusa. Ten Ko\u015bci\u00f3\u0142 was zrodzi, was zrodzi\u0142 w wierze i w tym Ko\u015bciele jeste\u015bcie powo\u0142ani do stania si\u0119 prezbiterami, aby s\u0142u\u017cy\u0107 a\u017c do ko\u0144ca waszych dni. Niech tak si\u0119 stanie!<\/p>\n","protected":false},"excerpt":{"rendered":"<p>HOMILIA DLA WSP\u00d3LNOTY SEMINARIUM \u201eREDEMPTORIS MATER\u201d W RZYMIE 31-10-1993 \u015aw. Jan Pawe\u0142 II Watykan &#8211; kaplica &#8222;Redemptoris Mater&#8221;, 31 pa\u017adziernika 1993 r. \u201eTo w\u0142a\u015bnie pog\u0142\u0119bienie \u017cycia duchowego, w akceptacji \u00abradykalizmu ewangelicznego\u00bb, znajduje teren jeszcze bardziej p\u0142odny, aby rozkwit\u0142o powo\u0142anie\u201d \u2013 s\u0142owa Jana Paw\u0142a II w homilii wyg\u0142oszonej w niedziel\u0119 31 pa\u017adziernika podczas Eucharystii celebrowanej dla wsp\u00f3lnoty Rzymskiego Seminarium \u201eRedemptoris Mater\u201d. Niech b\u0119dzie pochwalony Jezus Chrystus!&#13; &#13; 1.Wielebni Bracia w Episkopacie<\/p>\n<div class=\"read-more\"><a class=\"btn read-more-btn\" href=\"https:\/\/neocatechumenaleiter.org\/pl\/slowa-papiezy\/sw-jan-pawel-ii\/homilia-dla-wspolnoty-seminarium-redemptoris-mater-w-rzymie-31-10-1993\/\">Czytaj dalej<\/a><\/div>\n","protected":false},"author":2,"featured_media":0,"parent":16496,"menu_order":77,"comment_status":"closed","ping_status":"closed","template":"","meta":{"footnotes":""},"class_list":["post-20395","page","type-page","status-publish","hentry"],"_links":{"self":[{"href":"https:\/\/neocatechumenaleiter.org\/pl\/wp-json\/wp\/v2\/pages\/20395","targetHints":{"allow":["GET"]}}],"collection":[{"href":"https:\/\/neocatechumenaleiter.org\/pl\/wp-json\/wp\/v2\/pages"}],"about":[{"href":"https:\/\/neocatechumenaleiter.org\/pl\/wp-json\/wp\/v2\/types\/page"}],"author":[{"embeddable":true,"href":"https:\/\/neocatechumenaleiter.org\/pl\/wp-json\/wp\/v2\/users\/2"}],"replies":[{"embeddable":true,"href":"https:\/\/neocatechumenaleiter.org\/pl\/wp-json\/wp\/v2\/comments?post=20395"}],"version-history":[{"count":4,"href":"https:\/\/neocatechumenaleiter.org\/pl\/wp-json\/wp\/v2\/pages\/20395\/revisions"}],"predecessor-version":[{"id":24206,"href":"https:\/\/neocatechumenaleiter.org\/pl\/wp-json\/wp\/v2\/pages\/20395\/revisions\/24206"}],"up":[{"embeddable":true,"href":"https:\/\/neocatechumenaleiter.org\/pl\/wp-json\/wp\/v2\/pages\/16496"}],"wp:attachment":[{"href":"https:\/\/neocatechumenaleiter.org\/pl\/wp-json\/wp\/v2\/media?parent=20395"}],"curies":[{"name":"wp","href":"https:\/\/api.w.org\/{rel}","templated":true}]}}