{"id":20399,"date":"2021-01-29T14:26:01","date_gmt":"2021-01-29T13:26:01","guid":{"rendered":"https:\/\/neocatechumenaleiter.org\/slowa-papiezy\/franciszek\/audiencja-z-rozeslaniem-rodzin-i-missio-ad-gentes-6-iii-2015-r\/"},"modified":"2021-01-29T14:26:06","modified_gmt":"2021-01-29T13:26:06","slug":"audiencja-z-rozeslaniem-rodzin-i-missio-ad-gentes-6-iii-2015-r","status":"publish","type":"page","link":"https:\/\/neocatechumenaleiter.org\/pl\/slowa-papiezy\/franciszek\/audiencja-z-rozeslaniem-rodzin-i-missio-ad-gentes-6-iii-2015-r\/","title":{"rendered":"Audiencja z rozes\u0142aniem rodzin i &#8222;Missio ad gentes&#8221; 6-III-2015 r."},"content":{"rendered":"\n<h1 class=\"has-text-align-center wp-block-heading\">Audiencja z rozes\u0142aniem rodzin i &#8222;Missio ad gentes&#8221; 6-III-2015 r.<\/h1>\n\n<div style=\"height:20px\" aria-hidden=\"true\" class=\"wp-block-spacer\"><\/div>\n\n<h4 class=\"has-text-align-center wp-block-heading\">FRANCISZEK<\/h4>\n\n<div style=\"height:20px\" aria-hidden=\"true\" class=\"wp-block-spacer\"><\/div>\n\n<div class=\"wp-block-image is-style-default\"><figure class=\"alignleft size-large\"><img loading=\"lazy\" decoding=\"async\" width=\"400\" height=\"276\" src=\"https:\/\/neocatechumenaleiter.org\/wp-content\/uploads\/2020\/02\/Camino_Neocatecumenal_Papa_Francisco_Kiko_Arguello_audiencia1.jpg\" alt=\"\" class=\"wp-image-4583\" srcset=\"https:\/\/neocatechumenaleiter.org\/wp-content\/uploads\/2020\/02\/Camino_Neocatecumenal_Papa_Francisco_Kiko_Arguello_audiencia1.jpg 400w, https:\/\/neocatechumenaleiter.org\/wp-content\/uploads\/2020\/02\/Camino_Neocatecumenal_Papa_Francisco_Kiko_Arguello_audiencia1-300x207.jpg 300w\" sizes=\"auto, (max-width: 400px) 100vw, 400px\" \/><\/figure><\/div>\n\n<p>Watykan &#8211; Aula Paw\u0142a VI, 6 marca 2015 r.<\/p>\n\n<p>Drodzy Bracia i Siostry, dzie\u0144 dobry wszystkim! I dzi\u0119kuj\u0119, bardzo dzi\u0119kuj\u0119, pozdrawiam was wszystkich serdecznie i przede wszystkim chc\u0119 wam powiedzie\u0107: bardzo dzi\u0119kuj\u0119 za wasze przybycie na to spotkanie z Papie\u017cem. Zadaniem Papie\u017ca, zadaniem Piotra jest umacnia\u0107 braci w wierze. Tak\u017ce wy zechcieli\u015bcie tym gestem poprosi\u0107 Nast\u0119pc\u0119 Piotra, aby potwierdzi\u0142 wasze powo\u0142anie, aby podtrzyma\u0142 wasz\u0105 misj\u0119, aby pob\u0142ogos\u0142awi\u0142 wasz charyzmat. I ja dzisiaj potwierdzam wasze powo\u0142anie, podtrzymuj\u0119 wasz\u0105 misj\u0119 i b\u0142ogos\u0142awi\u0119 wasz charyzmat.<\/p>\n\n<p>Ja chc\u0119 to robi\u0107. Czyni\u0119 to nie dlatego, \u017ce on [wskazuje na Kiko] mi zap\u0142aci\u0142, nie! Czyni\u0119 to, bo tego chc\u0119. P\u00f3jdziecie w imi\u0119 Chrystusa na ca\u0142y \u015bwiat, by nie\u015b\u0107 Jego Ewangeli\u0119: niech Chrystus was poprzedza, niech Chrystus wam towarzyszy, niech Chrystus doprowadzi do zrealizowania tego zbawienia, kt\u00f3rego jeste\u015bcie zwiastunami!<\/p>\n\n<p>Wraz z wami pozdrawiam wszystkich Kardyna\u0142\u00f3w i Biskup\u00f3w, kt\u00f3rzy dzisiaj wam towarzysz\u0105 i kt\u00f3rzy w swoich diecezjach wspieraj\u0105 wasz\u0105 misj\u0119. W spos\u00f3b szczeg\u00f3lny pozdrawiam inicjator\u00f3w Drogi Neokatechumenalnej, Kiko Arg\u00fcello i Carmen Hern\u00e1ndez, wraz z Ojcem Mario Pezzi: tak\u017ce im pragn\u0119 wyrazi\u0107 moje uznanie i poparcie dla wszystkiego, co poprzez Drog\u0119 czyni\u0105 dla dobra Ko\u015bcio\u0142a. Ja zawsze m\u00f3wi\u0119, \u017ce Droga Neokatechumenalna czyni wiele dobra w Ko\u015bciele.<\/p>\n\n<div class=\"wp-block-image is-style-circle-mask\"><figure class=\"alignleft size-large\"><img loading=\"lazy\" decoding=\"async\" width=\"400\" height=\"272\" src=\"https:\/\/neocatechumenaleiter.org\/wp-content\/uploads\/2020\/02\/Camino_Neocatecumenal_Papa_Francisco_Carmen_Hernandez_audiencia1.jpg\" alt=\"\" class=\"wp-image-4586\" srcset=\"https:\/\/neocatechumenaleiter.org\/wp-content\/uploads\/2020\/02\/Camino_Neocatecumenal_Papa_Francisco_Carmen_Hernandez_audiencia1.jpg 400w, https:\/\/neocatechumenaleiter.org\/wp-content\/uploads\/2020\/02\/Camino_Neocatecumenal_Papa_Francisco_Carmen_Hernandez_audiencia1-300x204.jpg 300w\" sizes=\"auto, (max-width: 400px) 100vw, 400px\" \/><\/figure><\/div>\n\n<p>Nasze dzisiejsze spotkanie jest pos\u0142aniem misyjnym<em>, <\/em>w pos\u0142usze\u0144stwie temu, o co prosi\u0142 nas Chrystus a co us\u0142yszeli\u015bmy w Ewangelii. \u201eId\u017acie na ca\u0142y \u015bwiat i g\u0142o\u015bcie Ewangeli\u0119 wszelkiemu stworzeniu! Kto uwierzy i przyjmie chrzest, b\u0119dzie zbawiony\u201d (Mk 16,15-16). I jestem szczeg\u00f3lnie zadowolony z tego, \u017ce ta wasza misja realizuje si\u0119 dzi\u0119ki rodzinom chrze\u015bcija\u0144skim, kt\u00f3re zjednoczone we wsp\u00f3lnocie, maj\u0105 misj\u0119 dawania znak\u00f3w wiary, kt\u00f3re poci\u0105gn\u0105 innych do pi\u0119kna Ewangelii, zgodnie ze s\u0142owami Chrystusa: \u201eMi\u0142ujcie si\u0119 wzajemnie, jak Ja was umi\u0142owa\u0142em. Po tym wszyscy poznaj\u0105, \u017ce jeste\u015bcie moimi uczniami\u201d (por. J\u00a013,34), i \u201eb\u0105d\u017acie jedno, by \u015bwiat uwierzy\u0142\u201d (por. J\u00a017,21).<\/p>\n\n<div class=\"wp-block-image is-style-default\"><figure class=\"alignright size-large\"><img loading=\"lazy\" decoding=\"async\" width=\"400\" height=\"271\" src=\"https:\/\/neocatechumenaleiter.org\/wp-content\/uploads\/2020\/02\/Camino_Neocatecumenal_Audiencia_Papa_Francisco_envio_misionero.jpg\" alt=\"\" class=\"wp-image-4589\" srcset=\"https:\/\/neocatechumenaleiter.org\/wp-content\/uploads\/2020\/02\/Camino_Neocatecumenal_Audiencia_Papa_Francisco_envio_misionero.jpg 400w, https:\/\/neocatechumenaleiter.org\/wp-content\/uploads\/2020\/02\/Camino_Neocatecumenal_Audiencia_Papa_Francisco_envio_misionero-300x203.jpg 300w\" sizes=\"auto, (max-width: 400px) 100vw, 400px\" \/><\/figure><\/div>\n\n<p>Te wsp\u00f3lnoty powo\u0142ane przez Biskup\u00f3w sk\u0142adaj\u0105 si\u0119 z prezbitera i czterech lub pi\u0119ciu rodzin wraz z dzie\u0107mi, r\u00f3wnie\u017c doros\u0142ymi, i stanowi\u0105 \u201emissio ad gentes\u201d, z misj\u0105 ewangelizacji niechrze\u015bcijan. Niechrze\u015bcijan, kt\u00f3rzy nigdy nie s\u0142yszeli o Jezusie Chrystusie, i tylu niechrze\u015bcijan, kt\u00f3rzy zapomnieli, kim by\u0142 Jezus Chrystus, kim jest Jezus Chrystus: niechrze\u015bcijan ochrzczonych, kt\u00f3rzy poprzez sekularyzacj\u0119, \u015bwiatowo\u015b\u0107 i wiele innych spraw zapomnieli o wierze. Obud\u017acie t\u0119 wiar\u0119!<\/p>\n\n<p>A zatem, zanim s\u0142owem, najpierw \u015bwiadectwem waszego \u017cycia ukazujecie serce objawienia Chrystusowego: \u017ce B\u00f3g kocha cz\u0142owieka a\u017c do wydania si\u0119 za niego na \u015bmier\u0107 i \u017ce przez Ojca zosta\u0142 On przywr\u00f3cony do \u017cycia, aby da\u0107 nam \u0142ask\u0119 oddawania naszego \u017cycia dla innych. Tej wielkiej nowiny koniecznie potrzebuje wsp\u00f3\u0142czesny \u015bwiat. Ile\u017c samotno\u015bci, ile\u017c cierpienia, ile\u017c oddalenia si\u0119 od Boga na wielu peryferiach Europy, Ameryki i tylu miastach Azji! Jak\u017ce bardzo potrzebuje us\u0142ysze\u0107 wsp\u00f3\u0142czesny cz\u0142owiek na ka\u017cdej szeroko\u015bci geograficznej, \u017ce B\u00f3g go kocha i \u017ce mi\u0142o\u015b\u0107 jest mo\u017cliwa! Te wsp\u00f3lnoty chrze\u015bcija\u0144skie, dzi\u0119ki wam, rodzinom misyjnym, maj\u0105 to podstawowe zadanie, aby uczyni\u0107 widzialn\u0105 t\u0119 nowin\u0119. A jaka jest ta nowina? \u201eChrystus zmartwychwsta\u0142, Chrystus \u017cyje! Chrystus jest \u017cywy po\u015br\u00f3d nas!\u201d<\/p>\n\n<div class=\"wp-block-image is-style-default\"><figure class=\"alignleft size-large\"><img loading=\"lazy\" decoding=\"async\" width=\"400\" height=\"277\" src=\"https:\/\/neocatechumenaleiter.org\/wp-content\/uploads\/2020\/02\/Camino_Neocatecumenal_Papa_Francisco_envio_familias.jpg\" alt=\"\" class=\"wp-image-4592\" srcset=\"https:\/\/neocatechumenaleiter.org\/wp-content\/uploads\/2020\/02\/Camino_Neocatecumenal_Papa_Francisco_envio_familias.jpg 400w, https:\/\/neocatechumenaleiter.org\/wp-content\/uploads\/2020\/02\/Camino_Neocatecumenal_Papa_Francisco_envio_familias-300x208.jpg 300w\" sizes=\"auto, (max-width: 400px) 100vw, 400px\" \/><\/figure><\/div>\n\n<p>Otrzymali\u015bcie si\u0142\u0119, by pozostawi\u0107 wszystko i wyruszy\u0107 do ziem dalekich, dzi\u0119ki drodze inicjacji chrze\u015bcija\u0144skiej, prze\u017cywanej w ma\u0142ych wsp\u00f3lnotach, w kt\u00f3rych odkryli\u015bcie ogromne bogactwa waszego Chrztu. To jest Droga Neokatechumenalna, prawdziwy dar Opatrzno\u015bci dla Ko\u015bcio\u0142a naszych czas\u00f3w, jak potwierdzili to ju\u017c moi Poprzednicy; przede wszystkim \u015awi\u0119ty Jan Pawe\u0142 II, kiedy powiedzia\u0142 do was: \u201eUznaj\u0119 Drog\u0119 Neokatechumenaln\u0105 jako itinerarium formacji katolickiej wa\u017cnej dla spo\u0142ecze\u0144stwa i czas\u00f3w dzisiejszych\u201d (<u>List <\/u>Ogniqualvolta<u>, 30 sierpnia 1990<\/u>: AAS 82 [1990], 1515). Droga opiera si\u0119 na tych trzech wymiarach Ko\u015bcio\u0142a, kt\u00f3rymi s\u0105 S\u0142owo, Liturgia i\u00a0Wsp\u00f3lnota. Dlatego pos\u0142uszne i nieustanne s\u0142uchanie S\u0142owa Bo\u017cego, celebracja eucharystyczna w\u00a0ma\u0142ych wsp\u00f3lnotach po pierwszych Nieszporach niedzieli, celebracja Jutrzni w niedziel\u0119 w\u00a0rodzinie ze wszystkimi dzie\u0107mi i dzielenie si\u0119 w\u0142asn\u0105 wiar\u0105 z innym bra\u0107mi s\u0105 \u017ar\u00f3d\u0142em wielu dar\u00f3w, kt\u00f3rymi obdarowa\u0142 was Pan, takimi jak liczne powo\u0142ania do prezbiteratu i \u017cycia konsekrowanego. Widzie\u0107 to wszystko jest ogromn\u0105 pociech\u0105, poniewa\u017c potwierdza to, \u017ce Duch \u015awi\u0119ty jest \u017cywy i\u00a0dzia\u0142a w swoim Ko\u015bciele, r\u00f3wnie\u017c dzisiaj, i odpowiada na potrzeby wsp\u00f3\u0142czesnego cz\u0142owieka.<\/p>\n\n<p>Przy r\u00f3\u017cnych okazjach nalega\u0142em na to, \u017ce Ko\u015bci\u00f3\u0142 musi przej\u015b\u0107 od duszpasterstwa zachowawczego do duszpasterstwa zdecydowanie misyjnego (por. <em>Evangelii gaudium<\/em>, 15). Ile\u017c razy, w Ko\u015bciele, mamy Jezusa w \u015brodku i nie pozwalamy Mu wyj\u015b\u0107\u2026 Ile\u017c razy! Jest to rzecz najwa\u017cniejsza do zrobienia, je\u015bli nie chcemy, aby wody w Ko\u015bciele si\u0119 zasta\u0142y.<\/p>\n\n<div class=\"wp-block-image is-style-default\"><figure class=\"alignright size-large\"><img loading=\"lazy\" decoding=\"async\" width=\"400\" height=\"289\" src=\"https:\/\/neocatechumenaleiter.org\/wp-content\/uploads\/2020\/02\/Camino_Neocatecumenal_Papa_Francisco_Kiko_Carmen_Mario_audiencia_envio_misioneros.jpg\" alt=\"\" class=\"wp-image-4595\" srcset=\"https:\/\/neocatechumenaleiter.org\/wp-content\/uploads\/2020\/02\/Camino_Neocatecumenal_Papa_Francisco_Kiko_Carmen_Mario_audiencia_envio_misioneros.jpg 400w, https:\/\/neocatechumenaleiter.org\/wp-content\/uploads\/2020\/02\/Camino_Neocatecumenal_Papa_Francisco_Kiko_Carmen_Mario_audiencia_envio_misioneros-300x217.jpg 300w\" sizes=\"auto, (max-width: 400px) 100vw, 400px\" \/><\/figure><\/div>\n\n<p>Droga od lat realizuje te \u201emissio ad gentes\u201d po\u015br\u00f3d niechrze\u015bcijan dla \u201eimplantatio Ecclesiae\u201d, dla nowej obecno\u015bci Ko\u015bcio\u0142a tam, gdzie go nie ma albo gdzie nie jest ju\u017c w stanie dotrze\u0107 do ludzi. \u201eIle\u017c rado\u015bci dajecie nam swoj\u0105 obecno\u015bci\u0105 i wasz\u0105 dzia\u0142alno\u015bci\u0105\u201d \u2013 powiedzia\u0142 do was B\u0142ogos\u0142awiony Papie\u017c Pawe\u0142 VI podczas swej pierwszej audiencji z wami (8 maja 1974:\u00a0<em>Insegnamenti di Paolo VI<\/em>, XII [1974], 407). R\u00f3wnie\u017c i ja czyni\u0119 moimi te s\u0142owa i chc\u0119 doda\u0107 wam odwagi, aby\u015bcie szli naprz\u00f3d; powierzam was opiece Naj\u015bwi\u0119tszej Maryi Panny, kt\u00f3ra natchn\u0119\u0142a Drog\u0119 Neokatechumenaln\u0105. Ona wstawia si\u0119 za wami u swego Boskiego Syna.<\/p>\n\n<p>Najdro\u017csi, niech B\u00f3g wam towarzyszy. Id\u017acie z moim B\u0142ogos\u0142awie\u0144stwem Apostolskim!<\/p>\n","protected":false},"excerpt":{"rendered":"<p>Audiencja z rozes\u0142aniem rodzin i &#8222;Missio ad gentes&#8221; 6-III-2015 r. FRANCISZEK Watykan &#8211; Aula Paw\u0142a VI, 6 marca 2015 r. Drodzy Bracia i Siostry, dzie\u0144 dobry wszystkim! I dzi\u0119kuj\u0119, bardzo dzi\u0119kuj\u0119, pozdrawiam was wszystkich serdecznie i przede wszystkim chc\u0119 wam powiedzie\u0107: bardzo dzi\u0119kuj\u0119 za wasze przybycie na to spotkanie z Papie\u017cem. Zadaniem Papie\u017ca, zadaniem Piotra jest umacnia\u0107 braci w wierze. Tak\u017ce wy zechcieli\u015bcie tym gestem poprosi\u0107 Nast\u0119pc\u0119 Piotra, aby potwierdzi\u0142<\/p>\n<div class=\"read-more\"><a class=\"btn read-more-btn\" href=\"https:\/\/neocatechumenaleiter.org\/pl\/slowa-papiezy\/franciszek\/audiencja-z-rozeslaniem-rodzin-i-missio-ad-gentes-6-iii-2015-r\/\">Czytaj dalej<\/a><\/div>\n","protected":false},"author":2,"featured_media":0,"parent":16512,"menu_order":3,"comment_status":"closed","ping_status":"closed","template":"","meta":{"footnotes":""},"class_list":["post-20399","page","type-page","status-publish","hentry"],"_links":{"self":[{"href":"https:\/\/neocatechumenaleiter.org\/pl\/wp-json\/wp\/v2\/pages\/20399","targetHints":{"allow":["GET"]}}],"collection":[{"href":"https:\/\/neocatechumenaleiter.org\/pl\/wp-json\/wp\/v2\/pages"}],"about":[{"href":"https:\/\/neocatechumenaleiter.org\/pl\/wp-json\/wp\/v2\/types\/page"}],"author":[{"embeddable":true,"href":"https:\/\/neocatechumenaleiter.org\/pl\/wp-json\/wp\/v2\/users\/2"}],"replies":[{"embeddable":true,"href":"https:\/\/neocatechumenaleiter.org\/pl\/wp-json\/wp\/v2\/comments?post=20399"}],"version-history":[{"count":3,"href":"https:\/\/neocatechumenaleiter.org\/pl\/wp-json\/wp\/v2\/pages\/20399\/revisions"}],"predecessor-version":[{"id":20402,"href":"https:\/\/neocatechumenaleiter.org\/pl\/wp-json\/wp\/v2\/pages\/20399\/revisions\/20402"}],"up":[{"embeddable":true,"href":"https:\/\/neocatechumenaleiter.org\/pl\/wp-json\/wp\/v2\/pages\/16512"}],"wp:attachment":[{"href":"https:\/\/neocatechumenaleiter.org\/pl\/wp-json\/wp\/v2\/media?parent=20399"}],"curies":[{"name":"wp","href":"https:\/\/api.w.org\/{rel}","templated":true}]}}