{"id":20421,"date":"2021-01-30T12:11:21","date_gmt":"2021-01-30T11:11:21","guid":{"rendered":"https:\/\/neocatechumenaleiter.org\/slowa-papiezy\/benedykt-xvi\/audiencja-z-rozeslaniem-rodzin-jako-missio-ad-gentes-17-i-2011-r\/"},"modified":"2021-01-30T12:11:27","modified_gmt":"2021-01-30T11:11:27","slug":"audiencja-z-rozeslaniem-rodzin-jako-missio-ad-gentes-17-i-2011-r","status":"publish","type":"page","link":"https:\/\/neocatechumenaleiter.org\/pl\/slowa-papiezy\/benedykt-xvi\/audiencja-z-rozeslaniem-rodzin-jako-missio-ad-gentes-17-i-2011-r\/","title":{"rendered":"Audiencja z rozes\u0142aniem rodzin jako &#8222;Missio ad gentes&#8221; 17-I-2011 r."},"content":{"rendered":"\n<h1 class=\"has-text-align-center wp-block-heading\">Audiencja z rozes\u0142aniem rodzin jako &#8222;Missio ad gentes&#8221; 17-I-2011 r.<\/h1>\n\n<div style=\"height:20px\" aria-hidden=\"true\" class=\"wp-block-spacer\"><\/div>\n\n<h4 class=\"has-text-align-center wp-block-heading\">BENEDYKT XVI<\/h4>\n\n<div style=\"height:20px\" aria-hidden=\"true\" class=\"wp-block-spacer\"><\/div>\n\n<div class=\"wp-block-image is-style-default\"><figure class=\"alignleft size-large\"><img loading=\"lazy\" decoding=\"async\" width=\"400\" height=\"267\" src=\"https:\/\/neocatechumenaleiter.org\/wp-content\/uploads\/2020\/02\/Camino_Neocatecumenal_Benedicto_XVI_audiencia_familias_mision_ad_gentes_2011.jpg\" alt=\"\" class=\"wp-image-4695\" srcset=\"https:\/\/neocatechumenaleiter.org\/wp-content\/uploads\/2020\/02\/Camino_Neocatecumenal_Benedicto_XVI_audiencia_familias_mision_ad_gentes_2011.jpg 400w, https:\/\/neocatechumenaleiter.org\/wp-content\/uploads\/2020\/02\/Camino_Neocatecumenal_Benedicto_XVI_audiencia_familias_mision_ad_gentes_2011-300x200.jpg 300w\" sizes=\"auto, (max-width: 400px) 100vw, 400px\" \/><\/figure><\/div>\n\n<p><strong>Watykan \u2013 Aula Paw\u0142a VI, 17 stycznia 2011(*)<\/strong><\/p>\n\n<p>&#8222;G\u0142oszenie Ewangelii jest zadaniem wszystkich chrze\u015bcijan, wynikaj\u0105cym z chrztu&#8221; &#8211; przypomnia\u0142 Papie\u017c cz\u0142onkom Drogi Neokatechumenalnej, kt\u00f3rzy zostali przyj\u0119ci na audiencji w poniedzia\u0142ek 17 stycznia, w Auli Paw\u0142a VI.<\/p>\n\n<p>Poni\u017cej publikujemy przem\u00f3wienie wyg\u0142oszone przez Benedykta XVI:<\/p>\n\n<p>Drodzy przyjaciele!&#013;\n&#013;\nPrzyjmuj\u0119 was z rado\u015bci\u0105 i serdecznie witam. Witam w szczeg\u00f3lno\u015bci Kika Arg\u00fcella i Carmen Hern\u00e1ndez, inicjator\u00f3w Drogi Neokatechumenalnej, oraz ks. Maria Pezziego; dzi\u0119kuj\u0119 za s\u0142owa powitania i wprowadzenia, kt\u00f3re do mnie skierowali. Z prawdziw\u0105 serdeczno\u015bci\u0105 witam was wszystkich tutaj obecnych: kap\u0142an\u00f3w, seminarzyst\u00f3w, rodziny oraz cz\u0142onk\u00f3w Drogi. Dzi\u0119kuj\u0119 Panu za to, \u017ce daje nam mo\u017cliwo\u015b\u0107 tego spotkania, podczas kt\u00f3rego odnawiacie swoj\u0105 wi\u0119\u017a z Nast\u0119pc\u0105 Piotra, przyjmuj\u0105c na nowo polecenie dane uczniom przez zmartwychwsta\u0142ego Chrystusa: \u00abId\u017acie na ca\u0142y \u015bwiat i g\u0142o\u015bcie Ewangeli\u0119 wszelkiemu stworzeniu!\u00bb (Mk\u00a016,15).<\/p>\n\n<p>Od ponad 40 lat Droga Neokatechumenalna przyczynia si\u0119 do o\u017cywiania i umacniania w diecezjach i w parafiach inicjacji chrze\u015bcija\u0144skiej, pomagaj\u0105c odkrywa\u0107 na nowo, stopniowo i radykalnie, bogactwo chrztu, pomagaj\u0105c zakosztowa\u0107 \u017cycia boskiego, \u017cycia niebieskiego, kt\u00f3re Pan zapocz\u0105tkowa\u0142 przez swoje wcielenie, przychodz\u0105c do nas, rodz\u0105c si\u0119 jako jeden z nas. Ten dar Boga dla Jego Ko\u015bcio\u0142a \u00abs\u0142u\u017cy biskupowi jako jeden ze sposob\u00f3w diecezjalnej realizacji wtajemniczenia chrze\u015bcija\u0144skiego i sta\u0142ego wychowania wiary\u00bb (<em>Statut<\/em>, art.\u00a01, \u00a7\u00a02). Ta pos\u0142uga, jak przypomnia\u0142 m\u00f3j poprzednik s\u0142uga Bo\u017cy Pawe\u0142\u00a0VI podczas pierwszego spotkania z wami w 1974r., \u00abb\u0119dzie mog\u0142a odnowi\u0107 we wsp\u00f3\u0142czesnych wsp\u00f3lnotach chrze\u015bcija\u0144skich te owoce dojrza\u0142o\u015bci i pog\u0142\u0119bienia, kt\u00f3re w pierwotnym Ko\u015bciele by\u0142y osi\u0105gane w okresie od przygotowania do chrztu\u00bb (<em>Insegnamenti di Paolo\u00a0VI<\/em>, XII [1974], 406).<\/p>\n\n<div class=\"wp-block-image is-style-default\"><figure class=\"alignright size-large\"><img loading=\"lazy\" decoding=\"async\" width=\"400\" height=\"270\" src=\"https:\/\/neocatechumenaleiter.org\/wp-content\/uploads\/2020\/02\/Camino_Neocatecumenal_Benedicto_XVI_audiencia_familias_mision_ad_gentes_2011_orquesta.jpg\" alt=\"\" class=\"wp-image-4697\" srcset=\"https:\/\/neocatechumenaleiter.org\/wp-content\/uploads\/2020\/02\/Camino_Neocatecumenal_Benedicto_XVI_audiencia_familias_mision_ad_gentes_2011_orquesta.jpg 400w, https:\/\/neocatechumenaleiter.org\/wp-content\/uploads\/2020\/02\/Camino_Neocatecumenal_Benedicto_XVI_audiencia_familias_mision_ad_gentes_2011_orquesta-300x203.jpg 300w\" sizes=\"auto, (max-width: 400px) 100vw, 400px\" \/><\/figure><\/div>\n\n<p>W ostatnich latach zosta\u0142 przeprowadzony z po\u017cytkiem proces opracowywania Statutu Drogi Neokatechumenalnej, kt\u00f3ry po odpowiednim okresie obowi\u0105zywania ad experimentum uzyska\u0142 ostateczne zatwierdzenie w czerwcu 2008r. W tych dniach zosta\u0142 uczyniony inny wa\u017cny krok, a mianowicie zatwierdzenie przez kompetentne dykasterie Stolicy Apostolskiej \u00abDyrektorium katechetycznego Drogi Neokatechumenalnej\u00bb. Przez te ko\u015bcielne przypiecz\u0119towania Pan potwierdza dzi\u015b i powierza wam na nowo to cenne narz\u0119dzie, jakim jest Droga, aby\u015bcie mogli, w synowskim pos\u0142usze\u0144stwie Stolicy Apostolskiej i pasterzom Ko\u015bcio\u0142a, przyczynia\u0107 si\u0119 z nowym zapa\u0142em i \u017carliwo\u015bci\u0105 do radykalnego i radosnego odkrywania na nowo daru chrztu oraz wnosi\u0107 sw\u00f3j oryginalny wk\u0142ad w spraw\u0119 nowej ewangelizacji. Ko\u015bci\u00f3\u0142 uzna\u0142 Drog\u0119 Neokatechumenaln\u0105 za szczeg\u00f3lny dar, wzbudzony przez Ducha \u015awi\u0119tego; jako taki pragnie on naturalnie w\u0142\u0105czy\u0107 si\u0119 w wielk\u0105 harmoni\u0119 cia\u0142a ko\u015bcielnego. W \u015bwietle tego napominam was, aby\u015bcie zawsze d\u0105\u017cyli do \u015bcis\u0142ej jedno\u015bci z pasterzami oraz z wszystkimi, kt\u00f3rzy nale\u017c\u0105 do Ko\u015bcio\u0142\u00f3w partykularnych, jak i do bardzo r\u00f3\u017cnych \u015brodowisk ko\u015bcielnych, do pracy w kt\u00f3rych jeste\u015bcie powo\u0142ani. Braterska jedno\u015b\u0107 uczni\u00f3w Jezusa jest bowiem pierwszym i najwi\u0119kszym \u015bwiadectwem dawanym imieniu Jezusa Chrystusa.<\/p>\n\n<p>Ze szczeg\u00f3ln\u0105 rado\u015bci\u0105 posy\u0142am dzisiaj w r\u00f3\u017cne strony \u015bwiata ponad 200 nowych rodzin, kt\u00f3re z ogromn\u0105 wielkoduszno\u015bci\u0105 wyrazi\u0142y swoj\u0105 dyspozycyjno\u015b\u0107 i wyje\u017cd\u017caj\u0105 na misje, \u0142\u0105cz\u0105c si\u0119 duchowo z blisko 600 rodzinami, kt\u00f3re ju\u017c pracuj\u0105 na pi\u0119ciu kontynentach. Drogie rodziny, wiara, kt\u00f3r\u0105 otrzyma\u0142y\u015bcie w darze, niech b\u0119dzie owym \u015bwiat\u0142em umieszczonym na \u015bwieczniku, zdolnym wskazywa\u0107 ludziom drog\u0119 do nieba. Z podobnym uczuciem roze\u015bl\u0119 13 nowych missiones \u00abad gentes\u00bb, kt\u00f3re b\u0119d\u0105 mia\u0142y za zadanie uobecnianie na nowo Ko\u015bcio\u0142a w silnie zlaicyzowanych \u015brodowiskach r\u00f3\u017cnych kraj\u00f3w lub w miejscach, do kt\u00f3rych nie dotar\u0142o jeszcze or\u0119dzie Chrystusa. Oby\u015bcie zawsze czuli przy sobie \u017cyw\u0105 obecno\u015b\u0107 zmartwychwsta\u0142ego Pana i wsparcie bardzo licznych braci, jak r\u00f3wnie\u017c modlitw\u0119 Papie\u017ca, kt\u00f3ry jest z wami!<\/p>\n\n<p>Serdecznie pozdrawiam kap\u0142an\u00f3w pochodz\u0105cych z seminari\u00f3w diecezjalnych <em>Redemptoris Mater <\/em>w Europie oraz ponad 2 tys. obecnych tutaj seminarzyst\u00f3w. Moi drodzy, wy jeste\u015bcie szczeg\u00f3lnym i wymownym znakiem tego, jakie owoce dobra mog\u0105 si\u0119 zrodzi\u0107 z odkrycia na nowo \u0142aski w\u0142asnego chrztu. Patrzymy na was ze szczeg\u00f3ln\u0105 nadziej\u0105: b\u0105d\u017acie kap\u0142anami zakochanymi w Chrystusie i w Jego Ko\u015bciele, potrafi\u0105cymi przekazywa\u0107 \u015bwiatu rado\u015b\u0107 ze spotkania Pana oraz z tego, \u017ce mo\u017cecie Mu s\u0142u\u017cy\u0107.&#013;\n&#013;\nPozdrawiam tak\u017ce katechist\u00f3w w\u0119drownych oraz katechist\u00f3w ze wsp\u00f3lnot neokatechumenalnych Rzymu i Lacjum, a ze szczeg\u00f3ln\u0105 serdeczno\u015bci\u0105 <em>communitates in missionem<\/em>. Opu\u015bcili\u015bcie, je\u015bli mo\u017cna tak powiedzie\u0107, bezpieczne schronienie, jakie dawa\u0142y wasze wsp\u00f3lnoty, z kt\u00f3rych si\u0119 wywodzicie, aby uda\u0107 si\u0119 do miejsc odleglejszych i niedogodnych, zgadzaj\u0105c si\u0119 by\u0107 pos\u0142anymi, by pomaga\u0107 parafiom do\u015bwiadczaj\u0105cym trudno\u015bci oraz by szuka\u0107 zagubionej owcy i przyprowadzi\u0107 j\u0105 z powrotem do Chrystusowej owczarni. W cierpieniach lub poczuciu ja\u0142owo\u015bci, jakich mo\u017cecie do\u015bwiadcza\u0107, jednoczcie si\u0119 z cierpieniem Chrystusa na krzy\u017cu oraz z Jego pragnieniem dotarcia do jak\u017ce licznych braci dalekich od wiary i od prawdy, aby ich przywie\u015b\u0107 z powrotem do domu Ojca.<\/p>\n\n<div class=\"wp-block-image is-style-circle-mask\"><figure class=\"alignright size-large\"><img loading=\"lazy\" decoding=\"async\" width=\"400\" height=\"268\" src=\"https:\/\/neocatechumenaleiter.org\/wp-content\/uploads\/2020\/02\/Camino_Neocatecumenal_Benedicto_XVI_audiencia_familias_mision_ad_gentes_20112.jpg\" alt=\"\" class=\"wp-image-4699\" srcset=\"https:\/\/neocatechumenaleiter.org\/wp-content\/uploads\/2020\/02\/Camino_Neocatecumenal_Benedicto_XVI_audiencia_familias_mision_ad_gentes_20112.jpg 400w, https:\/\/neocatechumenaleiter.org\/wp-content\/uploads\/2020\/02\/Camino_Neocatecumenal_Benedicto_XVI_audiencia_familias_mision_ad_gentes_20112-300x201.jpg 300w\" sizes=\"auto, (max-width: 400px) 100vw, 400px\" \/><\/figure><\/div>\n\n<p>Jak napisa\u0142em w adhortacji apostolskiej <em>Verbum Domini<\/em>, \u00abmisji Ko\u015bcio\u0142a nie mo\u017cna traktowa\u0107 jako nieobowi\u0105zkowej albo dodatkowej cz\u0119\u015bci \u017cycia ko\u015bcielnego. Trzeba pozwoli\u0107 Duchowi \u015awi\u0119temu, aby ukszta\u0142towa\u0142 nas na wz\u00f3r samego Chrystusa (\u2026), aby\u015bmy przekazywali S\u0142owo ca\u0142ym \u017cyciem\u00bb (n. 93). Ca\u0142y lud Bo\u017cy jest ludem \u00abpos\u0142anym\u00bb, a g\u0142oszenie Ewangelii jest zadaniem wszystkich chrze\u015bcijan, wynikaj\u0105cym z chrztu (por. tam\u017ce, 94). Zach\u0119cam was do refleksji nad adhortacj\u0105 <em>Verbum Domini<\/em>, a w szczeg\u00f3lno\u015bci do rozwa\u017cania tych miejsc, gdzie \u2013 w trzeciej cz\u0119\u015bci dokumentu \u2013 mowa jest o \u00abPos\u0142annictwie Ko\u015bcio\u0142a: g\u0142oszeniu S\u0142owa Bo\u017cego \u015bwiatu\u00bb (nn. 90-98). Drodzy przyjaciele, podzielajmy trosk\u0119 Pana Jezusa o zbawienie, o misj\u0119, kt\u00f3r\u0105 On powierza ca\u0142emu Ko\u015bcio\u0142owi. Niech B\u0142ogos\u0142awiona Maryja Dziewica, kt\u00f3ra zainspirowa\u0142a wasz\u0105 Drog\u0119 i kt\u00f3ra da\u0142a wam Rodzin\u0119 z Nazaretu za wz\u00f3r dla waszych wsp\u00f3lnot, pozwoli wam \u017cy\u0107 wasz\u0105 wiar\u0105 w pokorze, z prostot\u0105 i w chwale; niech or\u0119duje za wami wszystkimi i niech wam towarzyszy w waszej misji. Niech was wspiera r\u00f3wnie\u017c moje b\u0142ogos\u0142awie\u0144stwo, kt\u00f3rego z serca udzielam wam oraz wszystkim cz\u0142onkom Drogi Neokatechumenalnej, rozsianym po \u015bwiecie.<\/p>\n","protected":false},"excerpt":{"rendered":"<p>Audiencja z rozes\u0142aniem rodzin jako &#8222;Missio ad gentes&#8221; 17-I-2011 r. BENEDYKT XVI Watykan \u2013 Aula Paw\u0142a VI, 17 stycznia 2011(*) &#8222;G\u0142oszenie Ewangelii jest zadaniem wszystkich chrze\u015bcijan, wynikaj\u0105cym z chrztu&#8221; &#8211; przypomnia\u0142 Papie\u017c cz\u0142onkom Drogi Neokatechumenalnej, kt\u00f3rzy zostali przyj\u0119ci na audiencji w poniedzia\u0142ek 17 stycznia, w Auli Paw\u0142a VI. Poni\u017cej publikujemy przem\u00f3wienie wyg\u0142oszone przez Benedykta XVI: Drodzy przyjaciele!&#013; &#013; Przyjmuj\u0119 was z rado\u015bci\u0105 i serdecznie witam. Witam w szczeg\u00f3lno\u015bci Kika Arg\u00fcella<\/p>\n<div class=\"read-more\"><a class=\"btn read-more-btn\" href=\"https:\/\/neocatechumenaleiter.org\/pl\/slowa-papiezy\/benedykt-xvi\/audiencja-z-rozeslaniem-rodzin-jako-missio-ad-gentes-17-i-2011-r\/\">Czytaj dalej<\/a><\/div>\n","protected":false},"author":2,"featured_media":0,"parent":16508,"menu_order":9,"comment_status":"closed","ping_status":"closed","template":"","meta":{"footnotes":""},"class_list":["post-20421","page","type-page","status-publish","hentry"],"_links":{"self":[{"href":"https:\/\/neocatechumenaleiter.org\/pl\/wp-json\/wp\/v2\/pages\/20421","targetHints":{"allow":["GET"]}}],"collection":[{"href":"https:\/\/neocatechumenaleiter.org\/pl\/wp-json\/wp\/v2\/pages"}],"about":[{"href":"https:\/\/neocatechumenaleiter.org\/pl\/wp-json\/wp\/v2\/types\/page"}],"author":[{"embeddable":true,"href":"https:\/\/neocatechumenaleiter.org\/pl\/wp-json\/wp\/v2\/users\/2"}],"replies":[{"embeddable":true,"href":"https:\/\/neocatechumenaleiter.org\/pl\/wp-json\/wp\/v2\/comments?post=20421"}],"version-history":[{"count":3,"href":"https:\/\/neocatechumenaleiter.org\/pl\/wp-json\/wp\/v2\/pages\/20421\/revisions"}],"predecessor-version":[{"id":20424,"href":"https:\/\/neocatechumenaleiter.org\/pl\/wp-json\/wp\/v2\/pages\/20421\/revisions\/20424"}],"up":[{"embeddable":true,"href":"https:\/\/neocatechumenaleiter.org\/pl\/wp-json\/wp\/v2\/pages\/16508"}],"wp:attachment":[{"href":"https:\/\/neocatechumenaleiter.org\/pl\/wp-json\/wp\/v2\/media?parent=20421"}],"curies":[{"name":"wp","href":"https:\/\/api.w.org\/{rel}","templated":true}]}}