{"id":20497,"date":"2021-02-05T11:45:07","date_gmt":"2021-02-05T10:45:07","guid":{"rendered":"https:\/\/neocatechumenaleiter.org\/slowa-papiezy\/benedykt-xvi\/przemowienie-z-okazji-czterdziestej-rocznicy-powstania-drogi10-i-2009\/"},"modified":"2021-02-05T11:45:12","modified_gmt":"2021-02-05T10:45:12","slug":"przemowienie-z-okazji-czterdziestej-rocznicy-powstania-drogi10-i-2009","status":"publish","type":"page","link":"https:\/\/neocatechumenaleiter.org\/pl\/slowa-papiezy\/benedykt-xvi\/przemowienie-z-okazji-czterdziestej-rocznicy-powstania-drogi10-i-2009\/","title":{"rendered":"Przem\u00f3wienie z okazji czterdziestej rocznicy powstania Drogi10-I-2009"},"content":{"rendered":"\n<h1 class=\"has-text-align-center wp-block-heading\">Przem\u00f3wienie z okazji czterdziestej rocznicy powstania Drogi10-I-2009<\/h1>\n\n<div style=\"height:20px\" aria-hidden=\"true\" class=\"wp-block-spacer\"><\/div>\n\n<h4 class=\"has-text-align-center wp-block-heading\">BENEDYKT XVI<\/h4>\n\n<div style=\"height:20px\" aria-hidden=\"true\" class=\"wp-block-spacer\"><\/div>\n\n<div class=\"wp-block-image is-style-circle-mask\"><figure class=\"alignleft size-large\"><img loading=\"lazy\" decoding=\"async\" width=\"400\" height=\"281\" src=\"https:\/\/neocatechumenaleiter.org\/wp-content\/uploads\/2020\/02\/Camino_Neocatecumenal_Benedicto_XVI_Celebracion_40_aniversario_Roma.jpg\" alt=\"\" class=\"wp-image-4673\" srcset=\"https:\/\/neocatechumenaleiter.org\/wp-content\/uploads\/2020\/02\/Camino_Neocatecumenal_Benedicto_XVI_Celebracion_40_aniversario_Roma.jpg 400w, https:\/\/neocatechumenaleiter.org\/wp-content\/uploads\/2020\/02\/Camino_Neocatecumenal_Benedicto_XVI_Celebracion_40_aniversario_Roma-300x211.jpg 300w\" sizes=\"auto, (max-width: 400px) 100vw, 400px\" \/><\/figure><\/div>\n\n<p>Bazylika Watyka\u0144ska, 10 stycznia 2009 r.<\/p>\n\n<p>10 stycznia 2009 r. w Bazylice \u015bw. Piotra, wype\u0142nionej bra\u0107mi i siostrami ze wsp\u00f3lnot, odby\u0142a si\u0119 kr\u00f3tka, ale uroczysta ceremonia z okazji 40-lecia Drogi Neokatechumenalnej w diecezji rzymskiej. Ojcu \u015awi\u0119temu towarzyszyli kardyna\u0142 wikariusz Agostino Vallini i kardyna\u0142 Stanis\u0142aw Ry\u0142ko, przewodnicz\u0105cy Papieskiej Rady ds. \u015awieckich. W bazylice by\u0142 r\u00f3wnie\u017c nowy Prefekt Kultu Bo\u017cego, kardyna\u0142 Antonio Ca\u00f1izares.&#013;\nNa pocz\u0105tku uroczysto\u015bci, kt\u00f3rej przewodniczy\u0142 Ojciec \u015awi\u0119ty Benedykt XVI, Kiko przedstawi\u0142 wszystkim obecnym pierwsz\u0105 wsp\u00f3lnot\u0119 Naj\u015bwi\u0119tszego Sakramentu i \u015awi\u0119tych M\u0119czennik\u00f3w Kanadyjskich, kt\u00f3ra jest 40 lat na Drodze, pierwsz\u0105 wsp\u00f3lnot\u0119 Bonne Nouvelle w Pary\u017cu, 14 &#8222;communitates in missionem&#8221; z Rzymu, kt\u00f3re wychodz\u0105 do najtrudniejszych peryferii diecezji, 14 &#8222;Missio ad gentes&#8221; na 5 kontynentach, 200 nowych rodzin, kt\u00f3re wyje\u017cd\u017caj\u0105 na misje do r\u00f3\u017cnych cz\u0119\u015bci \u015bwiata, 700 katechist\u00f3w w\u0119drownych odpowiedzialnych za Drog\u0119 Neokatechumenaln\u0105 w narodach, 500 wsp\u00f3lnot obecnych w 103 parafiach diecezji rzymskiej.&#013;\nPotem nast\u0105pi\u0142o uroczyste wyg\u0142oszenie Ewangelii Mt 10,5-42 przez Ojca Mario, a nast\u0119pnie przem\u00f3wienie Papie\u017ca.&#013;\nPo przem\u00f3wieniu Ojciec \u015awi\u0119ty pob\u0142ogos\u0142awi\u0142 i przekaza\u0142 krucyfiks wyje\u017cd\u017caj\u0105cym na misj\u0119. Po modlitwie Ojcze nasz i wprowadzeniu Carmen Hernandez, kt\u00f3ra chcia\u0142a przypomnie\u0107 papie\u017cy, kt\u00f3rzy naznaczyli histori\u0119 Drogi &#8211; od Piusa XII, przez odnow\u0119 liturgiczn\u0105, przez Jana XXIII przez Sob\u00f3r, Paw\u0142a VI, Jana Paw\u0142a I i Jana Paw\u0142a II &#8211; wraz ze Kongregacjami, kt\u00f3re w wi\u0119kszo\u015bci pod\u0105\u017ca\u0142y za nami oraz kardyna\u0142ami Paulem Cordesem i Stanis\u0142awem Ry\u0142ko, ca\u0142e zgromadzenie uroczy\u015bcie od\u015bpiewa\u0142o dzi\u0119kczynne &#8222;Te Deum&#8221;.<\/p>\n\n<p>Papie\u017c zwr\u00f3ci\u0142 si\u0119 do obecnych nast\u0119puj\u0105cymi s\u0142owami:<\/p>\n\n<div class=\"wp-block-image is-style-default\"><figure class=\"alignright size-large\"><img decoding=\"async\" src=\"https:\/\/neocatechumenaleiter.org\/wp-content\/uploads\/2020\/02\/Camino_Neocatecumenal_Benedicto_XVI_Kiko_Arguello_envio_misiones_ad_gentes_vaticano.jpg\" alt=\"sji Ad Gentes z Bazyliki &#x15B;w. PiotraPos&#x142;anie Mi\" class=\"wp-image-4114\" \/><\/figure><\/div>\n\n<p>\u00abDrodzy bracia i siostry:&#013;\nZ wielk\u0105 rado\u015bci\u0105 spotykam si\u0119 dzi\u015b w wami, tak licznie zgromadzonymi z okazji 40. rocznicy narodzin w Rzymie Drogi Neokatechumenalnej, kt\u00f3ra obecnie liczy a\u017c 500 wsp\u00f3lnot. Wszystkich was serdecznie witam. Szczeg\u00f3lne s\u0142owa powitania kieruj\u0119 do kardyna\u0142a wikariusza Agostina Valliniego i do kard. Stanis\u0142awa Ry\u0142ki, przewodnicz\u0105cego Papieskiej Rady ds. \u015awieckich, kt\u00f3ry z oddaniem wspiera\u0142 was w staraniach o zatwierdzenie Statut\u00f3w. Pozdrawiam odpowiedzialnych za Drog\u0119 Neokatechumenaln\u0105: pana Kika Arg\u00fcella, i dzi\u0119kuj\u0119 mu serdecznie za pe\u0142ne zapa\u0142u i poruszaj\u0105ce s\u0142owa, w kt\u00f3rych wyrazi\u0142 uczucia was wszystkich; pani\u0105 Carmen Hern\u00e1ndez oraz ks. Maria Pezziego. Pozdrawiam wsp\u00f3lnoty wyruszaj\u0105ce z misj\u0105 do najbardziej zaniedbanych peryferyjnych dzielnic, jak i te, kt\u00f3re udaj\u0105 si\u0119 w\u00a0<em>missio ad gentes<\/em>\u00a0na pi\u0119\u0107 kontynent\u00f3w. Pozdrawiam 200 nowych rodzin w\u0119drownych oraz 700 katechist\u00f3w w\u0119drownych, odpowiedzialnych za Drog\u0119 Neokatechumenaln\u0105 w r\u00f3\u017cnych krajach. Dzi\u0119kuj\u0119 wam wszystkim. Niech was Pan prowadzi!<\/p>\n\n<p>Znacz\u0105ce jest to, \u017ce nasze spotkanie odbywa si\u0119 w Bazylice Watyka\u0144skiej, wznosz\u0105cej si\u0119 nad grobem aposto\u0142a Piotra. To w\u0142a\u015bnie on, Ksi\u0105\u017c\u0119 Aposto\u0142\u00f3w, odpowiadaj\u0105c na pytanie, jakie Jezus skierowa\u0142 do Dwunastu \u2014 za kogo Go uwa\u017caj\u0105, wyzna\u0142 z zapa\u0142em: \u00abTy jeste\u015b Mesjasz, Syn Boga \u017cywego\u00bb (Mt 16, 16). Zebrali\u015bcie si\u0119 tutaj dzi\u015b, aby powt\u00f3rzy\u0107 to samo wyznanie wiary. Wasza obecno\u015b\u0107, tak liczna i \u017cywio\u0142owa, jest \u015bwiadectwem cud\u00f3w, jakich Pan dokona\u0142 w minionym 40-leciu. Jest te\u017c znakiem zaanga\u017cowania, z jakim zamierzacie i\u015b\u0107 dalej rozpocz\u0119t\u0105 drog\u0105 \u2014 drog\u0105 wiernego pod\u0105\u017cania za Chrystusem i dawania odwa\u017cnego \u015bwiadectwa Jego Ewangelii, nie tylko tu w Rzymie, ale wsz\u0119dzie tam, gdzie zaprowadzi was Opatrzno\u015b\u0107. Jest to droga pos\u0142usze\u0144stwa wskazaniom pasterzy i komunii ze wszystkimi innymi cz\u0142onkami ludu Bo\u017cego. Chcecie to czyni\u0107, w pe\u0142ni \u015bwiadomi, \u017ce pomaganie ludziom naszych czas\u00f3w w spotkaniu Jezusa Chrystusa, Odkupiciela cz\u0142owieka, jest misj\u0105 Ko\u015bcio\u0142a i ka\u017cdego ochrzczonego. Droga Neokatechumenalna wpisuje si\u0119 w t\u0119 ko\u015bcieln\u0105 misj\u0119 jako jedna z wielu form nowej ewangelizacji, wzbudzonych przez Ducha \u015awi\u0119tego po Soborze Watyka\u0144skim II.<\/p>\n\n<div class=\"wp-block-image is-style-default\"><figure class=\"alignleft size-large\"><img loading=\"lazy\" decoding=\"async\" width=\"400\" height=\"265\" src=\"https:\/\/neocatechumenaleiter.org\/wp-content\/uploads\/2020\/02\/Camino_Neocatecumenal_responsables_comunidades_roma.jpg\" alt=\"\" class=\"wp-image-4675\" srcset=\"https:\/\/neocatechumenaleiter.org\/wp-content\/uploads\/2020\/02\/Camino_Neocatecumenal_responsables_comunidades_roma.jpg 400w, https:\/\/neocatechumenaleiter.org\/wp-content\/uploads\/2020\/02\/Camino_Neocatecumenal_responsables_comunidades_roma-300x199.jpg 300w\" sizes=\"auto, (max-width: 400px) 100vw, 400px\" \/><\/figure><\/div>\n\n<p>Wszystko zacz\u0119\u0142o si\u0119 tu w Rzymie, 40 lat temu, kiedy w parafii \u015bw. M\u0119czennik\u00f3w Kanadyjskich zawi\u0105za\u0142y si\u0119 pierwsze wsp\u00f3lnoty Drogi Neokatechumenalnej. Jak nie b\u0142ogos\u0142awi\u0107 Pana za owoce duchowe, kt\u00f3re dzi\u0119ki stosowanej przez was metodzie ewangelizacyjnej zrodzi\u0142y si\u0119 przez te wszystkie lata? Ile\u017c nowej energii do podj\u0119cia dzia\u0142alno\u015bci apostolskiej wzbudzi\u0142o si\u0119 zar\u00f3wno w\u015br\u00f3d kap\u0142an\u00f3w, jak i \u015bwieckich! Ilu kobietom, m\u0119\u017cczyznom i rodzinom, kt\u00f3rzy oddalili si\u0119 od wsp\u00f3lnoty Ko\u015bcio\u0142a lub porzucili praktyk\u0119 chrze\u015bcija\u0144skiego \u017cycia, g\u0142oszenie kerygmatu oraz droga odkrywania na nowo sakramentu chrztu pomog\u0142y odnale\u017a\u0107 rado\u015b\u0107 z wiary i entuzjazm ewangelicznego \u015bwiadectwa! Niedawne zatwierdzenie Statut\u00f3w Drogi przez Papiesk\u0105 Rad\u0119 ds. \u015awieckich by\u0142o potwierdzeniem uznania i przychylno\u015bci Stolicy Apostolskiej dla dzie\u0142a, jakie wzbudzi\u0142 Pan za po\u015brednictwem inicjator\u00f3w. Papie\u017c, Biskup Rzymu, jest wam wdzi\u0119czny za wielkoduszn\u0105 pos\u0142ug\u0119 na rzecz ewangelizacji tego miasta oraz za oddanie i po\u015bwi\u0119cenie, z jakim g\u0142osicie or\u0119dzie chrze\u015bcija\u0144skie we wszystkich \u015brodowiskach. Dzi\u0119kuj\u0119 wam wszystkim.<\/p>\n\n<div class=\"wp-block-image is-style-default\"><figure class=\"alignright size-large\"><img loading=\"lazy\" decoding=\"async\" width=\"400\" height=\"267\" src=\"https:\/\/neocatechumenaleiter.org\/wp-content\/uploads\/2020\/02\/Camino_Neocatecumenal_Benedicto_XVI_Kiko_Arguello_presenta_comunidades.jpg\" alt=\"\" class=\"wp-image-4677\" srcset=\"https:\/\/neocatechumenaleiter.org\/wp-content\/uploads\/2020\/02\/Camino_Neocatecumenal_Benedicto_XVI_Kiko_Arguello_presenta_comunidades.jpg 400w, https:\/\/neocatechumenaleiter.org\/wp-content\/uploads\/2020\/02\/Camino_Neocatecumenal_Benedicto_XVI_Kiko_Arguello_presenta_comunidades-300x200.jpg 300w\" sizes=\"auto, (max-width: 400px) 100vw, 400px\" \/><\/figure><\/div>\n\n<p>Wasza cenna dzia\u0142alno\u015b\u0107 apostolska b\u0119dzie jeszcze skuteczniejsza, je\u017celi b\u0119dziecie starali si\u0119 nieustannie piel\u0119gnowa\u0107 pragnienie jedno\u015bci, o jakiej Jezus m\u00f3wi\u0142 Dwunastu podczas Ostatniej Wieczerzy. S\u0142yszeli\u015bmy s\u0142owa pie\u015bni: nasz Odkupiciel modli\u0142 si\u0119 \u017carliwie przed m\u0119k\u0105, aby Jego uczniowie stanowili jedno, tak aby \u015bwiat w Niego uwierzy\u0142 (por. J 17, 21), bowiem taka jedno\u015b\u0107 mo\u017ce by\u0107 jedynie dzie\u0142em Bo\u017cej mocy. To w\u0142a\u015bnie dzi\u0119ki tej jedno\u015bci, kt\u00f3ra jest darem Ducha \u015awi\u0119tego i do kt\u00f3rej d\u0105\u017c\u0105 nieustannie ludzie wierz\u0105cy, ka\u017cda wsp\u00f3lnota staje si\u0119 \u017cyw\u0105 cz\u0119\u015bci\u0105 mistycznego Cia\u0142a Chrystusa, \u015bci\u015ble z nim z\u0142\u0105czon\u0105. Jedno\u015b\u0107 uczni\u00f3w Pana nale\u017cy do istoty Ko\u015bcio\u0142a i jest nieodzownym warunkiem tego, \u017ceby jego dzia\u0142alno\u015b\u0107 ewangelizacyjna okaza\u0142a si\u0119 owocna i wiarygodna. Wiem, z jak\u0105 gorliwo\u015bci\u0105 dzia\u0142aj\u0105 wsp\u00f3lnoty Drogi Neokatechumenalnej w a\u017c 103 rzymskich parafiach. Zach\u0119caj\u0105c was do kontynuowania tej dzia\u0142alno\u015bci wzywam, by\u015bcie pe\u0142niej stosowali si\u0119 do wszystkich wskaza\u0144 kardyna\u0142a wikariusza, mojego bezpo\u015bredniego wsp\u00f3\u0142pracownika w kierowaniu duszpasterstwem diecezji. Dzi\u0119kuj\u0119 za wasze niew\u0105tpliwie z serca p\u0142yn\u0105ce \u00abtak\u00bb. Organiczne w\u0142\u0105czenie Drogi w duszpasterstwo diecezjalne oraz jej wsp\u00f3\u0142praca z innymi strukturami w Ko\u015bciele b\u0119d\u0105 korzystne dla ca\u0142ego ludu chrze\u015bcija\u0144skiego i pomog\u0105 diecezji osi\u0105gn\u0105\u0107 lepsze rezultaty w staraniach podejmowanych na rzecz nowej ewangelizacji naszego miasta. Zaiste, potrzeba dzi\u015b rozleg\u0142ych dzia\u0142a\u0144 misyjnych, anga\u017cuj\u0105cych r\u00f3\u017cne grupy ko\u015bcielne, kt\u00f3re zachowuj\u0105c w\u0142a\u015bciwe sobie charyzmaty, b\u0119d\u0105 zgodnie pracowa\u0107, d\u0105\u017c\u0105c do prowadzenia \u00abduszpasterstwa zintegrowanego\u00bb, co ju\u017c przynios\u0142o poka\u017ane rezultaty. Wy za\u015b, oddaj\u0105c si\u0119 w pe\u0142ni do dyspozycji biskupa \u2014 jak m\u00f3wi\u0105 wasze Statuty \u2014 b\u0119dziecie mogli dawa\u0107 przyk\u0142ad wielu Ko\u015bcio\u0142om lokalnym, kt\u00f3re s\u0142usznie widz\u0105 w Ko\u015bciele Rzymu wz\u00f3r do na\u015bladowania.<\/p>\n\n<div class=\"wp-block-image is-style-circle-mask\"><figure class=\"alignleft size-large\"><img loading=\"lazy\" decoding=\"async\" width=\"400\" height=\"262\" src=\"https:\/\/neocatechumenaleiter.org\/wp-content\/uploads\/2020\/02\/Camino_Neocatecumenal_Benedicto_XVI_Carmen_Hernandez.jpg\" alt=\"\" class=\"wp-image-4679\" srcset=\"https:\/\/neocatechumenaleiter.org\/wp-content\/uploads\/2020\/02\/Camino_Neocatecumenal_Benedicto_XVI_Carmen_Hernandez.jpg 400w, https:\/\/neocatechumenaleiter.org\/wp-content\/uploads\/2020\/02\/Camino_Neocatecumenal_Benedicto_XVI_Carmen_Hernandez-300x197.jpg 300w\" sizes=\"auto, (max-width: 400px) 100vw, 400px\" \/><\/figure><\/div>\n\n<p>S\u0105 te\u017c inne duchowe owoce tych 40 lat dzia\u0142alno\u015bci, za kt\u00f3re chcia\u0142bym razem z wami podzi\u0119kowa\u0107 Bo\u017cej Opatrzno\u015bci. Mam na my\u015bli licznych kap\u0142an\u00f3w i osoby konsekrowane, kt\u00f3rych B\u00f3g \u2014 m\u00f3wi\u0142 o tym pan Kiko \u2014 powo\u0142a\u0142 spo\u015br\u00f3d waszych wsp\u00f3lnot. Wielu kap\u0142an\u00f3w pracuje w parafiach oraz w innych dziedzinach diecezjalnego apostolatu, wielu zosta\u0142o w\u0119drownymi misjonarzami w r\u00f3\u017cnych krajach, wielkodusznie s\u0142u\u017c\u0105c Ko\u015bcio\u0142owi rzymskiemu, a Ko\u015bci\u00f3\u0142 w Rzymie pe\u0142ni cenn\u0105 pos\u0142ug\u0119 ewangelizacji \u015bwiata. Jest to prawdziwa \u00abwiosna nadziei\u00bb dla rzymskiej wsp\u00f3lnoty diecezjalnej i dla Ko\u015bcio\u0142a powszechnego! Dzi\u0119kuj\u0119 rektorowi i jego wsp\u00f3\u0142pracownikom z rzymskiego Seminarium Redemptoris Mater za ich dzia\u0142alno\u015b\u0107 edukacyjn\u0105. Wszyscy wiemy, \u017ce ich zadanie nie jest \u0142atwe, ale bardzo wa\u017cne dla przysz\u0142o\u015bci Ko\u015bcio\u0142a. Zach\u0119cam ich zatem, by nadal wype\u0142niali t\u0119 misj\u0119, stosuj\u0105c si\u0119 do wytycznych, jakie w zakresie formacji proponuje Stolica Apostolska oraz diecezja. Celem, do kt\u00f3rego powinni d\u0105\u017cy\u0107 wszyscy wychowawcy, jest takie przygotowanie prezbiter\u00f3w, by byli dobrze zintegrowani z diecezjaln\u0105 wsp\u00f3lnot\u0105 kap\u0142a\u0144sk\u0105 i w\u0142\u0105czeni w duszpasterstwo zar\u00f3wno parafialne, jak i diecezjalne.<\/p>\n\n<p>Drodzy bracia i siostry, odczytany fragment Ewangelii przypomina nam wymogi i warunki misji apostolskiej. S\u0142owa Jezusa, przekazane przez ewangelist\u0119 \u015bw. Mateusza, brzmi\u0105 jak wezwanie, by nie zniech\u0119ca\u0107 si\u0119 w obliczu trudno\u015bci, nie zabiega\u0107 o sukcesy w ludzkim rozumieniu, nie l\u0119ka\u0107 si\u0119 niezrozumienia, a nawet prze\u015bladowa\u0144. Zach\u0119caj\u0105 natomiast, by zawierzy\u0107 jedynie mocy Chrystusa, wzi\u0105\u0107 \u00absw\u00f3j krzy\u017c\u00bb i p\u00f3j\u015b\u0107 \u015bladami naszego Odkupiciela, kt\u00f3ry w tym ko\u0144cz\u0105cym si\u0119 ju\u017c okresie Bo\u017cego Narodzenia objawi\u0142 si\u0119 nam w prostocie i ub\u00f3stwie Betlejem. \u015awi\u0119ta Dziewica, wz\u00f3r ka\u017cdego ucznia Chrystusa i \u00abDom B\u0142ogos\u0142awie\u0144stwa\u00bb, jak \u015bpiewali\u015bcie, niech wam pomaga wiernie i z rado\u015bci\u0105 wype\u0142nia\u0107 zadanie, jakie Ko\u015bci\u00f3\u0142 z ufno\u015bci\u0105 wam powierza. Dzi\u0119kuj\u0105c za pos\u0142ug\u0119, jak\u0105 oddajecie Ko\u015bcio\u0142owi Rzymu, zapewniam was o modlitwie i z serca b\u0142ogos\u0142awi\u0119 wszystkich tu obecnych oraz wszystkie wsp\u00f3lnoty Drogi Neokatechumenalnej rozproszone po ca\u0142ym \u015bwiecie\u00bb.<\/p>\n","protected":false},"excerpt":{"rendered":"<p>Przem\u00f3wienie z okazji czterdziestej rocznicy powstania Drogi10-I-2009 BENEDYKT XVI Bazylika Watyka\u0144ska, 10 stycznia 2009 r. 10 stycznia 2009 r. w Bazylice \u015bw. Piotra, wype\u0142nionej bra\u0107mi i siostrami ze wsp\u00f3lnot, odby\u0142a si\u0119 kr\u00f3tka, ale uroczysta ceremonia z okazji 40-lecia Drogi Neokatechumenalnej w diecezji rzymskiej. Ojcu \u015awi\u0119temu towarzyszyli kardyna\u0142 wikariusz Agostino Vallini i kardyna\u0142 Stanis\u0142aw Ry\u0142ko, przewodnicz\u0105cy Papieskiej Rady ds. \u015awieckich. W bazylice by\u0142 r\u00f3wnie\u017c nowy Prefekt Kultu Bo\u017cego, kardyna\u0142 Antonio Ca\u00f1izares.&#013;<\/p>\n<div class=\"read-more\"><a class=\"btn read-more-btn\" href=\"https:\/\/neocatechumenaleiter.org\/pl\/slowa-papiezy\/benedykt-xvi\/przemowienie-z-okazji-czterdziestej-rocznicy-powstania-drogi10-i-2009\/\">Czytaj dalej<\/a><\/div>\n","protected":false},"author":2,"featured_media":0,"parent":16508,"menu_order":7,"comment_status":"closed","ping_status":"closed","template":"","meta":{"footnotes":""},"class_list":["post-20497","page","type-page","status-publish","hentry"],"_links":{"self":[{"href":"https:\/\/neocatechumenaleiter.org\/pl\/wp-json\/wp\/v2\/pages\/20497","targetHints":{"allow":["GET"]}}],"collection":[{"href":"https:\/\/neocatechumenaleiter.org\/pl\/wp-json\/wp\/v2\/pages"}],"about":[{"href":"https:\/\/neocatechumenaleiter.org\/pl\/wp-json\/wp\/v2\/types\/page"}],"author":[{"embeddable":true,"href":"https:\/\/neocatechumenaleiter.org\/pl\/wp-json\/wp\/v2\/users\/2"}],"replies":[{"embeddable":true,"href":"https:\/\/neocatechumenaleiter.org\/pl\/wp-json\/wp\/v2\/comments?post=20497"}],"version-history":[{"count":3,"href":"https:\/\/neocatechumenaleiter.org\/pl\/wp-json\/wp\/v2\/pages\/20497\/revisions"}],"predecessor-version":[{"id":20500,"href":"https:\/\/neocatechumenaleiter.org\/pl\/wp-json\/wp\/v2\/pages\/20497\/revisions\/20500"}],"up":[{"embeddable":true,"href":"https:\/\/neocatechumenaleiter.org\/pl\/wp-json\/wp\/v2\/pages\/16508"}],"wp:attachment":[{"href":"https:\/\/neocatechumenaleiter.org\/pl\/wp-json\/wp\/v2\/media?parent=20497"}],"curies":[{"name":"wp","href":"https:\/\/api.w.org\/{rel}","templated":true}]}}