{"id":20501,"date":"2021-02-05T12:03:32","date_gmt":"2021-02-05T11:03:32","guid":{"rendered":"https:\/\/neocatechumenaleiter.org\/slowa-papiezy\/benedykt-xvi\/przemowienie-do-drogi-neokatechumenalnej-12-i-2006\/"},"modified":"2021-02-05T12:09:00","modified_gmt":"2021-02-05T11:09:00","slug":"przemowienie-do-drogi-neokatechumenalnej-12-i-2006","status":"publish","type":"page","link":"https:\/\/neocatechumenaleiter.org\/pl\/slowa-papiezy\/benedykt-xvi\/przemowienie-do-drogi-neokatechumenalnej-12-i-2006\/","title":{"rendered":"Przem\u00f3wienie do Drogi Neokatechumenalnej 12-I-2006"},"content":{"rendered":"\n<h1 class=\"has-text-align-center wp-block-heading\">Przem\u00f3wienie do Drogi Neokatechumenalnej 12-I-2006<\/h1>\n\n<div style=\"height:20px\" aria-hidden=\"true\" class=\"wp-block-spacer\"><\/div>\n\n<h4 class=\"has-text-align-center wp-block-heading\">BENEDYKT XVI<\/h4>\n\n<div style=\"height:20px\" aria-hidden=\"true\" class=\"wp-block-spacer\"><\/div>\n\n<p>Watykan &#8211; Aula Paw\u0142a VI, 12 stycznia 2006 r.<\/p>\n\n<p>\u00abDzi\u0119ki wiernemu przylgni\u0119ciu do ka\u017cdej wytycznej Ko\u015bcio\u0142a, uczynicie wasze apostolstwo jeszcze bardziej skutecznym\u00bb: jest to zaproszenie skierowane do Drogi Neokatechumenalnej z okazji Audiencji, kt\u00f3ra mia\u0142a miejsce&#013;\nw czwartek 12 lutego rano w Auli Paw\u0142a VI.&#013;\nOto tekst przem\u00f3wienia wyg\u0142oszonego przez Ojca \u015awi\u0119tego:<\/p>\n\n<p>\u00abDrodzy bracia i siostry:&#013;\n&#013;\nDzi\u0119kuj\u0119 z serca za wasz\u0105 wizyt\u0119, kt\u00f3ra daje mi sposobno\u015b\u0107 przekazania specjalnego pozdrowienia r\u00f3wnie\u017c innym cz\u0142onkom Drogi Neokatechumenalnej, rozsianej w tylu cz\u0119\u015bciach \u015bwiata. Moj\u0105 my\u015bl kieruj\u0119 ku ka\u017cdemu z obecnych, pocz\u0105wszy od czcigodnych Kardyna\u0142\u00f3w, Biskup\u00f3w i kap\u0142an\u00f3w. Pozdrawiam odpowiedzialnych za Drog\u0119 Neokatechumenaln\u0105: Pana Kiko Arg\u00fcello, kt\u00f3remu dzi\u0119kuj\u0119 za s\u0142owa, kt\u00f3re skierowa\u0142 do mnie w waszym imieniu, Pani\u0105 Carmen Hernandez i Ojca Mario Pezzi. Pozdrawiam seminarzyst\u00f3w, m\u0142odzie\u017c, a szczeg\u00f3lnie rodziny, kt\u00f3re s\u0105 gotowe przyj\u0105\u0107 specjalne \u201epos\u0142anie\u201d misyjne, by\u00a0uda\u0107 si\u0119 do r\u00f3\u017cnych kraj\u00f3w, przede wszystkim w Ameryce \u0141aci\u0144skiej.<\/p>\n\n<div class=\"wp-block-image is-style-default\"><figure class=\"alignleft size-large\"><img loading=\"lazy\" decoding=\"async\" width=\"400\" height=\"266\" src=\"https:\/\/neocatechumenaleiter.org\/wp-content\/uploads\/2020\/02\/Camino_Neocatecumenal_Audiencia_Papa_Benedicto_XVI_2006.jpg\" alt=\"\" class=\"wp-image-4625\" srcset=\"https:\/\/neocatechumenaleiter.org\/wp-content\/uploads\/2020\/02\/Camino_Neocatecumenal_Audiencia_Papa_Benedicto_XVI_2006.jpg 400w, https:\/\/neocatechumenaleiter.org\/wp-content\/uploads\/2020\/02\/Camino_Neocatecumenal_Audiencia_Papa_Benedicto_XVI_2006-300x200.jpg 300w\" sizes=\"auto, (max-width: 400px) 100vw, 400px\" \/><\/figure><\/div>\n\n<p>Jest to zadanie, kt\u00f3re mie\u015bci si\u0119 w kontek\u015bcie nowej ewangelizacji; w niej rol\u0119, wa\u017cn\u0105 jak nigdy dot\u0105d, odgrywa w\u0142a\u015bnie rodzina. Poprosili\u015bcie, aby tego \u201epos\u0142ania\u201d dokona\u0142 Nast\u0119pca Piotra, jak to ju\u017c si\u0119 wydarzy\u0142o z moim czcigodnym Poprzednikiem Janem Paw\u0142em II 12 grudnia 1994 roku, poniewa\u017c wasze dzia\u0142anie apostolskie umiejscawia si\u0119 w sercu Ko\u015bcio\u0142a, w ca\u0142kowitej harmonii z Jego wskazaniami i w jedno\u015bci z Ko\u015bcio\u0142ami partykularnymi, w kt\u00f3rych b\u0119dziecie dzia\u0142a\u0107, doceniaj\u0105c w pe\u0142ni bogactwo charyzmat\u00f3w, kt\u00f3re Pan wzbudzi\u0142 poprzez inicjator\u00f3w Drogi. Drogie rodziny, krzy\u017c, kt\u00f3ry otrzymacie, b\u0119dzie waszym nieod\u0142\u0105cznym towarzyszem drogi, kiedy b\u0119dziecie g\u0142osi\u0107 w swej dzia\u0142alno\u015bci misyjnej, \u017ce tylko w Jezusie Chrystusie, kt\u00f3ry umar\u0142 i zmartwychwsta\u0142, jest zbawienie. B\u0119dziecie Jego cichymi i radosnymi \u015bwiadkami, przemierzaj\u0105c z prostot\u0105 i w ub\u00f3stwie drogi wszystkich kontynent\u00f3w, podtrzymywani nieustann\u0105 modlitw\u0105 i s\u0142uchaniem S\u0142owa Bo\u017cego oraz posilani uczestnictwem w \u017cyciu liturgicznym Ko\u015bcio\u0142\u00f3w partykularnych, do kt\u00f3rych jeste\u015bcie pos\u0142ani. <\/p>\n\n<p>Wa\u017cno\u015b\u0107 liturgii, a szczeg\u00f3lnie Mszy \u015bwi\u0119tej w ewangelizacji by\u0142a niejednokrotnie uwydatniana przez moich Poprzednik\u00f3w, a wasze d\u0142ugie do\u015bwiadczenie mo\u017ce to dobrze potwierdzi\u0107, \u017ce postawienie w centrum misterium Chrystusa, celebrowanego w rytach liturgicznych, stanowi uprzywilejowan\u0105 i niezast\u0105pion\u0105 drog\u0119 do budowania \u017cywych i trwa\u0142ych wsp\u00f3lnot chrze\u015bcija\u0144skich . W\u0142a\u015bnie, aby pom\u00f3c Drodze Neokatechumenalnej i uczyni\u0107 jej dzia\u0142anie ewangelizacyjne jeszcze bardziej wyrazistym, w jedno\u015bci z ca\u0142ym ludem Bo\u017cym, Kongregacja Kultu Bo\u017cego i Dyscypliny Sakrament\u00f3w da\u0142a wam ostatnio, w moim imieniu, kilka norm dotycz\u0105cych Celebracji eucharystycznej, po okresie do\u015bwiadczenia, na kt\u00f3ry pozwoli\u0142 S\u0142uga Bo\u017cy Jan Pawe\u0142 II. Jestem pewien, \u017ce normy, wynikaj\u0105ce z tego, co jest przewidziane w ksi\u0119gach liturgicznych, zatwierdzonych przez Ko\u015bci\u00f3\u0142, b\u0119d\u0105 przez was uwa\u017cnie przestrzegane. Dzi\u0119ki wiernemu przylgni\u0119ciu do ka\u017cdej wytycznej Ko\u015bcio\u0142a, uczynicie wasze apostolstwo jeszcze bardziej skutecznym, w harmonii i w pe\u0142nej jedno\u015bci z Papie\u017cem i Pasterzami ka\u017cdej Diecezji. I tak czyni\u0105c, jestem tego pewny , b\u0119dziecie do\u015bwiadcza\u0107 nieustannie b\u0142ogos\u0142awie\u0144stwa Pana w obfitych owocach duszpasterskich.<\/p>\n\n<div class=\"wp-block-image is-style-default\"><figure class=\"alignright size-large\"><img loading=\"lazy\" decoding=\"async\" width=\"400\" height=\"256\" src=\"https:\/\/neocatechumenaleiter.org\/wp-content\/uploads\/2020\/02\/Camino_Neocatecumenal_Audiencia_Papa_Benedicto_XVI_2006_familias-en-mision.jpg\" alt=\"\" class=\"wp-image-4627\" srcset=\"https:\/\/neocatechumenaleiter.org\/wp-content\/uploads\/2020\/02\/Camino_Neocatecumenal_Audiencia_Papa_Benedicto_XVI_2006_familias-en-mision.jpg 400w, https:\/\/neocatechumenaleiter.org\/wp-content\/uploads\/2020\/02\/Camino_Neocatecumenal_Audiencia_Papa_Benedicto_XVI_2006_familias-en-mision-300x192.jpg 300w\" sizes=\"auto, (max-width: 400px) 100vw, 400px\" \/><\/figure><\/div>\n\n<p>Rzeczywi\u015bcie, w tych latach uczynili\u015bcie wiele, to widzimy tak\u017ce tutaj, liczne powo\u0142ania do kap\u0142a\u0144stwa i do \u017cycia konsekrowanego zrodzi\u0142y si\u0119 wewn\u0105trz waszych wsp\u00f3lnot. Dzisiaj jednak nasza uwaga zwraca si\u0119 szczeg\u00f3lnie w stron\u0119 rodzin. Ponad 200 z nich zostanie pos\u0142anych na misje; s\u0105 to rodziny, kt\u00f3re wyruszaj\u0105 bez wielkiego wsparcia ludzkiego, ale licz\u0105c przede wszystkim na pomoc Opatrzno\u015bci Bo\u017cej. <\/p>\n\n<p>Drogie rodziny, mo\u017cecie \u015bwiadczy\u0107 swoj\u0105 histori\u0105, \u017ce Pan nie opuszcza tych, kt\u00f3rzy si\u0119 Jemu powierzaj\u0105. G\u0142o\u015bcie dalej ewangeli\u0119 \u017cycia. Wsz\u0119dzie, gdzie was prowadzi wasza misja, pozw\u00f3lcie si\u0119 o\u015bwieca\u0107 przez pocieszaj\u0105ce s\u0142owo Jezusa: \u201eSzukajcie najpierw kr\u00f3lestwa Bo\u017cego i Jego sprawiedliwo\u015bci, a\u00a0to wszystko b\u0119dzie wam dodane\u201d i jeszcze \u201eNie troszczcie si\u0119 zatem o jutro, bo jutrzejszy dzie\u0144 sam o\u00a0siebie troszczy\u0107 si\u0119 b\u0119dzie\u201d (<em>Mt 6,33-34<\/em>). W \u015bwiecie, kt\u00f3ry szuka ludzkich pewno\u015bci i ziemskich zabezpiecze\u0144, pokazujcie, \u017ce Chrystus jest mocn\u0105 ska\u0142\u0105, na kt\u00f3rej wznosi si\u0119 budowl\u0119 w\u0142asnej egzystencji i \u017ce ufno\u015b\u0107 pok\u0142adana w Nim nigdy nie zawodzi. \u015awi\u0119ta Rodzina z Nazaretu niech was strze\u017ce i niech b\u0119dzie waszym wzorem. Zapewniam o mojej modlitwie za was i za wszystkich cz\u0142onk\u00f3w Drogi Neokatechumenalnej i udzielam z mi\u0142o\u015bci\u0105 ka\u017cdemu z was Apostolskiego B\u0142ogos\u0142awie\u0144stwa\u00bb.<\/p>\n","protected":false},"excerpt":{"rendered":"<p>Przem\u00f3wienie do Drogi Neokatechumenalnej 12-I-2006 BENEDYKT XVI Watykan &#8211; Aula Paw\u0142a VI, 12 stycznia 2006 r. \u00abDzi\u0119ki wiernemu przylgni\u0119ciu do ka\u017cdej wytycznej Ko\u015bcio\u0142a, uczynicie wasze apostolstwo jeszcze bardziej skutecznym\u00bb: jest to zaproszenie skierowane do Drogi Neokatechumenalnej z okazji Audiencji, kt\u00f3ra mia\u0142a miejsce&#013; w czwartek 12 lutego rano w Auli Paw\u0142a VI.&#013; Oto tekst przem\u00f3wienia wyg\u0142oszonego przez Ojca \u015awi\u0119tego: \u00abDrodzy bracia i siostry:&#013; &#013; Dzi\u0119kuj\u0119 z serca za wasz\u0105 wizyt\u0119, kt\u00f3ra<\/p>\n<div class=\"read-more\"><a class=\"btn read-more-btn\" href=\"https:\/\/neocatechumenaleiter.org\/pl\/slowa-papiezy\/benedykt-xvi\/przemowienie-do-drogi-neokatechumenalnej-12-i-2006\/\">Czytaj dalej<\/a><\/div>\n","protected":false},"author":2,"featured_media":0,"parent":16508,"menu_order":1,"comment_status":"closed","ping_status":"closed","template":"","meta":{"footnotes":""},"class_list":["post-20501","page","type-page","status-publish","hentry"],"_links":{"self":[{"href":"https:\/\/neocatechumenaleiter.org\/pl\/wp-json\/wp\/v2\/pages\/20501","targetHints":{"allow":["GET"]}}],"collection":[{"href":"https:\/\/neocatechumenaleiter.org\/pl\/wp-json\/wp\/v2\/pages"}],"about":[{"href":"https:\/\/neocatechumenaleiter.org\/pl\/wp-json\/wp\/v2\/types\/page"}],"author":[{"embeddable":true,"href":"https:\/\/neocatechumenaleiter.org\/pl\/wp-json\/wp\/v2\/users\/2"}],"replies":[{"embeddable":true,"href":"https:\/\/neocatechumenaleiter.org\/pl\/wp-json\/wp\/v2\/comments?post=20501"}],"version-history":[{"count":9,"href":"https:\/\/neocatechumenaleiter.org\/pl\/wp-json\/wp\/v2\/pages\/20501\/revisions"}],"predecessor-version":[{"id":20510,"href":"https:\/\/neocatechumenaleiter.org\/pl\/wp-json\/wp\/v2\/pages\/20501\/revisions\/20510"}],"up":[{"embeddable":true,"href":"https:\/\/neocatechumenaleiter.org\/pl\/wp-json\/wp\/v2\/pages\/16508"}],"wp:attachment":[{"href":"https:\/\/neocatechumenaleiter.org\/pl\/wp-json\/wp\/v2\/media?parent=20501"}],"curies":[{"name":"wp","href":"https:\/\/api.w.org\/{rel}","templated":true}]}}