{"id":20740,"date":"2020-03-04T02:01:03","date_gmt":"2020-03-04T01:01:03","guid":{"rendered":"https:\/\/neocatechumenaleiter.org\/slowa-papiezy\/sw-jan-pawel-ii\/audiencja-dla-rodzin-z-drogi-neokatechumenalnej-12-12-1994\/"},"modified":"2021-08-10T11:03:54","modified_gmt":"2021-08-10T10:03:54","slug":"audiencja-dla-rodzin-z-drogi-neokatechumenalnej-12-12-1994","status":"publish","type":"page","link":"https:\/\/neocatechumenaleiter.org\/pl\/slowa-papiezy\/sw-jan-pawel-ii\/audiencja-dla-rodzin-z-drogi-neokatechumenalnej-12-12-1994\/","title":{"rendered":"AUDIENCJA DLA RODZIN Z DROGI NEOKATECHUMENALNEJ 12-12-1994"},"content":{"rendered":"\n<h1 class=\"has-text-align-center wp-block-heading\">AUDIENCJA DLA RODZIN Z DROGI NEOKATECHUMENALNEJ 12-12-1994<\/h1>\n\n<div style=\"height:20px\" aria-hidden=\"true\" class=\"wp-block-spacer\"><\/div>\n\n<h4 class=\"has-text-align-center wp-block-heading\">\u015aw. Jan Pawe\u0142 II<\/h4>\n\n<div style=\"height:20px\" aria-hidden=\"true\" class=\"wp-block-spacer\"><\/div>\n\n<p><strong>Watykan, 12 grudnia 1994 r.<\/strong><\/p>\n\n<p>Jan Pawe\u0142 II przyj\u0105\u0142 na audiencji rodziny Drogi Neokatechumenalnej w poniedzia\u0142ek rano, 12 grudnia. Podczas spotkania, kt\u00f3re odby\u0142o si\u0119 w Auli Paw\u0142a VI, Ojciec \u015awi\u0119ty wyg\u0142osi\u0142 nast\u0119puj\u0105ce przem\u00f3wienie:<\/p>\n\n<p>\u201eNajdro\u017csi Bracia i Siostry!&#13;\n1. Witam was w Stolicy Piotrowej, kt\u00f3ra dzi\u015b dla wielu z was staje si\u0119 jakby portem, z kt\u00f3rego rozwiniecie \u017cagle: przybyli\u015bcie przecie\u017c, by otrzyma\u0107 szczeg\u00f3lny mandat misyjny dotycz\u0105cy bezpo\u015brednio ponad dwustu rodzin, ale kt\u00f3ry w\u0142a\u015bciwie anga\u017cuje tak\u017ce poszczeg\u00f3lne wsp\u00f3lnoty, do kt\u00f3rych nale\u017cycie.&#13;\nNie jest to pierwsze spotkanie Papie\u017ca z rodzinami Drogi Neokatechumenalnej. Przy r\u00f3\u017cnych innych okazjach spotyka\u0142em grupy tego Ruchu. Pami\u0119tam zw\u0142aszcza spotkanie z 1988r., w Porto San Giorgio, gdy celebrowa\u0142em z wami Eucharysti\u0119 podczas uroczysto\u015bci \u015awi\u0119tej Rodziny i wr\u0119czy\u0142em krzy\u017ce 72 rodzinom wyje\u017cd\u017caj\u0105cym do pos\u0142ugi w\u0119drowania. M\u00f3wi\u0142em wam wtedy o Tr\u00f3jcy w misji i o rodzinie w misji.&#13;\n&#13;\nZ tamtym spotkaniem \u0142\u0105czy si\u0119 obecne, wzbogacone jednak o do\u015bwiadczenia tych lat, w kt\u00f3rych Ko\u015bci\u00f3\u0142 przyspieszy\u0142 kroku na drodze ku trzeciemu tysi\u0105cleciu chrze\u015bcija\u0144stwa. Ponadto dzi\u015b znajdujemy si\u0119 w pewnym \u015bci\u015ble okre\u015blonym kontek\u015bcie: ko\u0144czy si\u0119 ju\u017c Rok Rodziny, kt\u00f3rego momentem kulminacyjnym by\u0142y dni 8 i 9 pa\u017adziernika, gdy na Placu \u015awi\u0119tego Piotra zebra\u0142y si\u0119 bardzo liczne rodziny pochodz\u0105ce z ca\u0142ego \u015bwiata.<\/p>\n\n<p>Patrz\u0105c w przysz\u0142o\u015b\u0107, widzimy bliski ju\u017c Wielki Jubileusz roku 2000. Aby go przygotowa\u0107, skierowa\u0142em do ca\u0142ego ludu Bo\u017cego List Apostolski\u00a0<em>Tertio Millennio adveniente<\/em>. Ko\u015bci\u00f3\u0142, Rodzina rodzin, zmierza zdecydowanie ku niemu i jest bardzo wa\u017cne, by dotar\u0142 mo\u017cliwie jak najbardziej zjednoczony i misyjny, zgromadzony przez mi\u0142o\u015b\u0107 wok\u00f3\u0142 jedynego Pana i jednocze\u015bnie przynaglany przez Ducha \u015awi\u0119tego do ewangelizacji \u015bwiata.<\/p>\n\n<div class=\"wp-block-image\"><figure class=\"alignleft size-medium\"><img loading=\"lazy\" decoding=\"async\" width=\"300\" height=\"245\" src=\"https:\/\/neocatechumenaleiter.org\/wp-content\/uploads\/2020\/03\/Camino_Neocatecumenal_Juan_Pablo_II_audiencia_familias_misioneras_1994-300x245.jpg\" alt=\"\" class=\"wp-image-2593\" srcset=\"https:\/\/neocatechumenaleiter.org\/wp-content\/uploads\/2020\/03\/Camino_Neocatecumenal_Juan_Pablo_II_audiencia_familias_misioneras_1994-300x245.jpg 300w, https:\/\/neocatechumenaleiter.org\/wp-content\/uploads\/2020\/03\/Camino_Neocatecumenal_Juan_Pablo_II_audiencia_familias_misioneras_1994.jpg 693w\" sizes=\"auto, (max-width: 300px) 100vw, 300px\" \/><\/figure><\/div>\n\n<p>2. Rok Rodziny stanowi\u0142 dla ca\u0142ego Ko\u015bcio\u0142a przede wszystkim zgodne wyznanie wiary rodzin w Boga Stworzyciela, Odkupiciela i U\u015bwi\u0119ciciela \u017cycia. W roku tym wy\u0142ania si\u0119 z moc\u0105 w \u015bwiadomo\u015bci Ko\u015bcio\u0142a i na oczach \u015bwiata wymiar rodzinny tego, co Sob\u00f3r Watyka\u0144ski II nazywa \u00abuczestnictwem \u015bwieckich w funkcji prorockiej Chrystusa\u00bb (<em>Lumen gentium<\/em>, n. 35).<\/p>\n\n<p>Rodzina jako \u00abma\u0142y ko\u015bci\u00f3\u0142\u00bb i \u00abwsp\u00f3lnota domowa\u00bb jest wezwana do pe\u0142nienia pos\u0142ugi kap\u0142a\u0144skiej, prorockiej i kr\u00f3lewskiej. Sob\u00f3r dobitnie to podkre\u015bla: \u00abW wype\u0142nianiu tej misji bardzo cenny okazuje si\u0119 ten stan \u017cycia, kt\u00f3ry u\u015bwi\u0119cony jest osobnym sakramentem, mianowicie \u017cycie ma\u0142\u017ce\u0144skie i rodzinne\u00bb (<em>tam\u017ce<\/em>).&#13;\n&#13;\nKorzenie takiego powo\u0142ania znajduj\u0105 si\u0119 oczywi\u015bcie w Chrzcie, a Droga Neokatechumenalna polega w\u0142a\u015bnie na itinerarium odkrywania Chrztu. Jest zatem bardzo wa\u017cne, by we Wsp\u00f3lnoty anga\u017cowa\u0142y si\u0119 nie tylko pojedyncze osoby, ale tak\u017ce rodziny, gotowe, bez uszczerbku dla zwi\u0105zku ma\u0142\u017ce\u0144skiego, zgodnie stawi\u0107 czo\u0142a trudno\u015bciom i odpowiedzialno\u015bci, jak\u0105 zadanie to poci\u0105ga za sob\u0105.<\/p>\n\n<p>3. Dzi\u015b, drodzy Bracia i Siostry, jeste\u015bcie tu, by \u015bwiadczy\u0107 w\u0142a\u015bnie o wymiarze misyjnym i prorockim waszej drogi wiary. I chcecie podkre\u015bli\u0107, \u017ce ten wymiar misyjny obejmuje rodzin\u0119 jako tak\u0105, gdy\u017c odrodzenie chrzcielne dotyka nie tylko jej poszczeg\u00f3lnych cz\u0142onk\u00f3w, ale poci\u0105ga wszystkich razem, wi\u0105\u017c\u0105c ich jako wsp\u00f3lnot\u0119 rodzinn\u0105 coraz g\u0142\u0119bsz\u0105 wi\u0119zi\u0105 jedno\u015bci w mi\u0142o\u015bci i przynaglaj\u0105c do \u017cywszego zaanga\u017cowania misyjnego.&#13;\nOto, najdro\u017csi, co tkwi u korzeni waszego \u00abwyruszenia\u00bb. Nie zapomnijcie tego nigdy! Krzy\u017c, kt\u00f3ry otrzymacie, niech wam przypomina ka\u017cdego dnia, \u017ce je\u015bli wyruszyli\u015bcie w misj\u0119, to sta\u0142o si\u0119 to dlatego, \u017ce najpierw do was samych dotar\u0142a i odnowi\u0142a was mi\u0142osierna mi\u0142o\u015b\u0107 Boga, by\u015bcie stali si\u0119 rodzinami dla rodzin.&#13;\n<\/p>\n\n<p>Id\u017acie zatem, drogie rodziny misyjne. \u0141aska Chrztu, Bierzmowania i Ma\u0142\u017ce\u0144stwa, odnawiana w Eucharystii i Sakramencie Pojednania, podtrzymywa\u0107 was b\u0119dzie w ka\u017cdej chwili \u017cycia. Mocni tym nadprzyrodzonym wsparciem, b\u0105d\u017acie gotowi zda\u0107 spraw\u0119 z nadziei, kt\u00f3ra jest w was (por. 1P 3,15). \u015awi\u0119ta Rodzina z Nazaretu niech b\u0119dzie dla was wzorem i wasz\u0105 Patronk\u0105. Niech towarzyszy wam tak\u017ce B\u0142ogos\u0142awie\u0144stwo Apostolskie, kt\u00f3rego teraz z serca udzielam wam i waszym wsp\u00f3lnotom\u201d.<\/p>\n\n<div class=\"wp-block-image\"><figure class=\"alignright size-large\"><img loading=\"lazy\" decoding=\"async\" width=\"695\" height=\"569\" src=\"https:\/\/neocatechumenaleiter.org\/wp-content\/uploads\/2020\/03\/Camino_Neocatecumenal_Juan_Pablo_II_audiencia_familias_misioneras_1994_2.jpg\" alt=\"\" class=\"wp-image-4475\" srcset=\"https:\/\/neocatechumenaleiter.org\/wp-content\/uploads\/2020\/03\/Camino_Neocatecumenal_Juan_Pablo_II_audiencia_familias_misioneras_1994_2.jpg 695w, https:\/\/neocatechumenaleiter.org\/wp-content\/uploads\/2020\/03\/Camino_Neocatecumenal_Juan_Pablo_II_audiencia_familias_misioneras_1994_2-300x246.jpg 300w\" sizes=\"auto, (max-width: 695px) 100vw, 695px\" \/><\/figure><\/div>\n\n<p>Mandat misyjny otrzyma\u0142o z r\u0105k Ojca \u015bwi\u0119tego 120 rodzin z Drogi Neokatechumenalnej. Pochodz\u0105 one z W\u0142och, Hiszpanii, Polski, Indii i Irlandii. Zanios\u0105 or\u0119dzie Ewangelii do 40 kraj\u00f3w na pi\u0119ciu kontynentach.&#13;\n&#13;\nW\u015br\u00f3d kraj\u00f3w Europy zainteresowanych dzie\u0142em misyjnym tych rodzin s\u0105 m.in. Chorwacja, Ukraina, Finlandia i Niemcy. W Ameryce nowe rodziny w misji g\u0142osi\u0107 b\u0119d\u0105 S\u0142owo w Stanach Zjednoczonych, Kanadzie, Kostaryce, Kolumbii i Wenezueli.<\/p>\n\n<p>Rodziny wyznaczone losem do Azji dadz\u0105 \u015bwiadectwo wiary w Japonii, Indii, na Tajwanie i Filipinach. W\u015br\u00f3d kraj\u00f3w afryka\u0144skich, do kt\u00f3rych skierowana jest pos\u0142uga w\u0119drowna tych rodzin, s\u0105 Egipt, Wybrze\u017ce Ko\u015bci S\u0142oniowej i Etiopia.&#13;\n&#13;\nTe 120 rodzin, maj\u0105cych 441 dzieci, czeka zadanie tyle\u017c trudne, co budz\u0105ce entuzjazm: \u015bwiadczenie o Chrystusie w regionach Ziemi ju\u017c ewangelizowanych, ale zagro\u017conych przez sekularyzacj\u0119, a tak\u017ce w strefach, kt\u00f3re jeszcze nie znaj\u0105 Ewangelii. To zaanga\u017cowanie ma si\u0119 rozwija\u0107 na tych dwu p\u0142aszczyznach, kt\u00f3re \u015bci\u015ble \u0142\u0105czy znak wierno\u015bci radykalizmowi Ewangelii.<\/p>\n\n<p>W spotkaniu uczestniczyli: Kardyna\u0142 Lopez Trujillo, Arcybiskup Massimino Romero, Biskupi: Jan Pawe\u0142 Lenga, Paul Cordes, Luigi Boccadoro, Giulio Salimei. Ponadto obecni byli inicjatorzy Drogi Neokatechumenalnej: Kiko Arg\u00fcello i Carmen Hern\u00e1ndez. Uczestniczy\u0142o tak\u017ce 180 rodzin z Drogi Neokatechumenalnej, kt\u00f3re od pewnego czasu s\u0105 zaanga\u017cowane w misji.<\/p>\n","protected":false},"excerpt":{"rendered":"<p>AUDIENCJA DLA RODZIN Z DROGI NEOKATECHUMENALNEJ 12-12-1994 \u015aw. Jan Pawe\u0142 II Watykan, 12 grudnia 1994 r. Jan Pawe\u0142 II przyj\u0105\u0142 na audiencji rodziny Drogi Neokatechumenalnej w poniedzia\u0142ek rano, 12 grudnia. Podczas spotkania, kt\u00f3re odby\u0142o si\u0119 w Auli Paw\u0142a VI, Ojciec \u015awi\u0119ty wyg\u0142osi\u0142 nast\u0119puj\u0105ce przem\u00f3wienie: \u201eNajdro\u017csi Bracia i Siostry!&#13; 1. Witam was w Stolicy Piotrowej, kt\u00f3ra dzi\u015b dla wielu z was staje si\u0119 jakby portem, z kt\u00f3rego rozwiniecie \u017cagle: przybyli\u015bcie przecie\u017c,<\/p>\n<div class=\"read-more\"><a class=\"btn read-more-btn\" href=\"https:\/\/neocatechumenaleiter.org\/pl\/slowa-papiezy\/sw-jan-pawel-ii\/audiencja-dla-rodzin-z-drogi-neokatechumenalnej-12-12-1994\/\">Czytaj dalej<\/a><\/div>\n","protected":false},"author":2,"featured_media":0,"parent":16496,"menu_order":82,"comment_status":"closed","ping_status":"closed","template":"","meta":{"footnotes":""},"class_list":["post-20740","page","type-page","status-publish","hentry"],"_links":{"self":[{"href":"https:\/\/neocatechumenaleiter.org\/pl\/wp-json\/wp\/v2\/pages\/20740","targetHints":{"allow":["GET"]}}],"collection":[{"href":"https:\/\/neocatechumenaleiter.org\/pl\/wp-json\/wp\/v2\/pages"}],"about":[{"href":"https:\/\/neocatechumenaleiter.org\/pl\/wp-json\/wp\/v2\/types\/page"}],"author":[{"embeddable":true,"href":"https:\/\/neocatechumenaleiter.org\/pl\/wp-json\/wp\/v2\/users\/2"}],"replies":[{"embeddable":true,"href":"https:\/\/neocatechumenaleiter.org\/pl\/wp-json\/wp\/v2\/comments?post=20740"}],"version-history":[{"count":14,"href":"https:\/\/neocatechumenaleiter.org\/pl\/wp-json\/wp\/v2\/pages\/20740\/revisions"}],"predecessor-version":[{"id":24263,"href":"https:\/\/neocatechumenaleiter.org\/pl\/wp-json\/wp\/v2\/pages\/20740\/revisions\/24263"}],"up":[{"embeddable":true,"href":"https:\/\/neocatechumenaleiter.org\/pl\/wp-json\/wp\/v2\/pages\/16496"}],"wp:attachment":[{"href":"https:\/\/neocatechumenaleiter.org\/pl\/wp-json\/wp\/v2\/media?parent=20740"}],"curies":[{"name":"wp","href":"https:\/\/api.w.org\/{rel}","templated":true}]}}