{"id":20780,"date":"2020-03-04T01:48:56","date_gmt":"2020-03-04T00:48:56","guid":{"rendered":"https:\/\/neocatechumenaleiter.org\/slowa-papiezy\/sw-jan-pawel-ii\/audiencja-dla-katechistow-wedrownych-17-1-1994\/"},"modified":"2021-08-10T11:03:33","modified_gmt":"2021-08-10T10:03:33","slug":"audiencja-dla-katechistow-wedrownych-17-1-1994","status":"publish","type":"page","link":"https:\/\/neocatechumenaleiter.org\/pl\/slowa-papiezy\/sw-jan-pawel-ii\/audiencja-dla-katechistow-wedrownych-17-1-1994\/","title":{"rendered":"AUDIENCJA DLA KATECHIST\u00d3W W\u0118DROWNYCH 17-1-1994"},"content":{"rendered":"\n<h1 class=\"has-text-align-center wp-block-heading\">AUDIENCJA DLA KATECHIST\u00d3W W\u0118DROWNYCH 17-1-1994<\/h1>\n\n<div style=\"height:20px\" aria-hidden=\"true\" class=\"wp-block-spacer\"><\/div>\n\n<h4 class=\"has-text-align-center wp-block-heading\">\u015aw. Jan Pawe\u0142 II<\/h4>\n\n<div style=\"height:20px\" aria-hidden=\"true\" class=\"wp-block-spacer\"><\/div>\n\n<p><strong>Watykan &#8211; Sala Klementy\u0144ska, 17 stycznia 1994 r.<\/strong><\/p>\n\n<p>Jan Pawe\u0142 II przyj\u0105\u0142 na audiencji w Sali Klementy\u0144skiej grup\u0119 katechist\u00f3w w\u0119drownych Drogi Neokatechumenalnej. Oto tekst przem\u00f3wienia Ojca \u015awi\u0119tego skierowanego do nich:<\/p>\n\n<div class=\"wp-block-image\"><figure class=\"alignright size-large\"><img loading=\"lazy\" decoding=\"async\" width=\"690\" height=\"567\" src=\"https:\/\/neocatechumenaleiter.org\/wp-content\/uploads\/2020\/03\/Camino_Neocatecumenal_Juan_Pablo_II_audiencia_catequistas_itinerantes_1994.jpg\" alt=\"\" class=\"wp-image-4203\" srcset=\"https:\/\/neocatechumenaleiter.org\/wp-content\/uploads\/2020\/03\/Camino_Neocatecumenal_Juan_Pablo_II_audiencia_catequistas_itinerantes_1994.jpg 690w, https:\/\/neocatechumenaleiter.org\/wp-content\/uploads\/2020\/03\/Camino_Neocatecumenal_Juan_Pablo_II_audiencia_catequistas_itinerantes_1994-300x247.jpg 300w\" sizes=\"auto, (max-width: 690px) 100vw, 690px\" \/><\/figure><\/div>\n\n<p>Drodzy Bracia i Siostry w Chrystusie!&#13;\n1. Z rado\u015bci\u0105 spotykam si\u0119 z wami, do\u015bwiadczonymi \u00abkatechistami w\u0119drownymi\u00bb Drogi Neokatechumenalnej, z okazji waszego zgromadzenia, podczas kt\u00f3rego razem z inicjatorami i przyw\u00f3dcami ruchu modlili\u015bcie si\u0119 i zastanawiali nad owocami i perspektywami powierzonej wam misji, po\u015bwi\u0119caj\u0105c szczeg\u00f3ln\u0105 uwag\u0119 roli rodzin po\u015br\u00f3d ubogich.&#13;\nPozdrawiam pana Kiko Arg\u00fcello i dzi\u0119kuj\u0119 mu za s\u0142owa, kt\u00f3re przed chwil\u0105 wypowiedzia\u0142 w waszym imieniu. Pozdrawiam serdecznie ka\u017cdego z was. Pok\u00f3j Pa\u0144ski niech b\u0119dzie z wami!<\/p>\n\n<p>2. Wasza \u00abDroga\u00bb pragnie dzia\u0142a\u0107 w duchu Soboru Watyka\u0144skiego II, aby da\u0107 przyk\u0142ad nowej ewangelizacji, kt\u00f3ra wzbudza nadziej\u0119 w Ko\u015bciele w przededniu trzeciego tysi\u0105clecia chrze\u015bcija\u0144stwa.&#13;\n&#13;\n\u00a0&#13;\n&#13;\nWasz\u0105 zas\u0142ug\u0105 jest odkrycie na nowo warto\u015bci przepowiadania \u00abkerygmatycznego\u00bb, kt\u00f3re zaprasza do udzia\u0142u w wierze tak\u017ce \u00aboddalonych\u00bb, realizuj\u0105c itinerarium dla ochrzczonych wed\u0142ug wskaza\u0144 Ordo Initiationis Christianae Adultorum (Obrz\u0119dy Chrze\u015bcija\u0144skiego Wtajemniczenia Doros\u0142ych), do kt\u00f3rych nawi\u0105zuje Katechizm Ko\u015bcio\u0142a Katolickiego (por. n. 1231). Celem tej drogi wiary jest po\u0142\u0105czenie w jedn\u0105 ca\u0142o\u015b\u0107 przepowiadania, zmiany \u017cycia moralnego i liturgii. To wszystko odbywa si\u0119 w ma\u0142ych wsp\u00f3lnotach, w kt\u00f3rych \u00abrefleksja nad s\u0142owem Bo\u017cym i uczestniczenie w Eucharystii (\u2026) formuj\u0105 \u017cywe kom\u00f3rki Ko\u015bcio\u0142a, dynamizuj\u0105 \u017cycie parafii poprzez dzia\u0142alno\u015b\u0107 chrze\u015bcijan dojrza\u0142ych, zdolnych do dawania \u015bwiadectwa prawdzie dzi\u0119ki wierze prze\u017cywanej w spos\u00f3b radykalny\u00bb (Przes\u0142anie do Biskup\u00f3w Europy zebranych w Wiedniu 12 kwietnia 1993r.). Te wsp\u00f3lnoty pomagaj\u0105 prze\u017cywa\u0107 do\u015bwiadczenie Ko\u015bcio\u0142a jako Cia\u0142a Chrystusa, w kt\u00f3rym, poprzez znaki sakramentalne, B\u00f3g obejmuje swoim zbawczym dzia\u0142aniem ludzi z ka\u017cdego pokolenia, przede wszystkim rodziny.<\/p>\n\n<p>3. Dzi\u015b wszyscy przyznaj\u0105, \u017ce rodzina prze\u017cywa powa\u017cny kryzys, kt\u00f3ry jest \u017ar\u00f3d\u0142em najg\u0142\u0119bszych chor\u00f3b wsp\u00f3\u0142czesnego spo\u0142ecze\u0144stwa. W\u0142a\u015bnie dlatego Ko\u015bci\u00f3\u0142, przy\u0142\u0105czaj\u0105c si\u0119 do inicjatywy Narod\u00f3w Zjednoczonych, og\u0142osi\u0142 r. 1994 Rokiem Rodziny. Wasze wieloletnie ju\u017c do\u015bwiadczenie w \u00abDrodze\u00bb na pewno nauczy\u0142o was, \u017ce ma\u0142a wsp\u00f3lnota, wspierana przez s\u0142owo Bo\u017ce i niedzieln\u0105 Eucharysti\u0119, staje si\u0119 miejscem komunii, w kt\u00f3rym rodzina odnajduje sens swojej podstawowej misji przekazywania \u017cycia naturalnego i nadprzyrodzonego oraz p\u0142yn\u0105c\u0105 z niej rado\u015b\u0107. Rodzina nie mo\u017ce zleci\u0107 innym tego zasadniczego zadania. Wiemy, \u017ce ju\u017c od najdawniejszych czas\u00f3w rodzina jest pierwszym \u015brodowiskiem ewangelizacji Ludu Bo\u017cego. W Ksi\u0119dze Powt\u00f3rzonego Prawa czytamy bowiem te s\u0142owa: \u00abWpoisz je twoim synom, b\u0119dziesz o nich m\u00f3wi\u0142 przebywaj\u0105c w domu, w czasie podr\u00f3\u017cy, k\u0142ad\u0105c si\u0119 spa\u0107 i wstaj\u0105c ze snu\u00bb (por. Pwt 6,7). Wasze rodziny odkrywaj\u0105 zatem codzienn\u0105 modlitw\u0119 z dzie\u0107mi, a zw\u0142aszcza niedzieln\u0105 liturgi\u0119 domow\u0105, podczas kt\u00f3rej ojciec i matka otwieraj\u0105 \u015awi\u0119t\u0105 Ksi\u0119g\u0119, czytaj\u0105 j\u0105 i komentuj\u0105, a dzieci uczestnicz\u0105 w dialogu o\u015bwieconym przez Ducha \u015awi\u0119tego. \u015alady tego zwyczaju odnajdujemy w Li\u015bcie \u015bw. Paw\u0142a, kt\u00f3ry przypomina Tymoteuszowi, \u017ce to matka i babcia od dzieci\u0144stwa czyta\u0142y mu Pismo \u015awi\u0119te (por. 2Tm 1,5; 3,14-15).<\/p>\n\n<p>4. Nietrudno zatem, w \u015bwietle tych s\u0142\u00f3w, dostrzec owoce Drogi Neokatechumenalnej: rodziny pojednane, otwarte na \u017cycie i wdzi\u0119czne Ko\u015bcio\u0142owi pragn\u0105 nie\u015b\u0107 or\u0119dzie Ewangelii a\u017c na kra\u0144ce ziemi. Ja sam mia\u0142em sposobno\u015b\u0107, przy innych okazjach, wr\u0119cza\u0107 krzy\u017ce rodzinom wyje\u017cd\u017caj\u0105cym do region\u00f3w najbiedniejszych i najbardziej zdechrystianizowanych. Rodz\u0105 si\u0119 tam teraz bardzo liczne powo\u0142ania. Wiele dziewcz\u0105t podejmuje \u017cycie zakonne i kontemplacyjne; ch\u0142opcy d\u0105\u017c\u0105 do kap\u0142a\u0144stwa w seminariach lokalnych i w diecezjalnych seminariach misyjnych \u00abRedemptoris Mater\u00bb, kt\u00f3rych celem jest pomaganie Ko\u015bcio\u0142om znajduj\u0105cym si\u0119 w powa\u017cnych trudno\u015bciach z powodu braku duchowie\u0144stwa. W ten spos\u00f3b urzeczywistniona jest nauka Soboru Watyka\u0144skiego II: \u00abNiech wi\u0119c prezbiterzy pami\u0119taj\u0105 o tym, \u017ce winna im le\u017ce\u0107 na sercu troska o wszystkie Ko\u015bcio\u0142y. (\u2026) W tym celu mo\u017cna zatem z po\u017cytkiem utworzy\u0107 jakie\u015b seminaria mi\u0119dzynarodowe\u00bb \u00a0<em>(Presbiterorum Ordinis, 10).<\/em><\/p>\n\n<div class=\"wp-block-image\"><figure class=\"alignleft size-large\"><img loading=\"lazy\" decoding=\"async\" width=\"681\" height=\"558\" src=\"https:\/\/neocatechumenaleiter.org\/wp-content\/uploads\/2020\/03\/Camino_Neocatecumenal_Juan_Pablo_II_audiencia_catequistas_itinerantes_1994_2.jpg\" alt=\"\" class=\"wp-image-4205\" srcset=\"https:\/\/neocatechumenaleiter.org\/wp-content\/uploads\/2020\/03\/Camino_Neocatecumenal_Juan_Pablo_II_audiencia_catequistas_itinerantes_1994_2.jpg 681w, https:\/\/neocatechumenaleiter.org\/wp-content\/uploads\/2020\/03\/Camino_Neocatecumenal_Juan_Pablo_II_audiencia_catequistas_itinerantes_1994_2-300x246.jpg 300w\" sizes=\"auto, (max-width: 681px) 100vw, 681px\" \/><\/figure><\/div>\n\n<p>5. Przede wszystkim jednak wielkim owocem tej Drogi jest zapa\u0142 misyjny. Z rado\u015bci\u0105 dowiaduj\u0119 si\u0119, \u017ce s\u0142owa, kt\u00f3re skierowa\u0142em do m\u0142odych w Denver, znalaz\u0142y w was odzew. Powiedzia\u0142em w\u00f3wczas: \u00abNie czas teraz wstydzi\u0107 si\u0119 Ewangelii (por. Rz 1,16), ale czas g\u0142osi\u0107 j\u0105 na dachach (por. Mt 10,27)\u00bb (homilia wyg\u0142oszona podczas Mszy \u015bw. na zako\u0144czenie \u015awiatowego Dnia M\u0142odzie\u017cy w Denver, 15 sierpnia 1993r.).&#13;\n&#13;\n\u00a0&#13;\n&#13;\nDlatego przygotowujecie si\u0119 do podj\u0119cia wielkich misji ludowych, kt\u00f3re obejm\u0105 zw\u0142aszcza ludzi oddalonych od Ko\u015bcio\u0142a lub jeszcze go nie znaj\u0105cych. \u017bycz\u0119 wam, aby idea g\u0142oszenia Ewangelii na ulicach, zrealizowana w porozumieniu z miejscowymi biskupami, przynios\u0142a wsz\u0119dzie obfite owoce.&#13;\n6. Drodzy ewangelizatorzy w\u0119drowni! Zwracam si\u0119 z wielk\u0105 serdeczno\u015bci\u0105 do was, zostawili\u015bcie bowiem wszystko, aby g\u0142osi\u0107 Chrystusa, i to Chrystusa ukrzy\u017cowanego, w 94 krajach na 5 kontynentach, okazuj\u0105c zawsze pos\u0142usze\u0144stwo biskupom. Wzywam was, by\u015bcie pozostali zawsze wierni charyzmatowi, kt\u00f3ry B\u00f3g wam powierzy\u0142 dla dobra ca\u0142ej wsp\u00f3lnoty ko\u015bcielnej, i by\u015bcie przyczynili si\u0119 poprzez dzie\u0142o swoje do lepszego poznania warto\u015bci chrze\u015bcija\u0144skiego wtajemniczenia doros\u0142ych. Zapewniam was o mojej sta\u0142ej pami\u0119ci w modlitwie; z rado\u015bci\u0105 w klimacie \u015bwi\u0105tecznej jedno\u015bci wr\u0119cz\u0119 krzy\u017ce tym spo\u015br\u00f3d was, kt\u00f3rzy s\u0105 w\u0119drownymi g\u0142osicielami Ewangelii.&#13;\n&#13;\n\u00a0&#13;\n&#13;\nNaj\u015bwi\u0119tsza Maryja Panna, pokorna Dziewica z Nazaretu, niech wam towarzyszy, gdy pielgrzymujecie po \u015bwiecie, g\u0142osz\u0105c Kr\u00f3lestwo Bo\u017ce. Wszyscy pozosta\u0144cie pod Jej macierzy\u0144sk\u0105 opiek\u0105! Z serca udzielam wam, waszym rodzinom, Drodze Neokatechumenalnej apostolskiego b\u0142ogos\u0142awie\u0144stwa.<\/p>\n\n<p>Na pocz\u0105tku audiencji, witaj\u0105c Ojca \u015awi\u0119tego, inicjator Drogi Neokatechumenalnej, Kiko Arg\u00fcello przypomnia\u0142 przede wszystkim niezwyk\u0142e do\u015bwiadczenie, jakie mia\u0142o 30 tys. m\u0142odych \u00abDrogi\u00bb podczas spotkania w sierpniu zesz\u0142ego roku z okazji VIII \u015awiatowego Dnia M\u0142odzie\u017cy w Denver. Po tym spotkaniu tysi\u0105c dwie\u015bcie ch\u0142opc\u00f3w zdecydowa\u0142o si\u0119 wej\u015b\u0107 do seminarium a tysi\u0105c dziewcz\u0105t wybra\u0142o klauzurowe \u017cycie zakonne. \u00abDenver \u2013 powiedzia\u0142 Kiko \u2013 by\u0142o naprawd\u0119 prze\u0142omem w Ko\u015bciele. W Denver dzia\u0142a\u0142a specjalna \u0142aska Ducha \u015awi\u0119tego a m\u0142odzi przede wszystkim dotkni\u0119ci byli s\u0142owami Ojca \u015awi\u0119tego\u00bb.<\/p>\n\n<p>Nast\u0119pnie Kiko Arg\u00fcello przedstawi\u0142 Papie\u017cowi katechist\u00f3w w\u0119drownych odpowiedzialnych za 94 narody z pi\u0119ciu kontynent\u00f3w. Katechi\u015bci ci uczestniczyli w 7-dniowym spotkaniu po\u015bwi\u0119conym: rzeczywisto\u015bci \u00abDrogi\u00bb, owocom rodzin w misji (400 na ca\u0142ym \u015bwiecie), seminariom \u00abRedemptoris Mater\u00bb (25 ju\u017c otwartych w r\u00f3\u017cnych krajach), kt\u00f3rych rektorzy r\u00f3wnie\u017c byli obecni na audiencji.&#13;\n&#13;\n\u00a0&#13;\n&#13;\nMin\u0119\u0142o ju\u017c 7 lat, od kiedy pierwsze rodziny z \u00abDrogi\u00bb wyruszy\u0142y na misje do najbiedniejszych kraj\u00f3w Ameryki \u0141aci\u0144skiej. Dzisiaj dzie\u0142o tej prze\u0142omowej ewangelizacji wyda\u0142o liczne owoce w parafiach, seminariach, w rodzinach, w rzeczywisto\u015bciach politycznych i spo\u0142ecznych, trudnych i wrogich wierze. Jeste\u015bmy ca\u0142kowicie przekonani \u2013 powiedzia\u0142 mi\u0119dzy innymi Kiko Arg\u00fcello \u2013 \u017ce przysz\u0142o\u015b\u0107 ludzko\u015bci przychodzi przez rodzin\u0119. Wzrastaj\u0105c w wierze, rodziny otwieraj\u0105 si\u0119 na \u017cycie i przekazuj\u0105 dzieciom nowo\u015b\u0107 i rado\u015b\u0107 or\u0119dzia chrze\u015bcija\u0144skiego. Temu bardzo wa\u017cnemu dzie\u0142u ewangelizacji Droga Neokatechumenalna ofiarowuje ci\u0105g\u0142e wsparcie, maj\u0105c \u015bwiadomo\u015b\u0107 \u2013 powiedzia\u0142 Arg\u00fcello \u2013 \u017ce \u00abma\u0142a wsp\u00f3lnota mo\u017ce uratowa\u0107 rodzin\u0119 w Europie\u00bb.<\/p>\n","protected":false},"excerpt":{"rendered":"<p>AUDIENCJA DLA KATECHIST\u00d3W W\u0118DROWNYCH 17-1-1994 \u015aw. Jan Pawe\u0142 II Watykan &#8211; Sala Klementy\u0144ska, 17 stycznia 1994 r. Jan Pawe\u0142 II przyj\u0105\u0142 na audiencji w Sali Klementy\u0144skiej grup\u0119 katechist\u00f3w w\u0119drownych Drogi Neokatechumenalnej. Oto tekst przem\u00f3wienia Ojca \u015awi\u0119tego skierowanego do nich: Drodzy Bracia i Siostry w Chrystusie!&#13; 1. Z rado\u015bci\u0105 spotykam si\u0119 z wami, do\u015bwiadczonymi \u00abkatechistami w\u0119drownymi\u00bb Drogi Neokatechumenalnej, z okazji waszego zgromadzenia, podczas kt\u00f3rego razem z inicjatorami i przyw\u00f3dcami ruchu modlili\u015bcie<\/p>\n<div class=\"read-more\"><a class=\"btn read-more-btn\" href=\"https:\/\/neocatechumenaleiter.org\/pl\/slowa-papiezy\/sw-jan-pawel-ii\/audiencja-dla-katechistow-wedrownych-17-1-1994\/\">Czytaj dalej<\/a><\/div>\n","protected":false},"author":2,"featured_media":0,"parent":16496,"menu_order":78,"comment_status":"closed","ping_status":"closed","template":"","meta":{"footnotes":""},"class_list":["post-20780","page","type-page","status-publish","hentry"],"_links":{"self":[{"href":"https:\/\/neocatechumenaleiter.org\/pl\/wp-json\/wp\/v2\/pages\/20780","targetHints":{"allow":["GET"]}}],"collection":[{"href":"https:\/\/neocatechumenaleiter.org\/pl\/wp-json\/wp\/v2\/pages"}],"about":[{"href":"https:\/\/neocatechumenaleiter.org\/pl\/wp-json\/wp\/v2\/types\/page"}],"author":[{"embeddable":true,"href":"https:\/\/neocatechumenaleiter.org\/pl\/wp-json\/wp\/v2\/users\/2"}],"replies":[{"embeddable":true,"href":"https:\/\/neocatechumenaleiter.org\/pl\/wp-json\/wp\/v2\/comments?post=20780"}],"version-history":[{"count":4,"href":"https:\/\/neocatechumenaleiter.org\/pl\/wp-json\/wp\/v2\/pages\/20780\/revisions"}],"predecessor-version":[{"id":24218,"href":"https:\/\/neocatechumenaleiter.org\/pl\/wp-json\/wp\/v2\/pages\/20780\/revisions\/24218"}],"up":[{"embeddable":true,"href":"https:\/\/neocatechumenaleiter.org\/pl\/wp-json\/wp\/v2\/pages\/16496"}],"wp:attachment":[{"href":"https:\/\/neocatechumenaleiter.org\/pl\/wp-json\/wp\/v2\/media?parent=20780"}],"curies":[{"name":"wp","href":"https:\/\/api.w.org\/{rel}","templated":true}]}}