{"id":20832,"date":"2021-03-02T13:23:27","date_gmt":"2021-03-02T12:23:27","guid":{"rendered":"https:\/\/neocatechumenaleiter.org\/slowa-papiezy\/sw-jan-pawel-ii\/podczas-wizytacji-parafii-sw-antoniego-6-5-1979\/"},"modified":"2021-03-02T13:39:51","modified_gmt":"2021-03-02T12:39:51","slug":"podczas-wizytacji-parafii-sw-antoniego-6-5-1979","status":"publish","type":"page","link":"https:\/\/neocatechumenaleiter.org\/pl\/slowa-papiezy\/sw-jan-pawel-ii\/podczas-wizytacji-parafii-sw-antoniego-6-5-1979\/","title":{"rendered":"PODCZAS WIZYTACJI PARAFII \u015aW. ANTONIEGO 6-5-1979"},"content":{"rendered":"\n<h1 class=\"has-text-align-center wp-block-heading\">PODCZAS WIZYTACJI PARAFII \u015aW. ANTONIEGO 6-5-1979<\/h1>\n\n<div style=\"height:20px\" aria-hidden=\"true\" class=\"wp-block-spacer\"><\/div>\n\n<h4 class=\"has-text-align-center wp-block-heading\">\u015aw. Jan Pawe\u0142 II<\/h4>\n\n<div style=\"height:20px\" aria-hidden=\"true\" class=\"wp-block-spacer\"><\/div>\n\n<p><p><strong>Rzym, 6 maja 1979<\/strong> <strong>r.<\/strong>*<\/p><\/p>\n\n<p><em>W niedziel\u0119 6 maja 1979, w dniu po\u015bwi\u0119conym powo\u0142aniom, Ojciec \u015bwi\u0119ty wizytowa\u0142 parafi\u0119 \u015bw. Antoniego na Piazza Asti przy via Tuscolana, gdzie po mszy \u015bw., kt\u00f3r\u0105 celebrowa\u0142 o godzinie 17.30, spotka\u0142 si\u0119 z poszczeg\u00f3lnymi grupami parafii, w tym z dwoma wsp\u00f3lnotami neokatechumenalnymi, kt\u00f3re sw\u0105 drog\u0119 odbywaj\u0105 odpowiednio od dwu i p\u00f3\u0142 roku i od sze\u015bciu miesi\u0119cy. Obecni byli tak\u017ce katechi\u015bci wsp\u00f3lnot, kt\u00f3rzy pochodz\u0105 z II wsp\u00f3lnoty parafii \u015bw. Franciszki Cabrini.&#013;\nOjciec \u015bwi\u0119ty, kt\u00f3remu towarzyszyli kardyna\u0142 Poletti i biskup tej strefy, Salimei, zosta\u0142 przyj\u0119ty \u015bpiewem \u201eJerozolima odbudowana\u201d (Kantyk Tobiasza). Podczas \u015bpiewu przeszed\u0142 pozdrawiaj\u0105c obecnych, m\u00f3wi\u0105c do niekt\u00f3rych po kilka s\u0142\u00f3w i zatrzyma\u0142 si\u0119 przy grupie kantor\u00f3w, by \u015bpiewa\u0107 z nimi ko\u0144cowe Alleluja.&#013;\nPo zako\u0144czeniu \u015bpiewu proboszcz tak przedstawi\u0142 Drog\u0119 Papie\u017cowi:<\/em><\/p>\n\n<p>\u201eWasza \u015bwi\u0105tobliwo\u015b\u0107! S\u0105 tu dwie wsp\u00f3lnoty nazywane neokatechumenalnymi. Pod t\u0105 nazw\u0105 rozumiej\u0105 one drog\u0119 nawr\u00f3cenia, na kt\u00f3r\u0105 wesz\u0142y po to, by odkry\u0107, czym jest wiara otrzymana na chrzcie \u015bwi\u0119tym. Ta wiara pozostawa\u0142a \u2013 by\u0107 mo\u017ce \u2013 w niejednym przypadku nie rozwini\u0119ta, w stanie zarodkowym, dlatego teraz, na tej drodze, dzi\u0119ki S\u0142owu Bo\u017cemu wchodzi ona ponownie w okres inkubacji, aby sta\u0107 si\u0119 wiar\u0105 dojrza\u0142\u0105.&#013;\n&#013;\nTa droga istnieje tak\u017ce po to, by przywo\u0142ywa\u0107 ludzi oddalonych, grzesznik\u00f3w, kt\u00f3rzy nic nie s\u0142yszeli o nawr\u00f3ceniu. I wreszcie chodzi tu o dawanie \u015bwiadectwa, kt\u00f3re polega na mi\u0142o\u015bci do Boga i do bli\u017aniego. I to wszystko\u201d.<\/p>\n\n<p>Zaraz potem Ojciec \u015bwi\u0119ty powiedzia\u0142:<\/p>\n\n<p>\u00abI wszystko to wyra\u017cacie poprzez wasz\u0105 wsp\u00f3lnot\u0119, wasz\u0105 bratersk\u0105 jedno\u015b\u0107, wasz\u0105 rado\u015b\u0107, poprzez wasz \u015bpiew, na pewno tak\u017ce modlitw\u0119. Bo gdy si\u0119 odkrywa prawdziw\u0105 rzeczywisto\u015b\u0107 chrztu, \u0142aski Bo\u017cej, rzeczywisto\u015b\u0107 naszego synostwa Bo\u017cego \u2014 gdy si\u0119 wszystko odkrywa, rodzi si\u0119 g\u0142\u0119boka rado\u015b\u0107, rado\u015b\u0107 komunikatywna, to znaczy taka, kt\u00f3ra pragnie si\u0119 podzieli\u0107 z innymi tym odkryciem i da\u0107 siebie sam\u0105.&#013;\n&#013;\nS\u0105dz\u0119, \u017ce duch, kt\u00f3ry niegdy\u015b w Ko\u015bciele pierwotnym o\u017cywia\u0142 grupy katechumen\u00f3w, jest tym samym duchem, kt\u00f3ry w Ko\u015bciele wsp\u00f3\u0142czesnym o\u017cywia grupy neokatechumen\u00f3w.&#013;\n&#013;\n\u00a0<\/p>\n\n<p>\u017bycz\u0119 wam, by\u015bcie t\u0119 wasz\u0105 drog\u0119 kontynuowali i czasami pomodlili si\u0119 tak\u017ce za papie\u017ca.\u00bb.<\/p>\n\n<p><em>(*) Por. \u201eL\u2019Osservatore Romano\u201d, 7-8 maja 1979.<\/em><\/p>\n","protected":false},"excerpt":{"rendered":"<p>PODCZAS WIZYTACJI PARAFII \u015aW. ANTONIEGO 6-5-1979 \u015aw. Jan Pawe\u0142 II Rzym, 6 maja 1979 r.* W niedziel\u0119 6 maja 1979, w dniu po\u015bwi\u0119conym powo\u0142aniom, Ojciec \u015bwi\u0119ty wizytowa\u0142 parafi\u0119 \u015bw. Antoniego na Piazza Asti przy via Tuscolana, gdzie po mszy \u015bw., kt\u00f3r\u0105 celebrowa\u0142 o godzinie 17.30, spotka\u0142 si\u0119 z poszczeg\u00f3lnymi grupami parafii, w tym z dwoma wsp\u00f3lnotami neokatechumenalnymi, kt\u00f3re sw\u0105 drog\u0119 odbywaj\u0105 odpowiednio od dwu i p\u00f3\u0142 roku i od sze\u015bciu<\/p>\n<div class=\"read-more\"><a class=\"btn read-more-btn\" href=\"https:\/\/neocatechumenaleiter.org\/pl\/slowa-papiezy\/sw-jan-pawel-ii\/podczas-wizytacji-parafii-sw-antoniego-6-5-1979\/\">Czytaj dalej<\/a><\/div>\n","protected":false},"author":2,"featured_media":0,"parent":16496,"menu_order":1,"comment_status":"closed","ping_status":"closed","template":"","meta":{"footnotes":""},"class_list":["post-20832","page","type-page","status-publish","hentry"],"_links":{"self":[{"href":"https:\/\/neocatechumenaleiter.org\/pl\/wp-json\/wp\/v2\/pages\/20832","targetHints":{"allow":["GET"]}}],"collection":[{"href":"https:\/\/neocatechumenaleiter.org\/pl\/wp-json\/wp\/v2\/pages"}],"about":[{"href":"https:\/\/neocatechumenaleiter.org\/pl\/wp-json\/wp\/v2\/types\/page"}],"author":[{"embeddable":true,"href":"https:\/\/neocatechumenaleiter.org\/pl\/wp-json\/wp\/v2\/users\/2"}],"replies":[{"embeddable":true,"href":"https:\/\/neocatechumenaleiter.org\/pl\/wp-json\/wp\/v2\/comments?post=20832"}],"version-history":[{"count":19,"href":"https:\/\/neocatechumenaleiter.org\/pl\/wp-json\/wp\/v2\/pages\/20832\/revisions"}],"predecessor-version":[{"id":20851,"href":"https:\/\/neocatechumenaleiter.org\/pl\/wp-json\/wp\/v2\/pages\/20832\/revisions\/20851"}],"up":[{"embeddable":true,"href":"https:\/\/neocatechumenaleiter.org\/pl\/wp-json\/wp\/v2\/pages\/16496"}],"wp:attachment":[{"href":"https:\/\/neocatechumenaleiter.org\/pl\/wp-json\/wp\/v2\/media?parent=20832"}],"curies":[{"name":"wp","href":"https:\/\/api.w.org\/{rel}","templated":true}]}}