{"id":20852,"date":"2021-03-02T21:21:14","date_gmt":"2021-03-02T20:21:14","guid":{"rendered":"https:\/\/neocatechumenaleiter.org\/slowa-papiezy\/sw-jan-pawel-ii\/wizytacja-parafii-sw-bazylego-10-3-1979\/"},"modified":"2021-03-02T21:21:20","modified_gmt":"2021-03-02T20:21:20","slug":"wizytacja-parafii-sw-bazylego-10-3-1979","status":"publish","type":"page","link":"https:\/\/neocatechumenaleiter.org\/pl\/slowa-papiezy\/sw-jan-pawel-ii\/wizytacja-parafii-sw-bazylego-10-3-1979\/","title":{"rendered":"WIZYTACJA PARAFII \u015aW. BAZYLEGO  10-3-1979"},"content":{"rendered":"\n<h1 class=\"has-text-align-center wp-block-heading\">WIZYTACJA PARAFII \u015aW. BAZYLEGO  10-3-1979<\/h1>\n\n<div style=\"height:20px\" aria-hidden=\"true\" class=\"wp-block-spacer\"><\/div>\n\n<h4 class=\"has-text-align-center wp-block-heading\">\u015aw. Jan Pawe\u0142 II<\/h4>\n\n<div style=\"height:20px\" aria-hidden=\"true\" class=\"wp-block-spacer\"><\/div>\n\n<p><strong>Rzym, 10 marca 1979 r.<\/strong><\/p>\n\n<p><em>Proboszcz, don Carmelo, przedstawia wsp\u00f3lnoty parafii:<\/em>&#013;\n&#013;\n\u201eOjcze \u015bwi\u0119ty! S\u0105 tu zgromadzone cztery wsp\u00f3lnoty neokatechumenalne. Ich \u017cycie opiera si\u0119 na tr\u00f3jnogu: s\u0142uchania S\u0142owa Bo\u017cego, co dokonuje si\u0119 w ka\u017cd\u0105 \u015brod\u0119 i przygotowywane jest w grupach, uczestnictwa, po wys\u0142uchaniu katechez wprowadzaj\u0105cych w misterium, w Eucharystii w soboty oraz uczestnictwa w \u017cyciu wsp\u00f3lnotowym: w konwiwencjach; przychodzenie, by \u017cy\u0107 \u017cyciem wsp\u00f3lnotowym, a nie tylko wsp\u00f3lnym.&#013;\n&#013;\nZ tych czterech wsp\u00f3lnot pierwsza urodzi\u0142a si\u0119 cztery lata temu, a p\u00f3\u017aniej rok po roku rodzi\u0142y si\u0119 nast\u0119pne.&#013;\n&#013;\nJest tu obecny Gioacchino, kt\u00f3ry by\u0142 pierwszym katechist\u0105\u201d.<\/p>\n\n<p><em>Gioacchino, zwracaj\u0105c si\u0119 do Ojca \u015bwi\u0119tego, powiedzia\u0142:<\/em>&#013;\n&#013;\n\u201eOjcze \u015bwi\u0119ty! My wszyscy zebrani tutaj jeste\u015bmy ogromnie zadowoleni z tego, \u017ce mamy Wasz\u0105 \u015awi\u0105tobliwo\u015b\u0107 w\u015br\u00f3d nas, \u017ce mo\u017cemy Ci\u0119 przyj\u0105\u0107 \u00abw imi\u0119 Pana\u00bb, jako tego, kt\u00f3ry \u00abprzychodzi w imi\u0119 Pana\u00bb. Ja, w imieniu tych wszystkich braci, pragn\u0119 Ci wyrazi\u0107 wielk\u0105 rado\u015b\u0107 z tego, \u017ce na tej drodze neokatechumenalnej mo\u017cemy odkrywa\u0107 Ko\u015bci\u00f3\u0142 jako nasz\u0105 matk\u0119, kt\u00f3ra powoli prowadzi do odkrycia naszego chrztu. Odczuwamy niezmiern\u0105 wdzi\u0119czno\u015b\u0107 dla Pana i dla Ko\u015bcio\u0142a, poniewa\u017c ta droga bardzo nam pomaga prze\u017cywa\u0107 Pana naszego Jezusa Chrystusa jako kogo\u015b \u017cywego i bliskiego naszemu \u017cyciu. Dzi\u0119ki niej rodzi si\u0119 tak\u017ce w\u015br\u00f3d nas braterska jedno\u015b\u0107. Dzi\u0119kujemy Ko\u015bcio\u0142owi \u2013 a Wasza \u015awi\u0105tobliwo\u015b\u0107 czyni go tu dzisiaj w\u015br\u00f3d nas szczeg\u00f3lnie obecnym \u2013 za ten wielki dar, \u017ce mo\u017cemy odkrywa\u0107 nasz chrzest.&#013;\n&#013;\nA teraz, tak jak nas Ojcze zaprosi\u0142e\u015b, wraz z Tob\u0105&#8230;<\/p>\n\n<p><strong>za\u015bpiewamy \u00abZwyci\u0119stwo \u015bmier\u0107 poch\u0142on\u0119\u0142o!\u00bb<\/strong><\/p>\n\n<p>To s\u0105 s\u0142owa spontanicznie wypowiedziane przez Papie\u017ca:<\/p>\n\n<div class=\"wp-block-image is-style-default\"><figure class=\"alignleft size-large\"><img loading=\"lazy\" decoding=\"async\" width=\"400\" height=\"321\" src=\"https:\/\/neocatechumenaleiter.org\/wp-content\/uploads\/2020\/03\/Camino_Neocatecumenal_Juan_Pablo_II_visita_parroquia_San_Basilio_1979.jpg\" alt=\"\" class=\"wp-image-4522\" srcset=\"https:\/\/neocatechumenaleiter.org\/wp-content\/uploads\/2020\/03\/Camino_Neocatecumenal_Juan_Pablo_II_visita_parroquia_San_Basilio_1979.jpg 400w, https:\/\/neocatechumenaleiter.org\/wp-content\/uploads\/2020\/03\/Camino_Neocatecumenal_Juan_Pablo_II_visita_parroquia_San_Basilio_1979-300x241.jpg 300w\" sizes=\"auto, (max-width: 400px) 100vw, 400px\" \/><\/figure><\/div>\n\n<p>\u00abZe wszystkich s\u0142\u00f3w, kt\u00f3re pan powiedzia\u0142, najwa\u017cniejsze jest to, kt\u00f3re m\u00f3wi o odkrywaniu. Wielu my\u015bli, \u017ce wiedz\u0105 wszystko \u2013 Ko\u015bci\u00f3\u0142, Chrystus, Ewangelia, B\u00f3g. Wszystko ju\u017c wiadomo, nie ma nic do odkrycia, uczono nas tego wszystkiego w szkole. Potem szko\u0142a si\u0119 sko\u0144czy\u0142a, o wszystkim zapomniano, ale dalej si\u0119 my\u015bli, \u017ce wszystko wiadomo. Tymczasem wszystko nale\u017cy dopiero odkry\u0107, odkry\u0107 na nowo. Jedynie wiara, kt\u00f3ra umie odkrywa\u0107 siebie sam\u0105, swoj\u0105 tre\u015b\u0107, swoj\u0105 fundamentaln\u0105 postaw\u0119, jest wiar\u0105 dynamiczn\u0105, wiar\u0105 dynamiczn\u0105. A Ko\u015bcio\u0142owi, ludowi Bo\u017cemu, potrzebna jest taka w\u0142a\u015bnie wiara dynamiczna, kt\u00f3ra usi\u0142uje odkrywa\u0107, kt\u00f3ra potrafi odkrywa\u0107 siebie sam\u0105.<\/p>\n\n<p>A zatem \u017cycz\u0119, by\u015bcie szli dalej, naprz\u00f3d, drog\u0105, kt\u00f3r\u0105 zacz\u0119li\u015bcie, by\u015bcie odkrywali coraz g\u0142\u0119biej tajemnic\u0119 Ko\u015bcio\u0142a, tajemnic\u0119 Chrystusa \u2013 tajemnica Ko\u015bcio\u0142a wyja\u015bnia nam w ko\u0144cu tajemnic\u0119, kt\u00f3r\u0105 my sami jeste\u015bmy. Ja nie mog\u0119 \u017cy\u0107 bez Ko\u015bcio\u0142a, nie mog\u0119 \u017cy\u0107, je\u015bli nie wiem, kim ja jestem, je\u015bli nie rozumiem siebie samego. Wasz wysi\u0142ek jest bardzo szcz\u0119\u015bliwy, bardzo pozytywny. \u017bycz\u0119 wam wytrwania.\u00bb.<\/p>\n","protected":false},"excerpt":{"rendered":"<p>WIZYTACJA PARAFII \u015aW. BAZYLEGO 10-3-1979 \u015aw. Jan Pawe\u0142 II Rzym, 10 marca 1979 r. Proboszcz, don Carmelo, przedstawia wsp\u00f3lnoty parafii:&#013; &#013; \u201eOjcze \u015bwi\u0119ty! S\u0105 tu zgromadzone cztery wsp\u00f3lnoty neokatechumenalne. Ich \u017cycie opiera si\u0119 na tr\u00f3jnogu: s\u0142uchania S\u0142owa Bo\u017cego, co dokonuje si\u0119 w ka\u017cd\u0105 \u015brod\u0119 i przygotowywane jest w grupach, uczestnictwa, po wys\u0142uchaniu katechez wprowadzaj\u0105cych w misterium, w Eucharystii w soboty oraz uczestnictwa w \u017cyciu wsp\u00f3lnotowym: w konwiwencjach; przychodzenie, by \u017cy\u0107<\/p>\n<div class=\"read-more\"><a class=\"btn read-more-btn\" href=\"https:\/\/neocatechumenaleiter.org\/pl\/slowa-papiezy\/sw-jan-pawel-ii\/wizytacja-parafii-sw-bazylego-10-3-1979\/\">Czytaj dalej<\/a><\/div>\n","protected":false},"author":2,"featured_media":0,"parent":16496,"menu_order":0,"comment_status":"closed","ping_status":"closed","template":"","meta":{"footnotes":""},"class_list":["post-20852","page","type-page","status-publish","hentry"],"_links":{"self":[{"href":"https:\/\/neocatechumenaleiter.org\/pl\/wp-json\/wp\/v2\/pages\/20852","targetHints":{"allow":["GET"]}}],"collection":[{"href":"https:\/\/neocatechumenaleiter.org\/pl\/wp-json\/wp\/v2\/pages"}],"about":[{"href":"https:\/\/neocatechumenaleiter.org\/pl\/wp-json\/wp\/v2\/types\/page"}],"author":[{"embeddable":true,"href":"https:\/\/neocatechumenaleiter.org\/pl\/wp-json\/wp\/v2\/users\/2"}],"replies":[{"embeddable":true,"href":"https:\/\/neocatechumenaleiter.org\/pl\/wp-json\/wp\/v2\/comments?post=20852"}],"version-history":[{"count":3,"href":"https:\/\/neocatechumenaleiter.org\/pl\/wp-json\/wp\/v2\/pages\/20852\/revisions"}],"predecessor-version":[{"id":20855,"href":"https:\/\/neocatechumenaleiter.org\/pl\/wp-json\/wp\/v2\/pages\/20852\/revisions\/20855"}],"up":[{"embeddable":true,"href":"https:\/\/neocatechumenaleiter.org\/pl\/wp-json\/wp\/v2\/pages\/16496"}],"wp:attachment":[{"href":"https:\/\/neocatechumenaleiter.org\/pl\/wp-json\/wp\/v2\/media?parent=20852"}],"curies":[{"name":"wp","href":"https:\/\/api.w.org\/{rel}","templated":true}]}}