{"id":20866,"date":"2021-03-05T13:27:01","date_gmt":"2021-03-05T12:27:01","guid":{"rendered":"https:\/\/neocatechumenaleiter.org\/slowa-papiezy\/sw-jan-pawel-ii\/pozdrowienie-dla-wedrownych-audiencja-generalna-26-9-1979\/"},"modified":"2021-03-05T13:27:06","modified_gmt":"2021-03-05T12:27:06","slug":"pozdrowienie-dla-wedrownych-audiencja-generalna-26-9-1979","status":"publish","type":"page","link":"https:\/\/neocatechumenaleiter.org\/pl\/slowa-papiezy\/sw-jan-pawel-ii\/pozdrowienie-dla-wedrownych-audiencja-generalna-26-9-1979\/","title":{"rendered":"Pozdrowienie dla w\u0119drownych: Audiencja generalna 26-9-1979"},"content":{"rendered":"\n<h1 class=\"has-text-align-center wp-block-heading\">Pozdrowienie dla w\u0119drownych: Audiencja generalna 26-9-1979<\/h1>\n\n<div style=\"height:20px\" aria-hidden=\"true\" class=\"wp-block-spacer\"><\/div>\n\n<h4 class=\"has-text-align-center wp-block-heading\">\u015aw. Jan Pawe\u0142 II<\/h4>\n\n<div style=\"height:20px\" aria-hidden=\"true\" class=\"wp-block-spacer\"><\/div>\n\n<div class=\"wp-block-image is-style-default\"><figure class=\"alignright size-large\"><img loading=\"lazy\" decoding=\"async\" width=\"400\" height=\"295\" src=\"https:\/\/neocatechumenaleiter.org\/wp-content\/uploads\/2020\/03\/Camino_Neocatecumenal_Juan_Pablo_II_visita_audiencia_general_1979.jpg\" alt=\"\" class=\"wp-image-4532\" srcset=\"https:\/\/neocatechumenaleiter.org\/wp-content\/uploads\/2020\/03\/Camino_Neocatecumenal_Juan_Pablo_II_visita_audiencia_general_1979.jpg 400w, https:\/\/neocatechumenaleiter.org\/wp-content\/uploads\/2020\/03\/Camino_Neocatecumenal_Juan_Pablo_II_visita_audiencia_general_1979-300x221.jpg 300w\" sizes=\"auto, (max-width: 400px) 100vw, 400px\" \/><\/figure><\/div>\n\n<p><strong>Na Audiencji og\u00f3lnej. Rzym, 26 wrze\u015bnia 1979 r. (*)<\/strong><\/p>\n\n<p><em>Do ksi\u0119\u017cy i \u015bwieckich katechist\u00f3w w\u0119drownych, nale\u017c\u0105cych do wsp\u00f3lnot neokatechumenalnych, Ojciec \u015bwi\u0119ty powiedzia\u0142:<\/em><\/p>\n\n<p>\u00ab\u2026<span class=\"CharStyle11\"><span style=\"font-size: 10.0pt\">Uczestniczy w naszej audiencji liczna grupa katechist\u00f3w w\u0119drownych nale\u017c\u0105cych do ruchu (neokatechumenalnego), kt\u00f3ry stawia sobie za cel <\/span><\/span><span class=\"CharStyle21\"><span style=\"font-size: 10.0pt;font-weight: normal\">pom\u00f3c chrze\u015bcijanom odkrywa\u0107 rzeczywisto\u015b\u0107 chrztu <\/span><\/span><span class=\"CharStyle11\"><span style=\"font-size: 10.0pt\">i prze\u017cywa\u0107 w rado\u015bci jego wyzwalaj\u0105ce bogactwo. Oby wasze \u015bwiadectwo, dawane w pe\u0142nej zgodzie z prawowitymi pasterzami, mog\u0142o wzbudzi\u0107 w wielu braciach pragnienie oraz zaanga\u017cowanie si\u0119 w \u017cycie coraz bardziej zgodne z wymaganiami chrztu i jego niewyczerpanego bogactwa. Niech wam towarzyszy moje apostolskie b\u0142ogos\u0142awie\u0144stwo.<\/span><\/span>\u00bb.<\/p>\n","protected":false},"excerpt":{"rendered":"<p>Pozdrowienie dla w\u0119drownych: Audiencja generalna 26-9-1979 \u015aw. Jan Pawe\u0142 II Na Audiencji og\u00f3lnej. Rzym, 26 wrze\u015bnia 1979 r. (*) Do ksi\u0119\u017cy i \u015bwieckich katechist\u00f3w w\u0119drownych, nale\u017c\u0105cych do wsp\u00f3lnot neokatechumenalnych, Ojciec \u015bwi\u0119ty powiedzia\u0142: \u00ab\u2026Uczestniczy w naszej audiencji liczna grupa katechist\u00f3w w\u0119drownych nale\u017c\u0105cych do ruchu (neokatechumenalnego), kt\u00f3ry stawia sobie za cel pom\u00f3c chrze\u015bcijanom odkrywa\u0107 rzeczywisto\u015b\u0107 chrztu i prze\u017cywa\u0107 w rado\u015bci jego wyzwalaj\u0105ce bogactwo. Oby wasze \u015bwiadectwo, dawane w pe\u0142nej zgodzie z prawowitymi<\/p>\n<div class=\"read-more\"><a class=\"btn read-more-btn\" href=\"https:\/\/neocatechumenaleiter.org\/pl\/slowa-papiezy\/sw-jan-pawel-ii\/pozdrowienie-dla-wedrownych-audiencja-generalna-26-9-1979\/\">Czytaj dalej<\/a><\/div>\n","protected":false},"author":2,"featured_media":0,"parent":16496,"menu_order":2,"comment_status":"closed","ping_status":"closed","template":"","meta":{"footnotes":""},"class_list":["post-20866","page","type-page","status-publish","hentry"],"_links":{"self":[{"href":"https:\/\/neocatechumenaleiter.org\/pl\/wp-json\/wp\/v2\/pages\/20866","targetHints":{"allow":["GET"]}}],"collection":[{"href":"https:\/\/neocatechumenaleiter.org\/pl\/wp-json\/wp\/v2\/pages"}],"about":[{"href":"https:\/\/neocatechumenaleiter.org\/pl\/wp-json\/wp\/v2\/types\/page"}],"author":[{"embeddable":true,"href":"https:\/\/neocatechumenaleiter.org\/pl\/wp-json\/wp\/v2\/users\/2"}],"replies":[{"embeddable":true,"href":"https:\/\/neocatechumenaleiter.org\/pl\/wp-json\/wp\/v2\/comments?post=20866"}],"version-history":[{"count":3,"href":"https:\/\/neocatechumenaleiter.org\/pl\/wp-json\/wp\/v2\/pages\/20866\/revisions"}],"predecessor-version":[{"id":20869,"href":"https:\/\/neocatechumenaleiter.org\/pl\/wp-json\/wp\/v2\/pages\/20866\/revisions\/20869"}],"up":[{"embeddable":true,"href":"https:\/\/neocatechumenaleiter.org\/pl\/wp-json\/wp\/v2\/pages\/16496"}],"wp:attachment":[{"href":"https:\/\/neocatechumenaleiter.org\/pl\/wp-json\/wp\/v2\/media?parent=20866"}],"curies":[{"name":"wp","href":"https:\/\/api.w.org\/{rel}","templated":true}]}}