{"id":20870,"date":"2020-03-01T02:52:20","date_gmt":"2020-03-01T01:52:20","guid":{"rendered":"https:\/\/neocatechumenaleiter.org\/slowa-papiezy\/sw-jan-pawel-ii\/wizytacja-w-parafii-sw-lukasza-ewangelisty-4-11-1979\/"},"modified":"2021-08-10T11:00:28","modified_gmt":"2021-08-10T10:00:28","slug":"wizytacja-w-parafii-sw-lukasza-ewangelisty-4-11-1979","status":"publish","type":"page","link":"https:\/\/neocatechumenaleiter.org\/pl\/slowa-papiezy\/sw-jan-pawel-ii\/wizytacja-w-parafii-sw-lukasza-ewangelisty-4-11-1979\/","title":{"rendered":"Wizytacja w parafii \u015bw. \u0141ukasza Ewangelisty 4-11-1979"},"content":{"rendered":"\n<h1 class=\"has-text-align-center wp-block-heading\">Wizytacja w parafii \u015bw. \u0141ukasza Ewangelisty 4-11-1979<\/h1>\n\n<div style=\"height:20px\" aria-hidden=\"true\" class=\"wp-block-spacer\"><\/div>\n\n<h4 class=\"has-text-align-center wp-block-heading\">\u015aw. Jan Pawe\u0142 II<\/h4>\n\n<div style=\"height:20px\" aria-hidden=\"true\" class=\"wp-block-spacer\"><\/div>\n\n<p><strong>Rzym, 4 listopada 1979<\/strong> *<\/p>\n\n<p><em>Szczeg\u00f3lnie wa\u017cne by\u0142o spotkanie z pi\u0119cioma<\/em> wsp\u00f3lnotami<em> neokatechumenalnymi, kt\u00f3re zacz\u0119\u0142y \u017cy\u0107 w parafii przed siedmiu laty (od 1972 r.). Ojciec \u015bwi\u0119ty rozpocz\u0105\u0142 dialog z przedstawicielami tych wsp\u00f3lnot, wys\u0142ucha\u0142 kr\u00f3tkiego pozdrowienia i prezentacji za\u0142o\u017cyciela tych wsp\u00f3lnot, kt\u00f3ry wraz ze swoj\u0105 rodzin\u0105 jest katechist\u0105 w\u0119drownym w Kenii. Katechista Franco\u00a0 m\u00f3wi\u0142 wtedy m.in.:<\/em><\/p>\n\n<p>\u201eJako katechi\u015bci tej parafii chcieliby\u015bmy tak\u017ce co\u015b doda\u0107, Ojcze \u015bwi\u0119ty. Jeste\u015bmy szcz\u0119\u015bliwi i pe\u0142ni podziwu czytaj\u0105c ten cudowny dokument \u2013 adhortacj\u0119 Catechesi tradendae, cho\u0107 jeszcze go nie zg\u0142\u0119bili\u015bmy. By\u0142o dla nas ogromn\u0105 rado\u015bci\u0105 stwierdzenie, \u017ce tym dokumentom, kt\u00f3re wyrastaj\u0105 z Magisterium Ko\u015bcio\u0142a, towarzyszy rzeczywisto\u015b\u0107. W tym dokumencie m\u00f3wi\u0142e\u015b, Ojcze \u015bwi\u0119ty, \u017ce potrzebne jest wzrastanie wiary, \u017ceby by\u0142y osoby, kt\u00f3re mog\u0105 przyj\u0105\u0107 tych, kt\u00f3rzy s\u0105 oddaleni, \u017cyj\u0105 w zagubieniu. Oto tu, i jest to cud Pana, mamy pewn\u0105 rzeczywisto\u015b\u0107, kt\u00f3ra wzrasta, i dlatego cieszymy si\u0119 z tych wizyt, kt\u00f3re Ojcze \u015bwi\u0119ty robisz! Ojcze \u015bwi\u0119ty, jeste\u015b papie\u017cem-katechist\u0105 w\u0119drownym \u2013 cieszymy si\u0119 z katechist\u00f3w w\u0119drownych \u2013 kt\u00f3ry w\u0119druje zwiastuj\u0105c kerygmat, t\u0119 wie\u015b\u0107 o Jezusie Chrystusie, kt\u00f3ry zmartwychwsta\u0142, kt\u00f3ry wyprowadzi\u0142 nas samych ze \u015bmierci\u201d.<\/p>\n\n<p><em>Ojciec \u015bwi\u0119ty powiedzia\u0142:<\/em><\/p>\n\n<p>\u00abWszyscy przemawiali bardzo dobrze: ksi\u0105dz opiekuj\u0105cy si\u0119 wami, don Giancarlo, i tak\u017ce Franco, kt\u00f3ry wygl\u0105da na waszego rzecznika i przedstawiciela, doskonale i dok\u0142adnie przedstawi\u0142 ducha, atmosfer\u0119 i wszystko, co okre\u015bla wasz\u0105 grup\u0119. Bo o grupie decyduje nie tylko liczba, ale i duch. Grupa, lub raczej wsp\u00f3lnota, tworzy si\u0119 zawsze od wewn\u0105trz, w naszym wn\u0119trzu dotyka nas Duch \u015awi\u0119ty, dotyka tego, czym ka\u017cdy z nas jest, naszej intymno\u015bci osobowej, naszej intymno\u015bci duchowej. Ale nie dotyka nikogo z nas oddzielnie, indywidualnie, bo On stworzy\u0142 nas, by\u015bmy byli wsp\u00f3lnot\u0105, by\u015bmy \u017cyli w jedno\u015bci. Dotyka nas, by z nas na nowo stworzy\u0107 wsp\u00f3lnot\u0119. W ten spos\u00f3b t\u0142umaczy si\u0119 istnienie w spo\u0142eczno\u015bci chrze\u015bcija\u0144skiej tych wszystkich wsp\u00f3lnot jak wasze.<\/p>\n\n<p>My\u015bl\u0119, \u017ce mo\u017cna tu m\u00f3wi\u0107 o pewnej, bardzo prostej regule: aby dawa\u0107, trzeba najpierw mie\u0107. Chodzi tu oczywi\u015bcie o dawanie nie w sensie materialnym, ale duchowym. \u017beby dawa\u0107, trzeba co\u015b mie\u0107 w swym wn\u0119trzu, co\u015b niematerialnego, duchowego, i to co\u015b niewidzialnego nale\u017cy odkry\u0107.<\/p>\n\n<div class=\"wp-block-image is-style-default\"><figure class=\"alignright size-large\"><img loading=\"lazy\" decoding=\"async\" width=\"400\" height=\"322\" src=\"https:\/\/neocatechumenaleiter.org\/wp-content\/uploads\/2020\/03\/Camino_Neocatecumenal_Juan_Pablo_II_visita_parroquia_Luca_Evangelista_1979.jpg\" alt=\"\" class=\"wp-image-4536\" srcset=\"https:\/\/neocatechumenaleiter.org\/wp-content\/uploads\/2020\/03\/Camino_Neocatecumenal_Juan_Pablo_II_visita_parroquia_Luca_Evangelista_1979.jpg 400w, https:\/\/neocatechumenaleiter.org\/wp-content\/uploads\/2020\/03\/Camino_Neocatecumenal_Juan_Pablo_II_visita_parroquia_Luca_Evangelista_1979-300x242.jpg 300w\" sizes=\"auto, (max-width: 400px) 100vw, 400px\" \/><\/figure><\/div>\n\n<p>Ot\u00f3\u017c my\u015bl\u0119, \u017ce regu\u0142a waszego ruchu neokatechumenalnego jest taka: chodzi o odkrycie tego, co jest. Jest tylu chrze\u015bcijan ochrzczonych, ale \u2013 by\u0107 mo\u017ce \u2013 nie odkryli oni jeszcze swojego chrztu, prawie \u017ce zapomnieli o nim. S\u0105 ochrzczeni, ich chrzest znajduje si\u0119 w aktach, znajduje si\u0119 w ksi\u0119gach parafialnych, zapisany jest w parafii, zapisany jest tak\u017ce w ich sercu, ale ten wewn\u0119trzny zapis jest prawie martwy, jakby nie przebudzony. Nale\u017cy go odkry\u0107. Gdy si\u0119 odkryje, nale\u017cy dawa\u0107. Gdy si\u0119 to odkry\u0142o, nie mo\u017cna nie dawa\u0107, bo ta rzecz odkryta pcha nas do tego, by dawa\u0107. W taki, w\u0142a\u015bnie w taki spos\u00f3b narodzili si\u0119 wszyscy aposto\u0142owie. My\u015bl\u0119, \u017ce je\u015bli dzi\u015b istniej\u0105 katechi\u015bci w\u0119drowni \u2013 tak\u017ce i papie\u017c zacz\u0105\u0142 w\u0119drowa\u0107 \u2013 to jest to owoc tego w\u0142a\u015bnie odkrycia. Gdy si\u0119 raz odkry\u0142o owo bogactwo, ow\u0105 tajemnic\u0119, tajemnic\u0119 Chrystusa, ow\u0105 tajemnic\u0119, kt\u00f3ra stanowi o naszej to\u017csamo\u015bci osobowej, duchowej, chrze\u015bcija\u0144skiej, to nie mo\u017cna nie usi\u0142owa\u0107 dzieli\u0107 si\u0119 tym z innymi. <\/p>\n\n<p>Jestem bardzo zadowolony z tego spotkania. \u017bycz\u0119 wam, by\u015bcie kontynuowali. Kontynuowa\u0107 oznacza i\u015b\u0107 za g\u0142osem Ducha \u015awi\u0119tego, i\u015b\u0107 za waszym powo\u0142aniem, bo odkrywaj\u0105c ow\u0105 tajemnic\u0119 Chrystusa \u017cyj\u0105cego w nas, odkrywa si\u0119 r\u00f3wnie\u017c nasze powo\u0142anie.&#13;\nA teraz udziel\u0119 wam wszystkim mojego b\u0142ogos\u0142awie\u0144stwa&#13;\n\u00bb.<\/p>\n\n<p><em>(*) Por. \u201eL\u2019Osservatore Romano\u201d, 19-20 listopada 1979.<\/em><\/p>\n","protected":false},"excerpt":{"rendered":"<p>Wizytacja w parafii \u015bw. \u0141ukasza Ewangelisty 4-11-1979 \u015aw. Jan Pawe\u0142 II Rzym, 4 listopada 1979 * Szczeg\u00f3lnie wa\u017cne by\u0142o spotkanie z pi\u0119cioma wsp\u00f3lnotami neokatechumenalnymi, kt\u00f3re zacz\u0119\u0142y \u017cy\u0107 w parafii przed siedmiu laty (od 1972 r.). Ojciec \u015bwi\u0119ty rozpocz\u0105\u0142 dialog z przedstawicielami tych wsp\u00f3lnot, wys\u0142ucha\u0142 kr\u00f3tkiego pozdrowienia i prezentacji za\u0142o\u017cyciela tych wsp\u00f3lnot, kt\u00f3ry wraz ze swoj\u0105 rodzin\u0105 jest katechist\u0105 w\u0119drownym w Kenii. Katechista Franco\u00a0 m\u00f3wi\u0142 wtedy m.in.: \u201eJako katechi\u015bci tej parafii<\/p>\n<div class=\"read-more\"><a class=\"btn read-more-btn\" href=\"https:\/\/neocatechumenaleiter.org\/pl\/slowa-papiezy\/sw-jan-pawel-ii\/wizytacja-w-parafii-sw-lukasza-ewangelisty-4-11-1979\/\">Czytaj dalej<\/a><\/div>\n","protected":false},"author":2,"featured_media":0,"parent":16496,"menu_order":3,"comment_status":"closed","ping_status":"closed","template":"","meta":{"footnotes":""},"class_list":["post-20870","page","type-page","status-publish","hentry"],"_links":{"self":[{"href":"https:\/\/neocatechumenaleiter.org\/pl\/wp-json\/wp\/v2\/pages\/20870","targetHints":{"allow":["GET"]}}],"collection":[{"href":"https:\/\/neocatechumenaleiter.org\/pl\/wp-json\/wp\/v2\/pages"}],"about":[{"href":"https:\/\/neocatechumenaleiter.org\/pl\/wp-json\/wp\/v2\/types\/page"}],"author":[{"embeddable":true,"href":"https:\/\/neocatechumenaleiter.org\/pl\/wp-json\/wp\/v2\/users\/2"}],"replies":[{"embeddable":true,"href":"https:\/\/neocatechumenaleiter.org\/pl\/wp-json\/wp\/v2\/comments?post=20870"}],"version-history":[{"count":4,"href":"https:\/\/neocatechumenaleiter.org\/pl\/wp-json\/wp\/v2\/pages\/20870\/revisions"}],"predecessor-version":[{"id":23961,"href":"https:\/\/neocatechumenaleiter.org\/pl\/wp-json\/wp\/v2\/pages\/20870\/revisions\/23961"}],"up":[{"embeddable":true,"href":"https:\/\/neocatechumenaleiter.org\/pl\/wp-json\/wp\/v2\/pages\/16496"}],"wp:attachment":[{"href":"https:\/\/neocatechumenaleiter.org\/pl\/wp-json\/wp\/v2\/media?parent=20870"}],"curies":[{"name":"wp","href":"https:\/\/api.w.org\/{rel}","templated":true}]}}