{"id":20915,"date":"2020-03-02T02:02:53","date_gmt":"2020-03-02T01:02:53","guid":{"rendered":"https:\/\/neocatechumenaleiter.org\/slowa-papiezy\/sw-jan-pawel-ii\/wizytacja-papieza-jana-pawla-ii-w-parafii-sw-tymoteusza\/"},"modified":"2021-08-10T11:00:40","modified_gmt":"2021-08-10T10:00:40","slug":"wizytacja-papieza-jana-pawla-ii-w-parafii-sw-tymoteusza","status":"publish","type":"page","link":"https:\/\/neocatechumenaleiter.org\/pl\/slowa-papiezy\/sw-jan-pawel-ii\/wizytacja-papieza-jana-pawla-ii-w-parafii-sw-tymoteusza\/","title":{"rendered":"Wizytacja Papie\u017ca Jana Paw\u0142a II w parafii \u015bw. Tymoteusza"},"content":{"rendered":"\n<h1 class=\"has-text-align-center wp-block-heading\">Wizytacja Papie\u017ca Jana Paw\u0142a II w parafii \u015bw. Tymoteusza 10-II-1980 <\/h1>\n\n<div style=\"height:20px\" aria-hidden=\"true\" class=\"wp-block-spacer\"><\/div>\n\n<h4 class=\"has-text-align-center wp-block-heading\">\u015aw. Jan Pawe\u0142 II<\/h4>\n\n<div style=\"height:20px\" aria-hidden=\"true\" class=\"wp-block-spacer\"><\/div>\n\n<p><strong>Rzym, 10 lutego 1980<\/strong> *<\/p>\n\n<p><em>Przywitany \u015bpiewem obecnych Ojciec \u015bwi\u0119ty wszed\u0142 do sali, w kt\u00f3rej by\u0142y zebrane wsp\u00f3lnoty neokatechumenalne narodzone w tej parafii.<\/em>  <em>Zosta\u0142y one przedstawione przez proboszcza, kt\u00f3ry podkre\u015bli\u0142, \u017ce on, z pomoc\u0105 tych braci, zacz\u0105\u0142 r\u00f3wnie\u017c now\u0105 drog\u0119 nawr\u00f3cenia. Nast\u0119pnie dali swoje \u015bwiadectwo niekt\u00f3rzy katechumeni.<\/em><br\/><em>Dominik, m\u0119\u017cczyzna w sile wieku, przypomnia\u0142, jak do\u015bwiadczenie katechumenalne pozwoli\u0142o mu odkry\u0107 prawdziwy wymiar chrze\u015bcija\u0144stwa, kt\u00f3re jest wydarzeniem \u017cyciowym, a nie tylko przylgni\u0119ciem intelektualnym; umo\u017cliwi\u0142o mu to przezwyci\u0119\u017cy\u0107 powa\u017cne trudno\u015bci rodzinne. El\u017cbieta, lat 21, dzi\u0119ki odkryciu Boga teraz bardziej dojrza\u0142a w wierze, opowiedzia\u0142a swoje do\u015bwiadczenie osoby kontestuj\u0105cej. Inna kobieta, zam\u0119\u017cna, matka czworga dzieci, wyzna\u0142a, \u017ce zdanie zas\u0142yszane przypadkowo w ko\u015bciele, do kt\u00f3rego wesz\u0142a: \u201eotworzy si\u0119 tu droga dla tych, kt\u00f3rzy s\u0105 w rozpaczy\u201d \u2013 uratowa\u0142o j\u0105 od udr\u0119ki i od samob\u00f3jstwa. Francesco opowiedzia\u0142, jak dar mi\u0142o\u015bci Boga pozwoli\u0142 mu odkry\u0107 bogactwo \u017cycia. P\u00f3\u017aniej zabra\u0142 g\u0142os katechista, Giampiero Donnini, kt\u00f3ry uzmys\u0142owi\u0142, jak wa\u017cne by\u0142o dla parafii ukonstytuowanie si\u0119 wsp\u00f3lnot neokatechumenalnych, kt\u00f3re uwa\u017caj\u0105 siebie za struktur\u0119 permanentn\u0105, zdoln\u0105 do przyjmowania do parafii wszystkich tych, kt\u00f3rzy pragn\u0105 zainicjowa\u0107 drog\u0119 wiod\u0105c\u0105 ku wierze doros\u0142ej i dojrza\u0142ej.<\/em><\/p>\n\n<div class=\"wp-block-image\"><figure class=\"alignright size-medium\"><img loading=\"lazy\" decoding=\"async\" width=\"300\" height=\"241\" src=\"https:\/\/neocatechumenaleiter.org\/wp-content\/uploads\/2020\/03\/Camino_Neocatecumenal_Juan_Pablo_II_visita_parroquia_San_Timoteo-300x241.jpg\" alt=\"\" class=\"wp-image-1460\" srcset=\"https:\/\/neocatechumenaleiter.org\/wp-content\/uploads\/2020\/03\/Camino_Neocatecumenal_Juan_Pablo_II_visita_parroquia_San_Timoteo-300x241.jpg 300w, https:\/\/neocatechumenaleiter.org\/wp-content\/uploads\/2020\/03\/Camino_Neocatecumenal_Juan_Pablo_II_visita_parroquia_San_Timoteo.jpg 697w\" sizes=\"auto, (max-width: 300px) 100vw, 300px\" \/><\/figure><\/div>\n\n<p><em>Papie\u017c podzi\u0119kowa\u0142 za te g\u0142\u0119bokie i proste \u015bwiadectwa, przypominaj\u0105c, \u017ce wszyscy dobrze wiedz\u0105, co oznacza s\u0142owo katechumen.<\/em><\/p>\n\n<p>\u00abAle musimy tak\u017ce powiedzie\u0107, \u017ce s\u0142owo to prawie zupe\u0142nie znikn\u0119\u0142o w praktyce. Katechumeni, zw\u0142aszcza w krajach tradycyjnie katolickich, to ma\u0142e dzieci, noworodki. One jednak nie s\u0105 katechumenami, bo nie mo\u017cna ich przygotowa\u0107 do chrztu. Katechumeni pierwszych wiek\u00f3w stanowili rzeczywisto\u015b\u0107 bardzo wa\u017cn\u0105 w Ko\u015bciele; my\u015bl\u0119, \u017ce to, co oni czynili dla wiary, dla Ko\u015bcio\u0142a w tamtej epoce, to dzi\u015b czyni\u0105 wsp\u00f3lnoty neokatechumenalne. A czyni\u0105 dlatego, \u017ce ich cz\u0142onkowie zostali ochrzczeni przez innych na pocz\u0105tku swego \u017cycia. Sens bowiem katechumenatu le\u017cy w tym, by si\u0119 przygotowa\u0107 do chrztu. Ale by\u0107 przygotowanym do chrztu w pe\u0142nym tego s\u0142owa znaczeniu, oznacza by\u0107 wprowadzonym w tajemnice Boga \u017cywego. W chrzcie bowiem nie tylko otrzymuje si\u0119 imi\u0119 chrze\u015bcijanina, ale tak\u017ce uczestnictwo w samym Chrystusie, czyli innymi s\u0142owy \u2013 w tajemnicy Boga \u017cyj\u0105cego dla cz\u0142owieka. Wszystkie \u015bwiadectwa, kt\u00f3re mi dali\u015bcie, dowodz\u0105, \u017ce by\u0142 w waszym \u017cyciu jaki\u015b moment \u0142aski, moment o\u015bwiecenia, moment spotkania Boga \u017cyj\u0105cego, kt\u00f3ry pragnie by\u0107 obecny w naszym \u017cyciu, pragnie prze\u017cywa\u0107 nasze \u017cycie. I to jest tak cenne. To jest cenne jako do\u015bwiadczenie osobiste, chrze\u015bcija\u0144skie, ale jest jeszcze bardziej cenne dla formacji apostolskiej.<\/p>\n\n<p>U podstaw ka\u017cdej formacji apostolskiej \u2013 powiedzmy katechetycznej \u2013 trzeba mie\u0107 to do\u015bwiadczenie. Nie mo\u017cna si\u0119 jedynie ograniczy\u0107 do znajomo\u015bci formu\u0142 wiary i teologii, ale trzeba tak\u017ce wej\u015b\u0107 w kontakt z tajemnic\u0105 \u017cycia Bo\u017cego, otwartego dla wszystkich w Jezusie Chrystusie. Dopiero po takim do\u015bwiadczeniu osobistym mo\u017cna dawa\u0107 \u015bwiadectwo. \u017bycz\u0119 wam, by\u015bcie pog\u0142\u0119biali coraz bardziej wasz\u0105 wiar\u0119 i odnajdywali zawsze rado\u015b\u0107\u00bb.<\/p>\n\n<p><em>(*) Por. \u201eL\u2019Osservatore Romano\u201d, 11-12 lutego 1980.<\/em><\/p>\n","protected":false},"excerpt":{"rendered":"<p>Wizytacja Papie\u017ca Jana Paw\u0142a II w parafii \u015bw. Tymoteusza 10-II-1980 \u015aw. Jan Pawe\u0142 II Rzym, 10 lutego 1980 * Przywitany \u015bpiewem obecnych Ojciec \u015bwi\u0119ty wszed\u0142 do sali, w kt\u00f3rej by\u0142y zebrane wsp\u00f3lnoty neokatechumenalne narodzone w tej parafii. Zosta\u0142y one przedstawione przez proboszcza, kt\u00f3ry podkre\u015bli\u0142, \u017ce on, z pomoc\u0105 tych braci, zacz\u0105\u0142 r\u00f3wnie\u017c now\u0105 drog\u0119 nawr\u00f3cenia. Nast\u0119pnie dali swoje \u015bwiadectwo niekt\u00f3rzy katechumeni.Dominik, m\u0119\u017cczyzna w sile wieku, przypomnia\u0142, jak do\u015bwiadczenie katechumenalne pozwoli\u0142o<\/p>\n<div class=\"read-more\"><a class=\"btn read-more-btn\" href=\"https:\/\/neocatechumenaleiter.org\/pl\/slowa-papiezy\/sw-jan-pawel-ii\/wizytacja-papieza-jana-pawla-ii-w-parafii-sw-tymoteusza\/\">Czytaj dalej<\/a><\/div>\n","protected":false},"author":2,"featured_media":0,"parent":16496,"menu_order":5,"comment_status":"closed","ping_status":"closed","template":"","meta":{"footnotes":""},"class_list":["post-20915","page","type-page","status-publish","hentry"],"_links":{"self":[{"href":"https:\/\/neocatechumenaleiter.org\/pl\/wp-json\/wp\/v2\/pages\/20915","targetHints":{"allow":["GET"]}}],"collection":[{"href":"https:\/\/neocatechumenaleiter.org\/pl\/wp-json\/wp\/v2\/pages"}],"about":[{"href":"https:\/\/neocatechumenaleiter.org\/pl\/wp-json\/wp\/v2\/types\/page"}],"author":[{"embeddable":true,"href":"https:\/\/neocatechumenaleiter.org\/pl\/wp-json\/wp\/v2\/users\/2"}],"replies":[{"embeddable":true,"href":"https:\/\/neocatechumenaleiter.org\/pl\/wp-json\/wp\/v2\/comments?post=20915"}],"version-history":[{"count":4,"href":"https:\/\/neocatechumenaleiter.org\/pl\/wp-json\/wp\/v2\/pages\/20915\/revisions"}],"predecessor-version":[{"id":23973,"href":"https:\/\/neocatechumenaleiter.org\/pl\/wp-json\/wp\/v2\/pages\/20915\/revisions\/23973"}],"up":[{"embeddable":true,"href":"https:\/\/neocatechumenaleiter.org\/pl\/wp-json\/wp\/v2\/pages\/16496"}],"wp:attachment":[{"href":"https:\/\/neocatechumenaleiter.org\/pl\/wp-json\/wp\/v2\/media?parent=20915"}],"curies":[{"name":"wp","href":"https:\/\/api.w.org\/{rel}","templated":true}]}}