{"id":20919,"date":"2020-03-02T02:08:50","date_gmt":"2020-03-02T01:08:50","guid":{"rendered":"https:\/\/neocatechumenaleiter.org\/slowa-papiezy\/sw-jan-pawel-ii\/pozdrowienie-dla-kantorow-wspolnot-neokatechumenalnych-16-3-1980\/"},"modified":"2021-08-10T11:00:46","modified_gmt":"2021-08-10T10:00:46","slug":"pozdrowienie-dla-kantorow-wspolnot-neokatechumenalnych-16-3-1980","status":"publish","type":"page","link":"https:\/\/neocatechumenaleiter.org\/pl\/slowa-papiezy\/sw-jan-pawel-ii\/pozdrowienie-dla-kantorow-wspolnot-neokatechumenalnych-16-3-1980\/","title":{"rendered":"Pozdrowienie dla kantor\u00f3w Wsp\u00f3lnot Neokatechumenalnych 16-3-1980"},"content":{"rendered":"\n<h1 class=\"has-text-align-center wp-block-heading\">Pozdrowienie dla kantor\u00f3w Wsp\u00f3lnot Neokatechumenalnych 16-3-1980<\/h1>\n\n<div style=\"height:20px\" aria-hidden=\"true\" class=\"wp-block-spacer\"><\/div>\n\n<h4 class=\"has-text-align-center wp-block-heading\">\u015aw. Jan Pawe\u0142 II<\/h4>\n\n<div style=\"height:20px\" aria-hidden=\"true\" class=\"wp-block-spacer\"><\/div>\n\n<p><strong>Rzym, 16 marca 1980<\/strong><\/p>\n\n<p><em>Po odm\u00f3wieniu niedzielnej modlitwy Anio\u0142 Pa\u0144ski Ojciec \u015awi\u0119ty skierowa\u0142 specjalne pozdrowienia do obecnych grup. Najwi\u0119ksz\u0105 grup\u0119 stanowi\u0142o prawie dwa tysi\u0105ce kantor\u00f3w ze wsp\u00f3lnot neokatechumenalnych z ca\u0142ych W\u0142och, kt\u00f3rzy przybyli do Rzymu na spotkanie przygotowuj\u0105ce do Wielkanocy, kt\u00f3re pod przewodnictwem Kiko Arg\u00fcello ma na celu umo\u017cliwienie kantorom poprowadzenie w spos\u00f3b najbardziej odpowiedni Wigilii Paschalnej, kt\u00f3r\u0105 r\u00f3\u017cne wsp\u00f3lnoty neokatechumenalne b\u0119d\u0105 o\u017cywia\u0107 noc paschaln\u0105.&#13;\nOjciec \u015bwi\u0119ty powiedzia\u0142:<\/em><\/p>\n\n<div class=\"wp-block-image\"><figure class=\"aligncenter size-full\"><img loading=\"lazy\" decoding=\"async\" width=\"720\" height=\"557\" src=\"https:\/\/neocatechumenaleiter.org\/wp-content\/uploads\/2020\/03\/Camino_Neocatecumenal_Juan_Pablo_II_encuentro_salmistas_1980.jpg\" alt=\"\" class=\"wp-image-4725\" srcset=\"https:\/\/neocatechumenaleiter.org\/wp-content\/uploads\/2020\/03\/Camino_Neocatecumenal_Juan_Pablo_II_encuentro_salmistas_1980.jpg 720w, https:\/\/neocatechumenaleiter.org\/wp-content\/uploads\/2020\/03\/Camino_Neocatecumenal_Juan_Pablo_II_encuentro_salmistas_1980-300x232.jpg 300w\" sizes=\"auto, (max-width: 720px) 100vw, 720px\" \/><\/figure><\/div>\n\n<p>\u00abZwracam si\u0119 teraz ze szczeg\u00f3lnym pozdrowieniem do licznych cz\u0142onk\u00f3w wsp\u00f3lnot neokatechumenalnych, kt\u00f3rzy stawiaj\u0105 sobie za cel pomaga\u0107 ludziom ju\u017c ochrzczonym w tym, by zrozumieli, doceniali i prze\u017cywali to ogromne szcz\u0119\u015bcie, jakim jest sakrament chrztu. Czyni\u0105 to poprzez drog\u0119 ewangelizacji, katechezy oraz poprzez udzia\u0142 w \u017cyciu liturgicznym. Ta intensywna i rozwijaj\u0105ca si\u0119 etapami droga odwo\u0142uje si\u0119 w jaki\u015b spos\u00f3b do staro\u017cytnego katechumenatu.<\/p>\n\n<p>Najdro\u017csi! Zach\u0119cam was, by\u015bcie z coraz wi\u0119ksz\u0105 hojno\u015bci\u0105 anga\u017cowali si\u0119 w wasz wysi\u0142ek wsp\u00f3\u0142dzia\u0142ania w budowaniu Mistycznego Cia\u0142a Chrystusa oraz w dziele apostolatu, kt\u00f3remu oddaje si\u0119 Ko\u015bci\u00f3\u0142. B\u0105d\u017acie w tym pos\u0142uszni nakazowi Pana: \u201eId\u017acie i nauczajcie wszystkie narody, chrzcz\u0105c je w imi\u0119 Ojca i Syna, i Ducha \u015awi\u0119tego\u201d  <em>(Mt 28, 19).<\/em> Niech was podtrzymuje i kieruje wami sta\u0142a wierno\u015b\u0107 nauczaniu Ko\u015bcio\u0142a i pos\u0142usze\u0144stwo jego Pasterzom.<\/p>\n\n<p>\u017bycz\u0119 wam z serca, by\u015bcie z oddaniem i entuzjazmem prze\u017cywali wasze za\u0142o\u017cenia w \u015bwietle adhortacji apostolskiej: <em>\u201cEvangelii Nuntiandi\u201d<\/em>, mojego czcigodnego poprzednika Paw\u0142a VI oraz  <em>\u201cCatechesi Tradendae\u201d<\/em> wydanej przeze mnie na podstawie wskaza\u0144 Synodu biskup\u00f3w na temat katechezy. Niech towarzyszy Wam moje B\u0142ogos\u0142awie\u0144stwo, kt\u00f3re z rado\u015bci\u0105 udzielam Waszym bliskim\u00bb.<\/p>\n","protected":false},"excerpt":{"rendered":"<p>Pozdrowienie dla kantor\u00f3w Wsp\u00f3lnot Neokatechumenalnych 16-3-1980 \u015aw. Jan Pawe\u0142 II Rzym, 16 marca 1980 Po odm\u00f3wieniu niedzielnej modlitwy Anio\u0142 Pa\u0144ski Ojciec \u015awi\u0119ty skierowa\u0142 specjalne pozdrowienia do obecnych grup. Najwi\u0119ksz\u0105 grup\u0119 stanowi\u0142o prawie dwa tysi\u0105ce kantor\u00f3w ze wsp\u00f3lnot neokatechumenalnych z ca\u0142ych W\u0142och, kt\u00f3rzy przybyli do Rzymu na spotkanie przygotowuj\u0105ce do Wielkanocy, kt\u00f3re pod przewodnictwem Kiko Arg\u00fcello ma na celu umo\u017cliwienie kantorom poprowadzenie w spos\u00f3b najbardziej odpowiedni Wigilii Paschalnej, kt\u00f3r\u0105 r\u00f3\u017cne wsp\u00f3lnoty<\/p>\n<div class=\"read-more\"><a class=\"btn read-more-btn\" href=\"https:\/\/neocatechumenaleiter.org\/pl\/slowa-papiezy\/sw-jan-pawel-ii\/pozdrowienie-dla-kantorow-wspolnot-neokatechumenalnych-16-3-1980\/\">Czytaj dalej<\/a><\/div>\n","protected":false},"author":2,"featured_media":0,"parent":16496,"menu_order":6,"comment_status":"closed","ping_status":"closed","template":"","meta":{"footnotes":""},"class_list":["post-20919","page","type-page","status-publish","hentry"],"_links":{"self":[{"href":"https:\/\/neocatechumenaleiter.org\/pl\/wp-json\/wp\/v2\/pages\/20919","targetHints":{"allow":["GET"]}}],"collection":[{"href":"https:\/\/neocatechumenaleiter.org\/pl\/wp-json\/wp\/v2\/pages"}],"about":[{"href":"https:\/\/neocatechumenaleiter.org\/pl\/wp-json\/wp\/v2\/types\/page"}],"author":[{"embeddable":true,"href":"https:\/\/neocatechumenaleiter.org\/pl\/wp-json\/wp\/v2\/users\/2"}],"replies":[{"embeddable":true,"href":"https:\/\/neocatechumenaleiter.org\/pl\/wp-json\/wp\/v2\/comments?post=20919"}],"version-history":[{"count":8,"href":"https:\/\/neocatechumenaleiter.org\/pl\/wp-json\/wp\/v2\/pages\/20919\/revisions"}],"predecessor-version":[{"id":23982,"href":"https:\/\/neocatechumenaleiter.org\/pl\/wp-json\/wp\/v2\/pages\/20919\/revisions\/23982"}],"up":[{"embeddable":true,"href":"https:\/\/neocatechumenaleiter.org\/pl\/wp-json\/wp\/v2\/pages\/16496"}],"wp:attachment":[{"href":"https:\/\/neocatechumenaleiter.org\/pl\/wp-json\/wp\/v2\/media?parent=20919"}],"curies":[{"name":"wp","href":"https:\/\/api.w.org\/{rel}","templated":true}]}}