{"id":20931,"date":"2020-03-02T02:12:50","date_gmt":"2020-03-02T01:12:50","guid":{"rendered":"https:\/\/neocatechumenaleiter.org\/slowa-papiezy\/sw-jan-pawel-ii\/pozdrowienie-dla-grupy-braci-ze-wspolnot-ameryki-srodkowej-16-10-1980\/"},"modified":"2021-08-10T11:00:51","modified_gmt":"2021-08-10T10:00:51","slug":"pozdrowienie-dla-grupy-braci-ze-wspolnot-ameryki-srodkowej-16-10-1980","status":"publish","type":"page","link":"https:\/\/neocatechumenaleiter.org\/pl\/slowa-papiezy\/sw-jan-pawel-ii\/pozdrowienie-dla-grupy-braci-ze-wspolnot-ameryki-srodkowej-16-10-1980\/","title":{"rendered":"Pozdrowienie dla grupy braci ze wsp\u00f3lnot Ameryki \u015arodkowej 16-10-1980"},"content":{"rendered":"\n<h1 class=\"has-text-align-center wp-block-heading\">Pozdrowienie dla grupy braci ze wsp\u00f3lnot Ameryki \u015arodkowej 16-10-1980<\/h1>\n\n<div style=\"height:20px\" aria-hidden=\"true\" class=\"wp-block-spacer\"><\/div>\n\n<h4 class=\"has-text-align-center wp-block-heading\">\u015aw. Jan Pawe\u0142 II<\/h4>\n\n<div style=\"height:20px\" aria-hidden=\"true\" class=\"wp-block-spacer\"><\/div>\n\n<p><strong>Audiencja og\u00f3lna. Rzym, 16 pa\u017adziernika 1980 r.<\/strong><\/p>\n\n<p><em>Jan Pawe\u0142 II po wyg\u0142oszeniu zgodnie ze zwyczajem kolejnej katechezy do wiernych zgromadzonych na \u015brodowej audiencji og\u00f3lnej, zwr\u00f3ci\u0142 si\u0119 z pozdrowieniami do poszczeg\u00f3lnych grup. Do r\u00f3\u017cnych os\u00f3b ze wsp\u00f3lnot neokatechumenalnych kraj\u00f3w Ameryki \u0141aci\u0144skiej, obecnych w Rzymie na mi\u0119dzynarodowym spotkaniu maj\u0105cym na uwadze najbli\u017cszy Synod biskup\u00f3w po\u015bwi\u0119cony rodzinie, Ojciec \u015bwi\u0119ty powiedzia\u0142:<\/em><\/p>\n\n<div class=\"wp-block-image\"><figure class=\"alignright size-large\"><img loading=\"lazy\" decoding=\"async\" width=\"400\" height=\"320\" src=\"https:\/\/neocatechumenaleiter.org\/wp-content\/uploads\/2020\/03\/Camino_Neocatecumenal_Juan_Pablo_II_audiencia_general_1980.jpg\" alt=\"\" class=\"wp-image-4733\" srcset=\"https:\/\/neocatechumenaleiter.org\/wp-content\/uploads\/2020\/03\/Camino_Neocatecumenal_Juan_Pablo_II_audiencia_general_1980.jpg 400w, https:\/\/neocatechumenaleiter.org\/wp-content\/uploads\/2020\/03\/Camino_Neocatecumenal_Juan_Pablo_II_audiencia_general_1980-300x240.jpg 300w\" sizes=\"auto, (max-width: 400px) 100vw, 400px\" \/><\/figure><\/div>\n\n<p>\u00abJest obecna na tej audiencji grupa kap\u0142an\u00f3w, ma\u0142\u017ce\u0144stw i katechist\u00f3w z ruchu neokatechumenalnego rozmaitych kraj\u00f3w Ameryki \u015arodkowej.<br\/>&#13;\nPozdrawiam was serdecznie, drodzy bracia i siostry, kt\u00f3rzy po\u015bwi\u0119cacie si\u0119 zadaniu, do kt\u00f3rego Ko\u015bci\u00f3\u0142 przywi\u0105zuje du\u017c\u0105 wag\u0119: budowaniu w wierze wsp\u00f3lnoty eklezjalnej poprzez katechez\u0119 systematyczn\u0105, solidn\u0105 i stopniow\u0105. Po\u015bwi\u0119cajcie si\u0119 z hojno\u015bci\u0105 tej tak potrzebnej pracy. B\u0105d\u017acie wierni waszemu osobistemu prze\u017cywaniu or\u0119dzia chrze\u015bcija\u0144skiego oraz przekazywaniu go innym.<\/p>\n\n<p>B\u0142ogos\u0142awi\u0119 wasz zamiar zachowywania g\u0142\u0119bokiej jedno\u015bci z waszymi pasterzami, b\u0142ogos\u0142awi\u0119 wasz\u0105 prac\u0119, osoby, rodziny i wsp\u00f3lnoty ko\u015bcielne\u00bb.<\/p>\n","protected":false},"excerpt":{"rendered":"<p>Pozdrowienie dla grupy braci ze wsp\u00f3lnot Ameryki \u015arodkowej 16-10-1980 \u015aw. Jan Pawe\u0142 II Audiencja og\u00f3lna. Rzym, 16 pa\u017adziernika 1980 r. Jan Pawe\u0142 II po wyg\u0142oszeniu zgodnie ze zwyczajem kolejnej katechezy do wiernych zgromadzonych na \u015brodowej audiencji og\u00f3lnej, zwr\u00f3ci\u0142 si\u0119 z pozdrowieniami do poszczeg\u00f3lnych grup. Do r\u00f3\u017cnych os\u00f3b ze wsp\u00f3lnot neokatechumenalnych kraj\u00f3w Ameryki \u0141aci\u0144skiej, obecnych w Rzymie na mi\u0119dzynarodowym spotkaniu maj\u0105cym na uwadze najbli\u017cszy Synod biskup\u00f3w po\u015bwi\u0119cony rodzinie, Ojciec \u015bwi\u0119ty powiedzia\u0142:<\/p>\n<div class=\"read-more\"><a class=\"btn read-more-btn\" href=\"https:\/\/neocatechumenaleiter.org\/pl\/slowa-papiezy\/sw-jan-pawel-ii\/pozdrowienie-dla-grupy-braci-ze-wspolnot-ameryki-srodkowej-16-10-1980\/\">Czytaj dalej<\/a><\/div>\n","protected":false},"author":2,"featured_media":0,"parent":16496,"menu_order":0,"comment_status":"closed","ping_status":"closed","template":"","meta":{"footnotes":""},"class_list":["post-20931","page","type-page","status-publish","hentry"],"_links":{"self":[{"href":"https:\/\/neocatechumenaleiter.org\/pl\/wp-json\/wp\/v2\/pages\/20931","targetHints":{"allow":["GET"]}}],"collection":[{"href":"https:\/\/neocatechumenaleiter.org\/pl\/wp-json\/wp\/v2\/pages"}],"about":[{"href":"https:\/\/neocatechumenaleiter.org\/pl\/wp-json\/wp\/v2\/types\/page"}],"author":[{"embeddable":true,"href":"https:\/\/neocatechumenaleiter.org\/pl\/wp-json\/wp\/v2\/users\/2"}],"replies":[{"embeddable":true,"href":"https:\/\/neocatechumenaleiter.org\/pl\/wp-json\/wp\/v2\/comments?post=20931"}],"version-history":[{"count":4,"href":"https:\/\/neocatechumenaleiter.org\/pl\/wp-json\/wp\/v2\/pages\/20931\/revisions"}],"predecessor-version":[{"id":23994,"href":"https:\/\/neocatechumenaleiter.org\/pl\/wp-json\/wp\/v2\/pages\/20931\/revisions\/23994"}],"up":[{"embeddable":true,"href":"https:\/\/neocatechumenaleiter.org\/pl\/wp-json\/wp\/v2\/pages\/16496"}],"wp:attachment":[{"href":"https:\/\/neocatechumenaleiter.org\/pl\/wp-json\/wp\/v2\/media?parent=20931"}],"curies":[{"name":"wp","href":"https:\/\/api.w.org\/{rel}","templated":true}]}}