{"id":20987,"date":"2020-03-02T02:22:10","date_gmt":"2020-03-02T01:22:10","guid":{"rendered":"https:\/\/neocatechumenaleiter.org\/slowa-papiezy\/sw-jan-pawel-ii\/wizytacja-w-parafii-narodzenia-panskiego-14-12-1980-r\/"},"modified":"2021-08-10T11:01:03","modified_gmt":"2021-08-10T10:01:03","slug":"wizytacja-w-parafii-narodzenia-panskiego-14-12-1980-r","status":"publish","type":"page","link":"https:\/\/neocatechumenaleiter.org\/pl\/slowa-papiezy\/sw-jan-pawel-ii\/wizytacja-w-parafii-narodzenia-panskiego-14-12-1980-r\/","title":{"rendered":"Wizytacja w parafii Narodzenia Pa\u0144skiego 14-12-1980 r."},"content":{"rendered":"\n<h1 class=\"has-text-align-center wp-block-heading\">Wizytacja w parafii Narodzenia Pa\u0144skiego 14-12-1980 r.<\/h1>\n\n<div style=\"height:20px\" aria-hidden=\"true\" class=\"wp-block-spacer\"><\/div>\n\n<h4 class=\"has-text-align-center wp-block-heading\">\u015aw. Jan Pawe\u0142 II<\/h4>\n\n<div style=\"height:20px\" aria-hidden=\"true\" class=\"wp-block-spacer\"><\/div>\n\n<p><strong>Roma, 14 grudnia 1980 r.<\/strong><\/p>\n\n<p>Wsp\u00f3lnoty Neokatechumenalne&#13;\ns\u0105 obecne, id\u0105c tym, co one nazywaj\u0105 &#8222;Drog\u0105&#8221; i pracuj\u0105c apostolsko w r\u00f3\u017cnych parafiach w Rzymie. Dlatego w\u0142a\u015bnie Papie\u017c&#13;\ncz\u0119sto spotyka si\u0119 z nimi podczas swoich wizytacji duszpasterskich w r\u00f3\u017cnych parafiach miasta i zawsze kieruje do nich s\u0142owa zach\u0119ty i napomnienia. Odnosimy si\u0119 tutaj do spotkania, kt\u00f3re odby\u0142o si\u0119&#13;\nw niedziel\u0119 14 grudnia, w rzymskiej parafii Narodzenia Pa\u0144skiego z czterema Wsp\u00f3lnotami Neokatechumenalnymi, kt\u00f3re tam dzia\u0142aj\u0105. W krypcie ko\u015bcio\u0142a, gdzie wsp\u00f3lnoty si\u0119 spotykaj\u0105 , Kiko pozdrowi\u0142 Ojca \u015awi\u0119tego w imieniu wszystkich, a Jan Pawe\u0142 II przem\u00f3wi\u0142 do nich spontanicznie w ten spos\u00f3b<em>:<\/em><\/p>\n\n<div class=\"wp-block-image\"><figure class=\"alignright size-large\"><img loading=\"lazy\" decoding=\"async\" width=\"273\" height=\"404\" src=\"https:\/\/neocatechumenaleiter.org\/wp-content\/uploads\/2020\/03\/Camino_Neocatecumenal_Juan_Pablo_II_visita_parroquia_Natividad_1980.jpg\" alt=\"\" class=\"wp-image-4741\" srcset=\"https:\/\/neocatechumenaleiter.org\/wp-content\/uploads\/2020\/03\/Camino_Neocatecumenal_Juan_Pablo_II_visita_parroquia_Natividad_1980.jpg 273w, https:\/\/neocatechumenaleiter.org\/wp-content\/uploads\/2020\/03\/Camino_Neocatecumenal_Juan_Pablo_II_visita_parroquia_Natividad_1980-203x300.jpg 203w\" sizes=\"auto, (max-width: 273px) 100vw, 273px\" \/><\/figure><\/div>\n\n<p>\u00abSpotkali\u015bmy si\u0119 ju\u017c wielokrotnie w rozmaitych parafiach Rzymu. Ostatnio mia\u0142o to miejsce w parafii M\u0119czennik\u00f3w Kanadyjskich. Przychodz\u0105c tutaj zobaczy\u0142em tyle dzieci i u\u015bciska\u0142em je. Ich widok przypomnia\u0142 mi zaraz s\u0142owa Pana, s\u0142owa wypowiedziane kiedy\u015b przez Niego, \u017ce mamy si\u0119 wszyscy sta\u0107 jak dzieci; cho\u0107by\u015bmy mieli pi\u0119\u0107dziesi\u0105t czy sze\u015b\u0107dziesi\u0105t lat, tak jak ja, czy jeszcze wi\u0119cej, powinni\u015bmy si\u0119 sta\u0107 jak dzieci. Chodzi tu w\u0142a\u015bnie o dzieci\u0119ctwo nadprzyrodzone, kt\u00f3re zostaje w nas wszczepione i zapocz\u0105tkowane w chrzcie. Wy, kt\u00f3rzy jeste\u015bcie neokatechumenami i budujecie wasz\u0105 duchowo\u015b\u0107 na tajemnicy chrztu, powinni\u015bcie prze\u017cywa\u0107 g\u0142\u0119boko tajemnic\u0119 waszego dzieci\u0119ctwa Bo\u017cego, to, \u017ce jeste\u015bcie dzie\u0107mi Bo\u017cymi, i wszystko to, co wywodzi si\u0119 z tej tak bardzo dynamicznej rzeczywisto\u015bci.<\/p>\n\n<p>To w\u0142a\u015bnie chcia\u0142em wam powiedzie\u0107 przede wszystkim; wam jednak m\u00f3wi\u0119 to ze szczeg\u00f3lnym naciskiem, bo jeste\u015bcie cz\u0142onkami parafii Narodzenia Pa\u0144skiego, w kt\u00f3rej tajemnica Syna Bo\u017cego, kt\u00f3ry sta\u0142 si\u0119 cz\u0142owiekiem, stoi w centrum waszego \u017cycia wsp\u00f3lnotowego, a tak\u017ce dlatego, bo bliskie jest ju\u017c \u015bwi\u0119to Narodzenia Bo\u017cego. \u017bycz\u0119 wam, by\u015bcie zawsze chodzili czyni\u0105c post\u0119py w tej rzeczywisto\u015bci wewn\u0119trznej i nadprzyrodzonej, kt\u00f3r\u0105 jest rzeczywisto\u015b\u0107 \u0142aski, \u0142aski przybrania za dzieci Bo\u017ce. Jeste\u015bmy upodobnieni do Jednorodzonego Syna Bo\u017cego, kt\u00f3ry sta\u0142 si\u0119 cz\u0142owiekiem, aby nas przybli\u017cy\u0107 i uczyni\u0107 podobnymi do siebie\u00bb.&#13;\nKiko przedstawi\u0142 nast\u0119pnie Ojcu \u015bwi\u0119temu niekt\u00f3rych katechist\u00f3w w\u0119drownych, kt\u00f3rzy uformowani we wsp\u00f3lnotach parafii Narodzenia Pa\u0144skiego, nios\u0105 obecnie swoje \u015bwiadectwo do rozmaitych kraj\u00f3w \u015bwiata. Jeden spo\u015br\u00f3d nich, m\u0142ody kap\u0142an, kt\u00f3ry dopiero co powr\u00f3ci\u0142 z Ameryki \u0141aci\u0144skiej, zilustrowa\u0142 Ojcu \u015bwi\u0119temu dramatyczno\u015b\u0107 sytuacji, kt\u00f3rej musz\u0105 sprosta\u0107 misjonarze i katechi\u015bci pracuj\u0105cy zw\u0142aszcza w Ameryce \u015arodkowej i Po\u0142udniowej. Powiedzia\u0142:&#13;\n\u00abPotrzebujemy zach\u0119ty, Ojcze \u015bwi\u0119ty, poniewa\u017c sytuacja, kt\u00f3r\u0105 prze\u017cywa Ameryka \u015arodkowa, jest bardzo trudna. Powr\u00f3cili\u015bmy tu pytaj\u0105c siebie tak, jak kiedy\u015b \u015bw. Pawe\u0142, czy przypadkiem nie biegli\u015bmy na darmo, bo tam znajdujemy si\u0119 w sytuacji, w kt\u00f3rej nie wiadomo, czy Ko\u015bci\u00f3\u0142 ma przepowiada\u0107 rewolucj\u0119, jak nam to m\u00f3wi wielu, czy g\u0142osi\u0107 Jezusa Chrystusa\u00bb.<\/p>\n\n<p><em>Zanim jeszcze \u00f3w m\u0142ody kap\u0142an sko\u0144czy\u0142, Ojciec \u015bwi\u0119ty zawo\u0142a\u0142 g\u0142osem mocnym i jasnym:<\/em><\/p>\n\n<p><strong><em>\u00ab\u00a1Przepowiadajcie Chrystusa i tylko Chrystusa!<\/em><\/strong><\/p>\n\n<p><em>Dam ci zaraz odpowied\u017a! Przepowiadajcie Chrystusa i tylko Chrystusa! (Burzliwe oklaski by\u0142y odpowiedzi\u0105 na te s\u0142owa Papie\u017ca)<\/em>.&#13;\nOjciec \u015bwi\u0119ty tak za\u015b kontynuowa\u0142: Mog\u0119 doda\u0107, \u017ce nie ma dnia, abym si\u0119 nie modli\u0142 za te kraje, zw\u0142aszcza za te, kt\u00f3re bardziej cierpi\u0105. Otaczam je mi\u0142o\u015bci\u0105 i ufno\u015bci\u0105. Po chwili przerwy Papie\u017c zako\u0144czy\u0142 sw\u00f3j dialog s\u0142owami: Powinni\u015bcie wiedzie\u0107, \u017ce z tymi krajami jest tak\u017ce Matka, i to bardzo pot\u0119\u017cna\u00bb.<\/p>\n","protected":false},"excerpt":{"rendered":"<p>Wizytacja w parafii Narodzenia Pa\u0144skiego 14-12-1980 r. \u015aw. Jan Pawe\u0142 II Roma, 14 grudnia 1980 r. Wsp\u00f3lnoty Neokatechumenalne&#13; s\u0105 obecne, id\u0105c tym, co one nazywaj\u0105 &#8222;Drog\u0105&#8221; i pracuj\u0105c apostolsko w r\u00f3\u017cnych parafiach w Rzymie. Dlatego w\u0142a\u015bnie Papie\u017c&#13; cz\u0119sto spotyka si\u0119 z nimi podczas swoich wizytacji duszpasterskich w r\u00f3\u017cnych parafiach miasta i zawsze kieruje do nich s\u0142owa zach\u0119ty i napomnienia. Odnosimy si\u0119 tutaj do spotkania, kt\u00f3re odby\u0142o si\u0119&#13; w niedziel\u0119 14<\/p>\n<div class=\"read-more\"><a class=\"btn read-more-btn\" href=\"https:\/\/neocatechumenaleiter.org\/pl\/slowa-papiezy\/sw-jan-pawel-ii\/wizytacja-w-parafii-narodzenia-panskiego-14-12-1980-r\/\">Czytaj dalej<\/a><\/div>\n","protected":false},"author":2,"featured_media":0,"parent":16496,"menu_order":8,"comment_status":"closed","ping_status":"closed","template":"","meta":{"footnotes":""},"class_list":["post-20987","page","type-page","status-publish","hentry"],"_links":{"self":[{"href":"https:\/\/neocatechumenaleiter.org\/pl\/wp-json\/wp\/v2\/pages\/20987","targetHints":{"allow":["GET"]}}],"collection":[{"href":"https:\/\/neocatechumenaleiter.org\/pl\/wp-json\/wp\/v2\/pages"}],"about":[{"href":"https:\/\/neocatechumenaleiter.org\/pl\/wp-json\/wp\/v2\/types\/page"}],"author":[{"embeddable":true,"href":"https:\/\/neocatechumenaleiter.org\/pl\/wp-json\/wp\/v2\/users\/2"}],"replies":[{"embeddable":true,"href":"https:\/\/neocatechumenaleiter.org\/pl\/wp-json\/wp\/v2\/comments?post=20987"}],"version-history":[{"count":4,"href":"https:\/\/neocatechumenaleiter.org\/pl\/wp-json\/wp\/v2\/pages\/20987\/revisions"}],"predecessor-version":[{"id":24013,"href":"https:\/\/neocatechumenaleiter.org\/pl\/wp-json\/wp\/v2\/pages\/20987\/revisions\/24013"}],"up":[{"embeddable":true,"href":"https:\/\/neocatechumenaleiter.org\/pl\/wp-json\/wp\/v2\/pages\/16496"}],"wp:attachment":[{"href":"https:\/\/neocatechumenaleiter.org\/pl\/wp-json\/wp\/v2\/media?parent=20987"}],"curies":[{"name":"wp","href":"https:\/\/api.w.org\/{rel}","templated":true}]}}